{"id":276,"date":"2018-10-11T09:46:34","date_gmt":"2018-10-11T12:46:34","guid":{"rendered":"https:\/\/www.unisantos.br\/pos\/?page_id=276"},"modified":"2022-03-07T21:14:03","modified_gmt":"2022-03-08T00:14:03","slug":"direito-previdenciario-e-processo-previdenciario","status":"publish","type":"page","link":"https:\/\/www.unisantos.br\/pos\/lato-sensu\/direito-previdenciario-e-processo-previdenciario\/","title":{"rendered":"Direito Previdenci\u00e1rio e Processo Previdenci\u00e1rio"},"content":{"rendered":"<p><strong>Coordenadora:<\/strong> Prof\u00aa. Me. Camila Marques Gilberto<\/p>\n<p><strong>Carga hor\u00e1ria: <\/strong>368 horas<\/p>\n<p><strong>Modalidade<\/strong>: Presencial<\/p>\n<p><strong>Objetivo:\u00a0<\/strong>Aprofundar conhecimentos, bem como propiciar reflex\u00e3o acerca da aplica\u00e7\u00e3o do Direito Previdenci\u00e1rio e Processo Previdenci\u00e1rio, dentro dos pressupostos te\u00f3ricos e pr\u00e1ticos atuais, especialmente no que tange \u00e0s altera\u00e7\u00f5es promovidas pela EC 06\/2019.<\/p>\n<p><strong>P\u00fablico-alvo<\/strong>:\u00a0Profissionais do Direito e \u00e1reas afins.<\/p>\n<p><strong>Conte\u00fado curricular<br \/>\n<\/strong>Introdu\u00e7\u00e3o ao Sistema de Seguridade Social<br \/>\nBenef\u00edcios Previdenci\u00e1rios no Regime Geral de Previd\u00eancia Social<br \/>\nRegime Pr\u00f3prio da Previd\u00eancia Social<br \/>\nCusteio Previdenci\u00e1rio<br \/>\nProcesso Administrativo e Judicial Previdenci\u00e1rio: Benef\u00edcio e Custeio<\/p>\n<p><em>Os cursos de Especializa\u00e7\u00e3o\/MBA da Universidade Cat\u00f3lica de Santos atendem \u00e0 normativa vigente sobre os Cursos de P\u00f3s-gradua\u00e7\u00e3o Lato Sensu, a <strong>Resolu\u00e7\u00e3o CNE-CES 1<\/strong>, de 6 de abril de 2018, bem como as Diretrizes Curriculares Nacionais para a Educa\u00e7\u00e3o em Direitos Humanos e para a Educa\u00e7\u00e3o Ambiental. Eles\u00a0foram constru\u00eddos em conson\u00e2ncia com as novas pol\u00edticas p\u00fablicas nacionais para os Cursos de P\u00f3s-gradua\u00e7\u00e3o Lato Sensu,\u00a0que visam estabelecer um padr\u00e3o superior de qualidade para a forma\u00e7\u00e3o de especialistas.<\/em><\/p>\n<p><strong>Benef\u00edcios<br \/>\n<\/strong>A UniSantos oferece os seguintes benef\u00edcios (*):<br \/>\n\u2022\u00a0<strong>Bolsa\u00a0Ex-aluno para P\u00f3s-Gradua\u00e7\u00e3o\u00a0<em>Lato Sensu<\/em><\/strong>: 25% de desconto para ex-alunos da Cat\u00f3lica de Santos (curso de Gradua\u00e7\u00e3o conclu\u00eddo).<br \/>\n\u2022\u00a0<strong>Bolsa\u00a0Empresas Conveniadas<\/strong>: descontos vari\u00e1veis para funcion\u00e1rios de empresas conveniadas.\u00a0<strong><a href=\"https:\/\/www.unisantos.br\/convenio-com-empresas\/\">Confira a\u00a0rela\u00e7\u00e3o<\/a><br \/>\n<\/strong>\u2022 <strong>Bolsa Escolas Conveniadas<\/strong>: descontos vari\u00e1veis para professores de escolas conveniadas.<br \/>\n\u2022\u00a0<strong>Bolsa\u00a0Fideliza\u00e7\u00e3o Familiar<\/strong>: 20% para estudante que possua v\u00ednculo de parentesco (c\u00f4njuges, pais e filhos, ou irm\u00e3os) com formados na Universidade, ou com estudantes com matr\u00edcula ativa em cursos de Gradua\u00e7\u00e3o, Especializa\u00e7\u00e3o ou <em>Stricto Sensu<\/em>\u00a0da UniSantos, concomitantemente; ou ainda, num desses e na educa\u00e7\u00e3o b\u00e1sica do Liceu Santista, concomitantemente.<br \/>\n(*) Alguns descontos n\u00e3o se aplicam \u00e0 matr\u00edcula.<\/p>\n<p><strong style=\"line-height: 1.5em;\">Setor de Atendimento<br \/>\n<\/strong><strong>Campus Dom Id\u00edlio Jos\u00e9 Soares<br \/>\n<\/strong><strong>Endere\u00e7o<\/strong>: Av. Conselheiro N\u00e9bias, 300 \u2013 Vila Mathias, Santos<br \/>\n<strong style=\"line-height: 1.5em;\">Telefone<\/strong><span style=\"line-height: 1.5em;\">: 3205-5555 &#8211; ramal 1388<br \/>\n<strong>Hor\u00e1rios<\/strong>: Segunda a sexta, das 9h \u00e0s 21h, e s\u00e1bado, das 9h \u00e0s 16h.<\/span><\/p>\n<p><strong>Observa\u00e7\u00f5es<br \/>\n<\/strong>\u2022 A Universidade se reserva o direito de alterar o cronograma e o corpo docente.<br \/>\n\u2022 Documenta\u00e7\u00e3o necess\u00e1ria para quem n\u00e3o \u00e9 aluno da Cat\u00f3lica de Santos: c\u00f3pias do RG, CPF, Certid\u00e3o de Nascimento ou Casamento, diploma (autenticado) e Curriculum Vitae (resumido).<br \/>\n\u2022\u00a0A matr\u00edcula pode ser feita independentemente da entrega dos documentos, mas s\u00f3 ser\u00e1 validada depois que eles forem apresentados.<br \/>\n\u2022 A inscri\u00e7\u00e3o presencial s\u00f3 poder\u00e1 ser efetuada pelo interessado no curso, ou por pessoa munida de procura\u00e7\u00e3o autenticada em cart\u00f3rio.<br \/>\n\u2022 A efetiva\u00e7\u00e3o da matr\u00edcula est\u00e1 condicionada ao pagamento do boleto da 1\u00aa. parcela e entrega da documenta\u00e7\u00e3o exigida.<\/p>\n","protected":false},"excerpt":{"rendered":"<p>Coordenadora: Prof\u00aa. Me. Camila Marques Gilberto Carga hor\u00e1ria: 368 horas Modalidade: Presencial Objetivo:\u00a0Aprofundar conhecimentos, bem como propiciar reflex\u00e3o acerca da [&hellip;]<\/p>\n","protected":false},"author":1,"featured_media":277,"parent":210,"menu_order":0,"comment_status":"closed","ping_status":"closed","template":"","meta":{"footnotes":""},"_links":{"self":[{"href":"https:\/\/www.unisantos.br\/pos\/wp-json\/wp\/v2\/pages\/276"}],"collection":[{"href":"https:\/\/www.unisantos.br\/pos\/wp-json\/wp\/v2\/pages"}],"about":[{"href":"https:\/\/www.unisantos.br\/pos\/wp-json\/wp\/v2\/types\/page"}],"author":[{"embeddable":true,"href":"https:\/\/www.unisantos.br\/pos\/wp-json\/wp\/v2\/users\/1"}],"replies":[{"embeddable":true,"href":"https:\/\/www.unisantos.br\/pos\/wp-json\/wp\/v2\/comments?post=276"}],"version-history":[{"count":24,"href":"https:\/\/www.unisantos.br\/pos\/wp-json\/wp\/v2\/pages\/276\/revisions"}],"predecessor-version":[{"id":4376,"href":"https:\/\/www.unisantos.br\/pos\/wp-json\/wp\/v2\/pages\/276\/revisions\/4376"}],"up":[{"embeddable":true,"href":"https:\/\/www.unisantos.br\/pos\/wp-json\/wp\/v2\/pages\/210"}],"wp:featuredmedia":[{"embeddable":true,"href":"https:\/\/www.unisantos.br\/pos\/wp-json\/wp\/v2\/media\/277"}],"wp:attachment":[{"href":"https:\/\/www.unisantos.br\/pos\/wp-json\/wp\/v2\/media?parent=276"}],"curies":[{"name":"wp","href":"https:\/\/api.w.org\/{rel}","templated":true}]}}