{"id":2647,"date":"2020-02-27T11:23:26","date_gmt":"2020-02-27T14:23:26","guid":{"rendered":"https:\/\/www.unisantos.br\/pos\/?page_id=2647"},"modified":"2021-08-26T14:09:42","modified_gmt":"2021-08-26T17:09:42","slug":"mariologia-biblica-i","status":"publish","type":"page","link":"https:\/\/www.unisantos.br\/pos\/qualificacao\/mariologia-biblica-i\/","title":{"rendered":"Mariologia B\u00edblica I"},"content":{"rendered":"<p><strong>PROFESSOR RESPONS\u00c1VEL<\/strong><br \/>\nProf. Me. Felipe Sardinha Bueno<\/p>\n<p><strong>CARGA HOR\u00c1RIA<\/strong><br \/>\n15 h\/a<\/p>\n<p><strong>LOCAL<br \/>\nMedia\u00e7\u00e3o digital<\/strong><\/p>\n<p><strong>OBJETIVO<\/strong><br \/>\nApresentar a origem, o contexto hist\u00f3rico, a forma\u00e7\u00e3o, a estrutura e o conte\u00fado dos diferentes enfoques que apresentam a m\u00e3e de Jesus.<\/p>\n<p><strong>P\u00daBLICO-ALVO<\/strong><br \/>\nAlunos (1\u00ba., 2\u00ba., 3\u00ba. e 4\u00ba. anos) e ex-alunos do ITSJA<\/p>\n<p><strong>CONTE\u00daDO<\/strong><br \/>\nIntrodu\u00e7\u00e3o \u00e0 linguagem b\u00edblica e ao estudo midrashico\/Miriam \u2013 Maria: A hist\u00f3ria<br \/>\nA mulher na b\u00edblia Antigo Testamento\/Maria e a mitologia: uma continua\u00e7\u00e3o<br \/>\nA mulher na b\u00edblia Novo Testamento<br \/>\nA mulher ontem e hoje: um contraponto<br \/>\nMaria no evangelho de Marcos (o mais antigo)<br \/>\nMaria no evangelho de Mateus (primeira releitura)<br \/>\nMaria no evangelho de Lucas (segunda releitura)<br \/>\nMaria nos Atos dos Ap\u00f3stolos (continua\u00e7\u00e3o da segunda releitura)<br \/>\nMaria no evangelho de Jo\u00e3o (uma novidade) e Miriam \u2013 Maria: A hist\u00f3ria<br \/>\nMaria nas cartas de Paulo (uma tentativa) e Maria e a mitologia: uma continua\u00e7\u00e3o<br \/>\nMaria no Apocalipse (uma possibilidade)<br \/>\nConclus\u00e3o: o antes e o agora, partindo dos textos b\u00edblicos<br \/>\nProva Final e Revis\u00e3o de Mat\u00e9ria\/Distributiva<\/p>\n<p><strong>OBSERVA\u00c7\u00d5ES<\/strong><br \/>\nA Universidade se reserva o direito de alterar o cronograma e o corpo docente.<br \/>\nDocumenta\u00e7\u00e3o necess\u00e1ria para quem n\u00e3o \u00e9 aluno da Cat\u00f3lica de Santos: c\u00f3pias do RG, CPF, certid\u00e3o de nascimento ou casamento.<br \/>\nA inscri\u00e7\u00e3o presencial s\u00f3 poder\u00e1 ser efetuada pelo interessado no curso, ou por pessoa munida de procura\u00e7\u00e3o autenticada em cart\u00f3rio.<br \/>\nA efetiva\u00e7\u00e3o da matr\u00edcula est\u00e1 condicionada ao pagamento do boleto da 1\u00aa. parcela e entrega da documenta\u00e7\u00e3o exigida.<\/p>\n<p><strong>OUTRAS INFORMA\u00c7\u00d5ES<\/strong><br \/>\nDepartamento de Atendimento Integrado<br \/>\nTelefones: (13) 3205-5555<br \/>\nE-mail: dat@unisantos.br<\/p>\n","protected":false},"excerpt":{"rendered":"<p>PROFESSOR RESPONS\u00c1VEL Prof. Me. Felipe Sardinha Bueno CARGA HOR\u00c1RIA 15 h\/a LOCAL Media\u00e7\u00e3o digital OBJETIVO Apresentar a origem, o contexto [&hellip;]<\/p>\n","protected":false},"author":1,"featured_media":672,"parent":399,"menu_order":0,"comment_status":"closed","ping_status":"closed","template":"","meta":{"footnotes":""},"_links":{"self":[{"href":"https:\/\/www.unisantos.br\/pos\/wp-json\/wp\/v2\/pages\/2647"}],"collection":[{"href":"https:\/\/www.unisantos.br\/pos\/wp-json\/wp\/v2\/pages"}],"about":[{"href":"https:\/\/www.unisantos.br\/pos\/wp-json\/wp\/v2\/types\/page"}],"author":[{"embeddable":true,"href":"https:\/\/www.unisantos.br\/pos\/wp-json\/wp\/v2\/users\/1"}],"replies":[{"embeddable":true,"href":"https:\/\/www.unisantos.br\/pos\/wp-json\/wp\/v2\/comments?post=2647"}],"version-history":[{"count":8,"href":"https:\/\/www.unisantos.br\/pos\/wp-json\/wp\/v2\/pages\/2647\/revisions"}],"predecessor-version":[{"id":3950,"href":"https:\/\/www.unisantos.br\/pos\/wp-json\/wp\/v2\/pages\/2647\/revisions\/3950"}],"up":[{"embeddable":true,"href":"https:\/\/www.unisantos.br\/pos\/wp-json\/wp\/v2\/pages\/399"}],"wp:featuredmedia":[{"embeddable":true,"href":"https:\/\/www.unisantos.br\/pos\/wp-json\/wp\/v2\/media\/672"}],"wp:attachment":[{"href":"https:\/\/www.unisantos.br\/pos\/wp-json\/wp\/v2\/media?parent=2647"}],"curies":[{"name":"wp","href":"https:\/\/api.w.org\/{rel}","templated":true}]}}