{"id":2618,"date":"2020-02-12T10:57:15","date_gmt":"2020-02-12T13:57:15","guid":{"rendered":"https:\/\/www.unisantos.br\/pos\/?page_id=2618"},"modified":"2023-08-14T14:17:32","modified_gmt":"2023-08-14T17:17:32","slug":"introducao-ao-direito-canonico","status":"publish","type":"page","link":"https:\/\/www.unisantos.br\/pos\/qualificacao\/introducao-ao-direito-canonico\/","title":{"rendered":"Introdu\u00e7\u00e3o ao Direito Can\u00f4nico"},"content":{"rendered":"<p><strong>PROFESSOR RESPONS\u00c1VEL<\/strong><br \/>\nProf. Dr. Pe. Ricardo de Barros Marques<\/p>\n<p><strong>CARGA HOR\u00c1RIA <\/strong><br \/>\n32 h\/a<\/p>\n<p><strong>LOCAL<\/strong><br \/>\nCampus Dom Id\u00edlio Jos\u00e9 Soares<\/p>\n<p><strong>OBJETIVOS<\/strong><br \/>\nO curso de Direito Can\u00f4nico, introdut\u00f3rio, visa formar os estudantes na cultura jur\u00eddica da Igreja Cat\u00f3lica, sua hist\u00f3ria, forma\u00e7\u00e3o e codifica\u00e7\u00f5es, incluindo o C\u00f3digo das Igrejas Orientais, e mostrar a import\u00e2ncia das leis para a comunh\u00e3o e a organiza\u00e7\u00e3o eclesiais, a tutela dos sacramentos (com \u00eanfase no sacramento do Matrim\u00f4nio) e dos direitos de todos os fieis. Visa tamb\u00e9m fornecer elementos sobre o Direito P\u00fablico Eclesi\u00e1stico.<\/p>\n<p><strong>P\u00daBLICO-ALVO<\/strong><br \/>\nEx-alunos do Curso de Teologia para Leigos; estudantes dos cursos de Direito e Rela\u00e7\u00f5es Internacionais; interessados pelo tema das leis da Igreja Cat\u00f3lica.<\/p>\n<p><strong>CONTE\u00daDO<\/strong><br \/>\n\u2022 Introdu\u00e7\u00e3o ao Curso de Direito Can\u00f4nico. Fundamenta\u00e7\u00e3o Filos\u00f3fica e Teol\u00f3gica do Direito Can\u00f4nico. Da Eclesiologia de Comunh\u00e3o<br \/>\n\u2022 Hist\u00f3ria do Direito Can\u00f4nico: da B\u00edblia ao C\u00f3digo de 1983<br \/>\n\u2022 Do Exerc\u00edcio do Poder na Igreja: Fundamenta\u00e7\u00e3o, Limites, Jurisdi\u00e7\u00e3o<br \/>\n\u2022 Dos Deveres e Direitos dos Fi\u00e9is Crist\u00e3os em Geral<br \/>\n\u2022 Dos Deveres e Direitos dos Fi\u00e9is Leigos. das Associa\u00e7\u00f5es de Fi\u00e9is<br \/>\n\u2022 Da Organiza\u00e7\u00e3o Eclesi\u00e1stica: Romano Pont\u00edfice, Santa S\u00e9, Col\u00e9gio de Cardeais, C\u00faria Romana<br \/>\n\u2022 Da Organiza\u00e7\u00e3o Eclesi\u00e1stica: Bispo Diocesano, S\u00ednodo Diocesano. Conselhos Diocesanos, Vig\u00e1rios (Geral, Episcopal, Judicial), Chanceler e C\u00faria Diocesana<br \/>\n\u2022 Da Organiza\u00e7\u00e3o Eclesi\u00e1stica: Par\u00f3quia, P\u00e1roco, Vig\u00e1rio Paroquial, Conselhos Paroquiais<br \/>\n\u2022 Da Hist\u00f3ria da Legisla\u00e7\u00e3o Cat\u00f3lica Brasileira: das Constitui\u00e7\u00f5es do Arcebispado da Bahia, do Padroado Brasileiro, das Dioceses Sufrag\u00e2neas de Funchal, das Primeiras Dioceses Brasileiras at\u00e9 a Legisla\u00e7\u00e3o da CNBB e do Acordo Brasil-Santa S\u00e9<br \/>\n\u2022 Do Direito P\u00fablico Eclesi\u00e1stico, Estado Laico e Laicismo<br \/>\n\u2022 Das Igrejas Cat\u00f3licas Orientais: Hist\u00f3ria, Liturgia e Direito<br \/>\n\u2022 Do Direito Matrimonial Can\u00f4nico: Matrim\u00f4nio como Sacramento e Ato Jur\u00eddico, Consentimento, F\u00f3rmula Can\u00f4nica, Prepara\u00e7\u00e3o para o Matrim\u00f4nio<br \/>\n\u2022 Do Direito Matrimonial Can\u00f4nico: Impedimentos, Imaturidades e V\u00edcios de Consentimento d Defeitos de Forma Can\u00f4nica<br \/>\n\u2022 Do Direito Matrimonial Can\u00f4nico: Processo de Nulidade Matrimonial<br \/>\n\u2022 Do Direito Penal Can\u00f4nico. dos Delitos Graves<br \/>\n\u2022 Conclus\u00e3o do Curso<br \/>\n\u2022 Avalia\u00e7\u00e3o<\/p>\n<p><strong>OBSERVA\u00c7\u00d5ES<\/strong><br \/>\nA Universidade se reserva o direito de alterar o cronograma e o corpo docente.<br \/>\nDocumenta\u00e7\u00e3o necess\u00e1ria para quem n\u00e3o \u00e9 aluno da Cat\u00f3lica de Santos: c\u00f3pias do RG, CPF, certid\u00e3o de nascimento ou casamento.<br \/>\nA inscri\u00e7\u00e3o presencial s\u00f3 poder\u00e1 ser efetuada pelo interessado no curso, ou por pessoa munida de procura\u00e7\u00e3o autenticada em cart\u00f3rio.<br \/>\nA efetiva\u00e7\u00e3o da matr\u00edcula est\u00e1 condicionada ao pagamento do boleto da 1\u00aa. parcela e entrega da documenta\u00e7\u00e3o exigida.<\/p>\n<p><strong>OUTRAS INFORMA\u00c7\u00d5ES<\/strong><br \/>\nDepartamento de Atendimento Integrado<br \/>\nTelefones: (13) 3205-5555<br \/>\nE-mail: dat@unisantos.br<\/p>\n","protected":false},"excerpt":{"rendered":"<p>PROFESSOR RESPONS\u00c1VEL Prof. Dr. Pe. Ricardo de Barros Marques CARGA HOR\u00c1RIA 32 h\/a LOCAL Campus Dom Id\u00edlio Jos\u00e9 Soares OBJETIVOS [&hellip;]<\/p>\n","protected":false},"author":1,"featured_media":671,"parent":399,"menu_order":0,"comment_status":"closed","ping_status":"closed","template":"","meta":{"footnotes":""},"_links":{"self":[{"href":"https:\/\/www.unisantos.br\/pos\/wp-json\/wp\/v2\/pages\/2618"}],"collection":[{"href":"https:\/\/www.unisantos.br\/pos\/wp-json\/wp\/v2\/pages"}],"about":[{"href":"https:\/\/www.unisantos.br\/pos\/wp-json\/wp\/v2\/types\/page"}],"author":[{"embeddable":true,"href":"https:\/\/www.unisantos.br\/pos\/wp-json\/wp\/v2\/users\/1"}],"replies":[{"embeddable":true,"href":"https:\/\/www.unisantos.br\/pos\/wp-json\/wp\/v2\/comments?post=2618"}],"version-history":[{"count":3,"href":"https:\/\/www.unisantos.br\/pos\/wp-json\/wp\/v2\/pages\/2618\/revisions"}],"predecessor-version":[{"id":5552,"href":"https:\/\/www.unisantos.br\/pos\/wp-json\/wp\/v2\/pages\/2618\/revisions\/5552"}],"up":[{"embeddable":true,"href":"https:\/\/www.unisantos.br\/pos\/wp-json\/wp\/v2\/pages\/399"}],"wp:featuredmedia":[{"embeddable":true,"href":"https:\/\/www.unisantos.br\/pos\/wp-json\/wp\/v2\/media\/671"}],"wp:attachment":[{"href":"https:\/\/www.unisantos.br\/pos\/wp-json\/wp\/v2\/media?parent=2618"}],"curies":[{"name":"wp","href":"https:\/\/api.w.org\/{rel}","templated":true}]}}