{"id":261,"date":"2018-10-11T09:39:18","date_gmt":"2018-10-11T12:39:18","guid":{"rendered":"https:\/\/www.unisantos.br\/pos\/?page_id=261"},"modified":"2025-03-07T16:51:29","modified_gmt":"2025-03-07T19:51:29","slug":"comunicacao-empresarial-e-gestao-da-informacao","status":"publish","type":"page","link":"https:\/\/www.unisantos.br\/pos\/lato-sensu\/comunicacao-empresarial-e-gestao-da-informacao\/","title":{"rendered":"Comunica\u00e7\u00e3o Empresarial e Gest\u00e3o Estrat\u00e9gica da Informa\u00e7\u00e3o"},"content":{"rendered":"<p><b>PROFESSOR RESPONS\u00c1VEL<br \/>\n<\/b>Prof. Me. Paulo Roberto B\u00f6rnsen Vibiam<\/p>\n<p><b>CARGA HOR\u00c1RIA<br \/>\n<\/b>360 horas<\/p>\n<p><strong>IN\u00cdCIO<\/strong><br \/>\nMar\u00e7o\/2025<\/p>\n<p><strong>MODALIDADE<br \/>\n<\/strong>EAD plena.<br \/>\nCurso totalmente a dist\u00e2ncia, com 100% dos conte\u00fados, das atividades, dos roteiros e das avalia\u00e7\u00f5es dispon\u00edveis em Ambiente Virtual de Aprendizagem.<\/p>\n<p><strong>P\u00daBLICO-ALVO<\/strong><br \/>\nIndicado para Graduados em Jornalismo, Rela\u00e7\u00f5es P\u00fablicas, Administra\u00e7\u00e3o de Empresas e Publicidade e Propaganda, al\u00e9m de assessores de comunica\u00e7\u00e3o e profissionais que trabalham com marketing e atuem em desenvolvimento e gest\u00e3o de estrat\u00e9gias de comunica\u00e7\u00e3o. Tamb\u00e9m profissionais das diversas \u00e1reas de conhecimento que tenham interesse em desenvolver conhecimentos te\u00f3ricos e t\u00e9cnicos espec\u00edficos em comunica\u00e7\u00e3o empresarial e atua\u00e7\u00e3o em m\u00eddias sociais.<\/p>\n<p><strong>OBJETIVOS<br \/>\n<\/strong> \u2022 Propiciar forma\u00e7\u00e3o especializada e atualiza\u00e7\u00e3o aos profissionais nas \u00e1reas da Comunica\u00e7\u00e3o.<br \/>\n\u2022 Formar gestores qualificados com s\u00f3lida vis\u00e3o estrat\u00e9gica, para propor solu\u00e7\u00f5es inovadoras.<br \/>\n\u2022 Proporcionar a oportunidade de produ\u00e7\u00e3o de um trabalho de conclus\u00e3o de curso, que ser\u00e1 fundamental para ampliar o conhecimento na \u00e1rea.<\/p>\n<p><strong>INVESTIMENTO<\/strong><br \/>\n16 parcelas de R$ 199<\/p>\n<p><strong>CONTE\u00daDO<\/strong><br \/>\n\u2022 Comunica\u00e7\u00e3o Empresarial e Gest\u00e3o da Informa\u00e7\u00e3o<br \/>\n\u2022 Comunica\u00e7\u00e3o na Era Digital<br \/>\n\u2022 Cultura Organizacional e \u00c9tica Empresarial<br \/>\n\u2022 Comunica\u00e7\u00e3o Integrada<br \/>\n\u2022 Marketing<br \/>\n\u2022 Identidade e Imagem Corporativa<br \/>\n\u2022 Comunica\u00e7\u00e3o P\u00fablica e Cidadania<br \/>\n\u2022 Comunica\u00e7\u00e3o, Sustentabilidade e Gest\u00e3o de Crise<br \/>\n\u2022 Comunica\u00e7\u00e3o e Planejamento estrat\u00e9gico<br \/>\n\u2022 T\u00f3picos Avan\u00e7ados em Assessoria e Pr\u00e1tica de Comunica\u00e7\u00e3o<\/p>\n<p><strong>DIFERENCIAIS<\/strong><br \/>\n\u2022 Promove o aprofundamento em estrat\u00e9gias para a\u00e7\u00f5es de comunica\u00e7\u00e3o na iniciativa privada e no setor p\u00fablico.<br \/>\n\u2022 Corpo docente altamente especializado.<br \/>\n\u2022 Material did\u00e1tico elaborado por profissionais do mercado, mestres e doutores com larga experi\u00eancia.<br \/>\n\u2022 Polo de apoio presencial com estrutura \u00fanica na regi\u00e3o.<br \/>\n\u2022 Biblioteca f\u00edsica e digital com amplo espa\u00e7o para estudos.<\/p>\n<p><strong>OBSERVA\u00c7\u00d5ES<\/strong><br \/>\nA Universidade se reserva o direito de alterar o cronograma e o corpo docente.<br \/>\nDocumenta\u00e7\u00e3o necess\u00e1ria: c\u00f3pias do RG, CPF, certid\u00e3o de nascimento ou casamento e Diploma da Gradua\u00e7\u00e3o ou Certificado de Cola\u00e7\u00e3o de Grau.<br \/>\nA inscri\u00e7\u00e3o presencial s\u00f3 poder\u00e1 ser efetuada pelo interessado no curso, ou por pessoa munida de procura\u00e7\u00e3o autenticada em cart\u00f3rio.<br \/>\nA efetiva\u00e7\u00e3o da matr\u00edcula est\u00e1 condicionada ao pagamento do boleto da 1\u00aa. parcela e entrega da documenta\u00e7\u00e3o exigida.<\/p>\n<p><strong>OUTRAS INFORMA\u00c7\u00d5ES<\/strong><br \/>\nE-mail: atendimentovirtual@unisantos.br<\/p>\n","protected":false},"excerpt":{"rendered":"<p>PROFESSOR RESPONS\u00c1VEL Prof. Me. Paulo Roberto B\u00f6rnsen Vibiam CARGA HOR\u00c1RIA 360 horas IN\u00cdCIO Mar\u00e7o\/2025 MODALIDADE EAD plena. Curso totalmente a [&hellip;]<\/p>\n","protected":false},"author":1,"featured_media":259,"parent":210,"menu_order":0,"comment_status":"closed","ping_status":"closed","template":"","meta":{"footnotes":""},"_links":{"self":[{"href":"https:\/\/www.unisantos.br\/pos\/wp-json\/wp\/v2\/pages\/261"}],"collection":[{"href":"https:\/\/www.unisantos.br\/pos\/wp-json\/wp\/v2\/pages"}],"about":[{"href":"https:\/\/www.unisantos.br\/pos\/wp-json\/wp\/v2\/types\/page"}],"author":[{"embeddable":true,"href":"https:\/\/www.unisantos.br\/pos\/wp-json\/wp\/v2\/users\/1"}],"replies":[{"embeddable":true,"href":"https:\/\/www.unisantos.br\/pos\/wp-json\/wp\/v2\/comments?post=261"}],"version-history":[{"count":38,"href":"https:\/\/www.unisantos.br\/pos\/wp-json\/wp\/v2\/pages\/261\/revisions"}],"predecessor-version":[{"id":6740,"href":"https:\/\/www.unisantos.br\/pos\/wp-json\/wp\/v2\/pages\/261\/revisions\/6740"}],"up":[{"embeddable":true,"href":"https:\/\/www.unisantos.br\/pos\/wp-json\/wp\/v2\/pages\/210"}],"wp:featuredmedia":[{"embeddable":true,"href":"https:\/\/www.unisantos.br\/pos\/wp-json\/wp\/v2\/media\/259"}],"wp:attachment":[{"href":"https:\/\/www.unisantos.br\/pos\/wp-json\/wp\/v2\/media?parent=261"}],"curies":[{"name":"wp","href":"https:\/\/api.w.org\/{rel}","templated":true}]}}