{"id":26,"date":"2018-10-05T15:30:06","date_gmt":"2018-10-05T18:30:06","guid":{"rendered":"https:\/\/www.unisantos.br\/pos\/?page_id=26"},"modified":"2018-10-05T15:30:06","modified_gmt":"2018-10-05T18:30:06","slug":"area-de-concentracao-e-linha-de-pesquisa","status":"publish","type":"page","link":"https:\/\/www.unisantos.br\/pos\/stricto-sensu\/doutorado\/doutorado-em-direito\/area-de-concentracao-e-linha-de-pesquisa\/","title":{"rendered":"\u00c1rea de Concentra\u00e7\u00e3o e Linha de Pesquisa"},"content":{"rendered":"<p><strong>\u00c1rea de Concentra\u00e7\u00e3o<\/strong><\/p>\n<p>DIREITO AMBIENTAL INTERNACIONAL<\/p>\n<p><strong>Descri\u00e7\u00e3o<\/strong><\/p>\n<p>O Direito Ambiental Internacional-DAI emerge a partir das limita\u00e7\u00f5es de alcance do Direito Internacional do Meio Ambiente, muito dependente do positivismo das Conven\u00e7\u00f5es Internacionais, sendo que o primeiro pressup\u00f5e um compromisso, uma afinidade, uma influ\u00eancia maior do Direito Ambiental que do Direito Internacional na estrutura\u00e7\u00e3o e na l\u00f3gica de funcionamento desse ramo aut\u00f4nomo da ci\u00eancia jur\u00eddica.\u00a0 O Direito Ambiental Internacional reconhece a influ\u00eancia, a contribui\u00e7\u00e3o necess\u00e1ria da Ci\u00eancia e da Tecnologia na percep\u00e7\u00e3o e no encaminhamento jur\u00eddico, subjacente aos complexos problemas ambientais globais.<\/p>\n<p>Assim, o DAI estrutura-se num ordenamento jur\u00eddico com voca\u00e7\u00e3o inter e multidisciplinar destinado a regular as rela\u00e7\u00f5es de coexist\u00eancia, coopera\u00e7\u00e3o e interdepend\u00eancia, institucionalizada ou n\u00e3o, entre os diversos atores internacionais, que tem como objetivo a prote\u00e7\u00e3o internacional do meio ambiente e a consecu\u00e7\u00e3o do desenvolvimento sustent\u00e1vel, numa perspectiva de governan\u00e7a global.<\/p>\n<p><strong>Linha de Pesquisa<\/strong><\/p>\n<p>REGIMES AMBIENTAIS: FORMA\u00c7\u00c3O, EFETIVIDADE E DIN\u00c2MICA INSTITUCIONAL<\/p>\n<p><strong>Descri\u00e7\u00e3o<\/strong><\/p>\n<p>Os regimes internacionais s\u00e3o definidos como princ\u00edpios, normas, regras e procedimentos de tomada de decis\u00f5es de determinada \u00e1rea das rela\u00e7\u00f5es internacionais em torno dos quais convergem as expectativas dos atores, entendidos esses em contexto amplo e inclusivo. Em outras palavras, a Linha busca estudar a congru\u00eancia entre os problemas que se originam da natureza interconexa do ecossistema global e as solu\u00e7\u00f5es que s\u00e3o buscadas num sistema geopol\u00edtico n\u00e3o baseado exclusivamente no Estado.<\/p>\n<p>No contexto ambiental, os regimes internacionais funcionam de forma din\u00e2mica e pragm\u00e1tica, em complementaridade com o avan\u00e7o da governan\u00e7a global em muitas agendas, incluindo o papel da seguran\u00e7a no contexto da crise ambiental global.<\/p>\n","protected":false},"excerpt":{"rendered":"<p>\u00c1rea de Concentra\u00e7\u00e3o DIREITO AMBIENTAL INTERNACIONAL Descri\u00e7\u00e3o O Direito Ambiental Internacional-DAI emerge a partir das limita\u00e7\u00f5es de alcance do Direito [&hellip;]<\/p>\n","protected":false},"author":1,"featured_media":0,"parent":23,"menu_order":1,"comment_status":"closed","ping_status":"closed","template":"","meta":{"footnotes":""},"_links":{"self":[{"href":"https:\/\/www.unisantos.br\/pos\/wp-json\/wp\/v2\/pages\/26"}],"collection":[{"href":"https:\/\/www.unisantos.br\/pos\/wp-json\/wp\/v2\/pages"}],"about":[{"href":"https:\/\/www.unisantos.br\/pos\/wp-json\/wp\/v2\/types\/page"}],"author":[{"embeddable":true,"href":"https:\/\/www.unisantos.br\/pos\/wp-json\/wp\/v2\/users\/1"}],"replies":[{"embeddable":true,"href":"https:\/\/www.unisantos.br\/pos\/wp-json\/wp\/v2\/comments?post=26"}],"version-history":[{"count":1,"href":"https:\/\/www.unisantos.br\/pos\/wp-json\/wp\/v2\/pages\/26\/revisions"}],"predecessor-version":[{"id":28,"href":"https:\/\/www.unisantos.br\/pos\/wp-json\/wp\/v2\/pages\/26\/revisions\/28"}],"up":[{"embeddable":true,"href":"https:\/\/www.unisantos.br\/pos\/wp-json\/wp\/v2\/pages\/23"}],"wp:attachment":[{"href":"https:\/\/www.unisantos.br\/pos\/wp-json\/wp\/v2\/media?parent=26"}],"curies":[{"name":"wp","href":"https:\/\/api.w.org\/{rel}","templated":true}]}}