{"id":258,"date":"2018-10-11T09:36:00","date_gmt":"2018-10-11T12:36:00","guid":{"rendered":"https:\/\/www.unisantos.br\/pos\/?page_id=258"},"modified":"2021-08-19T14:50:39","modified_gmt":"2021-08-19T17:50:39","slug":"comunicacao-audiovisual","status":"publish","type":"page","link":"https:\/\/www.unisantos.br\/pos\/lato-sensu\/comunicacao-audiovisual\/","title":{"rendered":"Comunica\u00e7\u00e3o Audiovisual"},"content":{"rendered":"<p><b>COORDENADOR<br \/>\n<\/b>Prof. Me.\u00a0Paulo Roberto Bornsen Vibiam<\/p>\n<p><b>CARGA HOR\u00c1RIA<br \/>\n<\/b>360 horas<\/p>\n<p><b>OBJETIVOS<br \/>\n<\/b>Especializar profissionais com s\u00f3lidos conhecimentos em comunica\u00e7\u00e3o audiovisual, na concep\u00e7\u00e3o e produ\u00e7\u00e3o de pe\u00e7as e em obten\u00e7\u00e3o de recursos disponibilizados pelas leis de incentivo.<br \/>\nAprimorar habilidades e compet\u00eancias espec\u00edficas para atuar na realiza\u00e7\u00e3o de produtos audiovisuais, tais como v\u00eddeos e filmes de curta, m\u00e9dia e longa metragem, sejam eles para TV, Cinema, DVD ou novas m\u00eddias \u2013 como internet e telefonia m\u00f3vel.<br \/>\nApurar o conhecimento das linguagens tradicionais e compet\u00eancias est\u00e9ticas indispens\u00e1veis para a produ\u00e7\u00e3o audiovisual; edi\u00e7\u00e3o de imagens e pe\u00e7as de \u00e1udio (locu\u00e7\u00f5es, efeitos e trilhas sonoras e musicais); realiza\u00e7\u00e3o de trabalhos de programa\u00e7\u00e3o audiovisual; produ\u00e7\u00e3o de filmes publicit\u00e1rios, pe\u00e7as em multim\u00eddia e filmes para televis\u00e3o e v\u00eddeo; roteiriza\u00e7\u00e3o, pe\u00e7as de \u00e1udio para v\u00eddeo e televis\u00e3o, realiza\u00e7\u00e3o de filmes e document\u00e1rios.<br \/>\nDesenvolver compet\u00eancias na elabora\u00e7\u00e3o de projetos para a obten\u00e7\u00e3o de financiamento e benef\u00edcios das leis de incentivo \u00e0 produ\u00e7\u00e3o audiovisual.<\/p>\n<p><b>P\u00daBLICO-ALVO<br \/>\n<\/b>Formados em cursos superiores (Tecnol\u00f3gicos e Bacharelados) da \u00e1rea da Comunica\u00e7\u00e3o ou \u00e1reas afins.<\/p>\n<p><b>CONTE\u00daDO CURRICULAR<br \/>\n<\/b>Semi\u00f3tica Aplicada aos Meios Audiovisuais<br \/>\nDire\u00e7\u00e3o e Opera\u00e7\u00e3o de C\u00e2mera<br \/>\nProdu\u00e7\u00e3o de Roteiros<br \/>\nProdu\u00e7\u00e3o e Dire\u00e7\u00e3o de Arte e Fotografia<br \/>\nSonoriza\u00e7\u00e3o<br \/>\nLinguagem, G\u00eaneros e Formatos Audiovisuais<br \/>\nT\u00e9cnicas de Produ\u00e7\u00e3o em R\u00e1dio<br \/>\nT\u00e9cnicas de Produ\u00e7\u00e3o em TV e Cinema<br \/>\nT\u00e9cnicas de Produ\u00e7\u00e3o para a Internet<br \/>\nEdi\u00e7\u00e3o e P\u00f3s-produ\u00e7\u00e3o em Plataforma Digital (\u00c1udio e V\u00eddeo)<br \/>\nCapta\u00e7\u00e3o de Recursos e Elabora\u00e7\u00e3o de Projetos em Audiovisual<\/p>\n<p><em>Os cursos de Especializa\u00e7\u00e3o\/MBA da Universidade Cat\u00f3lica de Santos atendem \u00e0 normativa vigente sobre os Cursos de P\u00f3s-gradua\u00e7\u00e3o Lato Sensu, a <strong>Resolu\u00e7\u00e3o CNE-CES 1<\/strong>, de 6 de abril de 2018, bem como as Diretrizes Curriculares Nacionais para a Educa\u00e7\u00e3o em Direitos Humanos e para a Educa\u00e7\u00e3o Ambiental. Eles\u00a0foram constru\u00eddos em conson\u00e2ncia com as novas pol\u00edticas p\u00fablicas nacionais para os Cursos de P\u00f3s-gradua\u00e7\u00e3o Lato Sensu,\u00a0que visam estabelecer um padr\u00e3o superior de qualidade para a forma\u00e7\u00e3o de especialistas.<\/em><\/p>\n<p><strong>BENEF\u00cdCIOS (*)<br \/>\n<\/strong>\u2022\u00a0<strong>Bolsa\u00a0Ex-aluno para P\u00f3s-Gradua\u00e7\u00e3o\u00a0<em>Lato Sensu<\/em><\/strong>: 25% de desconto para ex-alunos da Cat\u00f3lica de Santos (curso de Gradua\u00e7\u00e3o conclu\u00eddo).<br \/>\n\u2022\u00a0<strong>Bolsa\u00a0Empresas Conveniadas<\/strong>: descontos vari\u00e1veis para funcion\u00e1rios de empresas conveniadas.\u00a0<strong><a href=\"https:\/\/www.unisantos.br\/convenio-com-empresas\/\">Confira a\u00a0rela\u00e7\u00e3o<\/a><br \/>\n<\/strong>\u2022 <strong>Bolsa Escolas Conveniadas<\/strong>: descontos vari\u00e1veis para professores de escolas conveniadas.<br \/>\n\u2022\u00a0<strong>Bolsa\u00a0Fideliza\u00e7\u00e3o Familiar<\/strong>: 20% para estudante que possua v\u00ednculo de parentesco (c\u00f4njuges, pais e filhos, ou irm\u00e3os) com formados na Universidade, ou com estudantes com matr\u00edcula ativa em cursos de Gradua\u00e7\u00e3o, Especializa\u00e7\u00e3o ou <em>Stricto Sensu<\/em>\u00a0da UniSantos, concomitantemente; ou ainda, num desses e na educa\u00e7\u00e3o b\u00e1sica do Liceu Santista, concomitantemente.<br \/>\n(*) Alguns descontos n\u00e3o se aplicam \u00e0 matr\u00edcula.<\/p>\n<p><strong style=\"line-height: 1.5em;\">SETOR DE ATENDIMENTO<br \/>\n<\/strong><strong><em>Campus<\/em> Dom Id\u00edlio Jos\u00e9 Soares<br \/>\n<\/strong><strong>Endere\u00e7o<\/strong>: Av. Conselheiro N\u00e9bias, 300 \u2013 Vila Mathias, Santos<br \/>\n<strong style=\"line-height: 1.5em;\">Telefone<\/strong><span style=\"line-height: 1.5em;\">: 3205-5555 &#8211; ramal 1388<br \/>\n<strong>Hor\u00e1rios<\/strong>: Segunda a sexta, das 9h \u00e0s 21h, e s\u00e1bado, das 9h \u00e0s 16h.<\/span><\/p>\n<p><strong>Observa\u00e7\u00f5es<br \/>\n<\/strong>\u2022 A Universidade se reserva o direito de alterar o cronograma e o corpo docente.<br \/>\n\u2022 Documenta\u00e7\u00e3o necess\u00e1ria para quem n\u00e3o \u00e9 aluno da Cat\u00f3lica de Santos: c\u00f3pias do RG, CPF, Certid\u00e3o de Nascimento ou Casamento, diploma (autenticado) e Curriculum Vitae (resumido).<br \/>\n\u2022\u00a0A matr\u00edcula pode ser feita independentemente da entrega dos documentos, mas s\u00f3 ser\u00e1 validada depois que eles forem apresentados.<br \/>\n\u2022 A inscri\u00e7\u00e3o presencial s\u00f3 poder\u00e1 ser efetuada pelo interessado no curso, ou por pessoa munida de procura\u00e7\u00e3o autenticada em cart\u00f3rio.<br \/>\n\u2022 A efetiva\u00e7\u00e3o da matr\u00edcula est\u00e1 condicionada ao pagamento do boleto da 1\u00aa. parcela e entrega da documenta\u00e7\u00e3o exigida.<\/p>\n","protected":false},"excerpt":{"rendered":"<p>COORDENADOR Prof. Me.\u00a0Paulo Roberto Bornsen Vibiam CARGA HOR\u00c1RIA 360 horas OBJETIVOS Especializar profissionais com s\u00f3lidos conhecimentos em comunica\u00e7\u00e3o audiovisual, na [&hellip;]<\/p>\n","protected":false},"author":1,"featured_media":259,"parent":210,"menu_order":0,"comment_status":"closed","ping_status":"closed","template":"","meta":{"footnotes":""},"_links":{"self":[{"href":"https:\/\/www.unisantos.br\/pos\/wp-json\/wp\/v2\/pages\/258"}],"collection":[{"href":"https:\/\/www.unisantos.br\/pos\/wp-json\/wp\/v2\/pages"}],"about":[{"href":"https:\/\/www.unisantos.br\/pos\/wp-json\/wp\/v2\/types\/page"}],"author":[{"embeddable":true,"href":"https:\/\/www.unisantos.br\/pos\/wp-json\/wp\/v2\/users\/1"}],"replies":[{"embeddable":true,"href":"https:\/\/www.unisantos.br\/pos\/wp-json\/wp\/v2\/comments?post=258"}],"version-history":[{"count":20,"href":"https:\/\/www.unisantos.br\/pos\/wp-json\/wp\/v2\/pages\/258\/revisions"}],"predecessor-version":[{"id":3904,"href":"https:\/\/www.unisantos.br\/pos\/wp-json\/wp\/v2\/pages\/258\/revisions\/3904"}],"up":[{"embeddable":true,"href":"https:\/\/www.unisantos.br\/pos\/wp-json\/wp\/v2\/pages\/210"}],"wp:featuredmedia":[{"embeddable":true,"href":"https:\/\/www.unisantos.br\/pos\/wp-json\/wp\/v2\/media\/259"}],"wp:attachment":[{"href":"https:\/\/www.unisantos.br\/pos\/wp-json\/wp\/v2\/media?parent=258"}],"curies":[{"name":"wp","href":"https:\/\/api.w.org\/{rel}","templated":true}]}}