{"id":255,"date":"2018-10-11T09:35:08","date_gmt":"2018-10-11T12:35:08","guid":{"rendered":"https:\/\/www.unisantos.br\/pos\/?page_id=255"},"modified":"2025-03-07T17:12:33","modified_gmt":"2025-03-07T20:12:33","slug":"prescricao-farmaceutica-e-farmacia-clinica","status":"publish","type":"page","link":"https:\/\/www.unisantos.br\/pos\/lato-sensu\/prescricao-farmaceutica-e-farmacia-clinica\/","title":{"rendered":"Prescri\u00e7\u00e3o Farmac\u00eautica e Farm\u00e1cia Cl\u00ednica"},"content":{"rendered":"<p><strong>PROFESSORA RESPONS\u00c1VEL<br \/>\n<\/strong>Prof\u00aa. Me. Carla Lanza Belmonte<\/p>\n<p><strong>CARGA HOR\u00c1RIA<br \/>\n<span style=\"font-weight: 400;\">360 horas<\/span><\/strong><\/p>\n<p><strong>IN\u00cdCIO<\/strong><br \/>\nMar\u00e7o\/2025<\/p>\n<p><strong>DIAS\/HOR\u00c1RIOS<\/strong><br \/>\nSegundas e quartas feiras, das 18h45 \u00e0s 22h45<\/p>\n<p><strong>MODALIDADE<\/strong><br \/>\nH\u00edbrida, organizada em encontros presenciais e conte\u00fados digitais dispon\u00edveis em Ambiente Virtual de Aprendizagem.<\/p>\n<p><strong>P\u00daBLICO-ALVO<\/strong><br \/>\nFarmac\u00eauticos.<\/p>\n<p><strong>OBJETIVO<br \/>\n<\/strong>Possibilitar ao farmac\u00eautico aprofundar e ampliar os conhecimentos sobre a ci\u00eancia da Farm\u00e1cia, nos aspectos assistenciais, educativos e de pesquisa em Farm\u00e1cia Cl\u00ednica, fornecendo subs\u00eddios para prescri\u00e7\u00e3o farmac\u00eautica.<\/p>\n<p><strong>INVESTIMENTO<\/strong><br \/>\n16 parcelas de R$ 350<\/p>\n<p><strong>CONTE\u00daDO<\/strong><br \/>\n\u2022 Fundamentos da Prescri\u00e7\u00e3o Farmac\u00eautica e Farm\u00e1cia Cl\u00ednica (EAD)<br \/>\n\u2022 Interpreta\u00e7\u00e3o de Exames Laboratoriais<br \/>\n\u2022 Farmacocin\u00e9tica cl\u00ednica<br \/>\n\u2022 Farm\u00e1cia cl\u00ednica: Sistema Respirat\u00f3rio e Renal<br \/>\n\u2022 Fundamentos da Assist\u00eancia Farmac\u00eautica (EAD)<br \/>\n\u2022 Prescri\u00e7\u00e3o farmac\u00eautica e farm\u00e1cia cl\u00ednica: dor e inflama\u00e7\u00e3o<br \/>\n\u2022 Farm\u00e1cia cl\u00ednica: Sistema end\u00f3crino e na gravidez<br \/>\n\u2022 Farm\u00e1cia cl\u00ednica: Sistema Nervoso Central<br \/>\n\u2022 Bioestat\u00edstica (EAD)<br \/>\n\u2022 Farm\u00e1cia cl\u00ednica: Sistema gastrintestinal<br \/>\n\u2022 Farm\u00e1cia Cl\u00ednica: Sistema cardiovascular<br \/>\n\u2022 Prescri\u00e7\u00e3o farmac\u00eautica nas Suplementa\u00e7\u00f5es (EAD)<br \/>\n\u2022 Farm\u00e1cia Cl\u00ednica Hospitalar (EAD)<br \/>\n\u2022 Farm\u00e1cia Cl\u00ednica Pediatria e neonatologia (EAD)<br \/>\n\u2022 Farm\u00e1cia Cl\u00ednica em UTI<br \/>\n\u2022 Farm\u00e1cia Cl\u00ednica \u2013 Oncologia<br \/>\n\u2022 Farm\u00e1cia Cl\u00ednica \u2013 Infectologia<\/p>\n<p><strong>OBSERVA\u00c7\u00d5ES<\/strong><br \/>\nA Universidade se reserva o direito de alterar o cronograma e o corpo docente.<br \/>\nDocumenta\u00e7\u00e3o necess\u00e1ria: c\u00f3pias do RG, CPF, certid\u00e3o de nascimento ou casamento e Diploma da Gradua\u00e7\u00e3o ou Certificado de Cola\u00e7\u00e3o de Grau.<br \/>\nA inscri\u00e7\u00e3o presencial s\u00f3 poder\u00e1 ser efetuada pelo interessado no curso, ou por pessoa munida de procura\u00e7\u00e3o autenticada em cart\u00f3rio.<br \/>\nA efetiva\u00e7\u00e3o da matr\u00edcula est\u00e1 condicionada ao pagamento do boleto da 1\u00aa. parcela e entrega da documenta\u00e7\u00e3o exigida.<\/p>\n<p><strong>OUTRAS INFORMA\u00c7\u00d5ES<\/strong><br \/>\nE-mail: atendimentovirtual@unisantos.br<\/p>\n","protected":false},"excerpt":{"rendered":"<p>PROFESSORA RESPONS\u00c1VEL Prof\u00aa. Me. Carla Lanza Belmonte CARGA HOR\u00c1RIA 360 horas IN\u00cdCIO Mar\u00e7o\/2025 DIAS\/HOR\u00c1RIOS Segundas e quartas feiras, das 18h45 [&hellip;]<\/p>\n","protected":false},"author":1,"featured_media":256,"parent":210,"menu_order":0,"comment_status":"closed","ping_status":"closed","template":"","meta":{"footnotes":""},"_links":{"self":[{"href":"https:\/\/www.unisantos.br\/pos\/wp-json\/wp\/v2\/pages\/255"}],"collection":[{"href":"https:\/\/www.unisantos.br\/pos\/wp-json\/wp\/v2\/pages"}],"about":[{"href":"https:\/\/www.unisantos.br\/pos\/wp-json\/wp\/v2\/types\/page"}],"author":[{"embeddable":true,"href":"https:\/\/www.unisantos.br\/pos\/wp-json\/wp\/v2\/users\/1"}],"replies":[{"embeddable":true,"href":"https:\/\/www.unisantos.br\/pos\/wp-json\/wp\/v2\/comments?post=255"}],"version-history":[{"count":36,"href":"https:\/\/www.unisantos.br\/pos\/wp-json\/wp\/v2\/pages\/255\/revisions"}],"predecessor-version":[{"id":6765,"href":"https:\/\/www.unisantos.br\/pos\/wp-json\/wp\/v2\/pages\/255\/revisions\/6765"}],"up":[{"embeddable":true,"href":"https:\/\/www.unisantos.br\/pos\/wp-json\/wp\/v2\/pages\/210"}],"wp:featuredmedia":[{"embeddable":true,"href":"https:\/\/www.unisantos.br\/pos\/wp-json\/wp\/v2\/media\/256"}],"wp:attachment":[{"href":"https:\/\/www.unisantos.br\/pos\/wp-json\/wp\/v2\/media?parent=255"}],"curies":[{"name":"wp","href":"https:\/\/api.w.org\/{rel}","templated":true}]}}