{"id":2527,"date":"2019-12-18T18:47:53","date_gmt":"2019-12-18T21:47:53","guid":{"rendered":"https:\/\/www.unisantos.br\/pos\/?page_id=2527"},"modified":"2023-01-03T21:26:05","modified_gmt":"2023-01-04T00:26:05","slug":"introducao-ao-fashion-law","status":"publish","type":"page","link":"https:\/\/www.unisantos.br\/pos\/qualificacao\/introducao-ao-fashion-law\/","title":{"rendered":"Introdu\u00e7\u00e3o ao Fashion Law"},"content":{"rendered":"<p><strong>CARGA HOR\u00c1RIA<\/strong><br \/>\n24 h\/a<\/p>\n<p><strong>LOCAL<\/strong><br \/>\nCampus Dom Id\u00edlio Jos\u00e9 Soares<\/p>\n<p><strong>OBJETIVO<\/strong><br \/>\nPretende-se propiciar ao aluno os conhecimentos introdut\u00f3rios ao estudo do Fashion Law e as prote\u00e7\u00f5es jur\u00eddicas dada a esse ramo.<\/p>\n<p><strong>P\u00daBLICO-ALVO<\/strong><br \/>\nAdvogados, ju\u00edzes, promotores, bachar\u00e9is em direito, administradores, contadores e profissionais que atuem em processos concursais<\/p>\n<p><strong>CONTE\u00daDO<\/strong><br \/>\nIntrodu\u00e7\u00e3o ao Fashion Law<br \/>\nProte\u00e7\u00e3o das marcas<br \/>\nPatentes na moda<br \/>\nProte\u00e7\u00e3o do design<br \/>\nImagens e direitos autorais<br \/>\nRela\u00e7\u00e3o de consumo e ind\u00fastria da moda<br \/>\n<em>Influencers<\/em> e suas responsabilidades<br \/>\nContratos na ind\u00fastria da moda<\/p>\n<p><strong>OBSERVA\u00c7\u00d5ES<\/strong><br \/>\nA Universidade se reserva o direito de alterar o cronograma e o corpo docente.<br \/>\nDocumenta\u00e7\u00e3o necess\u00e1ria para quem n\u00e3o \u00e9 aluno da Cat\u00f3lica de Santos: c\u00f3pias do RG, CPF, certid\u00e3o de nascimento ou casamento.<br \/>\nA inscri\u00e7\u00e3o presencial s\u00f3 poder\u00e1 ser efetuada pelo interessado no curso, ou por pessoa munida de procura\u00e7\u00e3o autenticada em cart\u00f3rio.<br \/>\nA efetiva\u00e7\u00e3o da matr\u00edcula est\u00e1 condicionada ao pagamento do boleto da 1\u00aa. parcela e entrega da documenta\u00e7\u00e3o exigida.<\/p>\n<p><strong>OUTRAS INFORMA\u00c7\u00d5ES<br \/>\n<\/strong>Departamento de Atendimento Integrado<br \/>\nTelefone: (13) 3205-5555<br \/>\nE-mail: dat@unisantos.br<\/p>\n","protected":false},"excerpt":{"rendered":"<p>CARGA HOR\u00c1RIA 24 h\/a LOCAL Campus Dom Id\u00edlio Jos\u00e9 Soares OBJETIVO Pretende-se propiciar ao aluno os conhecimentos introdut\u00f3rios ao estudo [&hellip;]<\/p>\n","protected":false},"author":1,"featured_media":274,"parent":399,"menu_order":0,"comment_status":"closed","ping_status":"closed","template":"","meta":{"footnotes":""},"_links":{"self":[{"href":"https:\/\/www.unisantos.br\/pos\/wp-json\/wp\/v2\/pages\/2527"}],"collection":[{"href":"https:\/\/www.unisantos.br\/pos\/wp-json\/wp\/v2\/pages"}],"about":[{"href":"https:\/\/www.unisantos.br\/pos\/wp-json\/wp\/v2\/types\/page"}],"author":[{"embeddable":true,"href":"https:\/\/www.unisantos.br\/pos\/wp-json\/wp\/v2\/users\/1"}],"replies":[{"embeddable":true,"href":"https:\/\/www.unisantos.br\/pos\/wp-json\/wp\/v2\/comments?post=2527"}],"version-history":[{"count":5,"href":"https:\/\/www.unisantos.br\/pos\/wp-json\/wp\/v2\/pages\/2527\/revisions"}],"predecessor-version":[{"id":4685,"href":"https:\/\/www.unisantos.br\/pos\/wp-json\/wp\/v2\/pages\/2527\/revisions\/4685"}],"up":[{"embeddable":true,"href":"https:\/\/www.unisantos.br\/pos\/wp-json\/wp\/v2\/pages\/399"}],"wp:featuredmedia":[{"embeddable":true,"href":"https:\/\/www.unisantos.br\/pos\/wp-json\/wp\/v2\/media\/274"}],"wp:attachment":[{"href":"https:\/\/www.unisantos.br\/pos\/wp-json\/wp\/v2\/media?parent=2527"}],"curies":[{"name":"wp","href":"https:\/\/api.w.org\/{rel}","templated":true}]}}