{"id":2524,"date":"2019-12-18T18:42:42","date_gmt":"2019-12-18T21:42:42","guid":{"rendered":"https:\/\/www.unisantos.br\/pos\/?page_id=2524"},"modified":"2023-01-03T12:17:30","modified_gmt":"2023-01-03T15:17:30","slug":"iniciacao-a-advocacia-previdenciaria-teoria-e-pratica-a-luz-da-ec-103-2019","status":"publish","type":"page","link":"https:\/\/www.unisantos.br\/pos\/qualificacao\/iniciacao-a-advocacia-previdenciaria-teoria-e-pratica-a-luz-da-ec-103-2019\/","title":{"rendered":"Inicia\u00e7\u00e3o \u00e0 Advocacia Previdenci\u00e1ria \u2013 Teoria e Pr\u00e1tica \u00e0 Luz da EC 103\/2019"},"content":{"rendered":"<p><strong>CARGA HOR\u00c1RIA<\/strong><br \/>\n16 h\/a<\/p>\n<p><strong>LOCAL<\/strong><br \/>\nCampus Dom Id\u00edlio Jos\u00e9 Soares<\/p>\n<p><strong>OBJETIVO<\/strong><br \/>\nEm virtude de sua especialidade e tecnicidade, este curso busca associar o Direito material aos aspectos pr\u00e1ticos, permitindo que cada vez mais profissionais possam atuar corretamente nesta \u00e1rea, dentro dos pressupostos te\u00f3ricos e pr\u00e1ticos atuais, especialmente no que tange \u00e0s altera\u00e7\u00f5es promovidas pela EC 103\/2019.<\/p>\n<p><strong>P\u00daBLICO-ALVO<\/strong><br \/>\nEstudantes de gradua\u00e7\u00e3o, bachar\u00e9is em Direito, advogados.<\/p>\n<p><strong>CONTE\u00daDO<\/strong><br \/>\nAtendimento ao cliente. Documentos essenciais. Portal MEUINSS. Cadastro. Utiliza\u00e7\u00e3o. CNIS. Requerimento administrativo. INSS digital. Aspectos gerais da EC 103\/2019.<br \/>\nAspectos materiais e processuais no RGPS das altera\u00e7\u00f5es constitucionais. Benefici\u00e1rios da previd\u00eancia social. Per\u00edodo de gra\u00e7a.<br \/>\nAposentadorias do RGPS.<br \/>\nBenef\u00edcios por Incapacidade.<br \/>\nPens\u00e3o por Morte. Benef\u00edcio de Presta\u00e7\u00e3o Continuada.<br \/>\nRegras de transi\u00e7\u00e3o do RGPS<\/p>\n<p><strong>OBSERVA\u00c7\u00d5ES<\/strong><br \/>\nA Universidade se reserva o direito de alterar o cronograma e o corpo docente.<br \/>\nDocumenta\u00e7\u00e3o necess\u00e1ria para quem n\u00e3o \u00e9 aluno da Cat\u00f3lica de Santos: c\u00f3pias do RG, CPF, certid\u00e3o de nascimento ou casamento.<br \/>\nA inscri\u00e7\u00e3o presencial s\u00f3 poder\u00e1 ser efetuada pelo interessado no curso, ou por pessoa munida de procura\u00e7\u00e3o autenticada em cart\u00f3rio.<br \/>\nA efetiva\u00e7\u00e3o da matr\u00edcula est\u00e1 condicionada ao pagamento do boleto da 1\u00aa. parcela e entrega da documenta\u00e7\u00e3o exigida.<\/p>\n<p><strong>OUTRAS INFORMA\u00c7\u00d5ES<br \/>\n<\/strong>Departamento de Atendimento Integrado<br \/>\nTelefone: (13) 3205-5555<br \/>\nE-mail: dat@unisantos.br<\/p>\n","protected":false},"excerpt":{"rendered":"<p>CARGA HOR\u00c1RIA 16 h\/a LOCAL Campus Dom Id\u00edlio Jos\u00e9 Soares OBJETIVO Em virtude de sua especialidade e tecnicidade, este curso [&hellip;]<\/p>\n","protected":false},"author":1,"featured_media":280,"parent":399,"menu_order":0,"comment_status":"closed","ping_status":"closed","template":"","meta":{"footnotes":""},"_links":{"self":[{"href":"https:\/\/www.unisantos.br\/pos\/wp-json\/wp\/v2\/pages\/2524"}],"collection":[{"href":"https:\/\/www.unisantos.br\/pos\/wp-json\/wp\/v2\/pages"}],"about":[{"href":"https:\/\/www.unisantos.br\/pos\/wp-json\/wp\/v2\/types\/page"}],"author":[{"embeddable":true,"href":"https:\/\/www.unisantos.br\/pos\/wp-json\/wp\/v2\/users\/1"}],"replies":[{"embeddable":true,"href":"https:\/\/www.unisantos.br\/pos\/wp-json\/wp\/v2\/comments?post=2524"}],"version-history":[{"count":7,"href":"https:\/\/www.unisantos.br\/pos\/wp-json\/wp\/v2\/pages\/2524\/revisions"}],"predecessor-version":[{"id":4684,"href":"https:\/\/www.unisantos.br\/pos\/wp-json\/wp\/v2\/pages\/2524\/revisions\/4684"}],"up":[{"embeddable":true,"href":"https:\/\/www.unisantos.br\/pos\/wp-json\/wp\/v2\/pages\/399"}],"wp:featuredmedia":[{"embeddable":true,"href":"https:\/\/www.unisantos.br\/pos\/wp-json\/wp\/v2\/media\/280"}],"wp:attachment":[{"href":"https:\/\/www.unisantos.br\/pos\/wp-json\/wp\/v2\/media?parent=2524"}],"curies":[{"name":"wp","href":"https:\/\/api.w.org\/{rel}","templated":true}]}}