{"id":2521,"date":"2019-12-18T18:35:04","date_gmt":"2019-12-18T21:35:04","guid":{"rendered":"https:\/\/www.unisantos.br\/pos\/?page_id=2521"},"modified":"2023-01-03T12:16:19","modified_gmt":"2023-01-03T15:16:19","slug":"etica-profissional-da-advocacia","status":"publish","type":"page","link":"https:\/\/www.unisantos.br\/pos\/qualificacao\/etica-profissional-da-advocacia\/","title":{"rendered":"\u00c9tica Profissional da Advocacia"},"content":{"rendered":"<p><strong>CARGA HOR\u00c1RIA<\/strong><br \/>\n21 h\/a<\/p>\n<p><strong>LOCAL<\/strong><br \/>\nCampus Dom Id\u00edlio Jos\u00e9 Soares<\/p>\n<p><strong>OBJETIVOS<\/strong><br \/>\nOferecer forma\u00e7\u00e3o s\u00f3lida e atualizada em \u00c9tica Profissional da Advocacia aos estudantes e profissionais do Direito. Proporcionar aos interessados conhecimentos que lhes permitam compreender e dominar o tema do curso.<\/p>\n<p><strong>P\u00daBLICO-ALVO<\/strong><br \/>\nEstudantes do curso de gradua\u00e7\u00e3o em Direito e bachar\u00e9is em Direito<\/p>\n<p><strong>CONTE\u00daDO<\/strong><br \/>\n<strong>Aula 1<\/strong> \u2013 1.1 Introdu\u00e7\u00e3o \u00e0 \u00e9tica profissional da advocacia. 1.2 A advocacia como fun\u00e7\u00e3o essencial \u00e0 Justi\u00e7a. 1.3 A advocacia e o advogado. 1.4 Atos e atividades privativas da advocacia. 1.5 A inscri\u00e7\u00e3o na OAB.<br \/>\n<strong>Aula 2<\/strong> \u2013 2.1 Incompatibilidades e impedimentos ao exerc\u00edcio da advocacia. 2.2 As formas de atua\u00e7\u00e3o do advogado. 2.3 As sociedades de advogados. 2.4 O advogado empregado<br \/>\n<strong>Aula 3<\/strong> \u2013 3.1 Representa\u00e7\u00e3o e mandato. 3.2 Honor\u00e1rios advocat\u00edcios. 3.3 Advocacia \u201cpro bono\u201d. 3.4 Publicidade profissional (parte 1).<br \/>\n<strong>Aula 4<\/strong> \u2013 4.1 Publicidade profissional (parte 2). 4.2 A rela\u00e7\u00e3o advogado-cliente. 4.3 Os deveres do advogado. 4.4 Os direitos e prerrogativas do advogado.<br \/>\n<strong>Aula 5<\/strong> \u2013 5.1 Infra\u00e7\u00f5es disciplinares. 5.2 San\u00e7\u00f5es disciplinares. 5.3 Processo disciplinar.<br \/>\n<strong>Aula 6<\/strong> \u2013 A Ordem dos Advogados do Brasil: organiza\u00e7\u00e3o, composi\u00e7\u00e3o e funcionamento.<\/p>\n<p><strong>OBSERVA\u00c7\u00d5ES<\/strong><br \/>\nA Universidade se reserva o direito de alterar o cronograma e o corpo docente.<br \/>\nDocumenta\u00e7\u00e3o necess\u00e1ria para quem n\u00e3o \u00e9 aluno da Cat\u00f3lica de Santos: c\u00f3pias do RG, CPF, certid\u00e3o de nascimento ou casamento.<br \/>\nA inscri\u00e7\u00e3o presencial s\u00f3 poder\u00e1 ser efetuada pelo interessado no curso, ou por pessoa munida de procura\u00e7\u00e3o autenticada em cart\u00f3rio.<br \/>\nA efetiva\u00e7\u00e3o da matr\u00edcula est\u00e1 condicionada ao pagamento do boleto da 1\u00aa. parcela e entrega da documenta\u00e7\u00e3o exigida.<\/p>\n<p><strong>OUTRAS INFORMA\u00c7\u00d5ES<br \/>\n<\/strong>Departamento de Atendimento Integrado<br \/>\nTelefone: (13) 3205-5555<br \/>\nE-mail: dat@unisantos.br<\/p>\n","protected":false},"excerpt":{"rendered":"<p>CARGA HOR\u00c1RIA 21 h\/a LOCAL Campus Dom Id\u00edlio Jos\u00e9 Soares OBJETIVOS Oferecer forma\u00e7\u00e3o s\u00f3lida e atualizada em \u00c9tica Profissional da [&hellip;]<\/p>\n","protected":false},"author":1,"featured_media":232,"parent":399,"menu_order":0,"comment_status":"closed","ping_status":"closed","template":"","meta":{"footnotes":""},"_links":{"self":[{"href":"https:\/\/www.unisantos.br\/pos\/wp-json\/wp\/v2\/pages\/2521"}],"collection":[{"href":"https:\/\/www.unisantos.br\/pos\/wp-json\/wp\/v2\/pages"}],"about":[{"href":"https:\/\/www.unisantos.br\/pos\/wp-json\/wp\/v2\/types\/page"}],"author":[{"embeddable":true,"href":"https:\/\/www.unisantos.br\/pos\/wp-json\/wp\/v2\/users\/1"}],"replies":[{"embeddable":true,"href":"https:\/\/www.unisantos.br\/pos\/wp-json\/wp\/v2\/comments?post=2521"}],"version-history":[{"count":5,"href":"https:\/\/www.unisantos.br\/pos\/wp-json\/wp\/v2\/pages\/2521\/revisions"}],"predecessor-version":[{"id":4682,"href":"https:\/\/www.unisantos.br\/pos\/wp-json\/wp\/v2\/pages\/2521\/revisions\/4682"}],"up":[{"embeddable":true,"href":"https:\/\/www.unisantos.br\/pos\/wp-json\/wp\/v2\/pages\/399"}],"wp:featuredmedia":[{"embeddable":true,"href":"https:\/\/www.unisantos.br\/pos\/wp-json\/wp\/v2\/media\/232"}],"wp:attachment":[{"href":"https:\/\/www.unisantos.br\/pos\/wp-json\/wp\/v2\/media?parent=2521"}],"curies":[{"name":"wp","href":"https:\/\/api.w.org\/{rel}","templated":true}]}}