{"id":2510,"date":"2019-12-10T17:53:59","date_gmt":"2019-12-10T20:53:59","guid":{"rendered":"https:\/\/www.unisantos.br\/pos\/?page_id=2510"},"modified":"2024-01-25T18:03:37","modified_gmt":"2024-01-25T21:03:37","slug":"organizacao-curricular","status":"publish","type":"page","link":"https:\/\/www.unisantos.br\/pos\/stricto-sensu\/doutorado\/doutorado-em-direito\/organizacao-curricular\/","title":{"rendered":"Organiza\u00e7\u00e3o Curricular"},"content":{"rendered":"<p>O Curso de Doutorado do Programa de P\u00f3s-Gradua\u00e7\u00e3o <em>Stricto Sensu<\/em> em Direito da Universidade Cat\u00f3lica de Santos oferece diversas atividades de forma\u00e7\u00e3o acad\u00eamica a serem cumpridas pelo estudante, consideradas indispens\u00e1veis para obten\u00e7\u00e3o do t\u00edtulo de doutor, conforme relacionadas a seguir.<\/p>\n<p>O estudante dever\u00e1 obter o n\u00famero m\u00ednimo de 48 (quarenta e oito) unidades de cr\u00e9ditos, assim classificadas:<\/p>\n<p>1. Treze (13) unidades de cr\u00e9dito nas disciplinas obrigat\u00f3rias de:<br \/>\na) Direito Ambiental Internacional: 3 (tr\u00eas) unidades de cr\u00e9dito;<br \/>\nb) Solu\u00e7\u00e3o de Conflitos Ambientais Globais: 3 (tr\u00eas) unidades de cr\u00e9dito;<br \/>\nc) Governan\u00e7a Global: 2 (duas) unidades de cr\u00e9dito;<br \/>\nd) Regimes Internacionais: 2 (duas) unidades de cr\u00e9dito;<br \/>\ne) Semin\u00e1rios e M\u00e9todos de Pesquisa: 3 (tr\u00eas) unidades de cr\u00e9dito.<\/p>\n<p>2. Treze (13) unidades de cr\u00e9dito em disciplinas optativas, oferecidas conforme a grade hor\u00e1ria do Programa de Mestrado e Doutorado em Direito aprovada a cada semestre.<\/p>\n<p>3. Seis (6) unidades de cr\u00e9dito em atividades programadas, assim consideradas:<br \/>\n3.1. a realiza\u00e7\u00e3o de publica\u00e7\u00e3o cient\u00edfica em editoras com conselho editorial, e peri\u00f3dicos com conselho editorial e registro, ou equivalente eletr\u00f4nico, com a seguinte pontua\u00e7\u00e3o:<br \/>\na) 5 (cinco) unidades de cr\u00e9dito por livro;<br \/>\nb) 2 (duas) unidades de cr\u00e9dito por coordena\u00e7\u00e3o ou organiza\u00e7\u00e3o de livro;<br \/>\nc) 2 (duas) unidades de cr\u00e9dito por artigo;<br \/>\nd) 2 (duas) unidades de cr\u00e9dito por cap\u00edtulo de livro.<br \/>\n3.2. A apresenta\u00e7\u00e3o de trabalho em evento cient\u00edfico, com a seguinte pontua\u00e7\u00e3o:<br \/>\na) 1 (uma) unidade de cr\u00e9dito por apresenta\u00e7\u00e3o oral de trabalho em evento;<br \/>\nb) 1 (uma) unidade de cr\u00e9dito por trabalho apresentado em evento, com resumo publicado em anais;<br \/>\nc) 2 (duas) unidades de cr\u00e9dito por trabalho apresentado em evento, com publica\u00e7\u00e3o completa em anais.<br \/>\n3.3. A realiza\u00e7\u00e3o de est\u00e1gio doc\u00eancia na modalidade bolsa sandu\u00edche Capes no exterior, sendo tamb\u00e9m aceito programa semelhante, sem bolsa, desde que haja comprova\u00e7\u00e3o efetiva da pesquisa realizada, aprovada pelo orientador e pelo Colegiado, com a seguinte pontua\u00e7\u00e3o: 2 (duas) unidades de cr\u00e9dito.<\/p>\n<p>4. Quatro (4) unidades de cr\u00e9dito obrigatoriamente mediante a participa\u00e7\u00e3o em grupos de pesquisa, observando-se o seguinte:<br \/>\na) O estudante dever\u00e1 matricular-se num dos grupos, a partir do 2\u00ba. semestre letivo por ele cursado;<br \/>\nb) O estudante do curso de doutorado dever\u00e1 participar do grupo por dois semestres letivos;<br \/>\nc) Cada grupo ter\u00e1 reuni\u00f5es com periodicidade mensal, no m\u00ednimo, sendo exigida frequ\u00eancia m\u00ednima de setenta e cinco por cento;<br \/>\nd) A concess\u00e3o de cr\u00e9ditos referente a participa\u00e7\u00e3o ser\u00e1 definida pelo docente l\u00edder do grupo, sendo preferencialmente publica\u00e7\u00e3o cient\u00edfica ou apresenta\u00e7\u00e3o de trabalho em evento cient\u00edfico, de autoria conjunta de estudante(s) e docente (m\u00e1ximo de tr\u00eas autores).<\/p>\n<p>5. Seis (6) unidades de cr\u00e9dito referentes \u00e0s atividades de orienta\u00e7\u00e3o.<\/p>\n<p>6. Seis (6) unidades de cr\u00e9dito referentes \u00e0 defesa da tese de doutorado.<\/p>\n<p>7.\u00a0Os estudantes contemplados com a bolsa ou aux\u00edlio para pagamento de taxas Capes\/Prosuc dever\u00e3o registrar semestralmente os seus relat\u00f3rios de avalia\u00e7\u00e3o de desempenho acad\u00eamico, com o visto do respectivo docente orientador, que devem ser apreciados pela Comiss\u00e3o de Bolsas Capes\/Prosuc do Programa de P\u00f3s-Gradua\u00e7\u00e3o <em>Stricto Sensu<\/em> em Direito. A aprova\u00e7\u00e3o do relat\u00f3rio de avalia\u00e7\u00e3o de desempenho acad\u00eamico n\u00e3o produz cr\u00e9ditos, mas \u00e9 um requisito obrigat\u00f3rio para a obten\u00e7\u00e3o do diploma.<\/p>\n<p>8. O estudante poder\u00e1 cursar disciplinas em outros programas de p\u00f3s-gradua\u00e7\u00e3o, desde que n\u00e3o ultrapasse um ter\u00e7o do total de cr\u00e9ditos.<\/p>\n<p>9. O estudante deve ser aprovado, no m\u00ednimo, em dois exames de profici\u00eancia em l\u00edngua estrangeira oferecidos pelo programa de Mestrado e Doutorado de Direito. A aprova\u00e7\u00e3o nos exames de profici\u00eancia n\u00e3o produz cr\u00e9ditos, mas \u00e9 um requisito obrigat\u00f3rio para a obten\u00e7\u00e3o do diploma.<\/p>\n","protected":false},"excerpt":{"rendered":"<p>O Curso de Doutorado do Programa de P\u00f3s-Gradua\u00e7\u00e3o Stricto Sensu em Direito da Universidade Cat\u00f3lica de Santos oferece diversas atividades [&hellip;]<\/p>\n","protected":false},"author":1,"featured_media":0,"parent":23,"menu_order":0,"comment_status":"closed","ping_status":"closed","template":"","meta":{"footnotes":""},"_links":{"self":[{"href":"https:\/\/www.unisantos.br\/pos\/wp-json\/wp\/v2\/pages\/2510"}],"collection":[{"href":"https:\/\/www.unisantos.br\/pos\/wp-json\/wp\/v2\/pages"}],"about":[{"href":"https:\/\/www.unisantos.br\/pos\/wp-json\/wp\/v2\/types\/page"}],"author":[{"embeddable":true,"href":"https:\/\/www.unisantos.br\/pos\/wp-json\/wp\/v2\/users\/1"}],"replies":[{"embeddable":true,"href":"https:\/\/www.unisantos.br\/pos\/wp-json\/wp\/v2\/comments?post=2510"}],"version-history":[{"count":8,"href":"https:\/\/www.unisantos.br\/pos\/wp-json\/wp\/v2\/pages\/2510\/revisions"}],"predecessor-version":[{"id":5837,"href":"https:\/\/www.unisantos.br\/pos\/wp-json\/wp\/v2\/pages\/2510\/revisions\/5837"}],"up":[{"embeddable":true,"href":"https:\/\/www.unisantos.br\/pos\/wp-json\/wp\/v2\/pages\/23"}],"wp:attachment":[{"href":"https:\/\/www.unisantos.br\/pos\/wp-json\/wp\/v2\/media?parent=2510"}],"curies":[{"name":"wp","href":"https:\/\/api.w.org\/{rel}","templated":true}]}}