{"id":2506,"date":"2019-12-10T17:41:26","date_gmt":"2019-12-10T20:41:26","guid":{"rendered":"https:\/\/www.unisantos.br\/pos\/?page_id=2506"},"modified":"2023-11-14T13:51:13","modified_gmt":"2023-11-14T16:51:13","slug":"organizacao-curricular","status":"publish","type":"page","link":"https:\/\/www.unisantos.br\/pos\/stricto-sensu\/mestrado\/mestrado-em-direito\/organizacao-curricular\/","title":{"rendered":"Organiza\u00e7\u00e3o Curricular"},"content":{"rendered":"<p>O curso de Mestrado do Programa de P\u00f3s-Gradua\u00e7\u00e3o Stricto Sensu em Direito da Universidade Cat\u00f3lica de Santos oferece diversas atividades de forma\u00e7\u00e3o acad\u00eamica a serem cumpridas pelo estudante, consideradas indispens\u00e1veis para obten\u00e7\u00e3o do t\u00edtulo de mestre, conforme relacionados a seguir.<br \/>\nO estudante dever\u00e1 obter o n\u00famero m\u00ednimo de 40 (quarenta) unidades de cr\u00e9ditos assim classificadas:<\/p>\n<p>1. Treze (13) cr\u00e9ditos nas disciplinas obrigat\u00f3rias de:<br \/>\na) Direitos Humanos: 3 (tr\u00eas) unidades de cr\u00e9ditos, oferecida para os alunos de ambas as \u00e1reas \u2013 Direito Internacional e Direito Ambiental;<br \/>\nb1) Fundamentos do Direito Internacional: 4 (quatro) unidades de cr\u00e9ditos, para os alunos vinculados \u00e0 \u00e1rea de concentra\u00e7\u00e3o de Direito Internacional; ou<br \/>\nb2) Fundamentos do Direito Ambiental: 4 (quatro) unidades de cr\u00e9ditos, para os alunos vinculados \u00e0 \u00e1rea de concentra\u00e7\u00e3o de Direito Ambiental;<br \/>\nc) Metodologia da Pesquisa e Semin\u00e1rios de Pesquisa: 3 (tr\u00eas) unidades de cr\u00e9ditos, para os alunos de ambas as \u00e1reas \u2013 Direito Internacional e Direito Ambiental;<br \/>\nd1) Estudos Avan\u00e7ados de Direito Internacional: 3 (tr\u00eas) unidades de cr\u00e9ditos, para os alunos vinculados \u00e0 \u00e1rea de concentra\u00e7\u00e3o de Direito Internacional; ou<br \/>\nd2) Regula\u00e7\u00e3o Ambiental; Conceito e Inova\u00e7\u00e3o: 3 (tr\u00eas) unidades de cr\u00e9ditos, para os alunos vinculados \u00e0 \u00e1rea de concentra\u00e7\u00e3o de Direito Ambiental.<\/p>\n<p>2. Doze (12) unidades de cr\u00e9dito em disciplinas optativas, oferecidas conforme a grade hor\u00e1ria do Programa de P\u00f3s-Gradua\u00e7\u00e3o Stricto Sensu dos cursos de Mestrado e Doutorado em Direito aprovada a cada semestre.<\/p>\n<p>3. Duas (2) unidades de cr\u00e9dito em atividades programadas, assim consideradas:<br \/>\n3.1. A realiza\u00e7\u00e3o de publica\u00e7\u00e3o cient\u00edfica em editoras com conselho editorial, e peri\u00f3dicos, com conselho editorial e registro, ou equivalente eletr\u00f4nico, com a seguinte pontua\u00e7\u00e3o:<br \/>\na) 5 (cinco) unidades de cr\u00e9dito por livro;<br \/>\nb) 2 (duas) unidades de cr\u00e9dito por coordena\u00e7\u00e3o ou organiza\u00e7\u00e3o de livro;<br \/>\nc) 2 (duas) unidades de cr\u00e9dito por artigo.<br \/>\n3.2. A apresenta\u00e7\u00e3o de trabalho em evento cient\u00edfico, com a seguinte pontua\u00e7\u00e3o:<br \/>\na) 1 (uma) unidade de cr\u00e9dito por apresenta\u00e7\u00e3o oral de trabalho em evento;<br \/>\nb) 1 (uma) unidade de cr\u00e9dito por trabalho apresentado em evento, com resumo publicado em anais;<br \/>\nc) 2 (duas) unidades de cr\u00e9dito por trabalho apresentado em evento, com publica\u00e7\u00e3o completa em anais.<br \/>\nd) 2 (duas) unidades de cr\u00e9dito por cap\u00edtulo de livro<\/p>\n<p>4. Duas (2) unidades de cr\u00e9ditos mediante a participa\u00e7\u00e3o obrigat\u00f3ria em grupos de pesquisa, observando-se o seguinte:<br \/>\na) O estudante dever\u00e1 matricular-se num dos grupos, a partir do 2\u00ba semestre letivo por ele cursado;<br \/>\nb) O estudante do curso de mestrado dever\u00e1 participar do grupo, no m\u00ednimo por dois semestres letivos;<br \/>\nc) Cada grupo ter\u00e1 reuni\u00f5es com periodicidade, no m\u00ednimo, mensal, sendo exigida frequ\u00eancia m\u00ednima de setenta e cinco por cento;<br \/>\nd) A concess\u00e3o de cr\u00e9ditos referente a participa\u00e7\u00e3o ser\u00e1 definida pelo docente l\u00edder do grupo, sendo preferencialmente publica\u00e7\u00e3o cient\u00edfica ou apresenta\u00e7\u00e3o de trabalho em evento cient\u00edfico, de autoria conjunta de estudante(s) e professor (m\u00e1ximo de tr\u00eas autores).<\/p>\n<p>5. Seis (6) unidades de cr\u00e9dito referentes \u00e0s atividades de orienta\u00e7\u00e3o.<\/p>\n<p>6. Cinco (5) unidades de cr\u00e9dito referentes \u00e0 defesa da disserta\u00e7\u00e3o de mestrado.<\/p>\n<p>7. Os estudantes contemplados com a bolsa ou aux\u00edlio para pagamento de taxas Capes\/Prosuc dever\u00e3o registrar semestralmente os seus relat\u00f3rios de avalia\u00e7\u00e3o de desempenho acad\u00eamico, com o visto do respectivo docente orientador, que devem ser apreciados pela Comiss\u00e3o de Bolsas Capes\/Prosuc do Programa de P\u00f3s-Gradua\u00e7\u00e3o Stricto Sensu em Direito. A aprova\u00e7\u00e3o do relat\u00f3rio de avalia\u00e7\u00e3o de desempenho acad\u00eamico n\u00e3o produz cr\u00e9ditos, mas \u00e9 um requisito obrigat\u00f3rio para a obten\u00e7\u00e3o do diploma.<\/p>\n<p>8. O estudante poder\u00e1 cursar disciplinas em outros programas de p\u00f3s-gradua\u00e7\u00e3o, desde que n\u00e3o ultrapasse um ter\u00e7o do total de cr\u00e9ditos.<\/p>\n<p>9. O estudante deve ser aprovado no exame de profici\u00eancia em l\u00edngua estrangeira oferecido pelo programa de Mestrado e Doutorado. A aprova\u00e7\u00e3o em exame de profici\u00eancia n\u00e3o produz cr\u00e9ditos, mas \u00e9 um requisito obrigat\u00f3rio para a obten\u00e7\u00e3o do diploma.<\/p>\n","protected":false},"excerpt":{"rendered":"<p>O curso de Mestrado do Programa de P\u00f3s-Gradua\u00e7\u00e3o Stricto Sensu em Direito da Universidade Cat\u00f3lica de Santos oferece diversas atividades [&hellip;]<\/p>\n","protected":false},"author":1,"featured_media":0,"parent":112,"menu_order":0,"comment_status":"closed","ping_status":"closed","template":"","meta":{"footnotes":""},"_links":{"self":[{"href":"https:\/\/www.unisantos.br\/pos\/wp-json\/wp\/v2\/pages\/2506"}],"collection":[{"href":"https:\/\/www.unisantos.br\/pos\/wp-json\/wp\/v2\/pages"}],"about":[{"href":"https:\/\/www.unisantos.br\/pos\/wp-json\/wp\/v2\/types\/page"}],"author":[{"embeddable":true,"href":"https:\/\/www.unisantos.br\/pos\/wp-json\/wp\/v2\/users\/1"}],"replies":[{"embeddable":true,"href":"https:\/\/www.unisantos.br\/pos\/wp-json\/wp\/v2\/comments?post=2506"}],"version-history":[{"count":3,"href":"https:\/\/www.unisantos.br\/pos\/wp-json\/wp\/v2\/pages\/2506\/revisions"}],"predecessor-version":[{"id":5657,"href":"https:\/\/www.unisantos.br\/pos\/wp-json\/wp\/v2\/pages\/2506\/revisions\/5657"}],"up":[{"embeddable":true,"href":"https:\/\/www.unisantos.br\/pos\/wp-json\/wp\/v2\/pages\/112"}],"wp:attachment":[{"href":"https:\/\/www.unisantos.br\/pos\/wp-json\/wp\/v2\/media?parent=2506"}],"curies":[{"name":"wp","href":"https:\/\/api.w.org\/{rel}","templated":true}]}}