{"id":243,"date":"2018-10-11T09:25:00","date_gmt":"2018-10-11T12:25:00","guid":{"rendered":"https:\/\/www.unisantos.br\/pos\/?page_id=243"},"modified":"2025-03-07T16:57:27","modified_gmt":"2025-03-07T19:57:27","slug":"mba-em-controladoria-e-compliance","status":"publish","type":"page","link":"https:\/\/www.unisantos.br\/pos\/lato-sensu\/mba-em-controladoria-e-compliance\/","title":{"rendered":"MBA em Controladoria e Compliance"},"content":{"rendered":"<p><strong>PROFESSOR RESPONS\u00c1VEL<br \/>\n<\/strong>Prof. Me. Jos\u00e9 Roberto Raposo Medeiros Filho<\/p>\n<p><strong>CARGA HOR\u00c1RIA<br \/>\n<span style=\"font-weight: 400;\">360 horas<\/span><\/strong><\/p>\n<p><strong>IN\u00cdCIO<\/strong><br \/>\nMar\u00e7o\/2025<\/p>\n<p><strong>DIAS\/HOR\u00c1RIOS<\/strong><br \/>\nSegundas e quartas-feiras, das 18h45 \u00e0s 22h45<\/p>\n<p><strong>MODALIDADE<\/strong><br \/>\nEAD com 240 horas de encontros s\u00edncronos, 120 horas de aulas ass\u00edncronas e suporte a recursos em plataforma digital<\/p>\n<p><strong>P\u00daBLICO-ALVO<\/strong><br \/>\nAdministradores de empresas, contadores, economistas, gerentes, gestores e todos aqueles que est\u00e3o envolvidos no processo das atividades de Controladoria Operacional, Estrat\u00e9gica e Or\u00e7ament\u00e1ria de uma empresa.<\/p>\n<p><strong>OBJETIVO<\/strong><br \/>\nFormar profissionais para atuar na gest\u00e3o econ\u00f4mica das empresas, com ou sem v\u00ednculo empregat\u00edcio, por meio de conhecimentos espec\u00edficos, te\u00f3ricos e pr\u00e1ticos, da \u00e1rea cont\u00e1bil e de controle interno, al\u00e9m dos or\u00e7ament\u00e1rios, para tomada de decis\u00f5es e avalia\u00e7\u00f5es do planejamento estrat\u00e9gico de uma entidade.<\/p>\n<p><strong>INVESTIMENTO<\/strong><br \/>\n16 parcelas de R$ 350<\/p>\n<p><strong>CONTE\u00daDO<\/strong><br \/>\n\u2022 Contabilidade Societ\u00e1ria<br \/>\n\u2022 Controladoria<br \/>\n\u2022 Contabilidade Avan\u00e7ada (EAD)<br \/>\n\u2022 An\u00e1lise de Balan\u00e7o e Cr\u00e9dito<br \/>\n\u2022 Economia, Taxa de Juros e C\u00e2mbio<br \/>\n\u2022 Finan\u00e7as (EAD)<br \/>\n\u2022 Auditoria, Controles Internos e Programa de Compliance<br \/>\n\u2022 Planejamento Tribut\u00e1rio<br \/>\n\u2022 Direito Empresarial (EAD)<br \/>\n\u2022 Normas e Padr\u00f5es Cont\u00e1beis (IFRS e NBCs)<br \/>\n\u2022 Gest\u00e3o e Estrat\u00e9gia de Custos<br \/>\n\u2022 Avalia\u00e7\u00e3o de Empresas \u2013 Valuation (EAD)<\/p>\n<p><strong>DIFERENCIAIS<\/strong><br \/>\n\u2022 Professores titulados (doutores, mestres e especialistas) atuando h\u00e1 mais de 20 anos no mercado empresarial, profissionais de mercado em cargos de lideran\u00e7a, nos segmentos: Portos, Log\u00edstica, Varejo, Mercado Financeiro; Industria e Sa\u00fade, com alto saber e vasta experi\u00eancia em gest\u00e3o.<br \/>\n\u2022 Professores com certifica\u00e7\u00f5es e registros: CNPC (Perito Contador), CPA 10 e 20 (Anbima), Ancord, Fbb100 Correspondente Completo (Febraban).<br \/>\n\u2022 Curso com carga pr\u00e1tica e estudos de casos, sobretudo os mais divulgados na imprensa, com o foco e vis\u00e3o dos professores em suas respectivas \u00e1reas, proporcionando, em conjunto com os alunos, uma experi\u00eancia de vis\u00e3o avan\u00e7ada e integrada nas \u00e1reas do saber, principalmente, na avalia\u00e7\u00e3o de riscos, de decis\u00f5es, de erros e acertos.<br \/>\n\u2022 Cinquenta por cento do curso compartilhado com a turma de MBA Banking e Mercado Financeiro, aumentando a rede de relacionamento e a troca de experi\u00eancias pelas respectivas viv\u00eancias profissionais e acad\u00eamicas.<br \/>\n\u2022 Possibilidade de cursar m\u00f3dulos em outros MBA da Universidade (consulte \u00e0s regras).<\/p>\n<p><strong>OBSERVA\u00c7\u00d5ES<\/strong><br \/>\nA Universidade se reserva o direito de alterar o cronograma e o corpo docente.<br \/>\nDocumenta\u00e7\u00e3o necess\u00e1ria: c\u00f3pias do RG, CPF, certid\u00e3o de nascimento ou casamento e Diploma da Gradua\u00e7\u00e3o ou Certificado de Cola\u00e7\u00e3o de Grau.<br \/>\nA inscri\u00e7\u00e3o presencial s\u00f3 poder\u00e1 ser efetuada pelo interessado no curso, ou por pessoa munida de procura\u00e7\u00e3o autenticada em cart\u00f3rio.<br \/>\nA efetiva\u00e7\u00e3o da matr\u00edcula est\u00e1 condicionada ao pagamento do boleto da 1\u00aa. parcela e entrega da documenta\u00e7\u00e3o exigida.<\/p>\n<p><strong>OUTRAS INFORMA\u00c7\u00d5ES<\/strong><br \/>\nE-mail: atendimentovirtual@unisantos.br<\/p>\n","protected":false},"excerpt":{"rendered":"<p>PROFESSOR RESPONS\u00c1VEL Prof. Me. Jos\u00e9 Roberto Raposo Medeiros Filho CARGA HOR\u00c1RIA 360 horas IN\u00cdCIO Mar\u00e7o\/2025 DIAS\/HOR\u00c1RIOS Segundas e quartas-feiras, das [&hellip;]<\/p>\n","protected":false},"author":1,"featured_media":244,"parent":210,"menu_order":0,"comment_status":"closed","ping_status":"closed","template":"","meta":{"footnotes":""},"_links":{"self":[{"href":"https:\/\/www.unisantos.br\/pos\/wp-json\/wp\/v2\/pages\/243"}],"collection":[{"href":"https:\/\/www.unisantos.br\/pos\/wp-json\/wp\/v2\/pages"}],"about":[{"href":"https:\/\/www.unisantos.br\/pos\/wp-json\/wp\/v2\/types\/page"}],"author":[{"embeddable":true,"href":"https:\/\/www.unisantos.br\/pos\/wp-json\/wp\/v2\/users\/1"}],"replies":[{"embeddable":true,"href":"https:\/\/www.unisantos.br\/pos\/wp-json\/wp\/v2\/comments?post=243"}],"version-history":[{"count":47,"href":"https:\/\/www.unisantos.br\/pos\/wp-json\/wp\/v2\/pages\/243\/revisions"}],"predecessor-version":[{"id":6757,"href":"https:\/\/www.unisantos.br\/pos\/wp-json\/wp\/v2\/pages\/243\/revisions\/6757"}],"up":[{"embeddable":true,"href":"https:\/\/www.unisantos.br\/pos\/wp-json\/wp\/v2\/pages\/210"}],"wp:featuredmedia":[{"embeddable":true,"href":"https:\/\/www.unisantos.br\/pos\/wp-json\/wp\/v2\/media\/244"}],"wp:attachment":[{"href":"https:\/\/www.unisantos.br\/pos\/wp-json\/wp\/v2\/media?parent=243"}],"curies":[{"name":"wp","href":"https:\/\/api.w.org\/{rel}","templated":true}]}}