{"id":2425,"date":"2019-11-05T12:00:55","date_gmt":"2019-11-05T15:00:55","guid":{"rendered":"https:\/\/www.unisantos.br\/pos\/?page_id=2425"},"modified":"2023-01-03T11:57:59","modified_gmt":"2023-01-03T14:57:59","slug":"workshop-com-araquem-alcantara-introducao-a-fotografia","status":"publish","type":"page","link":"https:\/\/www.unisantos.br\/pos\/qualificacao\/workshop-com-araquem-alcantara-introducao-a-fotografia\/","title":{"rendered":"Workshop com Araqu\u00e9m Alc\u00e2ntara: Introdu\u00e7\u00e3o \u00e0 Fotografia"},"content":{"rendered":"<p><strong>PROFESSOR RESPONS\u00c1VEL<\/strong><br \/>\nProf. Araqu\u00e9m Alc\u00e2ntara<\/p>\n<p><strong>CARGA HOR\u00c1RIA<\/strong><br \/>\n18 h\/a<\/p>\n<p><strong>LOCAL<\/strong><br \/>\nCampus Dom Id\u00edlio Jos\u00e9 Soares<\/p>\n<p><strong>OBJETIVO<\/strong><br \/>\nO curso tem objetivo de apresentar aos alunos os seguintes t\u00f3picos:<br \/>\n&#8211; Linguagem da fotografia;<br \/>\n&#8211; Fotografia autoral;<br \/>\n&#8211; Fotografia de arte;<br \/>\n&#8211; Mercado de trabalho;<br \/>\n&#8211; Panorama breve da fotografia brasileira contempor\u00e2nea.<\/p>\n<p><strong>P\u00daBLICO-ALVO<\/strong><br \/>\nEstudantes e profissionais de comunica\u00e7\u00e3o, arquitetura, profissionais e aficionados em fotografia.<\/p>\n<p><strong>Equipamento do aluno: c\u00e2mera digital simples.<\/strong><\/p>\n<p><strong>CONTE\u00daDO<\/strong><br \/>\nApresenta\u00e7\u00e3o\/aula inaugural.<br \/>\nProje\u00e7\u00e3o de imagens de Araqu\u00e9m e coment\u00e1rios de como foram realizadas.<br \/>\nO que \u00e9 fotografia autoral.<br \/>\nO que \u00e9 fotografia de arte.<br \/>\nDicas para melhor tomada de fotos.<br \/>\nPrinc\u00edpios t\u00e9cnicos da linguagem.<br \/>\nDicas para melhor tomada de fotos.<br \/>\nAula de campo no Centro Velho (at\u00e9 19h).<br \/>\nManuseio do equipamento.<br \/>\nDicas t\u00e9cnicas durante a tomada de fotos, em intervalos curtos.<br \/>\nMercado de trabalho.<br \/>\nPanorama breve da fotografia brasileira contempor\u00e2nea.<br \/>\nMercado de trabalho.<br \/>\nPrinc\u00edpios da linguagem.<br \/>\nManuseio do equipamento.<br \/>\nEquipamento para iniciantes e profissionais.<br \/>\nEdi\u00e7\u00e3o das fotos produzidas.<br \/>\nAn\u00e1lise das imagens.<br \/>\nEscolha das melhores fotos.<br \/>\nComent\u00e1rios finais.<\/p>\n<p><strong>OBSERVA\u00c7\u00d5ES<\/strong><br \/>\nA Universidade se reserva o direito de alterar o cronograma e o corpo docente.<br \/>\nDocumenta\u00e7\u00e3o necess\u00e1ria para quem n\u00e3o \u00e9 aluno da Cat\u00f3lica de Santos: c\u00f3pias do RG, CPF, certid\u00e3o de nascimento ou casamento.<br \/>\nA inscri\u00e7\u00e3o presencial s\u00f3 poder\u00e1 ser efetuada pelo interessado no curso, ou por pessoa munida de procura\u00e7\u00e3o autenticada em cart\u00f3rio.<br \/>\nA efetiva\u00e7\u00e3o da matr\u00edcula est\u00e1 condicionada ao pagamento do boleto da 1\u00aa. parcela e entrega da documenta\u00e7\u00e3o exigida.<\/p>\n<p><strong>OUTRAS INFORMA\u00c7\u00d5ES<\/strong><br \/>\nDepartamento de Atendimento Integrado<br \/>\nTelefone: (13) 3205-5555<br \/>\nE-mail: dat@unisantos.br<\/p>\n","protected":false},"excerpt":{"rendered":"<p>PROFESSOR RESPONS\u00c1VEL Prof. Araqu\u00e9m Alc\u00e2ntara CARGA HOR\u00c1RIA 18 h\/a LOCAL Campus Dom Id\u00edlio Jos\u00e9 Soares OBJETIVO O curso tem objetivo [&hellip;]<\/p>\n","protected":false},"author":1,"featured_media":0,"parent":399,"menu_order":0,"comment_status":"closed","ping_status":"closed","template":"","meta":{"footnotes":""},"_links":{"self":[{"href":"https:\/\/www.unisantos.br\/pos\/wp-json\/wp\/v2\/pages\/2425"}],"collection":[{"href":"https:\/\/www.unisantos.br\/pos\/wp-json\/wp\/v2\/pages"}],"about":[{"href":"https:\/\/www.unisantos.br\/pos\/wp-json\/wp\/v2\/types\/page"}],"author":[{"embeddable":true,"href":"https:\/\/www.unisantos.br\/pos\/wp-json\/wp\/v2\/users\/1"}],"replies":[{"embeddable":true,"href":"https:\/\/www.unisantos.br\/pos\/wp-json\/wp\/v2\/comments?post=2425"}],"version-history":[{"count":6,"href":"https:\/\/www.unisantos.br\/pos\/wp-json\/wp\/v2\/pages\/2425\/revisions"}],"predecessor-version":[{"id":4670,"href":"https:\/\/www.unisantos.br\/pos\/wp-json\/wp\/v2\/pages\/2425\/revisions\/4670"}],"up":[{"embeddable":true,"href":"https:\/\/www.unisantos.br\/pos\/wp-json\/wp\/v2\/pages\/399"}],"wp:attachment":[{"href":"https:\/\/www.unisantos.br\/pos\/wp-json\/wp\/v2\/media?parent=2425"}],"curies":[{"name":"wp","href":"https:\/\/api.w.org\/{rel}","templated":true}]}}