{"id":2414,"date":"2019-10-22T15:44:16","date_gmt":"2019-10-22T18:44:16","guid":{"rendered":"https:\/\/www.unisantos.br\/pos\/?page_id=2414"},"modified":"2023-08-14T14:16:08","modified_gmt":"2023-08-14T17:16:08","slug":"sala-de-aula-colaborativa-atraves-das-ferramentas-google-g-suite-para-educacao","status":"publish","type":"page","link":"https:\/\/www.unisantos.br\/pos\/qualificacao\/sala-de-aula-colaborativa-atraves-das-ferramentas-google-g-suite-para-educacao\/","title":{"rendered":"Sala de Aula Colaborativa Atrav\u00e9s das Ferramentas Google G Suite para Educa\u00e7\u00e3o"},"content":{"rendered":"<p><strong>PROFESSOR RESPONS\u00c1VEL<br \/>\n<\/strong>Prof. Me. Thiago Ferauche<\/p>\n<p><strong>CARGA HOR\u00c1RIA<br \/>\n<\/strong>16 h\/a<strong>\u00a0<\/strong><\/p>\n<p><strong>LOCAL<br \/>\n<\/strong>Campus Dom Id\u00edlio Jos\u00e9 Soares<\/p>\n<p><strong>OBJETIVO<br \/>\n<\/strong>Apresentar as ferramentas que comp\u00f5e o G Suite e de que forma podem ser utilizadas para melhorar a din\u00e2mica intra-classe ou extra-classe, como apoio na elabora\u00e7\u00e3o de novas estrat\u00e9gias de ensino aprendizagem de forma colaborativa.<\/p>\n<p><strong>P\u00daBLICO-ALVO<br \/>\n<\/strong>Docentes do ensino m\u00e9dio, t\u00e9cnico ou superior de qualquer \u00e1rea do conhecimento e estudantes dos cursos de gradua\u00e7\u00e3o da \u00e1rea de Educa\u00e7\u00e3o.<\/p>\n<p><strong>Pr\u00e9-requisitos m\u00ednimos s\u00e3o no\u00e7\u00f5es b\u00e1sicas de microinform\u00e1tica e utiliza\u00e7\u00e3o da Internet.<\/strong><\/p>\n<p><strong>CONTE\u00daDO<br \/>\n<\/strong>\u2022 Computa\u00e7\u00e3o em nuvem e Ferramentas colaborativas para aprendizagem<br \/>\n\u2022 Introdu\u00e7\u00e3o a metodologias ativas<br \/>\n\u2022 Introdu\u00e7\u00e3o a computa\u00e7\u00e3o em nuvem<br \/>\n\u2022 Introdu\u00e7\u00e3o \u00e0s ferramentas G Suite<br \/>\n\u2022 Cria\u00e7\u00e3o de conta do G Suite<br \/>\n\u2022 Utilizando o Google Drive<br \/>\n\u2022 Gerenciando arquivos e pastas<br \/>\n\u2022 Compartilhando e dando permiss\u00f5es de acesso<br \/>\n\u2022 Compartilhando pastas para que os alunos possam enviar seus trabalhos.<br \/>\n\u2022 Discuss\u00e3o de vantagens e desvantagens em utilizar o Google Drive<br \/>\n\u2022 Utilizando o Google Docs<br \/>\n\u2022 Criando e compartilhando documentos<br \/>\n\u2022 Editando documentos de maneira s\u00edncrono e ass\u00edncrona<br \/>\n\u2022 Estrat\u00e9gias de intera\u00e7\u00e3o entre aluno e professor na edi\u00e7\u00e3o de um documento (chat e anota\u00e7\u00f5es de coment\u00e1rios)<br \/>\n\u2022 Discuss\u00e3o sobre vantagens e desvantagens em utilizar o Google Docs<br \/>\n\u2022 Utilizando o Google Sheets<br \/>\n\u2022 Criando e compartilhando planilhas<br \/>\n\u2022 Editando planilhas de maneira s\u00edncrona e ass\u00edncrona<br \/>\n\u2022 Estrat\u00e9gias de intera\u00e7\u00e3o entre aluno e professor na edi\u00e7\u00e3o de uma planilha (protegendo c\u00e9lulas e inserindo coment\u00e1rios.<br \/>\n\u2022 Discuss\u00f5es sobre a utiliza\u00e7\u00e3o do Google Sheets em aula<br \/>\n\u2022 Utilizando o Google Forms<br \/>\n\u2022 Criando formul\u00e1rios e compartilhando formul\u00e1rios<br \/>\n\u2022 Extraindo as respostas, analisando resultados<br \/>\n\u2022 Utiliza\u00e7\u00e3o do Google Forms como atividades avaliativas e feed back<br \/>\n\u2022 Google Class Room<br \/>\n\u2022 Criando uma sala virtual<br \/>\n\u2022 Disponibilizando conte\u00fado<br \/>\n\u2022 Criando atividades<\/p>\n<p><strong>OBSERVA\u00c7\u00d5ES<br \/>\n<\/strong>A Universidade se reserva o direito de alterar o cronograma e o corpo docente.<br \/>\nDocumenta\u00e7\u00e3o necess\u00e1ria para quem n\u00e3o \u00e9 aluno da Cat\u00f3lica de Santos: c\u00f3pias do RG, CPF, certid\u00e3o de nascimento ou casamento.<br \/>\nA inscri\u00e7\u00e3o presencial s\u00f3 poder\u00e1 ser efetuada pelo interessado no curso, ou por pessoa munida de procura\u00e7\u00e3o autenticada em cart\u00f3rio.<br \/>\nA efetiva\u00e7\u00e3o da matr\u00edcula est\u00e1 condicionada ao pagamento do boleto da 1\u00aa. parcela e entrega da documenta\u00e7\u00e3o exigida.<\/p>\n<p><strong>OUTRAS INFORMA\u00c7\u00d5ES<br \/>\n<\/strong>Departamento de Atendimento Integrado<strong><br \/>\n<\/strong>Telefone: (13) 3205-5555<br \/>\nE-mail: dat@unisantos.br<\/p>\n","protected":false},"excerpt":{"rendered":"<p>PROFESSOR RESPONS\u00c1VEL Prof. Me. Thiago Ferauche CARGA HOR\u00c1RIA 16 h\/a\u00a0 LOCAL Campus Dom Id\u00edlio Jos\u00e9 Soares OBJETIVO Apresentar as ferramentas [&hellip;]<\/p>\n","protected":false},"author":1,"featured_media":0,"parent":399,"menu_order":0,"comment_status":"closed","ping_status":"closed","template":"","meta":{"footnotes":""},"_links":{"self":[{"href":"https:\/\/www.unisantos.br\/pos\/wp-json\/wp\/v2\/pages\/2414"}],"collection":[{"href":"https:\/\/www.unisantos.br\/pos\/wp-json\/wp\/v2\/pages"}],"about":[{"href":"https:\/\/www.unisantos.br\/pos\/wp-json\/wp\/v2\/types\/page"}],"author":[{"embeddable":true,"href":"https:\/\/www.unisantos.br\/pos\/wp-json\/wp\/v2\/users\/1"}],"replies":[{"embeddable":true,"href":"https:\/\/www.unisantos.br\/pos\/wp-json\/wp\/v2\/comments?post=2414"}],"version-history":[{"count":3,"href":"https:\/\/www.unisantos.br\/pos\/wp-json\/wp\/v2\/pages\/2414\/revisions"}],"predecessor-version":[{"id":5546,"href":"https:\/\/www.unisantos.br\/pos\/wp-json\/wp\/v2\/pages\/2414\/revisions\/5546"}],"up":[{"embeddable":true,"href":"https:\/\/www.unisantos.br\/pos\/wp-json\/wp\/v2\/pages\/399"}],"wp:attachment":[{"href":"https:\/\/www.unisantos.br\/pos\/wp-json\/wp\/v2\/media?parent=2414"}],"curies":[{"name":"wp","href":"https:\/\/api.w.org\/{rel}","templated":true}]}}