{"id":240,"date":"2018-10-11T09:22:08","date_gmt":"2018-10-11T12:22:08","guid":{"rendered":"https:\/\/www.unisantos.br\/pos\/?page_id=240"},"modified":"2025-03-07T16:57:03","modified_gmt":"2025-03-07T19:57:03","slug":"mba-em-comercio-exterior-e-negocios-internacionais","status":"publish","type":"page","link":"https:\/\/www.unisantos.br\/pos\/lato-sensu\/mba-em-comercio-exterior-e-negocios-internacionais\/","title":{"rendered":"MBA em Com\u00e9rcio Exterior e Neg\u00f3cios Internacionais"},"content":{"rendered":"<p><b>PROFESSOR RESPONS\u00c1VEL<br \/>\n<\/b>Prof. Dr.\u00a0 Rodrigo Luiz Zanethi<\/p>\n<p><strong>CARGA HOR\u00c1RIA<br \/>\n<\/strong>360 horas<\/p>\n<p><strong>IN\u00cdCIO<\/strong><br \/>\nMar\u00e7o\/2025<\/p>\n<p><strong>MODALIDADE<\/strong><br \/>\nEAD com 168 horas de encontros s\u00edncronos, 192 horas de aulas ass\u00edncronas e suporte a recursos em plataforma digital<\/p>\n<p><strong>P\u00daBLICO-ALVO<br \/>\n<\/strong>Empres\u00e1rios, gestores, profissionais com gradua\u00e7\u00e3o em n\u00edvel superior interessados em fazer gest\u00e3o de empresas portu\u00e1rias, e acad\u00eamicos que tenham interesse em se aprofundar nos aspectos empresariais essenciais corporativos, bem como no pr\u00f3prio desenvolvimento profissional.<\/p>\n<p><strong>OBJETIVOS<br \/>\n<\/strong>\u2022 Desenvolver compet\u00eancias e habilidades necess\u00e1rias ao exerc\u00edcio de fun\u00e7\u00f5es relativas ao com\u00e9rcio e finan\u00e7as internacionais, em organiza\u00e7\u00f5es com atividades de elevada globaliza\u00e7\u00e3o.<br \/>\n\u2022 Oferecer subs\u00eddios te\u00f3ricos e pr\u00e1ticos para atua\u00e7\u00e3o na gest\u00e3o de exporta\u00e7\u00f5es e importa\u00e7\u00f5es em empresas com atividades ligadas ao Com\u00e9rcio Exterior.<br \/>\n\u2022 Desenvolver conhecimentos que propiciem a an\u00e1lise global, adaptada \u00e0s peculiaridades locais, para o incremento tecnol\u00f3gico dos processos empresariais.<br \/>\n\u2022 Instrumentalizar o p\u00f3s-graduando para analisar, interpretar e projetar dados e informa\u00e7\u00f5es, de acordo com a cultura da empresa, para que os objetivos corporativos sejam alcan\u00e7ados.<\/p>\n<p><strong>INVESTIMENTO<\/strong><br \/>\n16 parcelas de R$ 249<\/p>\n<p><strong>CONTE\u00daDO<br \/>\n<\/strong>Economia Internacional<br \/>\nFinan\u00e7as Internacionais<br \/>\nTeoria e Pr\u00e1tica cambial<br \/>\nNegocia\u00e7\u00f5es Internacionais<br \/>\nGest\u00e3o de Neg\u00f3cios Internacionais<br \/>\nM\u00e9todos Quantitativos Aplicados a Neg\u00f3cios<br \/>\nDireito Internacional P\u00fablico e Privado<br \/>\nTecnologia das Informa\u00e7\u00f5es para Com\u00e9rcio Exterior<br \/>\nMarketing Internacional<br \/>\nSistem\u00e1tica de Log\u00edstica Internacional<br \/>\nSistem\u00e1tica de Com\u00e9rcio Exterior e Regimes Aduaneiros<br \/>\nLegisla\u00e7\u00e3o Aduaneira Brasileira<\/p>\n<p><em>Os cursos de Especializa\u00e7\u00e3o\/MBA da Universidade Cat\u00f3lica de Santos atendem \u00e0 normativa vigente sobre os Cursos de P\u00f3s-gradua\u00e7\u00e3o Lato Sensu, a <strong>Resolu\u00e7\u00e3o CNE-CES 1<\/strong>, de 6 de abril de 2018, bem como as Diretrizes Curriculares Nacionais para a Educa\u00e7\u00e3o em Direitos Humanos e para a Educa\u00e7\u00e3o Ambiental. Eles\u00a0foram constru\u00eddos em conson\u00e2ncia com as novas pol\u00edticas p\u00fablicas nacionais para os Cursos de P\u00f3s-gradua\u00e7\u00e3o Lato Sensu,\u00a0que visam estabelecer um padr\u00e3o superior de qualidade para a forma\u00e7\u00e3o de especialistas.<\/em><\/p>\n<p><strong>OBSERVA\u00c7\u00d5ES<\/strong><br \/>\nA Universidade se reserva o direito de alterar o cronograma e o corpo docente.<br \/>\nDocumenta\u00e7\u00e3o necess\u00e1ria: c\u00f3pias do RG, CPF, certid\u00e3o de nascimento ou casamento e Diploma da Gradua\u00e7\u00e3o ou Certificado de Cola\u00e7\u00e3o de Grau.<br \/>\nA inscri\u00e7\u00e3o presencial s\u00f3 poder\u00e1 ser efetuada pelo interessado no curso, ou por pessoa munida de procura\u00e7\u00e3o autenticada em cart\u00f3rio.<br \/>\nA efetiva\u00e7\u00e3o da matr\u00edcula est\u00e1 condicionada ao pagamento do boleto da 1\u00aa. parcela e entrega da documenta\u00e7\u00e3o exigida.<\/p>\n<p><strong>OUTRAS INFORMA\u00c7\u00d5ES<\/strong><br \/>\nE-mail: atendimentovirtual@unisantos.br<\/p>\n","protected":false},"excerpt":{"rendered":"<p>PROFESSOR RESPONS\u00c1VEL Prof. Dr.\u00a0 Rodrigo Luiz Zanethi CARGA HOR\u00c1RIA 360 horas IN\u00cdCIO Mar\u00e7o\/2025 MODALIDADE EAD com 168 horas de encontros [&hellip;]<\/p>\n","protected":false},"author":1,"featured_media":241,"parent":210,"menu_order":0,"comment_status":"closed","ping_status":"closed","template":"","meta":{"footnotes":""},"_links":{"self":[{"href":"https:\/\/www.unisantos.br\/pos\/wp-json\/wp\/v2\/pages\/240"}],"collection":[{"href":"https:\/\/www.unisantos.br\/pos\/wp-json\/wp\/v2\/pages"}],"about":[{"href":"https:\/\/www.unisantos.br\/pos\/wp-json\/wp\/v2\/types\/page"}],"author":[{"embeddable":true,"href":"https:\/\/www.unisantos.br\/pos\/wp-json\/wp\/v2\/users\/1"}],"replies":[{"embeddable":true,"href":"https:\/\/www.unisantos.br\/pos\/wp-json\/wp\/v2\/comments?post=240"}],"version-history":[{"count":40,"href":"https:\/\/www.unisantos.br\/pos\/wp-json\/wp\/v2\/pages\/240\/revisions"}],"predecessor-version":[{"id":6756,"href":"https:\/\/www.unisantos.br\/pos\/wp-json\/wp\/v2\/pages\/240\/revisions\/6756"}],"up":[{"embeddable":true,"href":"https:\/\/www.unisantos.br\/pos\/wp-json\/wp\/v2\/pages\/210"}],"wp:featuredmedia":[{"embeddable":true,"href":"https:\/\/www.unisantos.br\/pos\/wp-json\/wp\/v2\/media\/241"}],"wp:attachment":[{"href":"https:\/\/www.unisantos.br\/pos\/wp-json\/wp\/v2\/media?parent=240"}],"curies":[{"name":"wp","href":"https:\/\/api.w.org\/{rel}","templated":true}]}}