{"id":234,"date":"2018-10-11T09:19:23","date_gmt":"2018-10-11T12:19:23","guid":{"rendered":"https:\/\/www.unisantos.br\/pos\/?page_id=234"},"modified":"2025-03-07T16:55:39","modified_gmt":"2025-03-07T19:55:39","slug":"engenharia-de-seguranca-do-trabalho","status":"publish","type":"page","link":"https:\/\/www.unisantos.br\/pos\/lato-sensu\/engenharia-de-seguranca-do-trabalho\/","title":{"rendered":"Engenharia de Seguran\u00e7a do Trabalho"},"content":{"rendered":"<p><strong>PROFESSORA RESPONS\u00c1VEL<br \/>\n<\/strong>Prof\u00aa. Esp. Juliana Ferreira da Silva<\/p>\n<p><strong>CARGA HOR\u00c1RIA<br \/>\n<\/strong>620 horas<\/p>\n<p><strong>IN\u00cdCIO<\/strong><br \/>\nMar\u00e7o\/2025<\/p>\n<p><strong>DIAS\/HOR\u00c1RIOS<\/strong><br \/>\nSegundas, ter\u00e7as, quartas e quintas-feiras, das 18h45 \u00e0s 22h15<\/p>\n<p><strong>MODALIDADE<br \/>\n<\/strong>EAD Live, organizada em encontros digitais e ao vivo, com suporte de Ambiente Virtual de Aprendizagem<\/p>\n<p><strong>P\u00daBLICO-ALVO<br \/>\n<\/strong>Profissionais graduados em Engenharia ou Arquitetura que atuam ou pretendem atuar na \u00e1rea de Higiene e Seguran\u00e7a do Trabalho.<\/p>\n<p><strong>OBJETIVO<br \/>\n<\/strong>Formar profissionais qualificados para identificar, formular e solucionar problemas ligados \u00e0 higiene e seguran\u00e7a do trabalho.<\/p>\n<p><strong>INVESTIMENTO<\/strong><br \/>\n18 parcelas de R$ 399<\/p>\n<p><strong>CONTE\u00daDO CURRICULAR<br \/>\n<\/strong>\u2022\u00a0Introdu\u00e7\u00e3o \u00e0 Engenharia de Seguran\u00e7a do Trabalho<br \/>\n\u2022 Legisla\u00e7\u00e3o e Normas T\u00e9cnicas<br \/>\n\u2022 Higiene do Trabalho I<br \/>\n\u2022 Prote\u00e7\u00e3o Contra Inc\u00eandio e Explos\u00f5es<br \/>\n\u2022 Fundamentos do Controle do Ru\u00eddo Industrial<br \/>\n\u2022 Psicologia na Engenharia de Seguran\u00e7a do Trabalho, Comunica\u00e7\u00e3o e Treinamento<br \/>\n\u2022 Administra\u00e7\u00e3o Aplicada \u00e0 Engenharia de Seguran\u00e7a do Trabalho<br \/>\n\u2022 Sistema de Gest\u00e3o Integrado<br \/>\n\u2022 Ergonomia<br \/>\n\u2022 Preven\u00e7\u00e3o e Controle de Riscos em M\u00e1quinas, Equipamentos e Instala\u00e7\u00f5es I<br \/>\n\u2022 Prote\u00e7\u00e3o do Meio Ambiente I<br \/>\n\u2022 O Ambiente e as Doen\u00e7as do Trabalho<br \/>\n\u2022 Higiene do Trabalho II<br \/>\n\u2022 Ger\u00eancia de Riscos<br \/>\n\u2022 Preven\u00e7\u00e3o e Controle de Riscos em M\u00e1quinas, Equipamentos e Instala\u00e7\u00f5es II<br \/>\n\u2022 Prote\u00e7\u00e3o do Meio Ambiente II<br \/>\n\u2022 Laudos e Per\u00edcias<\/p>\n<p><strong>OBSERVA\u00c7\u00d5ES<\/strong><br \/>\nA Universidade se reserva o direito de alterar o cronograma e o corpo docente.<br \/>\nDocumenta\u00e7\u00e3o necess\u00e1ria: c\u00f3pias do RG, CPF, certid\u00e3o de nascimento ou casamento e Diploma da Gradua\u00e7\u00e3o ou Certificado de Cola\u00e7\u00e3o de Grau.<br \/>\nA inscri\u00e7\u00e3o presencial s\u00f3 poder\u00e1 ser efetuada pelo interessado no curso, ou por pessoa munida de procura\u00e7\u00e3o autenticada em cart\u00f3rio.<br \/>\nA efetiva\u00e7\u00e3o da matr\u00edcula est\u00e1 condicionada ao pagamento do boleto da 1\u00aa. parcela e entrega da documenta\u00e7\u00e3o exigida.<\/p>\n<p><strong>OUTRAS INFORMA\u00c7\u00d5ES<\/strong><br \/>\nE-mail: atendimentovirtual@unisantos.br<\/p>\n","protected":false},"excerpt":{"rendered":"<p>PROFESSORA RESPONS\u00c1VEL Prof\u00aa. Esp. Juliana Ferreira da Silva CARGA HOR\u00c1RIA 620 horas IN\u00cdCIO Mar\u00e7o\/2025 DIAS\/HOR\u00c1RIOS Segundas, ter\u00e7as, quartas e quintas-feiras, [&hellip;]<\/p>\n","protected":false},"author":1,"featured_media":235,"parent":210,"menu_order":0,"comment_status":"closed","ping_status":"closed","template":"","meta":{"footnotes":""},"_links":{"self":[{"href":"https:\/\/www.unisantos.br\/pos\/wp-json\/wp\/v2\/pages\/234"}],"collection":[{"href":"https:\/\/www.unisantos.br\/pos\/wp-json\/wp\/v2\/pages"}],"about":[{"href":"https:\/\/www.unisantos.br\/pos\/wp-json\/wp\/v2\/types\/page"}],"author":[{"embeddable":true,"href":"https:\/\/www.unisantos.br\/pos\/wp-json\/wp\/v2\/users\/1"}],"replies":[{"embeddable":true,"href":"https:\/\/www.unisantos.br\/pos\/wp-json\/wp\/v2\/comments?post=234"}],"version-history":[{"count":100,"href":"https:\/\/www.unisantos.br\/pos\/wp-json\/wp\/v2\/pages\/234\/revisions"}],"predecessor-version":[{"id":6752,"href":"https:\/\/www.unisantos.br\/pos\/wp-json\/wp\/v2\/pages\/234\/revisions\/6752"}],"up":[{"embeddable":true,"href":"https:\/\/www.unisantos.br\/pos\/wp-json\/wp\/v2\/pages\/210"}],"wp:featuredmedia":[{"embeddable":true,"href":"https:\/\/www.unisantos.br\/pos\/wp-json\/wp\/v2\/media\/235"}],"wp:attachment":[{"href":"https:\/\/www.unisantos.br\/pos\/wp-json\/wp\/v2\/media?parent=234"}],"curies":[{"name":"wp","href":"https:\/\/api.w.org\/{rel}","templated":true}]}}