{"id":228,"date":"2018-10-11T09:17:57","date_gmt":"2018-10-11T12:17:57","guid":{"rendered":"https:\/\/www.unisantos.br\/pos\/?page_id=228"},"modified":"2025-03-07T16:50:17","modified_gmt":"2025-03-07T19:50:17","slug":"direito-penal-processual-penal-e-criminologia","status":"publish","type":"page","link":"https:\/\/www.unisantos.br\/pos\/lato-sensu\/direito-penal-processual-penal-e-criminologia\/","title":{"rendered":"Direito Penal, Processual Penal e Criminologia"},"content":{"rendered":"<p><strong>PROFESSOR RESPONS\u00c1VEL<\/strong><br \/>\nProf. Dr Alexandre Calixto Rodrigues<\/p>\n<p><strong>CARGA HOR\u00c1RIA<br \/>\n<\/strong>360 horas<\/p>\n<p><strong>IN\u00cdCIO<\/strong><br \/>\nMar\u00e7o\/2025<\/p>\n<p><strong>DIAS\/HOR\u00c1RIO<\/strong><br \/>\nTer\u00e7as e quintas-feiras, das 18h45 \u00e0s 22h45<\/p>\n<p><strong>MODALIDADE<br \/>\n<\/strong>EAD Live, organizada em encontros digitais ao vivo com suporte de Ambiente Virtual de Aprendizagem<strong><br \/>\n<\/strong><\/p>\n<p><strong>P\u00daBLICO-ALVO<br \/>\n<\/strong>Advogados, delegados de pol\u00edcia, defensores p\u00fablicos, promotores de Justi\u00e7a, ju\u00edzes de Direito e mediadores, al\u00e9m de m\u00e9dicos legistas, psiquiatras, psic\u00f3logos e demais profissionais interessados em ampliar conhecimentos na \u00e1rea das Ci\u00eancias Criminais. Gradua\u00e7\u00e3o em Direito, ou em \u00e1reas afins.<\/p>\n<p><strong>OBJETIVOS<br \/>\n\u2022\u00a0<\/strong>Possibilitar aos participantes amplo desenvolvimento de seus projetos profissionais, oferecendo subs\u00eddios para melhor entender e lidar com os assuntos relacionados ao fen\u00f4meno criminal, com impacto direto na forma\u00e7\u00e3o t\u00e9cnica, cient\u00edfica, cidad\u00e3 e humanit\u00e1ria do p\u00f3s-graduando.<br \/>\n\u2022 Habilitar o profissional a assumir papel de agente de mudan\u00e7as, potencializando e concretizando a dissemina\u00e7\u00e3o do sistema protetivo criado em prol dos cidad\u00e3os, incentivando a ado\u00e7\u00e3o de meios alternativos na preven\u00e7\u00e3o e nas solu\u00e7\u00f5es dos conflitos sociais representados pelo fen\u00f4meno criminal.<br \/>\n\u2022 Propiciar atua\u00e7\u00e3o estrat\u00e9gica no meio social e jur\u00eddico, pelo conhecimento dos elementos e das caracter\u00edsticas que envolvem o fen\u00f4meno criminal, com o exame aprofundado dos principais institutos cient\u00edficos relacionados \u00e0 mat\u00e9ria.<br \/>\n\u2022 Ampliar a vis\u00e3o do profissional do Direito para que vislumbre o fen\u00f4meno criminal como um elemento do sistema social e jur\u00eddico.<\/p>\n<p><strong>INVESTIMENTO<\/strong><br \/>\n18 parcelas de R$ 399<\/p>\n<p><strong>CONTE\u00daDO<br \/>\n<\/strong>O Fen\u00f4meno Criminal e as Ci\u00eancias Criminais<br \/>\nDireito de Punir e a Realidade Brasileira<br \/>\nA Constru\u00e7\u00e3o do Racioc\u00ednio Criminol\u00f3gico<br \/>\nDireito Penal Contempor\u00e2neo<br \/>\nBases e Vetores Pol\u00edtico-Criminais<br \/>\nDogm\u00e1tica Processual Penal e sua Aplica\u00e7\u00e3o no Ordenamento Jur\u00eddico Brasileiro<br \/>\nDilemas Sociais sob a \u00d3tica Criminol\u00f3gica<br \/>\nProcedimentos no Processo Penal e sua Operabilidade<br \/>\nO Entrela\u00e7amento entre a Medicina Legal e o Direito Penal<br \/>\nQuest\u00f5es de Pol\u00edtica Criminal<br \/>\nProte\u00e7\u00e3o Penal Especial<\/p>\n<p><strong>OBSERVA\u00c7\u00d5ES<\/strong><br \/>\nA Universidade se reserva o direito de alterar o cronograma e o corpo docente.<br \/>\nDocumenta\u00e7\u00e3o necess\u00e1ria: c\u00f3pias do RG, CPF, certid\u00e3o de nascimento ou casamento e Diploma da Gradua\u00e7\u00e3o ou Certificado de Cola\u00e7\u00e3o de Grau.<br \/>\nA inscri\u00e7\u00e3o presencial s\u00f3 poder\u00e1 ser efetuada pelo interessado no curso, ou por pessoa munida de procura\u00e7\u00e3o autenticada em cart\u00f3rio.<br \/>\nA efetiva\u00e7\u00e3o da matr\u00edcula est\u00e1 condicionada ao pagamento do boleto da 1\u00aa. parcela e entrega da documenta\u00e7\u00e3o exigida.<\/p>\n<p><strong>OUTRAS INFORMA\u00c7\u00d5ES<\/strong><br \/>\nE-mail: atendimentovirtual@unisantos.br<\/p>\n","protected":false},"excerpt":{"rendered":"<p>PROFESSOR RESPONS\u00c1VEL Prof. Dr Alexandre Calixto Rodrigues CARGA HOR\u00c1RIA 360 horas IN\u00cdCIO Mar\u00e7o\/2025 DIAS\/HOR\u00c1RIO Ter\u00e7as e quintas-feiras, das 18h45 \u00e0s [&hellip;]<\/p>\n","protected":false},"author":1,"featured_media":229,"parent":210,"menu_order":0,"comment_status":"closed","ping_status":"closed","template":"","meta":{"footnotes":""},"_links":{"self":[{"href":"https:\/\/www.unisantos.br\/pos\/wp-json\/wp\/v2\/pages\/228"}],"collection":[{"href":"https:\/\/www.unisantos.br\/pos\/wp-json\/wp\/v2\/pages"}],"about":[{"href":"https:\/\/www.unisantos.br\/pos\/wp-json\/wp\/v2\/types\/page"}],"author":[{"embeddable":true,"href":"https:\/\/www.unisantos.br\/pos\/wp-json\/wp\/v2\/users\/1"}],"replies":[{"embeddable":true,"href":"https:\/\/www.unisantos.br\/pos\/wp-json\/wp\/v2\/comments?post=228"}],"version-history":[{"count":43,"href":"https:\/\/www.unisantos.br\/pos\/wp-json\/wp\/v2\/pages\/228\/revisions"}],"predecessor-version":[{"id":6737,"href":"https:\/\/www.unisantos.br\/pos\/wp-json\/wp\/v2\/pages\/228\/revisions\/6737"}],"up":[{"embeddable":true,"href":"https:\/\/www.unisantos.br\/pos\/wp-json\/wp\/v2\/pages\/210"}],"wp:featuredmedia":[{"embeddable":true,"href":"https:\/\/www.unisantos.br\/pos\/wp-json\/wp\/v2\/media\/229"}],"wp:attachment":[{"href":"https:\/\/www.unisantos.br\/pos\/wp-json\/wp\/v2\/media?parent=228"}],"curies":[{"name":"wp","href":"https:\/\/api.w.org\/{rel}","templated":true}]}}