{"id":2275,"date":"2019-10-04T17:06:22","date_gmt":"2019-10-04T20:06:22","guid":{"rendered":"https:\/\/www.unisantos.br\/pos\/?page_id=2275"},"modified":"2025-03-07T16:52:25","modified_gmt":"2025-03-07T19:52:25","slug":"mba-em-marketing-digital","status":"publish","type":"page","link":"https:\/\/www.unisantos.br\/pos\/lato-sensu\/mba-em-marketing-digital\/","title":{"rendered":"MBA em Marketing Digital"},"content":{"rendered":"<p><strong>PROFESSORA RESPONS\u00c1VEL<br \/>\n<\/strong>Prof\u00aa. Me. Lilian Matheus Marques<\/p>\n<p><strong>CARGA HOR\u00c1RIA<br \/>\n<\/strong>360 horas<\/p>\n<p><strong>IN\u00cdCIO<\/strong><br \/>\nMar\u00e7o\/2025<\/p>\n<p><strong>MODALIDADE<br \/>\n<\/strong>EAD Plena.<br \/>\nCurso totalmente a dist\u00e2ncia, com 100% dos conte\u00fados, das atividades, dos roteiros e das avalia\u00e7\u00f5es dispon\u00edveis em Ambiente Virtual de Aprendizagem.<\/p>\n<p><strong>P\u00daBLICO-ALVO<\/strong><br \/>\nGraduados em qualquer \u00e1rea<\/p>\n<p><strong>OBJETIVOS<br \/>\n<\/strong>Especializar profissionais com s\u00f3lidas compet\u00eancias no desenvolvimento de estrat\u00e9gias de mercado no ambiente digital.<br \/>\nProporcionar aos participantes uma vis\u00e3o moderna e pr\u00e1tica da gest\u00e3o do Marketing nas organiza\u00e7\u00f5es.<br \/>\nDesenvolver habilidades e compet\u00eancias espec\u00edficas para a atua\u00e7\u00e3o profissional nas diversas \u00e1reas que exijam a aplica\u00e7\u00e3o de t\u00e9cnicas inovadoras e de estrat\u00e9gias avan\u00e7adas de Marketing Digital.<br \/>\nOtimizar e incrementar a capacidade decis\u00f3ria e o background dos p\u00f3s-graduandos para que se tornem tomadores de decis\u00e3o em empresas e institui\u00e7\u00f5es.<br \/>\nPreparar os p\u00f3s-graduandos para compreender m\u00e9tricas e sistemas de aferi\u00e7\u00e3o de audi\u00eancia e resposta no ambiente digital.<br \/>\nAprofundar conhecimentos profissionais que fortale\u00e7am a atua\u00e7\u00e3o nas organiza\u00e7\u00f5es inseridas em ambientes de elevada competitividade, visando alcan\u00e7ar metas e resultados positivos.<br \/>\nDesenvolver conhecimentos da intelig\u00eancia digital que aumentem a capacidade cr\u00edtica e a efici\u00eancia profissional.<\/p>\n<p><strong>INVESTIMENTO<\/strong><br \/>\n16 parcelas de R$ 199<\/p>\n<p><strong>CONTE\u00daDO<\/strong><br \/>\n\u2022 Conceitos de Marketing Digital<br \/>\n\u2022 Neuromarketing<br \/>\n\u2022 Comportamento e H\u00e1bitos de Consumo<br \/>\n\u2022 Pesquisa de Marketing<br \/>\n\u2022 Segmenta\u00e7\u00e3o e Posicionamento<br \/>\n\u2022 Mercado, Competitividade e Ambiente de Neg\u00f3cios<br \/>\n\u2022 Gest\u00e3o de Produtos<br \/>\n\u2022 Forma\u00e7\u00e3o e Gest\u00e3o do Pre\u00e7o<br \/>\n\u2022 M\u00eddias Digitais e Produ\u00e7\u00e3o de Conte\u00fado<br \/>\n\u2022 Gest\u00e3o da Comunica\u00e7\u00e3o de Marketing Digital<br \/>\n\u2022 UX \u2013 User Experience<br \/>\n\u2022 Jogos Digitais em Marketing<br \/>\n\u2022 Plano Estrat\u00e9gico em Marketing<br \/>\n\u2022 Big Data e Intelig\u00eancia de Neg\u00f3cios<br \/>\n\u2022 Semin\u00e1rios Tem\u00e1ticos<\/p>\n<p><strong>OBSERVA\u00c7\u00d5ES<\/strong><br \/>\nA Universidade se reserva o direito de alterar o cronograma e o corpo docente.<br \/>\nDocumenta\u00e7\u00e3o necess\u00e1ria: c\u00f3pias do RG, CPF, certid\u00e3o de nascimento ou casamento e Diploma da Gradua\u00e7\u00e3o ou Certificado de Cola\u00e7\u00e3o de Grau.<br \/>\nA inscri\u00e7\u00e3o presencial s\u00f3 poder\u00e1 ser efetuada pelo interessado no curso, ou por pessoa munida de procura\u00e7\u00e3o autenticada em cart\u00f3rio.<br \/>\nA efetiva\u00e7\u00e3o da matr\u00edcula est\u00e1 condicionada ao pagamento do boleto da 1\u00aa. parcela e entrega da documenta\u00e7\u00e3o exigida.<\/p>\n<p><strong>OUTRAS INFORMA\u00c7\u00d5ES<\/strong><br \/>\nE-mail: atendimentovirtual@unisantos.br<\/p>\n","protected":false},"excerpt":{"rendered":"<p>PROFESSORA RESPONS\u00c1VEL Prof\u00aa. Me. Lilian Matheus Marques CARGA HOR\u00c1RIA 360 horas IN\u00cdCIO Mar\u00e7o\/2025 MODALIDADE EAD Plena. Curso totalmente a dist\u00e2ncia, [&hellip;]<\/p>\n","protected":false},"author":1,"featured_media":0,"parent":210,"menu_order":0,"comment_status":"closed","ping_status":"closed","template":"","meta":{"footnotes":""},"_links":{"self":[{"href":"https:\/\/www.unisantos.br\/pos\/wp-json\/wp\/v2\/pages\/2275"}],"collection":[{"href":"https:\/\/www.unisantos.br\/pos\/wp-json\/wp\/v2\/pages"}],"about":[{"href":"https:\/\/www.unisantos.br\/pos\/wp-json\/wp\/v2\/types\/page"}],"author":[{"embeddable":true,"href":"https:\/\/www.unisantos.br\/pos\/wp-json\/wp\/v2\/users\/1"}],"replies":[{"embeddable":true,"href":"https:\/\/www.unisantos.br\/pos\/wp-json\/wp\/v2\/comments?post=2275"}],"version-history":[{"count":41,"href":"https:\/\/www.unisantos.br\/pos\/wp-json\/wp\/v2\/pages\/2275\/revisions"}],"predecessor-version":[{"id":6743,"href":"https:\/\/www.unisantos.br\/pos\/wp-json\/wp\/v2\/pages\/2275\/revisions\/6743"}],"up":[{"embeddable":true,"href":"https:\/\/www.unisantos.br\/pos\/wp-json\/wp\/v2\/pages\/210"}],"wp:attachment":[{"href":"https:\/\/www.unisantos.br\/pos\/wp-json\/wp\/v2\/media?parent=2275"}],"curies":[{"name":"wp","href":"https:\/\/api.w.org\/{rel}","templated":true}]}}