{"id":225,"date":"2018-10-11T09:17:11","date_gmt":"2018-10-11T12:17:11","guid":{"rendered":"https:\/\/www.unisantos.br\/pos\/?page_id=225"},"modified":"2025-04-10T16:16:28","modified_gmt":"2025-04-10T19:16:28","slug":"direito-maritimo-e-portuario","status":"publish","type":"page","link":"https:\/\/www.unisantos.br\/pos\/lato-sensu\/direito-maritimo-e-portuario\/","title":{"rendered":"Direito Mar\u00edtimo e Portu\u00e1rio"},"content":{"rendered":"<p><b>PROFESSOR RESPONS\u00c1VEL<br \/>\n<\/b>Prof. Dr. Rodrigo Luiz Zanethi<\/p>\n<p><strong>CARGA HOR\u00c1RIA<br \/>\n<\/strong>400 horas<\/p>\n<p><strong>IN\u00cdCIO<\/strong><br \/>\nMar\u00e7o\/2025<\/p>\n<p><strong>DIAS\/HOR\u00c1RIOS<\/strong><br \/>\nSextas-feiras, das 19h \u00e0s 23h; e aos s\u00e1bados, das 8h30 \u00e0s 12h30 e das 13h30 \u00e0s 17h30<\/p>\n<p><strong>MODALIDADE<br \/>\n<\/strong>EAD Live, organizada em encontros digitais ao vivo com suporte de Ambiente Virtual de Aprendizagem<\/p>\n<p><strong>P\u00daBLICO-ALVO<br \/>\n<\/strong>Profissionais que atuem na \u00e1rea ou pretendam atuar, ou ainda que demonstrem interesse na \u00e1rea do Direito ou em atividades relacionadas ao transporte mar\u00edtimo, turismo, atividades portu\u00e1rias em geral, <em>brokerage<\/em>, com\u00e9rcio exterior e internacional, administradores, agentes de carga, operadores de transporte multimodal, exportadores e importadores, e oficiais da Marinha Mercante e Marinha de Guerra.<\/p>\n<p><strong>OBJETIVO<br \/>\n<\/strong>Formar e capacitar profissionais para atua\u00e7\u00e3o no Direito Mar\u00edtimo e Portu\u00e1rio e \u00e1reas relacionadas ao transporte, com\u00e9rcio mar\u00edtimo de mercadorias e atividades portu\u00e1rias em geral.<strong>\u00a0<\/strong><\/p>\n<p><strong>INVESTIMENTO<\/strong><br \/>\n18 parcelas de R$ 399<\/p>\n<p><strong>CONTE\u00daDO CURRICULAR<br \/>\n<\/strong>\u2022 Teoria Geral do Direito Mar\u00edtimo<br \/>\n\u2022 Direito Portu\u00e1rio<br \/>\n\u2022 Log\u00edstica Mar\u00edtima e Portu\u00e1ria<br \/>\n\u2022 Direito do Mar<br \/>\n\u2022 Contratos Mar\u00edtimos<br \/>\n\u2022 Direito do Trabalho Mar\u00edtimo e Portu\u00e1rio<br \/>\n\u2022 Direito Ambiental Mar\u00edtimo<br \/>\n\u2022 Direito Tribut\u00e1rio e Aduaneiro<br \/>\n\u2022 Processos Mar\u00edtimos<br \/>\n\u2022 Avarias Mar\u00edtimas<br \/>\n\u2022 Estudos Avan\u00e7ados de Direito Mar\u00edtimo<br \/>\n\u2022 Proposi\u00e7\u00f5es Inovadoras em Direito Mar\u00edtimo e Portu\u00e1rio<br \/>\n\u2022 Pesquisa em Direito Mar\u00edtimo e Portu\u00e1rio<\/p>\n<p><strong>DIFERENCIAIS<\/strong><br \/>\n\u2022 Visitas t\u00e9cnicas presenciais a terminais portu\u00e1rios e \u00f3rg\u00e3os ligados \u00e0 \u00e1rea mar\u00edtima, portu\u00e1ria e aduaneira;<br \/>\n\u2022 Aulas voltadas a teoria e pr\u00e1tica das mat\u00e9rias objeto do curso.<br \/>\n\u2022 Professores altamente capacitados e atuantes em empresas, institui\u00e7\u00f5es de ensino, \u00f3rg\u00e3os governamentais e escrit\u00f3rios de advocacia voltados as \u00e1reas do curso.<br \/>\n\u2022 Curso integralizado em um ano dividido em 3 m\u00f3dulos: Direito Mar\u00edtimo, Direito Portu\u00e1rio e Direito Aduaneiro e Log\u00edstica.<br \/>\n\u2022 Docentes vinculados aos principais \u00f3rg\u00e3os de patrim\u00f4nio brasileiros e mundiais.<\/p>\n<p><strong>OBSERVA\u00c7\u00d5ES<\/strong><br \/>\nA Universidade se reserva o direito de alterar o cronograma e o corpo docente.<br \/>\nDocumenta\u00e7\u00e3o necess\u00e1ria: c\u00f3pias do RG, CPF, certid\u00e3o de nascimento ou casamento e Diploma da Gradua\u00e7\u00e3o ou Certificado de Cola\u00e7\u00e3o de Grau.<br \/>\nA inscri\u00e7\u00e3o presencial s\u00f3 poder\u00e1 ser efetuada pelo interessado no curso, ou por pessoa munida de procura\u00e7\u00e3o autenticada em cart\u00f3rio.<br \/>\nA efetiva\u00e7\u00e3o da matr\u00edcula est\u00e1 condicionada ao pagamento do boleto da 1\u00aa. parcela e entrega da documenta\u00e7\u00e3o exigida.<\/p>\n<p><strong>OUTRAS INFORMA\u00c7\u00d5ES<\/strong><br \/>\nE-mail: atendimentovirtual@unisantos.br<\/p>\n","protected":false},"excerpt":{"rendered":"<p>PROFESSOR RESPONS\u00c1VEL Prof. Dr. Rodrigo Luiz Zanethi CARGA HOR\u00c1RIA 400 horas IN\u00cdCIO Mar\u00e7o\/2025 DIAS\/HOR\u00c1RIOS Sextas-feiras, das 19h \u00e0s 23h; e [&hellip;]<\/p>\n","protected":false},"author":1,"featured_media":226,"parent":210,"menu_order":0,"comment_status":"closed","ping_status":"closed","template":"","meta":{"footnotes":""},"_links":{"self":[{"href":"https:\/\/www.unisantos.br\/pos\/wp-json\/wp\/v2\/pages\/225"}],"collection":[{"href":"https:\/\/www.unisantos.br\/pos\/wp-json\/wp\/v2\/pages"}],"about":[{"href":"https:\/\/www.unisantos.br\/pos\/wp-json\/wp\/v2\/types\/page"}],"author":[{"embeddable":true,"href":"https:\/\/www.unisantos.br\/pos\/wp-json\/wp\/v2\/users\/1"}],"replies":[{"embeddable":true,"href":"https:\/\/www.unisantos.br\/pos\/wp-json\/wp\/v2\/comments?post=225"}],"version-history":[{"count":99,"href":"https:\/\/www.unisantos.br\/pos\/wp-json\/wp\/v2\/pages\/225\/revisions"}],"predecessor-version":[{"id":6813,"href":"https:\/\/www.unisantos.br\/pos\/wp-json\/wp\/v2\/pages\/225\/revisions\/6813"}],"up":[{"embeddable":true,"href":"https:\/\/www.unisantos.br\/pos\/wp-json\/wp\/v2\/pages\/210"}],"wp:featuredmedia":[{"embeddable":true,"href":"https:\/\/www.unisantos.br\/pos\/wp-json\/wp\/v2\/media\/226"}],"wp:attachment":[{"href":"https:\/\/www.unisantos.br\/pos\/wp-json\/wp\/v2\/media?parent=225"}],"curies":[{"name":"wp","href":"https:\/\/api.w.org\/{rel}","templated":true}]}}