{"id":2235,"date":"2019-10-04T16:14:06","date_gmt":"2019-10-04T19:14:06","guid":{"rendered":"https:\/\/www.unisantos.br\/pos\/?page_id=2235"},"modified":"2020-12-17T13:40:44","modified_gmt":"2020-12-17T16:40:44","slug":"lingua-linguistica-e-ensino","status":"publish","type":"page","link":"https:\/\/www.unisantos.br\/pos\/lato-sensu\/lingua-linguistica-e-ensino\/","title":{"rendered":"L\u00edngua, Lingu\u00edstica e Ensino"},"content":{"rendered":"<p><b>COORDENADORA<br \/>\n<\/b>Prof\u00aa. Dra. Graziela Pigatto Bohn<\/p>\n<p><b>CARGA HOR\u00c1RIA<br \/>\n<\/b>360 horas<\/p>\n<p><b>OBJETIVOS<br \/>\n<\/b>Possibilitar ao discente Licenciado em Letras a atualiza\u00e7\u00e3o e aprofundamento de seus conhecimentos de l\u00edngua e lingu\u00edstica aplicados ao ensino do portugu\u00eas brasileiro, instigando uma intensa reflex\u00e3o sobre a pr\u00e1tica docente por meio das rela\u00e7\u00f5es entre teoria e pr\u00e1tica.<br \/>\nRefletir sobre a l\u00edngua como objeto org\u00e2nico, em uso e em constante mudan\u00e7a, contextualizando-a em um cen\u00e1rio social, pol\u00edtico e hist\u00f3rico.<br \/>\nDiscutir as diversas pedagogias de educa\u00e7\u00e3o lingu\u00edstica, considerando a l\u00edngua como uma ferramenta de significa\u00e7\u00e3o e participa\u00e7\u00e3o social.<br \/>\nAnalisar os diferentes arcabou\u00e7os te\u00f3ricos em que o objeto l\u00edngua \u00e9 conceituado e explicado, buscando subs\u00eddios para a pr\u00e1tica de ensino\/aprendizagem de l\u00edngua materna.<br \/>\nInstigar o professor de l\u00edngua portuguesa a promover o desenvolvimento de habilidades lingu\u00edsticas de forma plena e significativa.<br \/>\nPromover a compreens\u00e3o do cen\u00e1rio lingu\u00edstico do Brasil e seu impacto no uso e ensino de portugu\u00eas na escola.<br \/>\nAtualizar a pr\u00e1tica pedag\u00f3gica com novas propostas de ensino, em que o discente seja o protagonista na constru\u00e7\u00e3o do conhecimento.<\/p>\n<p><b>P\u00daBLICO-ALVO<br \/>\n<\/b>Graduados e Licenciados em Letras.<\/p>\n<p><b>CONTE\u00daDO CURRICULAR<br \/>\n<\/b>Metodologias Ativas de Aprendizagem<br \/>\nConcep\u00e7\u00f5es Te\u00f3ricas da Lingu\u00edstica: Estruturalismo, Gerativismo e Funcionalismo<br \/>\nTexto e Discurso: Perspectivas Te\u00f3rico-Metodol\u00f3gicas<br \/>\nAvalia\u00e7\u00e3o: Limites e Possibilidades<br \/>\nGram\u00e1tica do Portugu\u00eas Brasileiro: Fen\u00f4menos Contempor\u00e2neos<br \/>\nNovas Perspectivas para o Ensino da Gram\u00e1tica<br \/>\nTecnologias Digitais: Linguagem, Interatividade e Inser\u00e7\u00e3o Pedag\u00f3gica<br \/>\nPol\u00edticas Lingu\u00edsticas, Multilinguismo e Plurilinguismo<br \/>\nAn\u00e1lise da Conversa\u00e7\u00e3o<br \/>\nMultiletramento e Educa\u00e7\u00e3o Lingu\u00edstica<\/p>\n<p><em>Os cursos de Especializa\u00e7\u00e3o\/MBA da Universidade Cat\u00f3lica de Santos atendem \u00e0 normativa vigente sobre os Cursos de P\u00f3s-gradua\u00e7\u00e3o Lato Sensu, a <strong>Resolu\u00e7\u00e3o CNE-CES 1<\/strong>, de 6 de abril de 2018, bem como as Diretrizes Curriculares Nacionais para a Educa\u00e7\u00e3o em Direitos Humanos e para a Educa\u00e7\u00e3o Ambiental. Eles\u00a0foram constru\u00eddos em conson\u00e2ncia com as novas pol\u00edticas p\u00fablicas nacionais para os Cursos de P\u00f3s-gradua\u00e7\u00e3o Lato Sensu,\u00a0que visam estabelecer um padr\u00e3o superior de qualidade para a forma\u00e7\u00e3o de especialistas.<\/em><\/p>\n<p><strong>BENEF\u00cdCIOS (*)<br \/>\n<\/strong>\u2022\u00a0<strong>Bolsa\u00a0Ex-aluno para P\u00f3s-Gradua\u00e7\u00e3o\u00a0<em>Lato Sensu<\/em><\/strong>: 25% de desconto para ex-alunos da Cat\u00f3lica de Santos (curso de Gradua\u00e7\u00e3o conclu\u00eddo).<br \/>\n\u2022\u00a0<strong>Bolsa\u00a0Empresas Conveniadas<\/strong>: descontos vari\u00e1veis para funcion\u00e1rios de empresas conveniadas.\u00a0<strong><a href=\"https:\/\/www.unisantos.br\/convenio-com-empresas\/\">Confira a\u00a0rela\u00e7\u00e3o<\/a><br \/>\n<\/strong>\u2022 <strong>Bolsa Escolas Conveniadas<\/strong>: descontos vari\u00e1veis para professores de escolas conveniadas.<br \/>\n\u2022\u00a0<strong>Bolsa\u00a0Fideliza\u00e7\u00e3o Familiar<\/strong>: 20% para estudante que possua v\u00ednculo de parentesco (c\u00f4njuges, pais e filhos, ou irm\u00e3os) com formados na Universidade, ou com estudantes com matr\u00edcula ativa em cursos de Gradua\u00e7\u00e3o, Especializa\u00e7\u00e3o ou <em>Stricto Sensu<\/em>\u00a0da UniSantos, concomitantemente; ou ainda, num desses e na educa\u00e7\u00e3o b\u00e1sica do Liceu Santista, concomitantemente.<br \/>\n(*) Alguns descontos n\u00e3o se aplicam \u00e0 matr\u00edcula.<\/p>\n<p><strong style=\"line-height: 1.5em;\">SETOR DE ATENDIMENTO<br \/>\n<\/strong><strong><em>Campus<\/em> Dom Id\u00edlio Jos\u00e9 Soares<br \/>\n<\/strong><strong>Endere\u00e7o<\/strong>: Av. Conselheiro N\u00e9bias, 300 \u2013 Vila Mathias, Santos<br \/>\n<strong style=\"line-height: 1.5em;\">Telefone<\/strong><span style=\"line-height: 1.5em;\">: 3205-5555 &#8211; ramal 1388<br \/>\n<strong>Hor\u00e1rios<\/strong>: Segunda a sexta, das 9h \u00e0s 21h, e s\u00e1bado, das 9h \u00e0s 16h.<\/span><\/p>\n<p><strong>Observa\u00e7\u00f5es<br \/>\n<\/strong>\u2022 A Universidade se reserva o direito de alterar o cronograma e o corpo docente.<br \/>\n\u2022 Documenta\u00e7\u00e3o necess\u00e1ria para quem n\u00e3o \u00e9 aluno da Cat\u00f3lica de Santos: c\u00f3pias do RG, CPF, Certid\u00e3o de Nascimento ou Casamento, diploma (autenticado) e Curriculum Vitae (resumido).<br \/>\n\u2022\u00a0A matr\u00edcula pode ser feita independentemente da entrega dos documentos, mas s\u00f3 ser\u00e1 validada depois que eles forem apresentados.<br \/>\n\u2022 A inscri\u00e7\u00e3o presencial s\u00f3 poder\u00e1 ser efetuada pelo interessado no curso, ou por pessoa munida de procura\u00e7\u00e3o autenticada em cart\u00f3rio.<br \/>\n\u2022 A efetiva\u00e7\u00e3o da matr\u00edcula est\u00e1 condicionada ao pagamento do boleto da 1\u00aa. parcela e entrega da documenta\u00e7\u00e3o exigida.<\/p>\n","protected":false},"excerpt":{"rendered":"<p>COORDENADORA Prof\u00aa. Dra. Graziela Pigatto Bohn CARGA HOR\u00c1RIA 360 horas OBJETIVOS Possibilitar ao discente Licenciado em Letras a atualiza\u00e7\u00e3o e [&hellip;]<\/p>\n","protected":false},"author":1,"featured_media":0,"parent":210,"menu_order":0,"comment_status":"closed","ping_status":"closed","template":"","meta":{"footnotes":""},"_links":{"self":[{"href":"https:\/\/www.unisantos.br\/pos\/wp-json\/wp\/v2\/pages\/2235"}],"collection":[{"href":"https:\/\/www.unisantos.br\/pos\/wp-json\/wp\/v2\/pages"}],"about":[{"href":"https:\/\/www.unisantos.br\/pos\/wp-json\/wp\/v2\/types\/page"}],"author":[{"embeddable":true,"href":"https:\/\/www.unisantos.br\/pos\/wp-json\/wp\/v2\/users\/1"}],"replies":[{"embeddable":true,"href":"https:\/\/www.unisantos.br\/pos\/wp-json\/wp\/v2\/comments?post=2235"}],"version-history":[{"count":8,"href":"https:\/\/www.unisantos.br\/pos\/wp-json\/wp\/v2\/pages\/2235\/revisions"}],"predecessor-version":[{"id":3183,"href":"https:\/\/www.unisantos.br\/pos\/wp-json\/wp\/v2\/pages\/2235\/revisions\/3183"}],"up":[{"embeddable":true,"href":"https:\/\/www.unisantos.br\/pos\/wp-json\/wp\/v2\/pages\/210"}],"wp:attachment":[{"href":"https:\/\/www.unisantos.br\/pos\/wp-json\/wp\/v2\/media?parent=2235"}],"curies":[{"name":"wp","href":"https:\/\/api.w.org\/{rel}","templated":true}]}}