{"id":2226,"date":"2019-10-04T15:59:53","date_gmt":"2019-10-04T18:59:53","guid":{"rendered":"https:\/\/www.unisantos.br\/pos\/?page_id=2226"},"modified":"2025-03-07T16:52:49","modified_gmt":"2025-03-07T19:52:49","slug":"educacao-especial-e-inclusiva","status":"publish","type":"page","link":"https:\/\/www.unisantos.br\/pos\/lato-sensu\/educacao-especial-e-inclusiva\/","title":{"rendered":"Educa\u00e7\u00e3o Especial e Inclusiva: Defici\u00eancia Intelectual, Transtornos Globais do Desenvolvimento e Altas Habilidades"},"content":{"rendered":"<p><b>PROFESSORA RESPONS\u00c1VEL<br \/>\n<\/b>Prof\u00aa. Me. Marly Saba Moreira<\/p>\n<p><b>CARGA HOR\u00c1RIA<br \/>\n<\/b>410 horas, incluindo est\u00e1gio supervisionado em local conveniado<\/p>\n<p><strong>IN\u00cdCIO<\/strong><br \/>\nMar\u00e7o\/2025<\/p>\n<p><strong>DIAS\/HOR\u00c1RIOS<\/strong><br \/>\nSextas-feiras, das 18h45 \u00e0s 22h45; e aos s\u00e1bados, das 8h30 \u00e0s 12h30 e das 13h30 \u00e0s 17h30<\/p>\n<p><strong>MODALIDADE<br \/>\n<\/strong>EAD Live, organizada em encontros digitais ao vivo com suporte de Ambiente Virtual de Aprendizagem<\/p>\n<p><strong>OBJETIVO<br \/>\n<\/strong>Promover a forma\u00e7\u00e3o especializada de professores para trabalhar com educa\u00e7\u00e3o especial e inclus\u00e3o educacional de pessoas com defici\u00eancia intelectual, transtornos globais do desenvolvimento e altas habilidades, preparando-os para atua\u00e7\u00e3o profissional em programas e servi\u00e7os de escolas p\u00fablicas e privadas, bem como em organiza\u00e7\u00f5es n\u00e3o governamentais e cl\u00ednicas.<\/p>\n<p><strong>P\u00daBLICO-ALVO<br \/>\n<\/strong>O curso se destina \u00e0 especializa\u00e7\u00e3o de profissionais da Educa\u00e7\u00e3o formados em Pedagogia, ou licenciados em qualquer \u00e1rea, que exer\u00e7am fun\u00e7\u00e3o docente em institui\u00e7\u00f5es escolares, ou em estreito contato com a escola.<\/p>\n<p><strong>INVESTIMENTO<\/strong><br \/>\n16 parcelas de R$ 399<\/p>\n<p><b>CONTE\u00daDO<br \/>\n<\/b><strong>M\u00f3dulo I \u2013 Fundamentos da Educa\u00e7\u00e3o Especial e Educa\u00e7\u00e3o Inclusiva<\/strong><br \/>\n\u2022 Contexto Hist\u00f3rico e a Evolu\u00e7\u00e3o da Educa\u00e7\u00e3o Especial e Educa\u00e7\u00e3o Inclusiva<br \/>\n\u2022 Pol\u00edticas P\u00fablicas para a Educa\u00e7\u00e3o Especial e para a Educa\u00e7\u00e3o Inclusiva<br \/>\n\u2022 Caracter\u00edsticas e Etiologia da Defici\u00eancia Intelectual, Transtornos Globais do Desenvolvimento e Altas Habilidades<br \/>\n\u2022 Teorias do Desenvolvimento e Aprendizagem Aplicadas \u00e0 Educa\u00e7\u00e3o Especial<br \/>\n\u2022 Sociedade, Fam\u00edlia e Escola na Perspectiva Inclusiva<br \/>\n<strong>M\u00f3dulo 2 \u2013 Atendimento Especializado na Escola Inclusiva: Defici\u00eancia Intelectual,\u00a0Transtornos Globais do Desenvolvimento e Altas Habilidades<\/strong><br \/>\n\u2022 Educa\u00e7\u00e3o Especial e Educa\u00e7\u00e3o Inclusiva no Cotidiano Escolar<br \/>\n\u2022 Procedimentos Did\u00e1tico-Pedag\u00f3gicos: Defici\u00eancia Intelectual e Transtornos Globais do<br \/>\nDesenvolvimento<br \/>\n\u2022 Atendimento Educacional Especializado (AEE)<br \/>\n\u2022 Procedimentos Did\u00e1tico-Pedag\u00f3gicos: Altas Habilidades\/Superdota\u00e7\u00e3o<br \/>\n<strong>M\u00f3dulo 3 \u2013 T\u00f3picos Complementares para a Educa\u00e7\u00e3o Especial e Educa\u00e7\u00e3o Inclusiva<\/strong><br \/>\n\u2022 Educa\u00e7\u00e3o F\u00edsica: a Corporeidade em uma Perspectiva Inclusiva<br \/>\n\u2022 Novas Tecnologias: Acessibilidade na Constru\u00e7\u00e3o da Escola Inclusiva<br \/>\n\u2022 Arte e Linguagem: Diversidade e Perspectivas<br \/>\n\u2022 Supervis\u00e3o de Est\u00e1gio<br \/>\n\u2022 Est\u00e1gio Supervisionado<\/p>\n<p><strong>DIFERENCIAIS<\/strong><br \/>\n\u2022 Corpo docente altamente especializado.<br \/>\n\u2022 Promove aprofundamento em amplo espectro da Educa\u00e7\u00e3o Especial e Inclusiva, sendo o \u00fanico da regi\u00e3o que aborda a tem\u00e1tica das altas habilidades.<br \/>\n\u2022 Supervis\u00e3o de est\u00e1gio com professores com ampla experi\u00eancia em gest\u00e3o escolar e atendimento a alunos com defici\u00eancia intelectual, transtornos globais do desenvolvimento e altas habilidades.<br \/>\n\u2022 Polo de apoio presencial com estrutura \u00fanica na regi\u00e3o.<br \/>\n\u2022 Biblioteca f\u00edsica e digital com amplo espa\u00e7o para estudos.<\/p>\n<p><strong>OBSERVA\u00c7\u00d5ES<\/strong><br \/>\nA Universidade se reserva o direito de alterar o cronograma e o corpo docente.<br \/>\nDocumenta\u00e7\u00e3o necess\u00e1ria: c\u00f3pias do RG, CPF, certid\u00e3o de nascimento ou casamento e Diploma da Gradua\u00e7\u00e3o ou Certificado de Cola\u00e7\u00e3o de Grau.<br \/>\nA inscri\u00e7\u00e3o presencial s\u00f3 poder\u00e1 ser efetuada pelo interessado no curso, ou por pessoa munida de procura\u00e7\u00e3o autenticada em cart\u00f3rio.<br \/>\nA efetiva\u00e7\u00e3o da matr\u00edcula est\u00e1 condicionada ao pagamento do boleto da 1\u00aa. parcela e entrega da documenta\u00e7\u00e3o exigida.<\/p>\n<p><strong>OUTRAS INFORMA\u00c7\u00d5ES<\/strong><br \/>\nE-mail: atendimentovirtual@unisantos.br<\/p>\n","protected":false},"excerpt":{"rendered":"<p>PROFESSORA RESPONS\u00c1VEL Prof\u00aa. Me. Marly Saba Moreira CARGA HOR\u00c1RIA 410 horas, incluindo est\u00e1gio supervisionado em local conveniado IN\u00cdCIO Mar\u00e7o\/2025 DIAS\/HOR\u00c1RIOS [&hellip;]<\/p>\n","protected":false},"author":1,"featured_media":0,"parent":210,"menu_order":0,"comment_status":"closed","ping_status":"closed","template":"","meta":{"footnotes":""},"_links":{"self":[{"href":"https:\/\/www.unisantos.br\/pos\/wp-json\/wp\/v2\/pages\/2226"}],"collection":[{"href":"https:\/\/www.unisantos.br\/pos\/wp-json\/wp\/v2\/pages"}],"about":[{"href":"https:\/\/www.unisantos.br\/pos\/wp-json\/wp\/v2\/types\/page"}],"author":[{"embeddable":true,"href":"https:\/\/www.unisantos.br\/pos\/wp-json\/wp\/v2\/users\/1"}],"replies":[{"embeddable":true,"href":"https:\/\/www.unisantos.br\/pos\/wp-json\/wp\/v2\/comments?post=2226"}],"version-history":[{"count":62,"href":"https:\/\/www.unisantos.br\/pos\/wp-json\/wp\/v2\/pages\/2226\/revisions"}],"predecessor-version":[{"id":6744,"href":"https:\/\/www.unisantos.br\/pos\/wp-json\/wp\/v2\/pages\/2226\/revisions\/6744"}],"up":[{"embeddable":true,"href":"https:\/\/www.unisantos.br\/pos\/wp-json\/wp\/v2\/pages\/210"}],"wp:attachment":[{"href":"https:\/\/www.unisantos.br\/pos\/wp-json\/wp\/v2\/media?parent=2226"}],"curies":[{"name":"wp","href":"https:\/\/api.w.org\/{rel}","templated":true}]}}