{"id":2160,"date":"2019-09-26T16:03:15","date_gmt":"2019-09-26T19:03:15","guid":{"rendered":"https:\/\/www.unisantos.br\/pos\/?page_id=2160"},"modified":"2023-08-14T13:42:05","modified_gmt":"2023-08-14T16:42:05","slug":"corpo-em-expressao","status":"publish","type":"page","link":"https:\/\/www.unisantos.br\/pos\/qualificacao\/corpo-em-expressao\/","title":{"rendered":"Corpo em Express\u00e3o"},"content":{"rendered":"<p><strong>PROFESSORA RESPONS\u00c1VEL<\/strong><br \/>\nProf\u00aa. Fernanda Souza do Nascimento<\/p>\n<p><strong>CARGA HOR\u00c1RIA<\/strong><br \/>\n8\u00a0h\/a<\/p>\n<p><strong>LOCAL<br \/>\n<\/strong>Campus Dom Id\u00edlio Jos\u00e9 Soares<\/p>\n<p><strong>OBJETIVO<br \/>\n<\/strong>O curso objetiva desenvolver a capacidade de express\u00e3o por meio do corpo em movimento, ampliando a linguagem corporal do aluno utilizando-se de diversas t\u00e9cnicas corporais, tais como a Dan\u00e7a Contempor\u00e2nea, Dan\u00e7as Brasileiras e Dan\u00e7a Oriental \u00c1rabe, al\u00e9m de jogos teatrais. O foco da oficina \u00e9 direcionado prioritariamente para adultos que nunca tiveram contato com a arte da Dan\u00e7a que atuem nas \u00e1reas de Artes, Educa\u00e7\u00e3o, M\u00fasica, Educa\u00e7\u00e3o F\u00edsica ou Teatro.<\/p>\n<p><strong>P\u00daBLICO-ALVO<\/strong><br \/>\nEstudantes e comunidade acad\u00eamica da Cat\u00f3lica de Santos.<\/p>\n<p><strong>CONTE\u00daDO<\/strong><br \/>\nExerc\u00edcios de respira\u00e7\u00e3o como potencializadores do movimento;<br \/>\nExerc\u00edcios de alongamento para melhorar a flexibilidade muscular;<br \/>\nExerc\u00edcios para ativar a consci\u00eancia corporal;<br \/>\nFatores de Movimentos da teoria Laban de Movimento, visando exercitar a criatividade;<br \/>\nO Fator Tempo como determinante para o potencial expressivo do movimento (lento\/r\u00e1pido\/transi\u00e7\u00e3o entre ambos);<br \/>\nO Fator Peso como determinante para o potencial expressivo do movimento (fraco\/forte\/transi\u00e7\u00e3o entre ambos);<br \/>\nTrabalho de movimenta\u00e7\u00e3o espec\u00edfica de bra\u00e7os e m\u00e3os na t\u00e9cnica de Dan\u00e7a Oriental;<br \/>\nExplora\u00e7\u00e3o da capacidade expressiva das extremidades corporais (m\u00e3os, p\u00e9s, cabe\u00e7a);<br \/>\nTrabalho de conscientiza\u00e7\u00e3o da capacidade expressiva do troco (plexo solar, bacia, abd\u00f4men);<br \/>\nMobiliza\u00e7\u00e3o do quadril nas dan\u00e7as brasileiras, dan\u00e7a oriental e dan\u00e7a contempor\u00e2nea;<br \/>\nEstudo de eixo do eixo corporal;<br \/>\nExerc\u00edcios t\u00e9cnicos para realiza\u00e7\u00e3o de giros simples;<br \/>\nTrabalho de conscientiza\u00e7\u00e3o da capacidade expressiva do troco (plexo solar, bacia, abdome);<br \/>\nT\u00e9cnica de Martha Graham: contra\u00e7\u00e3o\/realese\/spirel;<br \/>\nQuedas e recupera\u00e7\u00e3o.<\/p>\n<p><strong>OBSERVA\u00c7\u00d5ES<\/strong><br \/>\nA Universidade se reserva o direito de alterar o cronograma e o corpo docente.<br \/>\nDocumenta\u00e7\u00e3o necess\u00e1ria para quem n\u00e3o \u00e9 aluno da Cat\u00f3lica de Santos: c\u00f3pias do RG, CPF, certid\u00e3o de nascimento ou casamento.<br \/>\nA inscri\u00e7\u00e3o presencial s\u00f3 poder\u00e1 ser efetuada pelo interessado no curso, ou por pessoa munida de procura\u00e7\u00e3o autenticada em cart\u00f3rio.<br \/>\nA efetiva\u00e7\u00e3o da matr\u00edcula est\u00e1 condicionada ao pagamento do boleto da 1\u00aa. parcela e entrega da documenta\u00e7\u00e3o exigida.<\/p>\n<p><strong>OUTRAS INFORMA\u00c7\u00d5ES<\/strong><br \/>\nDepartamento de Atendimento Integrado<br \/>\nTelefones: (13) 3205-5555<br \/>\nE-mail: dat@unisantos.br<\/p>\n","protected":false},"excerpt":{"rendered":"<p>PROFESSORA RESPONS\u00c1VEL Prof\u00aa. Fernanda Souza do Nascimento CARGA HOR\u00c1RIA 8\u00a0h\/a LOCAL Campus Dom Id\u00edlio Jos\u00e9 Soares OBJETIVO O curso objetiva [&hellip;]<\/p>\n","protected":false},"author":1,"featured_media":0,"parent":399,"menu_order":0,"comment_status":"closed","ping_status":"closed","template":"","meta":{"footnotes":""},"_links":{"self":[{"href":"https:\/\/www.unisantos.br\/pos\/wp-json\/wp\/v2\/pages\/2160"}],"collection":[{"href":"https:\/\/www.unisantos.br\/pos\/wp-json\/wp\/v2\/pages"}],"about":[{"href":"https:\/\/www.unisantos.br\/pos\/wp-json\/wp\/v2\/types\/page"}],"author":[{"embeddable":true,"href":"https:\/\/www.unisantos.br\/pos\/wp-json\/wp\/v2\/users\/1"}],"replies":[{"embeddable":true,"href":"https:\/\/www.unisantos.br\/pos\/wp-json\/wp\/v2\/comments?post=2160"}],"version-history":[{"count":5,"href":"https:\/\/www.unisantos.br\/pos\/wp-json\/wp\/v2\/pages\/2160\/revisions"}],"predecessor-version":[{"id":5467,"href":"https:\/\/www.unisantos.br\/pos\/wp-json\/wp\/v2\/pages\/2160\/revisions\/5467"}],"up":[{"embeddable":true,"href":"https:\/\/www.unisantos.br\/pos\/wp-json\/wp\/v2\/pages\/399"}],"wp:attachment":[{"href":"https:\/\/www.unisantos.br\/pos\/wp-json\/wp\/v2\/media?parent=2160"}],"curies":[{"name":"wp","href":"https:\/\/api.w.org\/{rel}","templated":true}]}}