{"id":215,"date":"2018-10-08T15:13:35","date_gmt":"2018-10-08T18:13:35","guid":{"rendered":"https:\/\/www.unisantos.br\/pos\/?page_id=215"},"modified":"2025-03-07T16:49:14","modified_gmt":"2025-03-07T19:49:14","slug":"direito-do-trabalho-e-processo-do-trabalho","status":"publish","type":"page","link":"https:\/\/www.unisantos.br\/pos\/lato-sensu\/direito-do-trabalho-e-processo-do-trabalho\/","title":{"rendered":"Direito do Trabalho e Processo do Trabalho"},"content":{"rendered":"<p><strong>PROFESSOR RESPONS\u00c1VEL<br \/>\n<\/strong>Prof. Dr. Rodrigo de Farias Juli\u00e3o<\/p>\n<p><strong>CARGA HOR\u00c1RIA<br \/>\n<\/strong>360 horas<\/p>\n<p><strong>IN\u00cdCIO<\/strong><br \/>\nMar\u00e7o\/2025<\/p>\n<p><strong>DIAS\/HOR\u00c1RIO<\/strong><br \/>\nSegundas e quartas-feiras, das 18h45 \u00e0s 22h45<\/p>\n<p><strong>MODALIDADE<br \/>\n<\/strong>EAD Live, organizada em encontros digitais ao vivo com suporte de Ambiente Virtual de Aprendizagem<strong><br \/>\n<\/strong><\/p>\n<p><strong>P\u00daBLICO-ALVO<br \/>\n<\/strong>Graduados em Direito e \u00e1reas afins.<\/p>\n<p><strong>OBJETIVOS<br \/>\n<\/strong>\u2022 Aprofundar conhecimentos, bem como propiciar reflex\u00e3o acerca da aplica\u00e7\u00e3o do Direito do Trabalho e Processual do Trabalho, dentro dos pressupostos te\u00f3ricos e pr\u00e1ticos atuais.<br \/>\n\u2022 Contribuir para a forma\u00e7\u00e3o cr\u00edtica do profissional do Direito e \u00e1reas afins.<br \/>\n\u2022 Discutir as correntes contempor\u00e2neas mais relevantes em Direito do Trabalho.<br \/>\n\u2022 Promover a discuss\u00e3o a respeito dos temas centrais em Direito do Trabalho, de forma a problematizar a dogm\u00e1tica jur\u00eddica, conectando-o com o Direito Processual, de maneira coerente e consent\u00e2nea com o Direito Constitucional.<br \/>\n\u2022 Estimular a criatividade e percep\u00e7\u00e3o dos m\u00faltiplos aspectos que decorrem do estudo dos dois ramos do Direito.<br \/>\n\u2022 Propiciar a inter-rela\u00e7\u00e3o com outras \u00e1reas, como o Meio Ambiente do Trabalho, Direito Previdenci\u00e1rio, Direito Internacional do Trabalho e Direito Processual Coletivo.<\/p>\n<p><strong>INVESTIMENTO<\/strong><br \/>\n18 parcelas de R$ 399<\/p>\n<p><strong>CONTE\u00daDO<br \/>\n<\/strong>Teoria Geral do Trabalho<br \/>\nDireito Individual do Trabalho I e II<br \/>\nDireito Coletivo do Trabalho<br \/>\nProcesso do Trabalho I e II<br \/>\nMeio Ambiente do Trabalho<br \/>\nDireito Administrativo do Trabalho<br \/>\nDireito do Trabalho em Empresas Insolventes<br \/>\nDireito Internacional do Trabalho<br \/>\nGest\u00e3o das Rela\u00e7\u00f5es de Trabalho<br \/>\nDireito Previdenci\u00e1rio Aplicado \u00e0s Rela\u00e7\u00f5es de Trabalho<br \/>\nProcesso Coletivo do Trabalho<br \/>\nMeios Alternativos de Solu\u00e7\u00e3o de Conflitos Trabalhistas<strong>\u00a0<\/strong><\/p>\n<p><strong>OBSERVA\u00c7\u00d5ES<\/strong><br \/>\nA Universidade se reserva o direito de alterar o cronograma e o corpo docente.<br \/>\nDocumenta\u00e7\u00e3o necess\u00e1ria: c\u00f3pias do RG, CPF, certid\u00e3o de nascimento ou casamento e Diploma da Gradua\u00e7\u00e3o ou Certificado de Cola\u00e7\u00e3o de Grau.<br \/>\nA inscri\u00e7\u00e3o presencial s\u00f3 poder\u00e1 ser efetuada pelo interessado no curso, ou por pessoa munida de procura\u00e7\u00e3o autenticada em cart\u00f3rio.<br \/>\nA efetiva\u00e7\u00e3o da matr\u00edcula est\u00e1 condicionada ao pagamento do boleto da 1\u00aa. parcela e entrega da documenta\u00e7\u00e3o exigida.<\/p>\n<p><strong>OUTRAS INFORMA\u00c7\u00d5ES<\/strong><br \/>\nE-mail: atendimentovirtual@unisantos.br<\/p>\n","protected":false},"excerpt":{"rendered":"<p>PROFESSOR RESPONS\u00c1VEL Prof. Dr. Rodrigo de Farias Juli\u00e3o CARGA HOR\u00c1RIA 360 horas IN\u00cdCIO Mar\u00e7o\/2025 DIAS\/HOR\u00c1RIO Segundas e quartas-feiras, das 18h45 [&hellip;]<\/p>\n","protected":false},"author":1,"featured_media":216,"parent":210,"menu_order":0,"comment_status":"closed","ping_status":"closed","template":"","meta":{"footnotes":""},"_links":{"self":[{"href":"https:\/\/www.unisantos.br\/pos\/wp-json\/wp\/v2\/pages\/215"}],"collection":[{"href":"https:\/\/www.unisantos.br\/pos\/wp-json\/wp\/v2\/pages"}],"about":[{"href":"https:\/\/www.unisantos.br\/pos\/wp-json\/wp\/v2\/types\/page"}],"author":[{"embeddable":true,"href":"https:\/\/www.unisantos.br\/pos\/wp-json\/wp\/v2\/users\/1"}],"replies":[{"embeddable":true,"href":"https:\/\/www.unisantos.br\/pos\/wp-json\/wp\/v2\/comments?post=215"}],"version-history":[{"count":45,"href":"https:\/\/www.unisantos.br\/pos\/wp-json\/wp\/v2\/pages\/215\/revisions"}],"predecessor-version":[{"id":6734,"href":"https:\/\/www.unisantos.br\/pos\/wp-json\/wp\/v2\/pages\/215\/revisions\/6734"}],"up":[{"embeddable":true,"href":"https:\/\/www.unisantos.br\/pos\/wp-json\/wp\/v2\/pages\/210"}],"wp:featuredmedia":[{"embeddable":true,"href":"https:\/\/www.unisantos.br\/pos\/wp-json\/wp\/v2\/media\/216"}],"wp:attachment":[{"href":"https:\/\/www.unisantos.br\/pos\/wp-json\/wp\/v2\/media?parent=215"}],"curies":[{"name":"wp","href":"https:\/\/api.w.org\/{rel}","templated":true}]}}