{"id":2110,"date":"2019-09-12T15:46:25","date_gmt":"2019-09-12T18:46:25","guid":{"rendered":"https:\/\/www.unisantos.br\/pos\/?page_id=2110"},"modified":"2023-08-14T14:14:38","modified_gmt":"2023-08-14T17:14:38","slug":"desenvolvimento-de-projetos-com-node-red","status":"publish","type":"page","link":"https:\/\/www.unisantos.br\/pos\/qualificacao\/desenvolvimento-de-projetos-com-node-red\/","title":{"rendered":"Desenvolvimento de Projetos com Node-RED"},"content":{"rendered":"<p><strong>PROFESSOR RESPONS\u00c1VEL<\/strong><br \/>\nProf. Esp. Fernando Veiga<\/p>\n<p><strong>CARGA HOR\u00c1RIA<\/strong><br \/>\n16 h<\/p>\n<p><strong>LOCAL<\/strong><br \/>\nCampus Dom Id\u00edlio Jos\u00e9 Soares<\/p>\n<p><strong>OBJETIVO<\/strong><br \/>\nO curso tem como objetivo mostrar o potencial que o Node-RED possui e todas suas funcionalidades de integra\u00e7\u00f5es com API e hardware de forma simples e eficiente.<br \/>\nSer\u00e1 abordado caracter\u00edsticas b\u00e1sicas como o utiliza\u00e7\u00e3o de inje\u00e7\u00e3o de informa\u00e7\u00f5es, requisi\u00e7\u00f5es via API, acesso a hardwares como Arduino e\/ou Raspberry, cria\u00e7\u00e3o de dashboards web e chatbot simples com Telegram com integra\u00e7\u00e3o a Ferramentas em cloud como IBM Watson.<\/p>\n<p><strong>P\u00daBLICO-ALVO<\/strong><br \/>\nAlunos do ensino m\u00e9dio, preferencialmente que tenham afinidade com a \u00e1rea de exatas, alunos do ensino m\u00e9dio t\u00e9cnico, gradua\u00e7\u00e3o ou p\u00f3s-gradua\u00e7\u00e3o, todos de cursos da \u00e1rea de exatas. Pr\u00e9-requisitos m\u00ednimos s\u00e3o no\u00e7\u00f5es b\u00e1sicas de microinform\u00e1tica e racioc\u00ednio l\u00f3gico.<\/p>\n<p><strong>CONTE\u00daDO<\/strong><br \/>\n\u25cf Instala\u00e7\u00e3o \u2013 introdu\u00e7\u00e3o<br \/>\nO que \u00e9 o NodeJS e NPM ? &#8211; Vis\u00e3o geral<br \/>\nO que \u00e9 Node-Red ? &#8211; Vis\u00e3o geral e instala\u00e7\u00e3o instala\u00e7\u00e3o<br \/>\n\u25cf Programa\u00e7\u00e3o em fluxo \u2013 introdu\u00e7\u00e3o<br \/>\nPrograma\u00e7\u00e3o baseada em Fluxo &#8212; vis\u00e3o geral<br \/>\nConhecendo Editor de fluxo Node-Red browser<br \/>\n\u25cf Entrando de cabe\u00e7a no mundo Node-Red (Nodes B\u00e1sicos)<br \/>\nNodes de Entrada e sa\u00edda<br \/>\n\u25cf\u00a0Inject<br \/>\n\u25cf Debug<br \/>\nNodes de tratamento de Fluxo<br \/>\n\u25cf Delay<br \/>\n\u25cf Trigger<br \/>\n\u25cf Template<br \/>\n\u25cf Function<br \/>\nNodes de tratamento de Fluxo<br \/>\n\u25cf\u00a0Switch<br \/>\n\u25cf\u00a0Change<br \/>\n\u25cf\u00a0Range<br \/>\nNodes de acesso Avan\u00e7ado<br \/>\n\u25cf\u00a0Exec<br \/>\nNodes de configura\u00e7\u00e3o<br \/>\nInstala\u00e7\u00e3o de Nodes<br \/>\n\u25cf\u00a0IBM Watson<br \/>\n\u25cf\u00a0Dashboard<br \/>\n\u25cf\u00a0Google APIs<br \/>\nIntegra\u00e7\u00e3o com APIs<br \/>\n\u25cf\u00a0Google APIs<br \/>\n\u25cf\u00a0IBM Watson APIs<br \/>\n\u25cf\u00a0Protocolo de Comunica\u00e7\u00e3o MQTT<br \/>\nO que \u00e9 MQTT ?<br \/>\nCriando um tr\u00e1fego interno MQTT<br \/>\nCriando um tr\u00e1fego externo MQTT<br \/>\n\u25cf Criando Dashboards no Node red<br \/>\nConfigurando Tabs e Grups<br \/>\nConfigurando Nodes Dashboard Entrada<br \/>\n\u25cf\u00a0Button<br \/>\n\u25cf\u00a0Form<br \/>\n\u25cf\u00a0Text input<br \/>\n\u25cf\u00a0Slider<br \/>\n\u25cf\u00a0Switch<br \/>\nConfigurando Nodes Dashboard Saida<br \/>\n\u25cf\u00a0Gaunge<br \/>\n\u25cf\u00a0Chart<br \/>\n\u25cf\u00a0Text<br \/>\n\u25cf\u00a0Notification<br \/>\n\u25cf\u00a0Audio out<br \/>\n\u25cf Chatbot com Telegram Cria\u00e7\u00e3o de Bot no Telegram<br \/>\nConfigurando o Node de entrada do Telegram<br \/>\nTratando informa\u00e7\u00f5es do Telegram<br \/>\nRespondendo Telegram com mensagens personalizadas<br \/>\nResposta de audio via Telegram<br \/>\n\u25cf Node Red em cloud<br \/>\nIniciando servi\u00e7os IBM Cloud<br \/>\nInstanciando aplica\u00e7\u00e3o NodeRED em cloud<br \/>\nIntegrando Servi\u00e7os do Watson no NodeRED<\/p>\n<p><strong>OBSERVA\u00c7\u00d5ES<br \/>\n<\/strong>A Universidade se reserva o direito de alterar o cronograma e o corpo docente.<br \/>\nDocumenta\u00e7\u00e3o necess\u00e1ria para quem n\u00e3o \u00e9 aluno da Cat\u00f3lica de Santos: c\u00f3pias do RG, CPF, certid\u00e3o de nascimento ou casamento.<br \/>\nA inscri\u00e7\u00e3o presencial s\u00f3 poder\u00e1 ser efetuada pelo interessado no curso, ou por pessoa munida de procura\u00e7\u00e3o autenticada em cart\u00f3rio.<br \/>\nA efetiva\u00e7\u00e3o da matr\u00edcula est\u00e1 condicionada ao pagamento do boleto da 1\u00aa. parcela e entrega da documenta\u00e7\u00e3o exigida.<\/p>\n<p><strong>OUTRAS INFORMA\u00c7\u00d5ES<\/strong><br \/>\nDepartamento de Atendimento Integrado<br \/>\nTelefones: (13) 3205-5555<br \/>\nE-mail: dat@unisantos.br<\/p>\n","protected":false},"excerpt":{"rendered":"<p>PROFESSOR RESPONS\u00c1VEL Prof. Esp. Fernando Veiga CARGA HOR\u00c1RIA 16 h LOCAL Campus Dom Id\u00edlio Jos\u00e9 Soares OBJETIVO O curso tem [&hellip;]<\/p>\n","protected":false},"author":1,"featured_media":0,"parent":399,"menu_order":0,"comment_status":"closed","ping_status":"closed","template":"","meta":{"footnotes":""},"_links":{"self":[{"href":"https:\/\/www.unisantos.br\/pos\/wp-json\/wp\/v2\/pages\/2110"}],"collection":[{"href":"https:\/\/www.unisantos.br\/pos\/wp-json\/wp\/v2\/pages"}],"about":[{"href":"https:\/\/www.unisantos.br\/pos\/wp-json\/wp\/v2\/types\/page"}],"author":[{"embeddable":true,"href":"https:\/\/www.unisantos.br\/pos\/wp-json\/wp\/v2\/users\/1"}],"replies":[{"embeddable":true,"href":"https:\/\/www.unisantos.br\/pos\/wp-json\/wp\/v2\/comments?post=2110"}],"version-history":[{"count":5,"href":"https:\/\/www.unisantos.br\/pos\/wp-json\/wp\/v2\/pages\/2110\/revisions"}],"predecessor-version":[{"id":5538,"href":"https:\/\/www.unisantos.br\/pos\/wp-json\/wp\/v2\/pages\/2110\/revisions\/5538"}],"up":[{"embeddable":true,"href":"https:\/\/www.unisantos.br\/pos\/wp-json\/wp\/v2\/pages\/399"}],"wp:attachment":[{"href":"https:\/\/www.unisantos.br\/pos\/wp-json\/wp\/v2\/media?parent=2110"}],"curies":[{"name":"wp","href":"https:\/\/api.w.org\/{rel}","templated":true}]}}