{"id":206,"date":"2018-10-08T14:35:20","date_gmt":"2018-10-08T17:35:20","guid":{"rendered":"https:\/\/www.unisantos.br\/pos\/?page_id=206"},"modified":"2025-09-24T18:15:02","modified_gmt":"2025-09-24T21:15:02","slug":"noticias-do-mestrado-em-saude-coletiva","status":"publish","type":"page","link":"https:\/\/www.unisantos.br\/pos\/stricto-sensu\/mestrado\/mestrado-em-saude-coletiva\/noticias-do-mestrado-em-saude-coletiva\/","title":{"rendered":"Not\u00edcias do Mestrado em Sa\u00fade Coletiva"},"content":{"rendered":"<p><strong>2025<\/strong><\/p>\n<p>\u2022 <a href=\"https:\/\/www.unisantos.br\/portal\/noticias\/saude-coletiva-pesquisadora-da-unisantos-e-selecionada-para-o-primeiro-curso-avancado-de-vacinologia-no-brasil\/\">SA\u00daDE COLETIVA &#8211; Pesquisadora da UNISANTOS \u00e9 selecionada para o primeiro curso avan\u00e7ado de vacinologia no Brasil (AdVac Brasil 2025)<\/a><\/p>\n<p>\u2022 <a href=\"https:\/\/www.unisantos.br\/portal\/noticias\/stricto-sensu-pesquisadores-do-programa-de-pos-graduacao-em-saude-coletiva-participam-de-eventos-no-brasil-e-na-inglaterra\/\" target=\"_blank\" rel=\"noopener\">STRICTO SENSU &#8211; Pesquisadores do Programa de P\u00f3s-Gradua\u00e7\u00e3o em Sa\u00fade Coletiva participam de eventos no Brasil e na Inglaterra<\/a><\/p>\n<p>\u2022 <a href=\"https:\/\/www.unisantos.br\/portal\/noticias\/internacional-pesquisadores-da-pos-graduacao-em-saude-coletiva-apresentam-trabalhos-em-portugal\/\">INTERNACIONAL &#8211; Pesquisadores da P\u00f3s-Gradua\u00e7\u00e3o em Sa\u00fade Coletiva apresentam trabalhos em Portugal<\/a><\/p>\n<p>\u2022 <a href=\"https:\/\/www.unisantos.br\/portal\/noticias\/pos-graduacao-vigilancia-popular-em-saude-e-mudancas-climaticas-foi-tema-da-aula-inaugural-em-saude-coletiva\/\">P\u00d3S-GRADUA\u00c7\u00c3O \u2013 &#8220;Vigil\u00e2ncia popular em sa\u00fade e mudan\u00e7as clim\u00e1ticas&#8221; foi o tema da aula inaugural em Sa\u00fade Coletiva<\/a><\/p>\n<p><strong>2024<\/strong><\/p>\n<p>\u2022 <a href=\"https:\/\/www.unisantos.br\/portal\/noticias\/abrasco-docentes-e-estudantes-da-pos-graduacao-em-saude-coletiva-apresentam-trabalhos-em-congresso-de-epidemiologia\/\">PESQUISAS \u2013 Docentes e estudantes da P\u00f3s-Gradua\u00e7\u00e3o em Sa\u00fade Coletiva apresentam trabalhos em congresso de epidemiologia e simp\u00f3sio<\/a><\/p>\n<p>\u2022 <a href=\"https:\/\/www.unisantos.br\/portal\/noticias\/internacional-pesquisador-da-unisantos-participa-de-congresso-mundial-de-antropologia-na-africa-do-sul\/\">INTERNACIONAL \u2013 Pesquisador da UNISANTOS participa de congresso mundial de Antropologia, na \u00c1frica do Sul<\/a><\/p>\n<p>\u2022 <a href=\"https:\/\/www.unisantos.br\/portal\/noticias\/evento-pesquisadores-da-unisantos-participam-do-forum-nacional-de-coordenadores-de-pos-graduacao-em-saude-coletiva\/\">EVENTOS \u2013 Pesquisadores participam do F\u00f3rum Nacional de Coordenadores de P\u00f3s-Gradua\u00e7\u00e3o em Sa\u00fade Coletiva e do Congresso Brasileiro de Pol\u00edtica e Gest\u00e3o da Sa\u00fade<\/a><\/p>\n<p>\u2022 <a href=\"https:\/\/www.unisantos.br\/portal\/noticias\/destaque\/\">DESTAQUE &#8211; Professor Alf\u00e9sio Braga est\u00e1 entre os 3% melhores cientistas do Brasil, da Am\u00e9rica Latina e do mundo. UNISANTOS tem 24 docentes no AD Scientific Index 2025<\/a><\/p>\n<p>\u2022 <a href=\"https:\/\/www.unisantos.br\/portal\/noticias\/relatorio-pesquisadores-da-unisantos-participam-de-estudo-sobre-saude-reprodutiva-e-nocividade-dos-agrotoxicos\/\">RELAT\u00d3RIO \u2013 Pesquisadores participam de estudo sobre sa\u00fade reprodutiva e a nocividade dos agrot\u00f3xicos<\/a><\/p>\n<p>\u2022 <a href=\"https:\/\/www.unisantos.br\/portal\/noticias\/pos-graduacao-projeto-mudancas-climaticas-e-saude-publica-na-baixada-santista-e-aprovado-pelo-cnpq\/\">P\u00d3S-GRADUA\u00c7\u00c3O \u2013 Projeto \u201cMudan\u00e7as Clim\u00e1ticas e Sa\u00fade P\u00fablica na Baixada Santista\u201d \u00e9 aprovado pelo CNPq<\/a><\/p>\n<p>\u2022 <a href=\"https:\/\/www.unisantos.br\/portal\/noticias\/saude-coletiva-pesquisador-da-unisantos-participa-do-vii-congresso-internacional-da-associacao-latinoamericana-de-antropologia\/\">SA\u00daDE COLETIVA \u2013 Pesquisador da UNISANTOS participa do VII Congresso Internacional da Associa\u00e7\u00e3o Latinoamericana de Antropologia<\/a><\/p>\n<p><strong>2023<\/strong><\/p>\n<p><a href=\"https:\/\/www.unisantos.br\/portal\/noticias\/na-midia-pesquisador-da-unisantos-alfesio-braga-fala-sobre-os-desafios-do-novo-governo-na-area-da-saude\/\">\u2022 NA M\u00cdDIA \u2013 Pesquisador da UNISANTOS, Alf\u00e9sio Braga fala sobre os desafios do novo governo na \u00e1rea da sa\u00fade<\/a><\/p>\n<p><strong>2022<\/strong><\/p>\n<p><a href=\"https:\/\/www.unisantos.br\/portal\/noticias\/internacional-pesquisadora-da-unisantos-participa-da-grand-challenges-annual-meeting-2022-em-bruxelas\/\">\u2022 INTERNACIONAL \u2013 Pesquisadora da UNISANTOS participa da Grand Challenges Annual Meeting 2022, em Bruxelas<\/a><\/p>\n<p><a href=\"https:\/\/www.unisantos.br\/portal\/noticias\/alerta-em-artigo-pesquisadores-denunciam-negligencia-e-lentidao-no-brasil-no-enfrentamento-a-monkeypox-a-variola-dos-macacos\/\">\u2022 EMERG\u00caNCIA DE SA\u00daDE GLOBAL \u2013 Em artigo, pesquisadores denunciam neglig\u00eancia e lentid\u00e3o no Brasil no enfrentamento \u00e0 Monkeypox, a var\u00edola dos macacos<\/a><\/p>\n<p><a href=\"https:\/\/www.unisantos.br\/portal\/noticias\/publicacao-e-book-observatorio-da-agua-e-resultado-de-curso-de-capacitacao-desenvolvido-pela-unisantos\/\" target=\"_blank\" rel=\"noopener\">\u2022 PUBLICA\u00c7\u00c3O \u2013 E-book \u201cObservat\u00f3rio da \u00c1gua\u201d \u00e9 resultado de curso de capacita\u00e7\u00e3o desenvolvido pela UNISANTOS<\/a><\/p>\n<p><a href=\"https:\/\/www.unisantos.br\/portal\/noticias\/artigo-doutora-em-saude-coletiva-pela-unisantos-tem-pesquisa-publicada-em-revista-internacional\/\" target=\"_blank\" rel=\"noopener\">\u2022\u00a0ARTIGO &#8211; Doutora em Sa\u00fade Coletiva pela UNISANTOS tem pesquisa publicada em revista internacional<\/a><\/p>\n<p><a href=\"https:\/\/www.unisantos.br\/portal\/noticias\/saude-pesquisadores-falam-sobre-a-relacao-entre-saude-tecnologia-e-etica-no-i-simposio-interdisciplinar-de-saude\/\" target=\"_blank\" rel=\"noopener\">\u2022\u00a0SA\u00daDE \u2013 Pesquisadores falam sobre a rela\u00e7\u00e3o entre sa\u00fade, tecnologia e \u00e9tica no I Simp\u00f3sio Interdisciplinar de Sa\u00fade<\/a><\/p>\n<p><a href=\"https:\/\/www.unisantos.br\/portal\/noticias\/internacional-pesquisadoras-da-unisantos-tem-estudo-compartilhado-em-canal-do-youtube-canadense-de-divulgacao-de-producao-cientifica\/\" target=\"_blank\" rel=\"noopener\">\u2022\u00a0INTERNACIONAL \u2013 Pesquisadoras da UNISANTOS t\u00eam estudo compartilhado em canal do youtube canadense de divulga\u00e7\u00e3o de produ\u00e7\u00e3o cient\u00edfica<\/a><\/p>\n<p><strong>2021<\/strong><\/p>\n<p><a href=\"https:\/\/www.unisantos.br\/portal\/noticias\/saude-pesquisadores-do-grupo-de-estudos-de-cronobiologia-e-sono-apresentam-trabalhos-no-xviii-congresso-brasileiro-de-sono\/\" target=\"_blank\" rel=\"noopener\">\u2022\u00a0CONGRESSO \u2013 Pesquisadores do Grupo de Estudos de Cronobiologia e Sono apresentam trabalhos<\/a><\/p>\n<p><a href=\"https:\/\/www.unisantos.br\/portal\/noticias\/reconhecimento-unisantos-e-destaque-no-ranking-latin-america-top-10-000-scientists-que-relaciona-os-melhores-pesquisadores-latino-americanos\/\" target=\"_blank\" rel=\"noopener\">\u2022\u00a0RECONHECIMENTO \u2013 Universidade Cat\u00f3lica de Santos \u00e9 destaque no ranking \u2018Latin America Top 10.000 Scientists\u2019, que relaciona os melhores pesquisadores latino-americanos<\/a><\/p>\n<p><a href=\"https:\/\/www.unisantos.br\/portal\/noticias\/saude-congresso-multidisciplinar-de-saude-da-baixada-santista-debate-temas-atuais-na-area-da-saude-e-politicas-publicas\/\" target=\"_blank\" rel=\"noopener\">\u2022\u00a0SA\u00daDE &#8211; Congresso Multidisciplinar de Sa\u00fade da Baixada Santista debate temas atuais na \u00e1rea da sa\u00fade e pol\u00edticas p\u00fablicas<\/a><\/p>\n<p><a href=\"https:\/\/www.unisantos.br\/portal\/noticias\/meio-ambiente-i-congresso-de-recursos-hidricos-da-baixada-santista-debate-qualidade-das-aguas-o-lixo-urbano-e-o-tratamento-dos-seus-efluentes\/\" target=\"_blank\" rel=\"noopener\">\u2022\u00a0MEIO AMBIENTE &#8211; I Congresso de Recursos H\u00eddricos da Baixada Santista debate qualidade das \u00e1guas, o lixo urbano e o tratamento dos seus efluentes<\/a><\/p>\n<p><a href=\"https:\/\/www.unisantos.br\/portal\/noticias\/ii-simposio-de-imunizacao-em-conferencia-de-abertura-pesquisador-indiano-alerta-sobre-politica-de-inclusao-e-reformas-institucionais-para-enfrentar-a-covid-19\/\" target=\"_blank\" rel=\"noopener\">\u2022\u00a0II SIMP\u00d3SIO DE IMUNIZA\u00c7\u00c3O\u2013 Em confer\u00eancia de abertura, pesquisador indiano alerta sobre pol\u00edtica de inclus\u00e3o e reformas institucionais para enfrentar a Covid-19<\/a><\/p>\n<p><a href=\"https:\/\/www.unisantos.br\/portal\/noticias\/tv-tribuna-coordenadoras-do-observatorio-das-vacinas-pesquisadoras-da-unisantos-falam-sobre-mapeamento-da-cobertura-vacinal-no-jornal-da-tribuna-1a-edicao\/\" target=\"_blank\" rel=\"noopener\">\u2022\u00a0TV TRIBUNA \u2013 Coordenadoras do Observat\u00f3rio das Vacinas, pesquisadoras da UNISANTOS falam sobre mapeamento da cobertura vacinal no Jornal da Tribuna \u2013 1\u00aa edi\u00e7\u00e3o<\/a><\/p>\n<p><a href=\"https:\/\/www.unisantos.br\/portal\/noticias\/vacinas-grupo-observatorio-das-vacinas-lanca-o-e-book-imunizacao-e-cobertura-vacinal-passado-presente-e-futuro\/\" target=\"_blank\" rel=\"noopener\">\u2022\u00a0VACINAS \u2013 Grupo de Pesquisa Observat\u00f3rio das Vacinas lan\u00e7a o e-book \u201cImuniza\u00e7\u00e3o e cobertura vacinal: passado, presente e futuro\u201d<\/a><\/p>\n<p><a href=\"https:\/\/www.unisantos.br\/portal\/noticias\/tv-tribuna-pesquisadora-da-unisantos-fala-sobre-higiene-do-sono-no-bom-dia-regiao-e-no-jornal-da-tribuna-1a-edicao\/\" target=\"_blank\" rel=\"noopener\">\u2022\u00a0TV Tribuna \u2013 \u00a0Pesquisadora da UNISANTOS \u00a0fala sobre higiene do sono no Bom Dia Regi\u00e3o e no Jornal da Tribuna \u2013 1\u00aa edi\u00e7\u00e3o<\/a><\/p>\n<p><a href=\"https:\/\/www.unisantos.br\/wp-content\/uploads\/2021\/04\/higiene-do-sono.pdf\" target=\"_blank\" rel=\"noopener\">\u2022\u00a0BEM-ESTAR \u2013 Docente do Programa de P\u00f3s-Gradua\u00e7\u00e3o Stricto Sensu em Sa\u00fade Coletiva d\u00e1 dicas para melhorar a qualidade do sono<\/a><\/p>\n<p><a href=\"https:\/\/www.unisantos.br\/portal\/noticias\/evento-docente-e-doutoranda-do-programa-de-pos-graduacao-stricto-sensu-em-saude-coletiva-participam-da-semana-do-sono\/\" target=\"_blank\" rel=\"noopener\">\u2022\u00a0EVENTO \u2013 Docente e doutoranda do Programa de P\u00f3s-Gradua\u00e7\u00e3o Stricto Sensu em Sa\u00fade Coletiva participam da Semana do Sono<\/a><\/p>\n<p><a href=\"https:\/\/www.unisantos.br\/wp-content\/uploads\/2021\/01\/Pesquisadores-brasileiros-criam-Observat%C3%B3rio-de-Vacinas-para-fornecer-subs%C3%ADdios-a-pol%C3%ADticas-p%C3%BAblicas-de-imuniza%C3%A7%C3%A3o-infantil-no-Brasil.pdf\" target=\"_blank\" rel=\"noopener\">\u2022\u00a0RECONHECIMENTO \u2013 Portal do Governo Federal divulga a cria\u00e7\u00e3o do Observat\u00f3rio das Vacinas e destaca pesquisadores da UNISANTOS<\/a><\/p>\n<p><a href=\"https:\/\/www.unisantos.br\/portal\/noticias\/saude-unisantos-promove-evento-internacional-em-parceria-com-a-usp-para-discutir-ciencia-avancada-em-ecologia-do-sono-humano-e-ritmos-biologicos\/\" target=\"_blank\" rel=\"noopener\">\u2022\u00a0SA\u00daDE \u2013 UNISANTOS promove evento internacional, em parceria com a Universidade de S\u00e3o Paulo, para discutir ci\u00eancia avan\u00e7ada em ecologia do sono humano e ritmos biol\u00f3gicos<\/a><\/p>\n<p><strong>2020<\/strong><\/p>\n<p><a href=\"https:\/\/www.unisantos.br\/portal\/noticias\/internacional-pesquisadora-do-programa-de-pos-graduacao-em-saude-coletiva-e-uma-das-novas-conselheiras-executivas-da-working-time-society-wts\/\" target=\"_blank\" rel=\"noopener\">\u2022\u00a0INTERNACIONAL \u2013 Pesquisadora do Programa de P\u00f3s-Gradua\u00e7\u00e3o Stricto Sensu em Sa\u00fade Coletiva \u00e9 a nova conselheira executiva da Working Time Society (WTS)<\/a><\/p>\n<p><a href=\"https:\/\/www.unisantos.br\/portal\/noticias\/saude-em-simposio-de-imunizacao-pesquisadores-da-unisantos-lancam-o-observatorio-das-vacinas-o-maior-banco-de-dados-sobre-a-cobertura-vacinal-do-pais-na-regiao-numeros-estao-abaixo-da-me\/\" target=\"_blank\" rel=\"noopener\">\u2022\u00a0SA\u00daDE \u2013 Em Simp\u00f3sio de Imuniza\u00e7\u00e3o, pesquisadores da UNISANTOS lan\u00e7am o Observat\u00f3rio das Vacinas, o maior banco de dados sobre a cobertura vacinal do Pa\u00eds<\/a><\/p>\n<p><a href=\"https:\/\/www.unisantos.br\/wp-content\/uploads\/2020\/10\/Vacina%C3%A7%C3%A3o-em-queda-vira-tema-de-estudo-I-Simp%C3%B3sio-de-Imuniza%C3%A7%C3%A3o.pdf\" target=\"_blank\" rel=\"noopener\">\u2022\u00a0VACINA\u00c7\u00c3O \u2013 Estudo da UNISANTOS e I Simp\u00f3sio de Imuniza\u00e7\u00e3o s\u00e3o destaques no Jornal A Tribuna<\/a><\/p>\n<p><a href=\"https:\/\/www.unisantos.br\/portal\/noticias\/experiencias-nova-turma-de-estudantes-do-programa-expedicao-cientifica-para-o-ensino-medio-inicia-atividades-praticas-em-diferentes-areas-do-conhecimento\/\" target=\"_blank\" rel=\"noopener\">\u2022\u00a0EXPERI\u00caNCIAS \u2013 Mais de 70 estudantes do Programa Expedi\u00e7\u00e3o Cient\u00edfica para o ensino m\u00e9dio iniciam atividades<\/a><\/p>\n<p><a href=\"https:\/\/www.unisantos.br\/portal\/noticias\/desinformacao-pesquisadora-da-unisantos-participa-de-debate-sobre-letramentos-cientifico-e-negacionismo\/\" target=\"_blank\" rel=\"noopener\">\u2022\u00a0DESINFORMA\u00c7\u00c3O &#8211; Pesquisadora da UNISANTOS participa de debate sobre letramentos cient\u00edfico e negacionismo<\/a><\/p>\n<p><a href=\"https:\/\/www.unisantos.br\/portal\/noticias\/refugiado-em-seminario-catedra-sergio-vieira-de-mello-debate-questoes-sobre-refugio-na-pandemia\/\" target=\"_blank\" rel=\"noopener\">\u2022\u00a0REFUGIADO \u2013 Em semin\u00e1rio, C\u00e1tedra S\u00e9rgio Vieira de Mello debate quest\u00f5es sobre ref\u00fagio na pandemia<\/a><\/p>\n<p><a href=\"https:\/\/www.unisantos.br\/portal\/noticias\/covid-19-pesquisadores-da-unisantos-realizam-estudo-sobre-o-novo-coronavirus-em-municipios-de-sao-paulo\/\" target=\"_blank\" rel=\"noopener\">\u2022\u00a0COVID-19 \u2013 Pesquisadores da UNISANTOS realizam estudo sobre o novo coronav\u00edrus em munic\u00edpios de S\u00e3o Paulo<\/a><\/p>\n<p><a href=\"https:\/\/www.unisantos.br\/wp-content\/uploads\/2020\/06\/observat%C3%B3rio-das-vacinas.pdf\" target=\"_blank\" rel=\"noopener\">\u2022\u00a0OBSERVAT\u00d3RIO DAS VACINAS \u2013 G1 destaca pesquisa de docentes da UNISANTOS que cria plataforma digital com maior banco de dados sobre vacina\u00e7\u00e3o do Brasil<\/a><\/p>\n<p><a href=\"https:\/\/www.unisantos.br\/wp-content\/uploads\/2020\/06\/artigo-covid-saude-coletiva.pdf\" target=\"_blank\" rel=\"noopener\">\u2022\u00a0COVID-19 \u2013 Docentes da UNISANTOS publicam artigo no portal da Associa\u00e7\u00e3o Brasileira de Sa\u00fade Coletiva tratando do uso equivocado do termo \u00b4grupo de risco`<\/a><\/p>\n<p><a href=\"https:\/\/www.unisantos.br\/portal\/noticias\/saude-pesquisadores-do-programa-de-pos-graduacao-em-saude-coletiva-da-unisantos-publicam-artigo-no-pediatric-nephrology\/\" target=\"_blank\" rel=\"noopener\">\u2022\u00a0SA\u00daDE \u2013 Pesquisadores do Programa de P\u00f3s-Gradua\u00e7\u00e3o em Sa\u00fade Coletiva da UNISANTOS publicam artigo no Pediatric Nephrology<\/a><\/p>\n<p><a href=\"https:\/\/www.unisantos.br\/portal\/noticias\/estudo-inedito-pesquisadores-da-unisantos-lancam-o-observatorio-das-vacinas-plataforma-digital-que-tera-o-maior-banco-de-dados-sobre-vacinacao-do-brasil\/\" target=\"_blank\" rel=\"noopener\">\u2022\u00a0ESTUDO IN\u00c9DITO \u2013 Pesquisadores da UNISANTOS lan\u00e7am o Observat\u00f3rio das Vacinas, plataforma digital que ter\u00e1 o maior banco de dados sobre vacina\u00e7\u00e3o do Brasil<\/a><\/p>\n<p><a href=\"https:\/\/www.unisantos.br\/portal\/noticias\/saude-doutora-em-saude-coletiva-da-dicas-sobre-higienizacao-e-seguranca-dos-alimentos\/\" target=\"_blank\" rel=\"noopener\">\u2022\u00a0SA\u00daDE \u2013 Doutora em Sa\u00fade Coletiva d\u00e1 dicas sobre higieniza\u00e7\u00e3o e seguran\u00e7a dos alimentos<\/a><\/p>\n<p><a href=\"https:\/\/www.unisantos.br\/wp-content\/uploads\/2020\/04\/ABRUC_COVID-19-%E2%80%93-Pesquisadores-da-UNISANTOS-participam-de-estudo-epidemiol%C3%B3gico.pdf\" target=\"_blank\" rel=\"noopener\">\u2022\u00a0ABRUC \u2013 Associa\u00e7\u00e3o Brasileira das Universidades Comunit\u00e1rias destaca participa\u00e7\u00e3o de pesquisadores da UNISANTOS em estudo sobre a COVID -19<\/a><\/p>\n<p><a href=\"https:\/\/www.unisantos.br\/wp-content\/uploads\/2020\/04\/CRUB_COVID-19-%E2%80%93-Pesquisadores-da-UNISANTOS-participam-de-estudo-epidemiol%C3%B3gico.pdf\" target=\"_blank\" rel=\"noopener\">\u2022\u00a0CRUB \u2013 Conselho de Reitores das Universidades Brasileiras divulga pesquisa sobre a COVID-19 que envolve docentes da UNISANTOS<\/a><\/p>\n<p><a href=\"https:\/\/www.unisantos.br\/portal\/noticias\/covid-19-pesquisadores-da-unisantos-participam-de-estudo-epidemiologico-para-mapear-o-avanco-do-novo-coronavirus-na-regiao-metropolitana-da-baixada-santista\/\" target=\"_blank\" rel=\"noopener\">\u2022\u00a0COVID-19 \u2013 Pesquisadores da UNISANTOS participam de estudo epidemiol\u00f3gico para mapear o avan\u00e7o do novo coronav\u00edrus na Regi\u00e3o Metropolitana da Baixada Santista<\/a><\/p>\n<p>\u2022\u00a0<a class=\"nome\" title=\"REFLEXO \u2013 Docente da UNISANTOS comenta poss\u00edvel enfraquecimento de grupos antivacina durante pandemia\" href=\"https:\/\/www.unisantos.br\/wp-content\/uploads\/2020\/04\/Grupos-antivacina-perdem-for%C3%A7a.pdf\" target=\"_blank\" rel=\"noopener\">REFLEXO \u2013 Docente da UNISANTOS comenta poss\u00edvel enfraquecimento de grupos antivacina durante pandemia<\/a><\/p>\n<p><strong>2019<\/strong><\/p>\n<p><a href=\"https:\/\/www.unisantos.br\/portal\/noticias\/catedra-sergio-vieira-de-mello-da-unisantos-lanca-documento-para-acesso-de-pessoas-refugiadas-ao-ensino-superior\/\">\u2022\u00a0PESQUISA \u2013 C\u00e1tedra S\u00e9rgio Vieira de Mello da UNISANTOS lan\u00e7a documento sobre refugiados no ensino superior<\/a><\/p>\n<p><a href=\"https:\/\/www.unisantos.br\/portal\/noticias\/melhores-edicoes-publicacoes-cientificas-organizadas-por-pesquisadores-da-unisantos-concorrem-ao-premio-abeu\/\">\u2022\u00a0MELHORES EDI\u00c7\u00d5ES \u2013 Obras cient\u00edficas organizadas por pesquisadores da UNISANTOS concorrem ao Pr\u00eamio ABEU<\/a><\/p>\n<p><a href=\"https:\/\/www.unisantos.br\/wp-content\/uploads\/2019\/08\/Especial-AT-Ci%C3%AAncia-O-mapa-das-vacinas.pdf\" target=\"_blank\" rel=\"noopener\">\u2022 Pesquisa da UNISANTOS que cria maior banco de dados sobre vacina\u00e7\u00e3o no Pa\u00eds \u00e9 destaque na AT Ci\u00eancia<\/a><\/p>\n<p><strong>2018<\/strong><\/p>\n<p><a href=\"https:\/\/www.unisantos.br\/portal\/noticias\/saude-pesquisadora-da-unisantos-apresenta-estudo-para-fundacao-bill-and-melinda-gates-em-nova-delhi-na-india\/\">\u2022 SA\u00daDE \u2013 Pesquisadora da UNISANTOS apresenta estudo para Funda\u00e7\u00e3o Bill and Melinda Gates, em Nova<\/a><a href=\"https:\/\/www.unisantos.br\/portal\/noticias\/saude-pesquisadora-da-unisantos-apresenta-estudo-para-fundacao-bill-and-melinda-gates-em-nova-delhi-na-india\/\"> D\u00e9li<\/a><br \/>\n<strong><br \/>\n<\/strong>\u2022\u00a0<a href=\"http:\/\/www.unisantos.br\/portal\/noticias\/programa-mestre-aluno-beneficia-servidores-publicos-em-mestrado-e-doutorado\/\">Programa Mestre Aluno beneficia servidores p\u00fablicos em Mestrado e Doutorado<\/a><\/p>\n<p><strong>2017<\/strong><\/p>\n<p><a href=\"http:\/\/www.unisantos.br\/portal\/noticias\/mestrados-e-doutorados-tem-os-melhores-conceitos-da-regiao-na-avaliacao-da-capes\/\">\u2022 Mestrados e Doutorados t\u00eam os melhores conceitos da regi\u00e3o na avalia\u00e7\u00e3o da Capes<\/a><\/p>\n<p><strong>2016<\/strong><\/p>\n<p><a href=\"http:\/\/www.unisantos.br\/portal\/noticias\/ato-de-instalacao-da-rede-nossa-santos-sustentavel-reune-28-instituicoes\/\">\u2022 Ato de instala\u00e7\u00e3o da Rede Nossa Santos Sustent\u00e1vel re\u00fane 30 institui\u00e7\u00f5es<\/a><\/p>\n<p><a href=\"http:\/\/www.unisantos.br\/wp-content\/uploads\/2016\/07\/saude-coletiva.pdf\">\u2022 Professora da p\u00f3s-gradua\u00e7\u00e3o em Sa\u00fade Coletiva fala sobre vacinas e sa\u00fade p\u00fablica<\/a><\/p>\n<p><a href=\"http:\/\/www.unisantos.br\/portal\/noticias\/professoras-participam-de-debate-sobre-os-desafios-da-integracao-dos-refugiados\/\">\u2022 Professoras participam de debate sobre os desafios da integra\u00e7\u00e3o dos refugiados<\/a><\/p>\n<p><a href=\"http:\/\/www.unisantos.br\/portal\/noticias\/pesquisadora-na-area-de-saude-coletiva-e-a-entrevistada-do-urbanidades-na-tv-unisantos\/\">\u2022 Pesquisadora na \u00e1rea de Sa\u00fade Coletiva \u00e9 a entrevistada do Programa Urbanidades<\/a><\/p>\n<p><a href=\"http:\/\/www.unisantos.br\/portal\/noticias\/docentes-do-mestrado-e-do-doutorado-em-saude-coletiva-apresentam-pesquisas\/\">\u2022 Docentes do Mestrado e do Doutorado em Sa\u00fade Coletiva apresentam pesquisas<\/a><\/p>\n<p><a href=\"http:\/\/www.unisantos.br\/wp-content\/uploads\/2016\/03\/cartilha-sa%C3%BAde.pdf\" target=\"_blank\" rel=\"noopener\">\u2022 Jornal divulga lan\u00e7amento de cartilha sobre cuidados com \u00e1reas contaminadas<\/a><\/p>\n<p><a href=\"http:\/\/www.unisantos.br\/portal\/noticias\/pesquisadores-do-doutorado-em-saude-coletiva-realizam-exames-em-vitimas-de-incendio\/\">\u2022 Pesquisadores do Doutorado em Sa\u00fade Coletiva examinam v\u00edtimas de inc\u00eandio<\/a><br \/>\n<a href=\"http:\/\/www.unisantos.br\/portal\/noticias\/grupo-de-pesquisa-lanca-cartilha-sobre-area-contaminada-e-riscos-a-saude-na-regiao\/\"><br \/>\n\u2022 Grupo de Pesquisa lan\u00e7a cartilha sobre \u00e1rea contaminada e riscos \u00e0 sa\u00fade na regi\u00e3o<\/a><br \/>\n<a href=\"http:\/\/www.unisantos.br\/portal\/noticias\/inscricoes-abertas-para-o-programa-de-acompanhamento-nutricional-gratuito\/\"><br \/>\n<\/a><a href=\"http:\/\/www.unisantos.br\/portal\/noticias\/unisantos-comemora-30-anos-de-reconhecimento-e-65-anos-de-historia\/\">\u2022 UNISANTOS comemora 30 anos de reconhecimento e 65 anos de hist\u00f3ria<\/a><\/p>\n<p><strong>2014<\/strong><\/p>\n<p><a href=\"http:\/\/www.unisantos.br\/portal\/noticias\/obra-sobre-a-efetividade-da-tutela-ambiental-e-lancada-na-oab-em-santos\/\">\u2022 Obra sobre a Efetividade da Tutela Ambiental \u00e9 lan\u00e7ada na OAB em Santos<\/a><\/p>\n<p><a href=\"http:\/\/www.unisantos.br\/portal\/noticias\/grupo-de-pesquisa-da-universidade-participa-de-congresso-internacional\/\">\u2022 Grupo de Pesquisa da Universidade participa de Congresso Internacional<\/a><\/p>\n<p>\u2022\u00a0<a href=\"http:\/\/www.unisantos.br\/portal\/noticias\/pesquisadores-mexicanos-realizam-atividades-durante-os-seminarios-internacionais-da-pos\/\">Pesquisadores mexicanos realizam minicurso e confer\u00eancia na Cat\u00f3lica de Santos<\/a><strong><br \/>\n<\/strong><a href=\"http:\/\/www.unisantos.br\/portal\/noticias\/unisantos-e-instituto-emilio-ribas-assinam-acordo-de-cooperacao-tecnica-e-cientifica\/\"><br \/>\n\u2022 Cat\u00f3lica de Santos e Em\u00edlio Ribas assinam acordo de coopera\u00e7\u00e3o t\u00e9cnica e cient\u00edfica<\/a><\/p>\n<p><a href=\"http:\/\/www.unisantos.br\/portal\/noticias\/inedita-no-pais-unisantos-publica-a-primeira-agenda-ambiental-do-porto-de-santos\/\">\u2022 In\u00e9dita no Pa\u00eds, Cat\u00f3lica de Santos publica a primeira Agenda Ambiental do Porto<\/a><strong><br \/>\n<\/strong><a href=\"http:\/\/www.unisantos.br\/wp-content\/uploads\/2014\/06\/Editorial.pdf\" target=\"_blank\" rel=\"noopener\"><br \/>\n\u2022 Em editorial, A Tribuna ressalta estudo in\u00e9dito sobre Agenda Ambiental do Porto<br \/>\n<\/a><a href=\"http:\/\/www.unisantos.br\/wp-content\/uploads\/2014\/06\/Agenda-1.pdf\" target=\"_blank\" rel=\"noopener\"><br \/>\n\u2022 Caderno Porto &amp; Mar destaca import\u00e2ncia da Agenda Ambiental do Porto<br \/>\n<\/a><a href=\"http:\/\/www.unisantos.br\/wp-content\/uploads\/2014\/06\/Agenda-Porto.pdf\" target=\"_blank\" rel=\"noopener\"><br \/>\n\u2022 Lan\u00e7amento da Agenda do Porto de Santos \u00e9 destaque em A Tribuna<\/a><br \/>\n<a href=\"http:\/\/www.unisantos.br\/portal\/noticias\/primeira-do-pais-agenda-ambiental-do-porto-de-santos-sera-lancada-nesta-quarta-feira-25\/\"><br \/>\n\u2022 Leopoldianum lan\u00e7a Agenda Ambiental do Porto de Santos, a primeira do Pa\u00eds<\/a><strong><br \/>\n<\/strong><strong><br \/>\n<\/strong><a href=\"http:\/\/www.unisantos.br\/portal\/noticias\/cursos-de-capacitacao-do-instituto-sirio-libanes-tem-inicio-no-campus-dom-idilio\/\">\u2022 Cursos de capacita\u00e7\u00e3o do Instituto S\u00edrio Liban\u00eas t\u00eam in\u00edcio no Campus Dom Id\u00edlio<br \/>\n<\/a><a title=\"Docente do Mestrado em Sa\u00fade Coletiva publica artigo na folha.uol\" href=\"http:\/\/www.unisantos.br\/wp-content\/uploads\/2014\/04\/folha-uol.pdf\" target=\"_blank\" rel=\"noopener\"><br \/>\n\u2022 Docente do Mestrado em Sa\u00fade Coletiva publica artigo na folha.uol<\/a><\/p>\n<p><strong>2013<\/strong><\/p>\n<p>\u2022\u00a0<a href=\"http:\/\/www.unisantos.br\/portal\/noticias\/professora-do-mestradodoutorado-em-saude-coletiva-e-eleita-coordenadora-de-forum-nacional\/\">Professora \u00e9 eleita coordenadora de f\u00f3rum nacional de p\u00f3s em Sa\u00fade Coletiva<br \/>\n<\/a><strong><br \/>\n<\/strong><a href=\"http:\/\/www.unisantos.br\/portal\/noticias\/unisantos-realiza-instalao-do-primeiro-doutorado-em-sade-coletiva-da-regio\/\">\u2022 UniSantos realiza instala\u00e7\u00e3o do primeiro doutorado em Sa\u00fade Coletiva da regi\u00e3o<\/a><\/p>\n<p><strong>2012<br \/>\n<\/strong><a href=\"http:\/\/www.unisantos.br\/portal\/noticias\/professora-do-mestradodoutorado-em-saude-coletiva-e-eleita-coordenadora-de-forum-nacional\/\"><br \/>\n<\/a><a href=\"http:\/\/www.unisantos.br\/portal\/noticias\/unisantos-tem-aprovado-o-primeiro-doutorado-em-sade-coletiva-da-regio\/\">\u2022 UniSantos tem aprovado o primeiro Doutorado em Sa\u00fade Coletiva da regi\u00e3o<\/a><\/p>\n","protected":false},"excerpt":{"rendered":"<p>2025 \u2022 SA\u00daDE COLETIVA &#8211; Pesquisadora da UNISANTOS \u00e9 selecionada para o primeiro curso avan\u00e7ado de vacinologia no Brasil (AdVac [&hellip;]<\/p>\n","protected":false},"author":1,"featured_media":0,"parent":187,"menu_order":8,"comment_status":"closed","ping_status":"closed","template":"","meta":{"footnotes":""},"_links":{"self":[{"href":"https:\/\/www.unisantos.br\/pos\/wp-json\/wp\/v2\/pages\/206"}],"collection":[{"href":"https:\/\/www.unisantos.br\/pos\/wp-json\/wp\/v2\/pages"}],"about":[{"href":"https:\/\/www.unisantos.br\/pos\/wp-json\/wp\/v2\/types\/page"}],"author":[{"embeddable":true,"href":"https:\/\/www.unisantos.br\/pos\/wp-json\/wp\/v2\/users\/1"}],"replies":[{"embeddable":true,"href":"https:\/\/www.unisantos.br\/pos\/wp-json\/wp\/v2\/comments?post=206"}],"version-history":[{"count":55,"href":"https:\/\/www.unisantos.br\/pos\/wp-json\/wp\/v2\/pages\/206\/revisions"}],"predecessor-version":[{"id":7023,"href":"https:\/\/www.unisantos.br\/pos\/wp-json\/wp\/v2\/pages\/206\/revisions\/7023"}],"up":[{"embeddable":true,"href":"https:\/\/www.unisantos.br\/pos\/wp-json\/wp\/v2\/pages\/187"}],"wp:attachment":[{"href":"https:\/\/www.unisantos.br\/pos\/wp-json\/wp\/v2\/media?parent=206"}],"curies":[{"name":"wp","href":"https:\/\/api.w.org\/{rel}","templated":true}]}}