{"id":2003,"date":"2019-08-23T16:16:00","date_gmt":"2019-08-23T19:16:00","guid":{"rendered":"https:\/\/www.unisantos.br\/pos\/?page_id=2003"},"modified":"2023-01-03T11:55:12","modified_gmt":"2023-01-03T14:55:12","slug":"desenvolvimento-da-linguagem-dos-sons-as-palavras","status":"publish","type":"page","link":"https:\/\/www.unisantos.br\/pos\/qualificacao\/desenvolvimento-da-linguagem-dos-sons-as-palavras\/","title":{"rendered":"Desenvolvimento da Linguagem: Dos Sons \u00e0s Palavras"},"content":{"rendered":"<p><strong>CARGA HOR\u00c1RIA<br \/>\n<\/strong>15\u00a0 h\/a<strong>\u00a0<\/strong><\/p>\n<p><strong>LOCAL<\/strong><br \/>\nCampus Dom Id\u00edlio Jos\u00e9 Soares<\/p>\n<p><strong>OBJETIVO<\/strong><br \/>\n1- Fomentar reflex\u00f5es lingu\u00edsticas acerca de como se d\u00e1 o desenvolvimento da fala infantil, desde o balbucio at\u00e9 as primeiras palavras, tanto em crian\u00e7as monol\u00edngues quanto em crian\u00e7as bil\u00edngues;<br \/>\n2- Fornecer subs\u00eddios te\u00f3ricos para pr\u00e1ticas e interven\u00e7\u00f5es docentes que devem ser pautadas no desenvolvimento fonol\u00f3gico e lexical da crian\u00e7a;<br \/>\n3- Conhecer e discutir os desvios fonol\u00f3gicos por meio da compara\u00e7\u00e3o entre a aquisi\u00e7\u00e3o t\u00edpica e a aquisi\u00e7\u00e3o at\u00edpica.<\/p>\n<p><strong>P\u00daBLICO-ALVO<\/strong><br \/>\nProfessores da educa\u00e7\u00e3o b\u00e1sica de escolas regulares e bil\u00edngues (Educa\u00e7\u00e3o Infantil e Ensino Fundamental I) e graduandos\/graduados em Letras ou Pedagogia. N\u00e3o h\u00e1 pr\u00e9-requisitos para o curso, o que possibilita tamb\u00e9m a inscri\u00e7\u00e3o de pessoas leigas \u00e0 \u00e1rea, mas interessadas no assunto.<\/p>\n<p><strong>CONTE\u00daDO<br \/>\n<\/strong>Aula 1: Fundamentos de fonologia \u2013 percep\u00e7\u00e3o, articula\u00e7\u00e3o e categoriza\u00e7\u00e3o dos sons da l\u00edngua;<br \/>\nAula 2: Aquisi\u00e7\u00e3o fonol\u00f3gica t\u00edpica &#8211; vogais, consoantes, processos fonol\u00f3gicos e estrutura sil\u00e1bica;<br \/>\nAula 3: Aquisi\u00e7\u00e3o lexical &#8211; recortando o cont\u00ednuo sonoro da fala;<br \/>\nAula 4: Comparando a aquisi\u00e7\u00e3o fonol\u00f3gica t\u00edpica e at\u00edpica &#8211; desvios e atrasos fonol\u00f3gicos;<br \/>\nAula 5: Aquisi\u00e7\u00e3o bil\u00edngue \u2013 relatos de pesquisas; mitos e verdades.<\/p>\n<p><strong>OBSERVA\u00c7\u00d5ES<\/strong><br \/>\nA Universidade se reserva o direito de alterar o cronograma e o corpo docente.<br \/>\nDocumenta\u00e7\u00e3o necess\u00e1ria para quem n\u00e3o \u00e9 aluno da Cat\u00f3lica de Santos: c\u00f3pias do RG, CPF, certid\u00e3o de nascimento ou casamento.<br \/>\nA inscri\u00e7\u00e3o presencial s\u00f3 poder\u00e1 ser efetuada pelo interessado no curso, ou por pessoa munida de procura\u00e7\u00e3o autenticada em cart\u00f3rio.<br \/>\nA efetiva\u00e7\u00e3o da matr\u00edcula est\u00e1 condicionada ao pagamento do boleto da 1\u00aa. parcela e entrega da documenta\u00e7\u00e3o exigida.<\/p>\n<p><strong>OUTRAS INFORMA\u00c7\u00d5ES<\/strong><br \/>\nDepartamento de Atendimento Integrado<br \/>\nTelefone: (13) 3205-5555<br \/>\nE-mail: dat@unisantos.br<\/p>\n","protected":false},"excerpt":{"rendered":"<p>CARGA HOR\u00c1RIA 15\u00a0 h\/a\u00a0 LOCAL Campus Dom Id\u00edlio Jos\u00e9 Soares OBJETIVO 1- Fomentar reflex\u00f5es lingu\u00edsticas acerca de como se d\u00e1 [&hellip;]<\/p>\n","protected":false},"author":1,"featured_media":0,"parent":399,"menu_order":0,"comment_status":"closed","ping_status":"closed","template":"","meta":{"footnotes":""},"_links":{"self":[{"href":"https:\/\/www.unisantos.br\/pos\/wp-json\/wp\/v2\/pages\/2003"}],"collection":[{"href":"https:\/\/www.unisantos.br\/pos\/wp-json\/wp\/v2\/pages"}],"about":[{"href":"https:\/\/www.unisantos.br\/pos\/wp-json\/wp\/v2\/types\/page"}],"author":[{"embeddable":true,"href":"https:\/\/www.unisantos.br\/pos\/wp-json\/wp\/v2\/users\/1"}],"replies":[{"embeddable":true,"href":"https:\/\/www.unisantos.br\/pos\/wp-json\/wp\/v2\/comments?post=2003"}],"version-history":[{"count":11,"href":"https:\/\/www.unisantos.br\/pos\/wp-json\/wp\/v2\/pages\/2003\/revisions"}],"predecessor-version":[{"id":4667,"href":"https:\/\/www.unisantos.br\/pos\/wp-json\/wp\/v2\/pages\/2003\/revisions\/4667"}],"up":[{"embeddable":true,"href":"https:\/\/www.unisantos.br\/pos\/wp-json\/wp\/v2\/pages\/399"}],"wp:attachment":[{"href":"https:\/\/www.unisantos.br\/pos\/wp-json\/wp\/v2\/media?parent=2003"}],"curies":[{"name":"wp","href":"https:\/\/api.w.org\/{rel}","templated":true}]}}