{"id":200,"date":"2018-10-08T14:34:26","date_gmt":"2018-10-08T17:34:26","guid":{"rendered":"https:\/\/www.unisantos.br\/pos\/?page_id=200"},"modified":"2024-02-15T18:36:13","modified_gmt":"2024-02-15T21:36:13","slug":"organizacao-curricular","status":"publish","type":"page","link":"https:\/\/www.unisantos.br\/pos\/stricto-sensu\/mestrado\/mestrado-em-saude-coletiva\/organizacao-curricular\/","title":{"rendered":"Organiza\u00e7\u00e3o Curricular"},"content":{"rendered":"<p><strong style=\"line-height: 1.5em;\">DISCIPLINAS OBRIGAT\u00d3RIAS (*)<br \/>\n<\/strong>\u2022 Campo da Sa\u00fade Coletiva &#8211; 2 cr\u00e9ditos<br \/>\n\u2022 Epidemiologia Geral &#8211; 2 cr\u00e9ditos<br \/>\n\u2022 Metodologia Cient\u00edfica &#8211; 2 cr\u00e9ditos<br \/>\n\u2022 Modelos de Estudos Epidemiol\u00f3gicos &#8211; 2 cr\u00e9ditos<br \/>\n\u2022 Estado, Pol\u00edticas Sociais e Pol\u00edticas de Sa\u00fade &#8211; 2 cr\u00e9ditos<\/p>\n<p><strong>DISCIPLINAS ELETIVAS<\/strong><br \/>\n\u2022 Bioestat\u00edstica<br \/>\n\u2022 Escrita cient\u00edfica<br \/>\n\u2022 An\u00e1lise de dados n\u00e3o param\u00e9tricos<br \/>\n\u2022 Ambiente e sa\u00fade<br \/>\n\u2022 Pesquisa qualitativa em sa\u00fade: conceitos, teorias e t\u00e9cnicas<\/p>\n<p>(*) Os alunos t\u00eam de cumprir cr\u00e9ditos nas disciplinas e atividades obrigat\u00f3rias; cursar as disciplinas eletivas voltadas \u00e0 linha de pesquisa na qual estejam inclu\u00eddos; e adquirir experi\u00eancia em pesquisa, participando dos grupos e projetos de pesquisa. As disciplinas s\u00e3o semestrais e o seu conte\u00fado program\u00e1tico visa\u00a0 possibilitar tanto uma forma\u00e7\u00e3o abrangente na \u00e1rea de Sa\u00fade Coletiva, quanto\u00a0atender necessidades instrumentais decorrentes da elabora\u00e7\u00e3o e condu\u00e7\u00e3o de projetos de pesquisa com diferentes abordagens e enfoques.<\/p>\n","protected":false},"excerpt":{"rendered":"<p>DISCIPLINAS OBRIGAT\u00d3RIAS (*) \u2022 Campo da Sa\u00fade Coletiva &#8211; 2 cr\u00e9ditos \u2022 Epidemiologia Geral &#8211; 2 cr\u00e9ditos \u2022 Metodologia Cient\u00edfica [&hellip;]<\/p>\n","protected":false},"author":1,"featured_media":0,"parent":187,"menu_order":5,"comment_status":"closed","ping_status":"closed","template":"","meta":{"footnotes":""},"_links":{"self":[{"href":"https:\/\/www.unisantos.br\/pos\/wp-json\/wp\/v2\/pages\/200"}],"collection":[{"href":"https:\/\/www.unisantos.br\/pos\/wp-json\/wp\/v2\/pages"}],"about":[{"href":"https:\/\/www.unisantos.br\/pos\/wp-json\/wp\/v2\/types\/page"}],"author":[{"embeddable":true,"href":"https:\/\/www.unisantos.br\/pos\/wp-json\/wp\/v2\/users\/1"}],"replies":[{"embeddable":true,"href":"https:\/\/www.unisantos.br\/pos\/wp-json\/wp\/v2\/comments?post=200"}],"version-history":[{"count":4,"href":"https:\/\/www.unisantos.br\/pos\/wp-json\/wp\/v2\/pages\/200\/revisions"}],"predecessor-version":[{"id":5919,"href":"https:\/\/www.unisantos.br\/pos\/wp-json\/wp\/v2\/pages\/200\/revisions\/5919"}],"up":[{"embeddable":true,"href":"https:\/\/www.unisantos.br\/pos\/wp-json\/wp\/v2\/pages\/187"}],"wp:attachment":[{"href":"https:\/\/www.unisantos.br\/pos\/wp-json\/wp\/v2\/media?parent=200"}],"curies":[{"name":"wp","href":"https:\/\/api.w.org\/{rel}","templated":true}]}}