{"id":198,"date":"2018-10-08T14:34:11","date_gmt":"2018-10-08T17:34:11","guid":{"rendered":"https:\/\/www.unisantos.br\/pos\/?page_id=198"},"modified":"2024-06-25T15:01:51","modified_gmt":"2024-06-25T18:01:51","slug":"grupos-de-pesquisa","status":"publish","type":"page","link":"https:\/\/www.unisantos.br\/pos\/stricto-sensu\/mestrado\/mestrado-em-saude-coletiva\/grupos-de-pesquisa\/","title":{"rendered":"Grupos de Pesquisa"},"content":{"rendered":"<p><b>GRUPO DE AVALIA\u00c7\u00c3O DE EXPOSI\u00c7\u00c3O E RISCO AMBIENTAL<\/b><strong>\u00a0(GAERA)<\/strong><b><strong><br \/>\n<\/strong><\/b>Certificado no <a href=\"http:\/\/dgp.cnpq.br\/dgp\/espelhogrupo\/0261268329147977\" target=\"_blank\" rel=\"noopener\">Diret\u00f3rio do CNPq<\/a><br \/>\n<strong>Ano de forma\u00e7\u00e3o:<\/strong> 2010<br \/>\n<strong>L\u00edder:\u00a0<\/strong><a href=\"http:\/\/lattes.cnpq.br\/3833285539319613\" target=\"_blank\" rel=\"noopener\">Prof. Dr. Alf\u00e9sio Lu\u00eds Ferreira Braga<\/a><br \/>\n<strong>Vice-l\u00edder<\/strong>:\u00a0<a href=\"http:\/\/lattes.cnpq.br\/6226806718300375\" target=\"_blank\" rel=\"noopener\">Prof\u00aa. Dr\u00aa. Lourdes Concei\u00e7\u00e3o Martins<\/a><br \/>\n<strong>Contato:<\/strong> abraga@unisantos.br<br \/>\n<strong>Linha de Pesquisa:<\/strong> Avalia\u00e7\u00e3o de exposi\u00e7\u00e3o e risco ambiental<br \/>\n<strong>Produ\u00e7\u00e3o do Grupo<\/strong><br \/>\n<a href=\"https:\/\/www.unisantos.br\/wp-content\/uploads\/2018\/05\/Vigilancia-saude-ambiental-medio.pdf\" target=\"_blank\" rel=\"noopener\">Manual de Epidemiologia Ambiental N\u00edvel M\u00e9dio<\/a><br \/>\n<a href=\"https:\/\/www.unisantos.br\/wp-content\/uploads\/2018\/05\/Vigilancia-saude-ambiental-superior.pdf\" target=\"_blank\" rel=\"noopener\">Manual de Epidemiologia Ambiental N\u00edvel Superior<\/a><br \/>\n<a href=\"https:\/\/www.unisantos.br\/wp-content\/uploads\/2018\/05\/Vigilancia-saude-ambiental-cartilha.pdf\" target=\"_blank\" rel=\"noopener\">Cartilha para a Popula\u00e7\u00e3o<\/a><br \/>\n<a href=\"https:\/\/www.unisantos.br\/grupoavaliacaoambiental\/\" target=\"_blank\" rel=\"noopener\"><span style=\"color: #ff0000;\"><strong>Acesse o site<\/strong><\/span><\/a><\/p>\n<p><strong>GRUPO INTERDISCIPLINAR DE ESTUDOS SOBRE HIV E DIREITOS SEXUAIS E REPRODUTIVOS<br \/>\n<\/strong> Certificado no\u00a0<a href=\"http:\/\/dgp.cnpq.br\/dgp\/espelhogrupo\/582266\">Diret\u00f3rio do CNPq<\/a><br \/>\n<strong>Ano de forma\u00e7\u00e3o:<\/strong>\u00a02014<br \/>\n<strong>L\u00edder:<\/strong>\u00a0<a href=\"http:\/\/lattes.cnpq.br\/2968356004748691\">Prof\u00aa. Dr\u00aa.\u00a0Eliana Miura Zucchi<\/a><br \/>\n<strong>Linha de Pesquisa:<\/strong>\u00a0Popula\u00e7\u00f5es em situa\u00e7\u00f5es de vulnerabilidade<br \/>\n<a href=\"https:\/\/www.unisantos.br\/gruposaudesexualidade\/\" target=\"_blank\" rel=\"noopener\"><span style=\"color: #ff0000;\"><strong>Acesse o site<\/strong><\/span><\/a><\/p>\n<p><strong>GRUPO INTERDISCIPLINAR DE PESQUISA EM SA\u00daDE (GIPS)<\/strong><br \/>\nCertificado no <a href=\"https:\/\/dgp.cnpq.br\/dgp\/espelhogrupo\/3106371962430247\" target=\"_blank\" rel=\"noopener\">Diret\u00f3rio do CNPq<\/a><br \/>\n<strong>Ano de forma\u00e7\u00e3o:<\/strong> 2017<br \/>\n<strong>L\u00edderes<br \/>\n<\/strong><a href=\"http:\/\/lattes.cnpq.br\/5990070307102003\" target=\"_blank\" rel=\"noopener\">Prof\u00aa. Dr\u00aa. Luzana Mackevicius Bernardes<\/a><br \/>\n<a href=\"http:\/\/lattes.cnpq.br\/3733180204720835\" target=\"_blank\" rel=\"noopener\">Prof. Dr.\u00a0Eduardo Carvalho de Souza<\/a><br \/>\n<strong>Linhas de Pesquisa<br \/>\n<\/strong>1)\u00a0Condi\u00e7\u00f5es Sociais da Sa\u00fade<br \/>\n2) Pol\u00edticas P\u00fablicas<br \/>\n3) Gest\u00e3o, Programas e Pr\u00e1ticas em Sa\u00fade<br \/>\n<a href=\"https:\/\/www.unisantos.br\/grupopesquisaemsaude\/\" target=\"_blank\" rel=\"noopener\"><span style=\"color: #ff0000;\"><strong>Acesse o site<\/strong><\/span><\/a><\/p>\n<p><strong>OBSERVAT\u00d3RIO DAS VACINAS<\/strong><br \/>\n<strong>Ano de forma\u00e7\u00e3o<\/strong>: 2020<br \/>\n<strong>L\u00edder<\/strong>:\u00a0<a href=\"http:\/\/buscatextual.cnpq.br\/buscatextual\/visualizacv.do\">Prof\u00aa. Dr\u00aa. Lourdes Concei\u00e7\u00e3o Martins<\/a><br \/>\n<strong>Contato<\/strong>:\u00a0lourdesc@unisantos.br<br \/>\n<strong>Linha de Pesquisa<\/strong>: Cobertura vacinal e an\u00e1lise espacial<br \/>\n<a href=\"https:\/\/www.unisantos.br\/grupoobservatoriodasvacinas\/\" target=\"_blank\" rel=\"noopener\"><strong><span style=\"color: #ff0000;\">Acesse o site<\/span><\/strong><\/a><\/p>\n<p>&nbsp;<\/p>\n","protected":false},"excerpt":{"rendered":"<p>GRUPO DE AVALIA\u00c7\u00c3O DE EXPOSI\u00c7\u00c3O E RISCO AMBIENTAL\u00a0(GAERA) Certificado no Diret\u00f3rio do CNPq Ano de forma\u00e7\u00e3o: 2010 L\u00edder:\u00a0Prof. Dr. Alf\u00e9sio [&hellip;]<\/p>\n","protected":false},"author":1,"featured_media":0,"parent":187,"menu_order":4,"comment_status":"closed","ping_status":"closed","template":"","meta":{"footnotes":""},"_links":{"self":[{"href":"https:\/\/www.unisantos.br\/pos\/wp-json\/wp\/v2\/pages\/198"}],"collection":[{"href":"https:\/\/www.unisantos.br\/pos\/wp-json\/wp\/v2\/pages"}],"about":[{"href":"https:\/\/www.unisantos.br\/pos\/wp-json\/wp\/v2\/types\/page"}],"author":[{"embeddable":true,"href":"https:\/\/www.unisantos.br\/pos\/wp-json\/wp\/v2\/users\/1"}],"replies":[{"embeddable":true,"href":"https:\/\/www.unisantos.br\/pos\/wp-json\/wp\/v2\/comments?post=198"}],"version-history":[{"count":16,"href":"https:\/\/www.unisantos.br\/pos\/wp-json\/wp\/v2\/pages\/198\/revisions"}],"predecessor-version":[{"id":6111,"href":"https:\/\/www.unisantos.br\/pos\/wp-json\/wp\/v2\/pages\/198\/revisions\/6111"}],"up":[{"embeddable":true,"href":"https:\/\/www.unisantos.br\/pos\/wp-json\/wp\/v2\/pages\/187"}],"wp:attachment":[{"href":"https:\/\/www.unisantos.br\/pos\/wp-json\/wp\/v2\/media?parent=198"}],"curies":[{"name":"wp","href":"https:\/\/api.w.org\/{rel}","templated":true}]}}