{"id":1951,"date":"2019-08-16T15:53:54","date_gmt":"2019-08-16T18:53:54","guid":{"rendered":"https:\/\/www.unisantos.br\/pos\/?page_id=1951"},"modified":"2023-08-14T14:12:17","modified_gmt":"2023-08-14T17:12:17","slug":"attuacao-do-profissional-da-saude-em-situacoes-de-emergencias-e-desastres","status":"publish","type":"page","link":"https:\/\/www.unisantos.br\/pos\/qualificacao\/attuacao-do-profissional-da-saude-em-situacoes-de-emergencias-e-desastres\/","title":{"rendered":"Atua\u00e7\u00e3o do Profissional da Sa\u00fade em Situa\u00e7\u00f5es de Emerg\u00eancias e Desastres"},"content":{"rendered":"<p><strong>PROFESSORA RESPONS\u00c1VEL<br \/>\n<\/strong>Prof\u00aa. Me. Fl\u00e1via Henriques<\/p>\n<p><strong>CARGA HOR\u00c1RIA<br \/>\n<\/strong>48\u00a0 h\/a<\/p>\n<p><strong>LOCAL<br \/>\n<\/strong>Campus Dom Id\u00edlio Jos\u00e9 Soares<\/p>\n<p><strong>OBJETIVOS<\/strong><br \/>\n\u2022 Preparar o profissional da sa\u00fade do ponto de vista te\u00f3rico e t\u00e9cnico para agir em situa\u00e7\u00f5es adversas e ca\u00f3ticas que envolvam situa\u00e7\u00f5es de risco de vida e de emerg\u00eancia;<br \/>\n\u2022 Apresentar os aspectos multiculturais, midi\u00e1ticos e \u00e9ticos envolvidos no atendimento \u00e0s popula\u00e7\u00f5es em situa\u00e7\u00f5es de emerg\u00eancia e desastres;<br \/>\n\u2022 Estimular e discutir a necessidade de autocuidado e autoconhecimento para evitar identifica\u00e7\u00e3o com popula\u00e7\u00e3o atingida.<\/p>\n<p><strong>P\u00daBLICO-ALVO<\/strong><br \/>\nEstudantes de pen\u00faltimo e \u00faltimo ano e graduados em cursos de Sa\u00fade e Educa\u00e7\u00e3o.<\/p>\n<p><strong>CONTE\u00daDO<\/strong><br \/>\n\u2022 Conceito de desastre, cat\u00e1strofe, crise e emerg\u00eancia<br \/>\n\u2022 O trauma e seus efeitos<br \/>\n\u2022 Ansiedade e ang\u00fastia \u2013 Defini\u00e7\u00e3o e manejo t\u00e9cnico<br \/>\n\u2022 Estresse, exaust\u00e3o emocional, s\u00edndrome de Burnout e transtorno do estresse p\u00f3s-traum\u00e1tico<br \/>\n\u2022 Perda, morte, luto e luto traum\u00e1tico<br \/>\n\u2022 Atendimento \u00e0s fam\u00edlias enlutadas<br \/>\n\u2022 Acompanhamento das equipes de salvamento<br \/>\n\u2022 Interven\u00e7\u00f5es psicossociais: pr\u00e1ticas e setting<br \/>\n\u2022 Interfer\u00eancia da m\u00eddia<br \/>\n\u2022 Aspectos multiculturais<br \/>\n\u2022 Preparo t\u00e9cnico, \u00e9tico e pessoal<br \/>\n\u2022 Limites e caracter\u00edsticas dos profissionais<br \/>\n\u2022 Simulado<\/p>\n<p><strong>OBSERVA\u00c7\u00d5ES<\/strong><br \/>\nA Universidade se reserva o direito de alterar o cronograma e o corpo docente.<br \/>\nDocumenta\u00e7\u00e3o necess\u00e1ria para quem n\u00e3o \u00e9 aluno da Cat\u00f3lica de Santos: c\u00f3pias do RG, CPF, certid\u00e3o de nascimento ou casamento.<br \/>\nA inscri\u00e7\u00e3o presencial s\u00f3 poder\u00e1 ser efetuada pelo interessado no curso, ou por pessoa munida de procura\u00e7\u00e3o autenticada em cart\u00f3rio.<br \/>\nA efetiva\u00e7\u00e3o da matr\u00edcula est\u00e1 condicionada ao pagamento do boleto da 1\u00aa. parcela e entrega da documenta\u00e7\u00e3o exigida.<\/p>\n<p><strong>OUTRAS INFORMA\u00c7\u00d5ES<\/strong><br \/>\nDepartamento de Atendimento Integrado<br \/>\nTelefones: (13) 3205-5555<br \/>\nE-mail: dat@unisantos.br<\/p>\n<p>&nbsp;<\/p>\n","protected":false},"excerpt":{"rendered":"<p>PROFESSORA RESPONS\u00c1VEL Prof\u00aa. Me. Fl\u00e1via Henriques CARGA HOR\u00c1RIA 48\u00a0 h\/a LOCAL Campus Dom Id\u00edlio Jos\u00e9 Soares OBJETIVOS \u2022 Preparar o [&hellip;]<\/p>\n","protected":false},"author":1,"featured_media":0,"parent":399,"menu_order":0,"comment_status":"closed","ping_status":"closed","template":"","meta":{"footnotes":""},"_links":{"self":[{"href":"https:\/\/www.unisantos.br\/pos\/wp-json\/wp\/v2\/pages\/1951"}],"collection":[{"href":"https:\/\/www.unisantos.br\/pos\/wp-json\/wp\/v2\/pages"}],"about":[{"href":"https:\/\/www.unisantos.br\/pos\/wp-json\/wp\/v2\/types\/page"}],"author":[{"embeddable":true,"href":"https:\/\/www.unisantos.br\/pos\/wp-json\/wp\/v2\/users\/1"}],"replies":[{"embeddable":true,"href":"https:\/\/www.unisantos.br\/pos\/wp-json\/wp\/v2\/comments?post=1951"}],"version-history":[{"count":12,"href":"https:\/\/www.unisantos.br\/pos\/wp-json\/wp\/v2\/pages\/1951\/revisions"}],"predecessor-version":[{"id":5533,"href":"https:\/\/www.unisantos.br\/pos\/wp-json\/wp\/v2\/pages\/1951\/revisions\/5533"}],"up":[{"embeddable":true,"href":"https:\/\/www.unisantos.br\/pos\/wp-json\/wp\/v2\/pages\/399"}],"wp:attachment":[{"href":"https:\/\/www.unisantos.br\/pos\/wp-json\/wp\/v2\/media?parent=1951"}],"curies":[{"name":"wp","href":"https:\/\/api.w.org\/{rel}","templated":true}]}}