{"id":1924,"date":"2019-08-14T18:13:23","date_gmt":"2019-08-14T21:13:23","guid":{"rendered":"https:\/\/www.unisantos.br\/pos\/?page_id=1924"},"modified":"2025-08-15T17:24:22","modified_gmt":"2025-08-15T20:24:22","slug":"italiano-intermediario","status":"publish","type":"page","link":"https:\/\/www.unisantos.br\/pos\/centro-de-linguas\/italiano-intermediario\/","title":{"rendered":"Italiano Intermedi\u00e1rio"},"content":{"rendered":"<p><strong>PROFESSOR RESPONS\u00c1VEL<br \/>\n<\/strong>Vincenzo Stefano Greco<\/p>\n<p><strong>CARGA HOR\u00c1RIA<br \/>\n<\/strong>26 h\/a<\/p>\n<p><strong>LOCAL<\/strong><br \/>\nCampus Dom Id\u00edlio Jos\u00e9 Soares<\/p>\n<p><strong>OBJETIVOS<\/strong><br \/>\n\u2022 Aprender os pontos-chave de t\u00f3picos relativos \u00e0 escola, tempo livre, etc.<br \/>\n\u2022 Mover-se com facilidade em situa\u00e7\u00f5es que podem ocorrer enquanto viaja para um pa\u00eds onde o idioma \u00e9 falado.<br \/>\n\u2022 Produzir um texto simples relacionado a t\u00f3picos que s\u00e3o familiares ou de interesse pessoal.<br \/>\n\u2022 Desenvolver a capacidade de descrever experi\u00eancias e eventos, sonhos, esperan\u00e7as ambi\u00e7\u00f5es e explicar brevemente as raz\u00f5es de suas opini\u00f5es e projetos.<\/p>\n<p><strong>P\u00daBLICO-ALVO<\/strong><br \/>\nEstudantes e p\u00fablico em geral<\/p>\n<p><strong>CONTE\u00daDO<\/strong><br \/>\nComparativi e superlativi relativi regolari, comparativo e superlativo degli aggettivi buono e cattivo, uso degli avverbi di quantit\u00e0, uso di di pi\u00f9 e di meno. Nella sezione riparliamo di.: le forme di presente indicativo irregolari di alcuni dei verbi pi\u00f9 diffusi.<br \/>\nConversazione: Esprimere gusti, verificare le proprie necessita\u2019, chiedere per ottenere informazioni su prodotti alimentari alcuni termini per indicare pesi e misure.<br \/>\nIl futuro dei verbi regolari e quello dei verbi irregolari essere e avere e alcuni avverbi di tempo. Nella sezione riparliamo di.: i possessivi, in particolare l&#8217;uso dei possessivi legati ai nomi di parentela.<br \/>\nConversazione: collocare nel tempo, progettare, esprimere l&#8217;intenzione di fare qualcosa e del chiedere agli altri le loro preferenze e le loro opinioni.<br \/>\nUso dell&#8217;imperativo informale positivo e negativo, l&#8217;uso di mentre, durante e prima di + infinito e il superlativo assoluto anche di alcuni degli aggettivi pi\u00f9 frequenti tra gli irregolari. Nella sezione riparliamo di.: i pronomi diretti lo, la, li, le, la posizione di questi pronomi con l&#8217;imperativo informale positivo e negativo e l&#8217;uso di eccolo, eccola, eccoli, eccole.<br \/>\nConversazzione: scrivere una ricetta, dare istruzioni sia per iscritto che oralmente, descrivere un procedimento e dell&#8217;esprimere una volont\u00e0 e capacit\u00e0 di fare qualcosa.<br \/>\nLe preposizioni articolate, l&#8217;uso delle preposizioni articolate come partitivi e l&#8217;uso di per + infinito. Nella sezione riparliamo di.: le preposizioni semplici, i principali usi delle preposizioni semplici a, da, in e di.<br \/>\nConversazione: indicare, descrivere sintomi, raccontare, esprimere sentimenti, rassicurare e consigliare qualcuno. Alcuni termini e espressioni per indicare parti del corpo umano.<br \/>\nPronomi indiretti, alcuni avverbi di luogo, specie quelli composti e la posizione degli aggettivi. Nella sezione riparliamo di\u2026: passato prossimo e la concordanza del participio passato con l&#8217;oggetto.<br \/>\nConversazione: descrivere ambienti, affittare , comprare o vendere immobili, confrontarsi con gli altri sui prezzi, esprimere giudizi alcuni termini e espressioni per indicare gli ambienti della casa e per indicare gli oggetti di arredamento.<br \/>\nLe forme impersonali e i pronomi indefiniti. Nella sezione riparliamo di\u2026: l&#8217;imperfetto (con un&#8217;attenzione particolare per le forme c&#8217;era, c&#8217;erano) e l&#8217;uso dell&#8217;imperfetto per esprimere un desiderio.<br \/>\nConversazione: Descrivere la propria attivita\u2019 professionale, chiedre informazoni professionali, presentazione del proprio curriculum e delle proprie esperienze nel campo del lavoro alcuni termini o espressioni per indicare i mestieri e alcuni termini o espressioni legati al mondo del lavoro e della organizzazione.<br \/>\nRiepilogo generale e conversazione.<\/p>\n<p><strong>OBSERVA\u00c7\u00d5ES<\/strong><br \/>\nA Universidade se reserva o direito de alterar o cronograma e o corpo docente.<br \/>\nDocumenta\u00e7\u00e3o necess\u00e1ria para quem n\u00e3o \u00e9 aluno da Cat\u00f3lica de Santos: c\u00f3pias do RG, CPF, certid\u00e3o de nascimento ou casamento.<br \/>\nA inscri\u00e7\u00e3o presencial s\u00f3 poder\u00e1 ser efetuada pelo interessado no curso, ou por pessoa munida de procura\u00e7\u00e3o autenticada em cart\u00f3rio.<br \/>\nA efetiva\u00e7\u00e3o da matr\u00edcula est\u00e1 condicionada ao pagamento do boleto da 1\u00aa. parcela e entrega da documenta\u00e7\u00e3o exigida.<\/p>\n<p><strong>OUTRAS INFORMA\u00c7\u00d5ES<\/strong><br \/>\nDepartamento de Atendimento Integrado<br \/>\nTelefone: (13) 3205-5555<br \/>\nE-mail: dat@unisantos.br<\/p>\n","protected":false},"excerpt":{"rendered":"<p>PROFESSOR RESPONS\u00c1VEL Vincenzo Stefano Greco CARGA HOR\u00c1RIA 26 h\/a LOCAL Campus Dom Id\u00edlio Jos\u00e9 Soares OBJETIVOS \u2022 Aprender os pontos-chave [&hellip;]<\/p>\n","protected":false},"author":1,"featured_media":0,"parent":397,"menu_order":0,"comment_status":"closed","ping_status":"closed","template":"","meta":{"footnotes":""},"_links":{"self":[{"href":"https:\/\/www.unisantos.br\/pos\/wp-json\/wp\/v2\/pages\/1924"}],"collection":[{"href":"https:\/\/www.unisantos.br\/pos\/wp-json\/wp\/v2\/pages"}],"about":[{"href":"https:\/\/www.unisantos.br\/pos\/wp-json\/wp\/v2\/types\/page"}],"author":[{"embeddable":true,"href":"https:\/\/www.unisantos.br\/pos\/wp-json\/wp\/v2\/users\/1"}],"replies":[{"embeddable":true,"href":"https:\/\/www.unisantos.br\/pos\/wp-json\/wp\/v2\/comments?post=1924"}],"version-history":[{"count":23,"href":"https:\/\/www.unisantos.br\/pos\/wp-json\/wp\/v2\/pages\/1924\/revisions"}],"predecessor-version":[{"id":6976,"href":"https:\/\/www.unisantos.br\/pos\/wp-json\/wp\/v2\/pages\/1924\/revisions\/6976"}],"up":[{"embeddable":true,"href":"https:\/\/www.unisantos.br\/pos\/wp-json\/wp\/v2\/pages\/397"}],"wp:attachment":[{"href":"https:\/\/www.unisantos.br\/pos\/wp-json\/wp\/v2\/media?parent=1924"}],"curies":[{"name":"wp","href":"https:\/\/api.w.org\/{rel}","templated":true}]}}