{"id":1918,"date":"2019-08-14T18:00:11","date_gmt":"2019-08-14T21:00:11","guid":{"rendered":"https:\/\/www.unisantos.br\/pos\/?page_id=1918"},"modified":"2023-08-14T14:27:37","modified_gmt":"2023-08-14T17:27:37","slug":"espanhol-basico-ii","status":"publish","type":"page","link":"https:\/\/www.unisantos.br\/pos\/centro-de-linguas\/espanhol-basico-ii\/","title":{"rendered":"Espanhol B\u00e1sico II"},"content":{"rendered":"<p><strong>PROFESSORA RESPONS\u00c1VEL<\/strong><br \/>\nProf\u00aa. Me. Deise Maria Biazon<\/p>\n<p><strong>CARGA HOR\u00c1RIA<\/strong><br \/>\n30 h\/a<\/p>\n<p><strong>LOCAL<br \/>\n<\/strong>Campus Dom Id\u00edlio Jos\u00e9 Soares<\/p>\n<p><strong>OBJETIVO<br \/>\n<\/strong>O curso de extens\u00e3o L\u00edngua Espanhola tem por objetivos:<br \/>\n&#8211; oferecer no\u00e7\u00f5es b\u00e1sicas da l\u00edngua espanhola ao p\u00fablico alvo;<br \/>\n&#8211; desenvolver capacidade de comunica\u00e7\u00e3o em situa\u00e7\u00f5es cotidianas.<\/p>\n<p><strong>P\u00daBLICO-ALVO<br \/>\n<\/strong>Estudantes da gradua\u00e7\u00e3o e p\u00f3s-gradua\u00e7\u00e3o, e p\u00fablico em geral.<\/p>\n<p><strong>CONTE\u00daDO<br \/>\n<\/strong>&#8216;Estar&#8217; + gerundio; Formaci\u00f3n del gerundio (verbos regulares e irregulares);<br \/>\nColocaci\u00f3n de pronombres con &#8216;estar&#8217; + gerundio;<br \/>\nPronombres indefinidos;<br \/>\nPresente de Indicativo de los verbos terminados en &#8216;-uir&#8217;;<br \/>\n&#8216;Haber&#8217; + art\u00edculo indefinido \/ cuantificador;<br \/>\n&#8216;Tener&#8217; + art\u00edculo indefinido \/ cuantificador;<br \/>\nVerbos que cambian e i;<br \/>\nUsos del pronombre objeto directo;<br \/>\nImperativo Afirmativo Formal (verbos regulares, con cambio voc\u00e1lico y diptongaci\u00f3n e irregulares);<br \/>\nUsos del pronombre objeto indirecto;<br \/>\nImperativo Afirmativo Formal e Informal (regulares e irregulares);<br \/>\nVerbos con pronombres OD y OI en Infinitivo e Imperativo;<br \/>\nActividades de evaluaci\u00f3n;<br \/>\nPret\u00e9rito Imperfecto (verbos regulares e irregulares);<br \/>\nVerbo &#8216;haber&#8217; (impersonal);<br \/>\nMarcadores que destacan el valor reiterativo de acciones habituales en pasado;<br \/>\nMarcadores temporales y de frecuencia terminados en &#8216;-mente&#8217;;<br \/>\nGrados de comparaci\u00f3n;<br \/>\nComparativos irregulares;<br \/>\nFormas impersonales con &#8216;se&#8217;, Pret\u00e9rito Perfecto;<br \/>\nPret\u00e9rito Perfecto y pronombres complemento;<br \/>\nParticipios regulares;<br \/>\nParticipios irregulares;<br \/>\nPret\u00e9rito Indefinido (verbos regulares e irregulares);<br \/>\nMarcadores temporales del Pret\u00e9rito Indefinido;<br \/>\nPret\u00e9rito Indefinido con pronombres complemento;<br \/>\nPret\u00e9rito Indefinido (verbos irregulares);<br \/>\nPret\u00e9rito Perfecto;<br \/>\nMarcadores temporales del Pret\u00e9rito Indefinido x del Pret\u00e9rito Perfecto;<br \/>\nActividades de evaluaci\u00f3n.<\/p>\n<p><strong>OBSERVA\u00c7\u00d5ES<br \/>\n<\/strong>A Universidade se reserva o direito de alterar o cronograma e o corpo docente.<br \/>\nDocumenta\u00e7\u00e3o necess\u00e1ria para quem n\u00e3o \u00e9 aluno da Cat\u00f3lica de Santos: c\u00f3pias do RG, CPF, certid\u00e3o de nascimento ou casamento.<br \/>\nA inscri\u00e7\u00e3o presencial s\u00f3 poder\u00e1 ser efetuada pelo interessado no curso, ou por pessoa munida de procura\u00e7\u00e3o autenticada em cart\u00f3rio.<br \/>\nA efetiva\u00e7\u00e3o da matr\u00edcula est\u00e1 condicionada ao pagamento do boleto da 1\u00aa. parcela e entrega da documenta\u00e7\u00e3o exigida.<\/p>\n<p><strong>OUTRAS INFORMA\u00c7\u00d5ES<br \/>\nDepartamento de Atendimento Integrado<br \/>\n<\/strong>Telefone: (13) 3205-5555<br \/>\nE-mail: dat@unisantos.br<\/p>\n","protected":false},"excerpt":{"rendered":"<p>PROFESSORA RESPONS\u00c1VEL Prof\u00aa. Me. Deise Maria Biazon CARGA HOR\u00c1RIA 30 h\/a LOCAL Campus Dom Id\u00edlio Jos\u00e9 Soares OBJETIVO O curso [&hellip;]<\/p>\n","protected":false},"author":1,"featured_media":0,"parent":397,"menu_order":0,"comment_status":"closed","ping_status":"closed","template":"","meta":{"footnotes":""},"_links":{"self":[{"href":"https:\/\/www.unisantos.br\/pos\/wp-json\/wp\/v2\/pages\/1918"}],"collection":[{"href":"https:\/\/www.unisantos.br\/pos\/wp-json\/wp\/v2\/pages"}],"about":[{"href":"https:\/\/www.unisantos.br\/pos\/wp-json\/wp\/v2\/types\/page"}],"author":[{"embeddable":true,"href":"https:\/\/www.unisantos.br\/pos\/wp-json\/wp\/v2\/users\/1"}],"replies":[{"embeddable":true,"href":"https:\/\/www.unisantos.br\/pos\/wp-json\/wp\/v2\/comments?post=1918"}],"version-history":[{"count":8,"href":"https:\/\/www.unisantos.br\/pos\/wp-json\/wp\/v2\/pages\/1918\/revisions"}],"predecessor-version":[{"id":5558,"href":"https:\/\/www.unisantos.br\/pos\/wp-json\/wp\/v2\/pages\/1918\/revisions\/5558"}],"up":[{"embeddable":true,"href":"https:\/\/www.unisantos.br\/pos\/wp-json\/wp\/v2\/pages\/397"}],"wp:attachment":[{"href":"https:\/\/www.unisantos.br\/pos\/wp-json\/wp\/v2\/media?parent=1918"}],"curies":[{"name":"wp","href":"https:\/\/api.w.org\/{rel}","templated":true}]}}