{"id":187,"date":"2018-10-08T14:31:56","date_gmt":"2018-10-08T17:31:56","guid":{"rendered":"https:\/\/www.unisantos.br\/pos\/?page_id=187"},"modified":"2026-04-09T15:41:18","modified_gmt":"2026-04-09T18:41:18","slug":"mestrado-em-saude-coletiva","status":"publish","type":"page","link":"https:\/\/www.unisantos.br\/pos\/stricto-sensu\/mestrado\/mestrado-em-saude-coletiva\/","title":{"rendered":"Mestrado em Sa\u00fade Coletiva"},"content":{"rendered":"<p align=\"left\">O Curso de Mestrado do Programa de P\u00f3s-Gradua\u00e7\u00e3o <em>Stricto Sensu<\/em> em Sa\u00fade Coletiva recebeu Nota 4 na avalia\u00e7\u00e3o quadrienal 2017-2020. O curso foi Recredenciado pela Portaria MEC n\u00ba 800\/2015 \u2013 D.O.U 10\/08\/2015 e sua Renova\u00e7\u00e3o de Reconhecimento pela Portaria MEC n\u00ba 609 \u2013 D.O.U. de 18\/03\/2019.<\/p>\n<p align=\"left\">O Programa de\u00a0Mestrado em Sa\u00fade Coletiva possui o compromisso de formar, em sua \u00e1rea de concentra\u00e7\u00e3o, <a href=\"https:\/\/portal.unisantos.br\/pos\/strictosensu.php?curso=mestrado-em-saude-coletiva&amp;pagina=area-de-concentracao-e-linhas-de-pesquisa\">Sa\u00fade, Ambiente e Mudan\u00e7as Sociais<\/a>,\u00a0 profissionais\u00a0capazes de desenvolver pesquisas e exercer a doc\u00eancia, transmitindo experi\u00eancia cient\u00edfica e contribuindo para o fortalecimento da \u00e1rea na regi\u00e3o da Baixada Santista.<\/p>\n<p align=\"left\">O projeto se alicer\u00e7ou na experi\u00eancia acumulada pela Universidade em diversas frentes, notadamente nos cursos de gradua\u00e7\u00e3o da \u00e1rea da Sa\u00fade; nas atividades de extens\u00e3o voltadas \u00e0 regi\u00e3o e ao sistema de sa\u00fade; nos numerosos cursos de especializa\u00e7\u00e3o realizados na \u00e1rea;\u00a0e nos grupos isolados de pesquisa existentes na Universidade Cat\u00f3lica de Santos, especialmente aqueles vinculados \u00e0\u00a0quest\u00e3o ambiental &#8211;\u00a0candente na regi\u00e3o &#8211; e que reconheceram no campo da Sa\u00fade Coletiva mais do que uma possibilidade de um di\u00e1logo, a potencialidade inovadora de sua articula\u00e7\u00e3o nos campos te\u00f3rico, emp\u00edrico e de interven\u00e7\u00e3o na realidade regional.<\/p>\n<p align=\"left\">Desse modo, o Mestrado em Sa\u00fade Coletiva visa dar continuidade ao projeto da Cat\u00f3lica de Santos\u00a0de constituir um n\u00facleo acad\u00eamico de docentes e pesquisadores que produzam conhecimento, dialogando com o conjunto das preocupa\u00e7\u00f5es te\u00f3ricas pertinentes ao campo, especialmente\u00a0aquelas que encontram na Regi\u00e3o Metropolitana da Baixada Santista, um terreno emp\u00edrico promissor.<\/p>\n<p align=\"left\"><strong>OBJETIVOS<br \/>\n<\/strong>Produzir conhecimento cient\u00edfico sobre a realidade de sa\u00fade da Baixada Santista;<br \/>\nFormar profissionais para os quadros docentes de institui\u00e7\u00f5es de ensino superior, capacitando-os para o desenvolvimento de atividades de pesquisa e doc\u00eancia (veja os\u00a0grupos de pesquisa\u00a0do programa);<br \/>\nCapacitar profissionais que atuam na \u00e1rea da Sa\u00fade, no campo da Sa\u00fade Coletiva, para que possam fazer frente \u00e0s exig\u00eancias da complexa realidade atual do setor;<br \/>\nIncorporar docentes e alunos da gradua\u00e7\u00e3o \u00e0s atividades de pesquisa, promovendo a integra\u00e7\u00e3o deles com a p\u00f3s-gradua\u00e7\u00e3o.<\/p>\n<p align=\"left\"><strong>COORDENADOR<\/strong><br \/>\nProf. Dr. Ramiro Andres Fernandez Unsain<\/p>\n<p align=\"left\"><strong>Secretaria Acad\u00eamica<br \/>\n<\/strong>Campus Dom Id\u00edlio Jos\u00e9 Soares<br \/>\nEndere\u00e7o: Av. Conselheiro N\u00e9bias, 300 \u2013 Vila Mathias, Santos<br \/>\nAtendimento: De 2\u00aa a 6\u00aa-feira, das 9h \u00e0s 14h e das 15h \u00e0s 18h30<br \/>\nTelefone: (13) 3205-5555 \u2013 ramal 1360<br \/>\nE-mail: secretariaposgraduacao@unisantos.br<\/p>\n","protected":false},"excerpt":{"rendered":"<p>O Curso de Mestrado do Programa de P\u00f3s-Gradua\u00e7\u00e3o Stricto Sensu em Sa\u00fade Coletiva recebeu Nota 4 na avalia\u00e7\u00e3o quadrienal 2017-2020. [&hellip;]<\/p>\n","protected":false},"author":1,"featured_media":188,"parent":110,"menu_order":0,"comment_status":"closed","ping_status":"closed","template":"","meta":{"footnotes":""},"_links":{"self":[{"href":"https:\/\/www.unisantos.br\/pos\/wp-json\/wp\/v2\/pages\/187"}],"collection":[{"href":"https:\/\/www.unisantos.br\/pos\/wp-json\/wp\/v2\/pages"}],"about":[{"href":"https:\/\/www.unisantos.br\/pos\/wp-json\/wp\/v2\/types\/page"}],"author":[{"embeddable":true,"href":"https:\/\/www.unisantos.br\/pos\/wp-json\/wp\/v2\/users\/1"}],"replies":[{"embeddable":true,"href":"https:\/\/www.unisantos.br\/pos\/wp-json\/wp\/v2\/comments?post=187"}],"version-history":[{"count":83,"href":"https:\/\/www.unisantos.br\/pos\/wp-json\/wp\/v2\/pages\/187\/revisions"}],"predecessor-version":[{"id":7237,"href":"https:\/\/www.unisantos.br\/pos\/wp-json\/wp\/v2\/pages\/187\/revisions\/7237"}],"up":[{"embeddable":true,"href":"https:\/\/www.unisantos.br\/pos\/wp-json\/wp\/v2\/pages\/110"}],"wp:featuredmedia":[{"embeddable":true,"href":"https:\/\/www.unisantos.br\/pos\/wp-json\/wp\/v2\/media\/188"}],"wp:attachment":[{"href":"https:\/\/www.unisantos.br\/pos\/wp-json\/wp\/v2\/media?parent=187"}],"curies":[{"name":"wp","href":"https:\/\/api.w.org\/{rel}","templated":true}]}}