{"id":183,"date":"2018-10-08T14:29:23","date_gmt":"2018-10-08T17:29:23","guid":{"rendered":"https:\/\/www.unisantos.br\/pos\/?page_id=183"},"modified":"2025-10-15T07:47:11","modified_gmt":"2025-10-15T10:47:11","slug":"noticias","status":"publish","type":"page","link":"https:\/\/www.unisantos.br\/pos\/stricto-sensu\/mestrado\/mestrado-profissional-em-psicologia-desenvolvimento-e-politicas-publicas\/noticias\/","title":{"rendered":"Not\u00edcias"},"content":{"rendered":"<p><strong>2025<\/strong><\/p>\n<p>\u2022 <a href=\"https:\/\/www.unisantos.br\/portal\/noticias\/internacional-mestre-e-docente-da-unisantos-apresentam-trabalho-em-congresso-de-direitos-humanos-em-coimbra\/\">INTERNACIONAL &#8211; Mestre e docente apresentam trabalho em congresso de Direitos Humanos, em Coimbra<\/a><\/p>\n<p>\u2022 <a href=\"https:\/\/www.unisantos.br\/portal\/noticias\/mestrado-em-psicologia-artigo-e-publicado-nos-anais-do-congresso-de-direitos-humanos-de-coimbra\/\" rel=\"noopener\">MESTRADO EM PSICOLOGIA \u2013 Artigo \u00e9 publicado nos Anais do Congresso de Direitos Humanos de Coimbra<\/a><\/p>\n<p>\u2022 <a href=\"https:\/\/www.unisantos.br\/wp-content\/uploads\/2025\/03\/20250323-Estudo-aponta-vulnerabilidade-feminina-dentro-da-cracolandia-impresso.pdf\" target=\"_blank\" rel=\"noopener\">VULNERABILIDADE FEMININA \u2013 Reportagem especial apresenta estudo desenvolvido no Mestrado Profissional em Psicologoa<\/a><\/p>\n<p>\u2022 <a href=\"https:\/\/www.unisantos.br\/portal\/noticias\/internacional-docente-e-mestre-em-psicologia-desenvolvimento-e-politicas-publicas-apresentam-trabalho-em-evento-na-italia\/\">INTERNACIONAL &#8211; Docente e mestre em Psicologia, Desenvolvimento e Pol\u00edticas P\u00fablicas apresentam trabalho em evento na It\u00e1lia<\/a><\/p>\n<p><strong>2024<\/strong><\/p>\n<p>\u2022 <a href=\"https:\/\/www.unisantos.br\/portal\/noticias\/evento-mestre-em-psicologia-pela-unisantos-e-docente-apresentam-trabalho-no-ii-congresso-internacional-de-educacao-sesi-sp\/\">EVENTO &#8211; Mestre em Psicologia pela UNISANTOS e docente apresentam trabalho no II Congresso Internacional de Educa\u00e7\u00e3o Sesi-SP<\/a><\/p>\n<p>2023<\/p>\n<p>\u2022 <a href=\"https:\/\/www.unisantos.br\/portal\/noticias\/destaque-egressa-do-mestrado-em-psicologia-da-unisantos-tem-trabalho-premiado-em-1o-lugar-em-simposio-internacional\/\">DESTAQUE \u2013 Egressa do Mestrado em Psicologia da UNISANTOS tem trabalho premiado em 1\u00ba lugar em simp\u00f3sio internacional<\/a><\/p>\n<p><strong>2022<\/strong><\/p>\n<p><a href=\"https:\/\/www.unisantos.br\/portal\/noticias\/curso-de-psicologia-teorias-da-psicanalise-sao-discutidas-na-serie-freud-na-universidade\/\"> \u2022 Teorias da Psican\u00e1lise s\u00e3o discutidas na s\u00e9rie \u201cFreud na Universidade\u201d<\/a><\/p>\n<p><a href=\"https:\/\/www.unisantos.br\/portal\/noticias\/podcast-estudo-sobre-motivacao-ansiedade-e-depressao-e-a-sua-relacao-com-as-midias-digitais-entre-os-jovens-e-tema-da-primeira-edicao-do-conexao-pesquisa\/\" target=\"_blank\" rel=\"noopener\">\u2022\u00a0PODCAST \u2013 Estudo sobre motiva\u00e7\u00e3o, ansiedade e depress\u00e3o entre os jovens, e a sua rela\u00e7\u00e3o com as m\u00eddias digitais, \u00e9 tema da primeira edi\u00e7\u00e3o do \u201cConex\u00e3o Pesquisa\u201d<\/a><\/p>\n<p><a href=\"https:\/\/www.unisantos.br\/portal\/noticias\/publicacao-docentes-da-unisantos-tem-artigos-publicados-no-livro-criatividade-nuances-teoricas-na-perspectiva-da-filosofia-e-da-psicologia\/\" target=\"_blank\" rel=\"noopener\">\u2022\u00a0E-BOOK \u2013 Docentes publicam artigos na obra \u201cCriatividade: nuances te\u00f3ricas na perspectiva da filosofia e da psicologia\u201d<\/a><\/p>\n<p><a href=\"https:\/\/www.unisantos.br\/portal\/noticias\/escolas-catolicas-inspirado-na-campanha-da-fraternidade-2022-encontro-de-formacao-promovido-pela-anec-baixada-santista-foca-no-autocuidado-e-na-alteridade\/\" target=\"_blank\" rel=\"noopener\">\u2022\u00a0ESCOLAS CAT\u00d3LICAS \u2013 Inspirado na Campanha da Fraternidade 2022, Encontro de Forma\u00e7\u00e3o promovido pela ANEC Baixada Santista foca no autocuidado e na alteridade<\/a><\/p>\n<p><a href=\"https:\/\/www.unisantos.br\/portal\/noticias\/saude-psicologia-realiza-aula-inaugural-com-pesquisador-da-universidade-federal-do-para\/\" target=\"_blank\" rel=\"noopener\">\u2022\u00a0SA\u00daDE \u2013 Psicologia realiza aula inaugural com pesquisador da Universidade Federal do Par\u00e1<\/a><\/p>\n<p><strong>2021<\/strong><\/p>\n<p><a href=\"https:\/\/www.unisantos.br\/wp-content\/uploads\/2021\/05\/Respire-fundo-Isabel-Calil.pdf\" target=\"_blank\" rel=\"noopener\">\u2022\u00a0A Tribuna \u2013 Coordenadora do Mestrado em Psicologia d\u00e1 dicas para superar o estresse durante a pandemia<\/a><\/p>\n<p><a href=\"https:\/\/www.unisantos.br\/portal\/noticias\/na-midia-plantao-psicanalitico-on-line-e-destaque-em-reportagem-do-programa-balanco-geral-da-record-litoral\/\" target=\"_blank\" rel=\"noopener\">\u2022\u00a0RECORD LITORAL \u2013 Plant\u00e3o Psicanal\u00edtico on-line \u00e9 destaque em reportagem do programa \u2018Balan\u00e7o Geral\u2019<\/a><\/p>\n<p><a href=\"https:\/\/www.unisantos.br\/portal\/noticias\/emergencial-inscricoes-abertas-para-atendimento-psicologico-on-line-promovido-pelo-curso-de-psicanalise-e-psicoterapia-psicanalitica\/\" target=\"_blank\" rel=\"noopener\">\u2022\u00a0EMERGENCIAL \u2013 Inscri\u00e7\u00f5es abertas para atendimento psicol\u00f3gico on-line promovido pelo curso de Psican\u00e1lise e Psicoterapia Psicanal\u00edtica<\/a><\/p>\n<p><a href=\"https:\/\/www.unisantos.br\/portal\/noticias\/publicacao-docentes-do-mestrado-em-psicologia-sao-autores-na-obra-criatividade-nuances-teoricas-na-perspectiva-da-filosofia-e-da-psicologia\/\" target=\"_blank\" rel=\"noopener\">\u2022\u00a0PUBLICA\u00c7\u00c3O \u2013 Docentes do Mestrado em Psicologia s\u00e3o coautores da obra \u201cCriatividade: nuances te\u00f3ricas na perspectiva da Filosofia e da Psicologia\u201d<\/a><\/p>\n<p><a href=\"https:\/\/www.unisantos.br\/portal\/noticias\/saude-docente-do-mestrado-profissional-em-psicologia-desenvolvimento-e-politicas-publicas-tem-artigo-publicado-no-livro-lgpd-na-saude\/\" target=\"_blank\" rel=\"noopener\">\u2022\u00a0SA\u00daDE \u2013 Docente do Mestrado profissional em Psicologia, Desenvolvimento e Pol\u00edticas P\u00fablicas tem artigo publicado no livro \u201cLGPD na Sa\u00fade\u201d<\/a><\/p>\n<p><strong>2020<\/strong><\/p>\n<p><a href=\"https:\/\/www.unisantos.br\/wp-content\/uploads\/2020\/09\/Depress%C3%A3o-n%C3%A3o-%C3%A9-frescura.pdf\" target=\"_blank\" rel=\"noopener\">\u2022\u00a0ALERTA &#8211; Coordenadora do Mestrado em Psicologia comenta sobre depress\u00e3o na adolesc\u00eancia<\/a><\/p>\n<p><a href=\"https:\/\/www.unisantos.br\/portal\/noticias\/experiencias-nova-turma-de-estudantes-do-programa-expedicao-cientifica-para-o-ensino-medio-inicia-atividades-praticas-em-diferentes-areas-do-conhecimento\/\" target=\"_blank\" rel=\"noopener\">\u2022\u00a0EXPERI\u00caNCIAS \u2013 Mais de 70 estudantes do Programa Expedi\u00e7\u00e3o Cient\u00edfica para o ensino m\u00e9dio iniciam atividades<\/a><\/p>\n<p><a href=\"https:\/\/www.unisantos.br\/portal\/noticias\/extensao-plantao-psicanalitico-on-line-e-selecionado-para-a-mostra-de-praticas-de-psicologia-na-pandemia\/\" target=\"_blank\" rel=\"noopener\">\u2022\u00a0EXTENS\u00c3O \u2013 Plant\u00e3o Psicanal\u00edtico on line \u00e9 selecionado para a \u201cMostra de Pr\u00e1ticas de Psicologia na Pandemia\u201d<\/a><\/p>\n<p><a href=\"https:\/\/www.unisantos.br\/portal\/noticias\/refugiado-em-seminario-catedra-sergio-vieira-de-mello-debate-questoes-sobre-refugio-na-pandemia\/\" target=\"_blank\" rel=\"noopener\">\u2022\u00a0REFUGIADO \u2013 Em semin\u00e1rio, C\u00e1tedra S\u00e9rgio Vieira de Mello debate quest\u00f5es sobre ref\u00fagio na pandemia<\/a><\/p>\n<p><a href=\"https:\/\/www.unisantos.br\/wp-content\/uploads\/2020\/05\/plant%C3%A3o-psicol%C3%B3gico-crub.pdf\" target=\"_blank\" rel=\"noopener\">\u2022\u00a0SA\u00daDE \u2013 Portal do Conselho de Reitores das Universidades Brasileiras divulga plant\u00e3o psicol\u00f3gico gratuito promovido por curso da UNISANTOS<\/a><\/p>\n<p><a href=\"https:\/\/www.unisantos.br\/wp-content\/uploads\/2020\/05\/plant%C3%A3o-psicol%C3%B3gico-abruc.pdf\" target=\"_blank\" rel=\"noopener\">\u2022\u00a0COVID-19 \u2013 Plant\u00e3o psicol\u00f3gico gratuito oferecido por curso da UNISANTOS \u00e9 destaque no portal da Associa\u00e7\u00e3o Brasileira das Universidades Comunit\u00e1rias<\/a><\/p>\n<p><a href=\"https:\/\/www.unisantos.br\/portal\/noticias\/covid-19-curso-de-psicanalise-e-psicoterapia-psicanalitica-da-unisantos-promove-plantao-psicologico-gratuito\/\" target=\"_blank\" rel=\"noopener\">\u2022\u00a0COVID-19 \u2013 Curso de Psican\u00e1lise e Psicoterapia Psicanal\u00edtica da UNISANTOS promove plant\u00e3o psicol\u00f3gico gratuito<\/a><\/p>\n<p><strong>2019<\/strong><\/p>\n<p><a href=\"https:\/\/www.unisantos.br\/wp-content\/uploads\/2019\/12\/peso-da-vida.pdf\" target=\"_blank\" rel=\"noopener\">\u2022\u00a0A TRIBUNA \u2013 Em mat\u00e9ria especial, coordenadora do Mestrado em Psicologia fala sobre sentimento de culpa<\/a><\/p>\n<p><a href=\"https:\/\/www.unisantos.br\/portal\/noticias\/catedra-sergio-vieira-de-mello-da-unisantos-lanca-documento-para-acesso-de-pessoas-refugiadas-ao-ensino-superior\/\">\u2022\u00a0PESQUISA \u2013 C\u00e1tedra S\u00e9rgio Vieira de Mello da UNISANTOS lan\u00e7a documento sobre refugiados no ensino superior<\/a><br \/>\n<strong><br \/>\n<\/strong>\u2022 <a href=\"https:\/\/www.unisantos.br\/portal\/noticias\/docente-da-unisantos-ministra-aula-para-estudantes-de-psicologia-da-universidade-fernando-pessoa-em-portugal\/\">Docente da UNISANTOS ministra aula para estudantes de psicologia da Universidade Fernando Pessoa, em Portugal<\/a><\/p>\n<p><a href=\"https:\/\/www.unisantos.br\/wp-content\/uploads\/2019\/02\/0078_Estupros-aumentam-e-maioria-ocorre-em-casa-revelam-dados.pdf\" target=\"_blank\" rel=\"noopener\">\u2022 Coordenadora do mestrado em Psicologia e Pol\u00edticas P\u00fablicas fala sobre o aumento da viol\u00eancia contra a mulher<\/a><\/p>\n<p><strong>2018<\/strong><\/p>\n<p><a href=\"http:\/\/www.unisantos.br\/wp-content\/uploads\/2018\/06\/\u00c9-a-vida-do-seu-filho.pdf\" target=\"_blank\" rel=\"noopener\">\u2022 Coordenadora do curso de Psicologia fala sobre apoio na preven\u00e7\u00e3o ao suic\u00eddio<\/a><strong><br \/>\n<\/strong><a href=\"http:\/\/www.unisantos.br\/portal\/noticias\/docente-da-unisantos-recebe-comenda-pela-sua-contribuicao-como-pesquisadora\/\"><br \/>\n\u2022 Docente da UNISANTOS recebe comenda pela sua contribui\u00e7\u00e3o como pesquisadora<\/a><\/p>\n<p><a href=\"http:\/\/www.unisantos.br\/portal\/noticias\/formadas-em-psicologia-sao-aprovadas-em-programa-de-aprimoramento-profissional\/\">\u2022 Formadas em Psicologia s\u00e3o aprovadas em Programa de Aprimoramento Profissional<\/a><\/p>\n<p><strong>2017<\/strong><\/p>\n<p>\u2022\u00a0<a href=\"http:\/\/www.unisantos.br\/portal\/noticias\/docentes-da-graduacao-e-do-mestrado-em-psicologia-participam-de-eventos-nacionais\/\">Docentes da Gradua\u00e7\u00e3o e do Mestrado em Psicologia participam de eventos nacionais<\/a><br \/>\n<strong><br \/>\n<\/strong><a href=\"http:\/\/www.unisantos.br\/portal\/noticias\/artigo-interdisciplinar-de-iniciacao-cientifica-e-publicado-em-revista-cientifica\/\">\u2022 Artigo interdisciplinar de Inicia\u00e7\u00e3o Cient\u00edfica \u00e9 publicado em revista<\/a><strong><br \/>\n<\/strong><a href=\"http:\/\/www.unisantos.br\/portal\/noticias\/inedito-no-brasil-programa-de-mestrado-em-psicologia-e-politicas-publicas-e-instalado\/\"><br \/>\n\u2022 In\u00e9dito no Brasil, Programa de Mestrado em Psicologia e Pol\u00edticas P\u00fablicas \u00e9 instalado<\/a><\/p>\n","protected":false},"excerpt":{"rendered":"<p>2025 \u2022 INTERNACIONAL &#8211; Mestre e docente apresentam trabalho em congresso de Direitos Humanos, em Coimbra \u2022 MESTRADO EM PSICOLOGIA [&hellip;]<\/p>\n","protected":false},"author":1,"featured_media":0,"parent":168,"menu_order":9,"comment_status":"closed","ping_status":"closed","template":"","meta":{"footnotes":""},"_links":{"self":[{"href":"https:\/\/www.unisantos.br\/pos\/wp-json\/wp\/v2\/pages\/183"}],"collection":[{"href":"https:\/\/www.unisantos.br\/pos\/wp-json\/wp\/v2\/pages"}],"about":[{"href":"https:\/\/www.unisantos.br\/pos\/wp-json\/wp\/v2\/types\/page"}],"author":[{"embeddable":true,"href":"https:\/\/www.unisantos.br\/pos\/wp-json\/wp\/v2\/users\/1"}],"replies":[{"embeddable":true,"href":"https:\/\/www.unisantos.br\/pos\/wp-json\/wp\/v2\/comments?post=183"}],"version-history":[{"count":35,"href":"https:\/\/www.unisantos.br\/pos\/wp-json\/wp\/v2\/pages\/183\/revisions"}],"predecessor-version":[{"id":7072,"href":"https:\/\/www.unisantos.br\/pos\/wp-json\/wp\/v2\/pages\/183\/revisions\/7072"}],"up":[{"embeddable":true,"href":"https:\/\/www.unisantos.br\/pos\/wp-json\/wp\/v2\/pages\/168"}],"wp:attachment":[{"href":"https:\/\/www.unisantos.br\/pos\/wp-json\/wp\/v2\/media?parent=183"}],"curies":[{"name":"wp","href":"https:\/\/api.w.org\/{rel}","templated":true}]}}