{"id":1808,"date":"2019-06-27T20:11:33","date_gmt":"2019-06-27T23:11:33","guid":{"rendered":"https:\/\/www.unisantos.br\/pos\/?page_id=1808"},"modified":"2023-08-14T14:29:12","modified_gmt":"2023-08-14T17:29:12","slug":"introducao-a-lingua-latina-modulo-i","status":"publish","type":"page","link":"https:\/\/www.unisantos.br\/pos\/centro-de-linguas\/introducao-a-lingua-latina-modulo-i\/","title":{"rendered":"Introdu\u00e7\u00e3o \u00e0 L\u00edngua Latina &#8211; M\u00f3dulo I"},"content":{"rendered":"<p><strong>PROFESSOR RESPONS\u00c1VEL<\/strong><br \/>\nProf. Dr. Romeu Leite Izid\u00f3rio<\/p>\n<p><strong>CARGA HOR\u00c1RIA<\/strong><br \/>\n20 h\/a<\/p>\n<p><strong>LOCAL<\/strong><br \/>\nCampus Dom Id\u00edlio Jos\u00e9 Soares<\/p>\n<p><strong>OBJETIVOS<\/strong><br \/>\nAlfabetizar na l\u00edngua latina.<br \/>\nEstruturar o pensamento de tal l\u00edngua com suas peculiaridades (constru\u00e7\u00e3o fraseol\u00f3gica).<br \/>\nIniciar o conhecimento de gram\u00e1tica.<\/p>\n<p><strong>P\u00daBLICO-ALVO<\/strong><br \/>\nAo p\u00fablico em geral, especialmente alunos universit\u00e1rios<\/p>\n<p><strong>CONTE\u00daDO<\/strong><br \/>\nSensibiliza\u00e7\u00e3o para o Latim; Alfabeto e pron\u00fancias<br \/>\nOs casos nos substantivos, adjetivos e adv\u00e9rbios<br \/>\nO Caso: nominativo (morfologia e sintaxe)<br \/>\nO Caso: acusativo (morfologia e sintaxe)<br \/>\nO Caso: ablativo (morfologia e sintaxe)<br \/>\nO Caso: genitivo (morfologia e sintaxe)<br \/>\nO Caso: dativo (morfologia e sintaxe)<br \/>\nO Caso: vocativo (morfologia e sintaxe)<br \/>\nOs pronomes pessoais<br \/>\nConclus\u00e3o do primeiro m\u00f3dulo<\/p>\n<p><strong>OBSERVA\u00c7\u00d5ES<\/strong><br \/>\nA Universidade se reserva o direito de alterar o cronograma e o corpo docente.<br \/>\nDocumenta\u00e7\u00e3o necess\u00e1ria para quem n\u00e3o \u00e9 aluno da Cat\u00f3lica de Santos: c\u00f3pias do RG, CPF, certid\u00e3o de nascimento ou casamento.<br \/>\nA inscri\u00e7\u00e3o presencial s\u00f3 poder\u00e1 ser efetuada pelo interessado no curso, ou por pessoa munida de procura\u00e7\u00e3o autenticada em cart\u00f3rio.<br \/>\nA efetiva\u00e7\u00e3o da matr\u00edcula est\u00e1 condicionada ao pagamento do boleto da 1\u00aa. parcela e entrega da documenta\u00e7\u00e3o exigida.<\/p>\n<p><strong>OUTRAS INFORMA\u00c7\u00d5ES<\/strong><br \/>\n<strong>Departamento de Atendimento Integrado<\/strong><br \/>\nTelefone: (13) 3205-5555<br \/>\nE-mail: dat@unisantos.br<\/p>\n","protected":false},"excerpt":{"rendered":"<p>PROFESSOR RESPONS\u00c1VEL Prof. Dr. Romeu Leite Izid\u00f3rio CARGA HOR\u00c1RIA 20 h\/a LOCAL Campus Dom Id\u00edlio Jos\u00e9 Soares OBJETIVOS Alfabetizar na [&hellip;]<\/p>\n","protected":false},"author":1,"featured_media":0,"parent":397,"menu_order":0,"comment_status":"closed","ping_status":"closed","template":"","meta":{"footnotes":""},"_links":{"self":[{"href":"https:\/\/www.unisantos.br\/pos\/wp-json\/wp\/v2\/pages\/1808"}],"collection":[{"href":"https:\/\/www.unisantos.br\/pos\/wp-json\/wp\/v2\/pages"}],"about":[{"href":"https:\/\/www.unisantos.br\/pos\/wp-json\/wp\/v2\/types\/page"}],"author":[{"embeddable":true,"href":"https:\/\/www.unisantos.br\/pos\/wp-json\/wp\/v2\/users\/1"}],"replies":[{"embeddable":true,"href":"https:\/\/www.unisantos.br\/pos\/wp-json\/wp\/v2\/comments?post=1808"}],"version-history":[{"count":8,"href":"https:\/\/www.unisantos.br\/pos\/wp-json\/wp\/v2\/pages\/1808\/revisions"}],"predecessor-version":[{"id":5568,"href":"https:\/\/www.unisantos.br\/pos\/wp-json\/wp\/v2\/pages\/1808\/revisions\/5568"}],"up":[{"embeddable":true,"href":"https:\/\/www.unisantos.br\/pos\/wp-json\/wp\/v2\/pages\/397"}],"wp:attachment":[{"href":"https:\/\/www.unisantos.br\/pos\/wp-json\/wp\/v2\/media?parent=1808"}],"curies":[{"name":"wp","href":"https:\/\/api.w.org\/{rel}","templated":true}]}}