{"id":1784,"date":"2019-06-26T20:57:34","date_gmt":"2019-06-26T23:57:34","guid":{"rendered":"https:\/\/www.unisantos.br\/pos\/?page_id=1784"},"modified":"2024-12-23T08:39:14","modified_gmt":"2024-12-23T11:39:14","slug":"introducao-a-lingua-grega-modulo-i","status":"publish","type":"page","link":"https:\/\/www.unisantos.br\/pos\/centro-de-linguas\/introducao-a-lingua-grega-modulo-i\/","title":{"rendered":"Introdu\u00e7\u00e3o \u00e0 L\u00edngua Grega &#8211; M\u00f3dulo I"},"content":{"rendered":"<p><strong>PROFESSOR RESPONS\u00c1VEL<br \/>\n<\/strong>Prof. Dr. Romeu Leite Izid\u00f3rio<strong>\u00a0<\/strong><\/p>\n<p><strong>CARGA HOR\u00c1RIA<br \/>\n<\/strong>20\u00a0 h\/a<strong>\u00a0<\/strong><strong>\u00a0<\/strong><\/p>\n<p><strong>LOCAL<br \/>\n<\/strong>Campus Dom Id\u00edlio Jos\u00e9 Soares<strong>\u00a0<\/strong><\/p>\n<p><strong>OBJETIVO<br \/>\n<\/strong>Alfabetizar na l\u00edngua grega;<br \/>\nEstruturar o pensamento de tal l\u00edngua com suas peculiaridades (constru\u00e7\u00e3o fraseol\u00f3gica);<br \/>\nIniciar o conhecimento gramatical.<strong>\u00a0<\/strong><\/p>\n<p><strong>P\u00daBLICO-ALVO<br \/>\n<\/strong>P\u00fablico em geral, especialmente estudantes universit\u00e1rios<strong>\u00a0<\/strong><\/p>\n<p><strong>CONTE\u00daDO<br \/>\n<\/strong>Sensibiliza\u00e7\u00e3o para o Grego; alfabeto e demais sinais gr\u00e1ficos<br \/>\nPalavras, conjun\u00e7\u00f5es, artigos e nega\u00e7\u00e3o simples<br \/>\nVerbos: o presente do indicativo<br \/>\nSubstantivos: 2\u00aa. declina\u00e7\u00e3o<br \/>\nVerbos: presente do subjuntivo<br \/>\nSubstantivos: 1\u00aa. declina\u00e7\u00e3o<br \/>\nVerbos: o imperfeito do indicativo<br \/>\nPreposi\u00e7\u00f5es: a reg\u00eancia de um \u00fanico caso<br \/>\nAdjetivos<br \/>\nConclus\u00e3o do primeiro m\u00f3dulo<strong>\u00a0<\/strong><\/p>\n<p><strong>OBSERVA\u00c7\u00d5ES<br \/>\n<\/strong>A Universidade se reserva o direito de alterar o cronograma e o corpo docente.<br \/>\nDocumenta\u00e7\u00e3o necess\u00e1ria para quem n\u00e3o \u00e9 aluno da Cat\u00f3lica de Santos: c\u00f3pias do RG, CPF, certid\u00e3o de nascimento ou casamento.<br \/>\nA inscri\u00e7\u00e3o presencial s\u00f3 poder\u00e1 ser efetuada pelo interessado no curso, ou por pessoa munida de procura\u00e7\u00e3o autenticada em cart\u00f3rio.<br \/>\nA efetiva\u00e7\u00e3o da matr\u00edcula est\u00e1 condicionada ao pagamento do boleto da 1\u00aa. parcela e entrega da documenta\u00e7\u00e3o exigida.<\/p>\n<p><strong>OUTRAS INFORMA\u00c7\u00d5ES<br \/>\n<\/strong>Departamento de Atendimento Integrado<br \/>\nTelefones: (13) 3205-5555<br \/>\nE-mail: dat@unisantos.br<\/p>\n","protected":false},"excerpt":{"rendered":"<p>PROFESSOR RESPONS\u00c1VEL Prof. Dr. Romeu Leite Izid\u00f3rio\u00a0 CARGA HOR\u00c1RIA 20\u00a0 h\/a\u00a0\u00a0 LOCAL Campus Dom Id\u00edlio Jos\u00e9 Soares\u00a0 OBJETIVO Alfabetizar na [&hellip;]<\/p>\n","protected":false},"author":1,"featured_media":0,"parent":397,"menu_order":0,"comment_status":"closed","ping_status":"closed","template":"","meta":{"footnotes":""},"_links":{"self":[{"href":"https:\/\/www.unisantos.br\/pos\/wp-json\/wp\/v2\/pages\/1784"}],"collection":[{"href":"https:\/\/www.unisantos.br\/pos\/wp-json\/wp\/v2\/pages"}],"about":[{"href":"https:\/\/www.unisantos.br\/pos\/wp-json\/wp\/v2\/types\/page"}],"author":[{"embeddable":true,"href":"https:\/\/www.unisantos.br\/pos\/wp-json\/wp\/v2\/users\/1"}],"replies":[{"embeddable":true,"href":"https:\/\/www.unisantos.br\/pos\/wp-json\/wp\/v2\/comments?post=1784"}],"version-history":[{"count":7,"href":"https:\/\/www.unisantos.br\/pos\/wp-json\/wp\/v2\/pages\/1784\/revisions"}],"predecessor-version":[{"id":6547,"href":"https:\/\/www.unisantos.br\/pos\/wp-json\/wp\/v2\/pages\/1784\/revisions\/6547"}],"up":[{"embeddable":true,"href":"https:\/\/www.unisantos.br\/pos\/wp-json\/wp\/v2\/pages\/397"}],"wp:attachment":[{"href":"https:\/\/www.unisantos.br\/pos\/wp-json\/wp\/v2\/media?parent=1784"}],"curies":[{"name":"wp","href":"https:\/\/api.w.org\/{rel}","templated":true}]}}