{"id":1773,"date":"2019-06-26T17:45:13","date_gmt":"2019-06-26T20:45:13","guid":{"rendered":"https:\/\/www.unisantos.br\/pos\/?page_id=1773"},"modified":"2023-08-14T13:41:54","modified_gmt":"2023-08-14T16:41:54","slug":"arranjo-vocal-tecnica-e-pratica-da-escrita-coral","status":"publish","type":"page","link":"https:\/\/www.unisantos.br\/pos\/qualificacao\/arranjo-vocal-tecnica-e-pratica-da-escrita-coral\/","title":{"rendered":"Arranjo Vocal: T\u00e9cnica e Pr\u00e1tica da Escrita Coral"},"content":{"rendered":"<p><strong>PROFESSOR RESPONS\u00c1VEL<br \/>\n<\/strong>Prof. Me. Ricardo Cardim de Cerqueira<strong>\u00a0<\/strong><\/p>\n<p><strong>CARGA HOR\u00c1RIA<br \/>\n<\/strong>18 h\/a<strong>\u00a0<\/strong><\/p>\n<p><strong>DIA E HOR\u00c1RIO<\/strong><br \/>\nLivres (curso a dist\u00e2ncia)<\/p>\n<p><strong>OBJETIVO<\/strong><br \/>\nOferecer os recursos t\u00e9cnico-musicais para a cria\u00e7\u00e3o de arranjos e adapta\u00e7\u00f5es para os diversos tipos de grupos vocais, infantis, amadores ou profissionais, demonstrando os principais estilos e t\u00e9cnicas da escrita coral j\u00e1 utilizadas, a partir da an\u00e1lise e da pr\u00e1tica de cria\u00e7\u00e3o musical.<\/p>\n<p><strong>P\u00daBLICO-ALVO<\/strong><br \/>\nEstudantes e graduados em M\u00fasica<\/p>\n<p><strong>CONTE\u00daDO<\/strong><br \/>\n\u2022 Apresenta\u00e7\u00e3o do curso;<br \/>\n\u2022 Capacita\u00e7\u00e3o na Plataforma Moodle;<br \/>\n\u2022 A m\u00fasica vocal e coral na hist\u00f3ria;<br \/>\n\u2022 Os diferentes estilos de composi\u00e7\u00e3o coral;<br \/>\n\u2022 Exerc\u00edcios contrapont\u00edsticos;<br \/>\n\u2022 Atividade de escrita para aprecia\u00e7\u00e3o.<br \/>\n\u2022 An\u00e1lise de diferentes estilos de escrita coral ao longo da hist\u00f3ria;<br \/>\n\u2022 F\u00f3rum: Os diferentes estilos de composi\u00e7\u00e3o coral;<br \/>\n\u2022 An\u00e1lise e discuss\u00e3o da atividade escrita pelos participantes.<br \/>\n\u2022 Os fundamentos da escrita vocal: extens\u00e3o, tessitura, timbres e texturas;<br \/>\n\u2022 Os diferentes tipos de forma\u00e7\u00e3o coral e suas especificidades vocais;<br \/>\n\u2022 Atividade de escrita para aprecia\u00e7\u00e3o do professor.<br \/>\n\u2022 F\u00f3rum: Os diferentes tipos de forma\u00e7\u00e3o coral;<br \/>\n\u2022 An\u00e1lise de partituras para forma\u00e7\u00f5es vocais infanto-juvenis;<br \/>\n\u2022 An\u00e1lise e discuss\u00e3o da atividade escrita pelos participantes.<br \/>\n\u2022 As t\u00e9cnicas de escrita musical aplicada a escrita coral;<br \/>\n\u2022 Os diferentes aspectos da pros\u00f3dia musical;<br \/>\n\u2022 A escrita para coros amadores e profissionais;<br \/>\n\u2022 Atividade de escrita coral para aprecia\u00e7\u00e3o do professor.<br \/>\n\u2022 A escrita coral moderna;<br \/>\n\u2022 F\u00f3rum: Partituras para forma\u00e7\u00f5es vocais adultas e profissionais;<br \/>\n\u2022 An\u00e1lise e discuss\u00e3o da atividade escrita pelos participantes.<br \/>\n\u2022 O arranjo coral para a m\u00fasica popular brasileira;<br \/>\n\u2022 Arranjos corais para m\u00fasica pop;<br \/>\n\u2022 Exerc\u00edcios de Re-harmoniza\u00e7\u00e3o;<br \/>\n\u2022 T\u00e9cnicas de escrita para m\u00fasica popular.<br \/>\n\u2022 F\u00f3rum: Escrita coral para a m\u00fasica popular;<br \/>\n\u2022 Aprecia\u00e7\u00e3o e discuss\u00e3o das obras escritas pelos participantes.<\/p>\n<p><strong>OBSERVA\u00c7\u00d5ES<\/strong><br \/>\nA Universidade se reserva o direito de alterar o cronograma e o corpo docente.<br \/>\nDocumenta\u00e7\u00e3o necess\u00e1ria para quem n\u00e3o \u00e9 aluno da Cat\u00f3lica de Santos: c\u00f3pias do RG, CPF, certid\u00e3o de nascimento ou casamento.<br \/>\nA inscri\u00e7\u00e3o presencial s\u00f3 poder\u00e1 ser efetuada pelo interessado no curso, ou por pessoa munida de procura\u00e7\u00e3o autenticada em cart\u00f3rio.<br \/>\nA efetiva\u00e7\u00e3o da matr\u00edcula est\u00e1 condicionada ao pagamento do boleto da 1\u00aa. parcela e entrega da documenta\u00e7\u00e3o exigida.<\/p>\n<p><strong>OUTRAS INFORMA\u00c7\u00d5ES<\/strong><br \/>\nDepartamento de Atendimento Integrado<br \/>\nTelefone: (13) 3205-5555<br \/>\nE-mail: dat@unisantos.br<\/p>\n","protected":false},"excerpt":{"rendered":"<p>PROFESSOR RESPONS\u00c1VEL Prof. Me. Ricardo Cardim de Cerqueira\u00a0 CARGA HOR\u00c1RIA 18 h\/a\u00a0 DIA E HOR\u00c1RIO Livres (curso a dist\u00e2ncia) OBJETIVO [&hellip;]<\/p>\n","protected":false},"author":1,"featured_media":0,"parent":399,"menu_order":0,"comment_status":"closed","ping_status":"closed","template":"","meta":{"footnotes":""},"_links":{"self":[{"href":"https:\/\/www.unisantos.br\/pos\/wp-json\/wp\/v2\/pages\/1773"}],"collection":[{"href":"https:\/\/www.unisantos.br\/pos\/wp-json\/wp\/v2\/pages"}],"about":[{"href":"https:\/\/www.unisantos.br\/pos\/wp-json\/wp\/v2\/types\/page"}],"author":[{"embeddable":true,"href":"https:\/\/www.unisantos.br\/pos\/wp-json\/wp\/v2\/users\/1"}],"replies":[{"embeddable":true,"href":"https:\/\/www.unisantos.br\/pos\/wp-json\/wp\/v2\/comments?post=1773"}],"version-history":[{"count":15,"href":"https:\/\/www.unisantos.br\/pos\/wp-json\/wp\/v2\/pages\/1773\/revisions"}],"predecessor-version":[{"id":5466,"href":"https:\/\/www.unisantos.br\/pos\/wp-json\/wp\/v2\/pages\/1773\/revisions\/5466"}],"up":[{"embeddable":true,"href":"https:\/\/www.unisantos.br\/pos\/wp-json\/wp\/v2\/pages\/399"}],"wp:attachment":[{"href":"https:\/\/www.unisantos.br\/pos\/wp-json\/wp\/v2\/media?parent=1773"}],"curies":[{"name":"wp","href":"https:\/\/api.w.org\/{rel}","templated":true}]}}