{"id":177,"date":"2018-10-08T14:28:23","date_gmt":"2018-10-08T17:28:23","guid":{"rendered":"https:\/\/www.unisantos.br\/pos\/?page_id=177"},"modified":"2025-06-02T14:06:16","modified_gmt":"2025-06-02T17:06:16","slug":"grupos-de-pesquisa","status":"publish","type":"page","link":"https:\/\/www.unisantos.br\/pos\/stricto-sensu\/mestrado\/mestrado-profissional-em-psicologia-desenvolvimento-e-politicas-publicas\/grupos-de-pesquisa\/","title":{"rendered":"Grupos de Pesquisa"},"content":{"rendered":"<p>A Universidade Cat\u00f3lica de Santos considera a pesquisa um fator fundamental para o melhor aproveitamento dos conhecimentos cient\u00edficos e tecnol\u00f3gicos, bem como de seus resultados para a comunidade acad\u00eamica e a sociedade em geral. Com esse pensamento, diversos grupos de pesquisa se desenvolvem na Universidade, contribuindo para a promo\u00e7\u00e3o do enriquecimento cultural da sociedade e o crescimento da Regi\u00e3o Metropolitana da Baixada Santista.<\/p>\n<p><strong>GRUPO DE ESTUDOS E PESQUISA EM PSICOLOGIA, LINGUAGEM E COGNI\u00c7\u00c3O (Gepelc)<\/strong><br \/>\nCertificado no <a href=\"http:\/\/dgp.cnpq.br\/dgp\/espelhogrupo\/800620\" target=\"_blank\" rel=\"noopener\"><strong>Diret\u00f3rio do CNPq<\/strong><\/a><br \/>\n<strong>Ano de forma\u00e7\u00e3o<\/strong>: 2024<br \/>\n<strong>L\u00edder do grupo<\/strong>: <a href=\"http:\/\/lattes.cnpq.br\/3521480933141787\" target=\"_blank\" rel=\"noopener\">Prof\u00aa. Dr\u00aa. Cristina de Andrade Varanda<\/a><br \/>\n<strong>Contato<\/strong>: cristinavaranda@unisantos.br<br \/>\n<strong>Linhas de pesquisa<\/strong><br \/>\n1) Manejo de transtornos psiqui\u00e1tricos infantis em ambiente escolar e cl\u00ednico: orienta\u00e7\u00e3o, pr\u00e1ticas preventivas e remediativas<br \/>\n2) O impacto do uso das novas tecnologias na sa\u00fade mental: doen\u00e7a, avalia\u00e7\u00e3o e tratamento<br \/>\n3) Processos Cognitivos na Aprendizagem e no Processamento da Linguagem<\/p>\n<p><strong>GRUPO DE PESQUISA E EXTENS\u00c3O EM TRABALHO E SA\u00daDE MENTAL, SINDICALISMO E POL\u00cdTICAS P\u00daBLICAS (Traspolp)<\/strong><br \/>\nCertificado no <a href=\"http:\/\/dgp.cnpq.br\/dgp\/espelhogrupo\/811402\" target=\"_blank\" rel=\"noopener\"><strong>Diret\u00f3rio do CNPq<\/strong><\/a><br \/>\n<strong>Ano de forma\u00e7\u00e3o<\/strong>: 2024<br \/>\n<strong>L\u00edderes:<\/strong><br \/>\n<a href=\"http:\/\/lattes.cnpq.br\/3554721183676963\" target=\"_blank\" rel=\"noopener\">Prof\u00aa. Dr\u00aa. Livia de Oliveira Borges<\/a><br \/>\n<a href=\"http:\/\/lattes.cnpq.br\/5114224610623917\" target=\"_blank\" rel=\"noopener\">Prof\u00aa. Me. T\u00e2nia Macedo<\/a><br \/>\n<strong>Contato<\/strong>: loborges@unisantos.br<br \/>\n<strong>Linhas de Pesquisa e Extens\u00e3o<\/strong><br \/>\n1) Sa\u00fade Mental e Trabalho<br \/>\n2) Rela\u00e7\u00f5es de Trabalho<br \/>\n<a href=\"https:\/\/www.unisantos.br\/transpolp\/dados-gerais\/\" target=\"_blank\" rel=\"noopener\"><strong>Acesse o site<\/strong><\/a><\/p>\n<p><strong>GRUPO INTERDISCIPLINAR DE ESTUDOS EM PSICAN\u00c1LISE E CULTURA<\/strong><br \/>\nCertificado no <strong><a href=\"http:\/\/dgp.cnpq.br\/dgp\/espelhogrupo\/181797\" target=\"_blank\" rel=\"noopener\">Diret\u00f3rio do CNPq<\/a><\/strong><br \/>\n<strong>Ano de forma\u00e7\u00e3o<\/strong>: 2015<br \/>\n<strong>L\u00edder<\/strong>: <a href=\"http:\/\/buscatextual.cnpq.br\/buscatextual\/visualizacv.do?id=K4234054U3\">Prof\u00aa. Dr\u00aa. Thalita Lacerda Nobre<\/a><br \/>\n<strong>Linhas de Pesquisa<\/strong><br \/>\n1) Gest\u00e3o e Pr\u00e1ticas Psicol\u00f3gicas em Pol\u00edticas P\u00fablicas de Sa\u00fade e Assist\u00eancia Social<br \/>\n2) Psicologia, Desenvolvimento e Pol\u00edticas Socioeducacionais<\/p>\n<p><strong>GRUPO INTERDISCIPLINAR DE PSICOLOGIA: SA\u00daDE, EDUCA\u00c7\u00c3O E ASSIST\u00caNCIA SOCIAL<\/strong><br \/>\nCertificado no <strong><a href=\"http:\/\/dgp.cnpq.br\/dgp\/espelhogrupo\/5850040694796157\">Diret\u00f3rio do CNPq<\/a><\/strong><br \/>\n<strong>Ano de forma\u00e7\u00e3o<\/strong>: 2018<br \/>\n<strong>L\u00edderes<\/strong><br \/>\n<a href=\"http:\/\/lattes.cnpq.br\/0116148298132420\">Prof\u00aa. Dr\u00aa. Daisy Inoc\u00eancia Margarida de Lemos<\/a><br \/>\n<a href=\"http:\/\/lattes.cnpq.br\/4375051727191419\">Prof. Dr. H\u00e9lio Alves<\/a><br \/>\n<strong>Contato<\/strong>: daisy.lemos@unisantos.br<br \/>\n<strong>Linha de Pesquisa<\/strong>: Novas pr\u00e1ticas em Psicologia nas \u00e1reas da Educa\u00e7\u00e3o, Sa\u00fade e Assist\u00eancia Social<br \/>\n<a href=\"https:\/\/www.unisantos.br\/grupointerdisciplinapsicologia\/\"><strong>Acesse o site<\/strong><\/a><\/p>\n<p><strong>LABORAT\u00d3RIO DE AVALIA\u00c7\u00c3O E INTERVEN\u00c7\u00c3O PSICOL\u00d3GICA E NEUROPSICOL\u00d3GICA<\/strong><br \/>\nCertificado no <a href=\"http:\/\/dgp.cnpq.br\/dgp\/espelhogrupo\/4125482102556993\" target=\"_blank\" rel=\"noopener\"><strong>Diret\u00f3rio do CNPq<\/strong><\/a><br \/>\n<strong>Ano de forma\u00e7\u00e3o<\/strong>: 2023<br \/>\n<strong>L\u00edderes<\/strong><br \/>\n<a href=\"http:\/\/lattes.cnpq.br\/6203436393742185\" target=\"_blank\" rel=\"noopener\">Prof\u00aa. Dr\u00aa. Hilda Rosa Capel\u00e3o Avoglia<\/a><br \/>\n<a href=\"http:\/\/lattes.cnpq.br\/1600352232046792\" target=\"_blank\" rel=\"noopener\">Prof\u00aa. Dr\u00aa. Miria Benincasa<\/a><br \/>\n<strong>Linhas de Pesquisa<\/strong>:<br \/>\n1) Avalia\u00e7\u00e3o Psicol\u00f3gica: pesquisa, pr\u00e1tica diagn\u00f3stica e interventiva<br \/>\n2) Avalia\u00e7\u00e3o neuropsicol\u00f3gica e reabilita\u00e7\u00e3o<\/p>\n<p><strong>NEUROCI\u00caNCIA, EDUCA\u00c7\u00c3O E SA\u00daDE<\/strong><br \/>\nCertificado no <strong><a href=\"http:\/\/dgp.cnpq.br\/dgp\/espelhogrupo\/3292579228718276\">Diret\u00f3rio do CNPq<\/a><\/strong><br \/>\n<strong>Ano de forma\u00e7\u00e3o<\/strong>: 2023<br \/>\n<strong>L\u00edderes<\/strong><br \/>\n<a href=\"http:\/\/lattes.cnpq.br\/0811672026179794\">Prof. Dr. Edgar Toschi Dias<\/a><br \/>\n<a href=\"http:\/\/lattes.cnpq.br\/4687262182326076\" target=\"_blank\" rel=\"noopener\">Prof\u00aa. Dr\u00aa. Luana Carramillo Going<\/a><br \/>\n<strong>Contato<\/strong>: edgar.dias@unisantos.br<br \/>\n<strong>Linhas de Pesquisa:<\/strong><br \/>\n1) Gest\u00e3o, Pr\u00e1ticas Psicol\u00f3gicas em Pol\u00edticas P\u00fablicas de Sa\u00fade e Assist\u00eancia Social<br \/>\n2) Neuroci\u00eancia Cognitiva, Educa\u00e7\u00e3o e Sa\u00fade<br \/>\n3) Psicologia, Desenvolvimento e Pol\u00edticas Socioeducacionais<br \/>\n<a href=\"https:\/\/www.unisantos.br\/gpnes\/\"><strong>Acesse o site<\/strong><\/a><\/p>\n<p><strong>N\u00daCLEO DE ESTUDOS EM PSICOLOGIA, VIOL\u00caNCIA, PROCESSOS PSICOSSOCIAIS E INTERSECCIONALIDADE (NuBalaio)<br \/>\n<\/strong>Certificado no <strong><a href=\"http:\/\/dgp.cnpq.br\/dgp\/espelhogrupo\/9171545000104797\" target=\"_blank\" rel=\"noopener\">Diret\u00f3rio do CNPq<\/a><\/strong><br \/>\n<strong>Ano de forma\u00e7\u00e3o<\/strong>: 2024<br \/>\n<strong>L\u00edder<\/strong>: <a href=\"http:\/\/lattes.cnpq.br\/6415720570998957\" target=\"_blank\" rel=\"noopener\">Prof\u00aa. Dr\u00aa. Beatriz Borges Brambilla<\/a><br \/>\n<strong>Contato<\/strong>: beatriz.brambilla@unisantos.br<br \/>\n<strong>Linhas de pesquisa<\/strong><br \/>\n1) Feminic\u00eddio, viol\u00eancia dom\u00e9stica, viol\u00eancia sexual, feminismos e interseccionalidade<br \/>\n2) Interseccionalidade e pr\u00e1ticas psicossociais<br \/>\n3) Intersetorialidade e territ\u00f3rio: fortalecendo pol\u00edticas e pr\u00e1ticas de cuidado e prote\u00e7\u00e3o social<\/p>\n","protected":false},"excerpt":{"rendered":"<p>A Universidade Cat\u00f3lica de Santos considera a pesquisa um fator fundamental para o melhor aproveitamento dos conhecimentos cient\u00edficos e tecnol\u00f3gicos, [&hellip;]<\/p>\n","protected":false},"author":1,"featured_media":0,"parent":168,"menu_order":4,"comment_status":"closed","ping_status":"closed","template":"","meta":{"footnotes":""},"_links":{"self":[{"href":"https:\/\/www.unisantos.br\/pos\/wp-json\/wp\/v2\/pages\/177"}],"collection":[{"href":"https:\/\/www.unisantos.br\/pos\/wp-json\/wp\/v2\/pages"}],"about":[{"href":"https:\/\/www.unisantos.br\/pos\/wp-json\/wp\/v2\/types\/page"}],"author":[{"embeddable":true,"href":"https:\/\/www.unisantos.br\/pos\/wp-json\/wp\/v2\/users\/1"}],"replies":[{"embeddable":true,"href":"https:\/\/www.unisantos.br\/pos\/wp-json\/wp\/v2\/comments?post=177"}],"version-history":[{"count":27,"href":"https:\/\/www.unisantos.br\/pos\/wp-json\/wp\/v2\/pages\/177\/revisions"}],"predecessor-version":[{"id":6901,"href":"https:\/\/www.unisantos.br\/pos\/wp-json\/wp\/v2\/pages\/177\/revisions\/6901"}],"up":[{"embeddable":true,"href":"https:\/\/www.unisantos.br\/pos\/wp-json\/wp\/v2\/pages\/168"}],"wp:attachment":[{"href":"https:\/\/www.unisantos.br\/pos\/wp-json\/wp\/v2\/media?parent=177"}],"curies":[{"name":"wp","href":"https:\/\/api.w.org\/{rel}","templated":true}]}}