{"id":171,"date":"2018-10-08T14:27:35","date_gmt":"2018-10-08T17:27:35","guid":{"rendered":"https:\/\/www.unisantos.br\/pos\/?page_id=171"},"modified":"2023-11-14T13:42:14","modified_gmt":"2023-11-14T16:42:14","slug":"area-de-concentracao-e-linhas-de-pesquisa","status":"publish","type":"page","link":"https:\/\/www.unisantos.br\/pos\/stricto-sensu\/mestrado\/mestrado-profissional-em-psicologia-desenvolvimento-e-politicas-publicas\/area-de-concentracao-e-linhas-de-pesquisa\/","title":{"rendered":"\u00c1rea de Concentra\u00e7\u00e3o e Linhas de Pesquisa"},"content":{"rendered":"<p><strong>\u00c1rea de Concentra\u00e7\u00e3o<\/strong><\/p>\n<p><strong>PSICOLOGIA, DESENVOLVIMENTO E POL\u00cdTICAS P\u00daBLICAS<\/strong><\/p>\n<p>O Programa orienta-se pela concep\u00e7\u00e3o de ensino que prioriza a integra\u00e7\u00e3o entre conhecimentos cient\u00edficos e pr\u00e1tica profissional. A partir do desenvolvimento de pesquisas focadas na realidade das pol\u00edticas p\u00fablicas regionais de sa\u00fade, educa\u00e7\u00e3o e assist\u00eancia social, fundamentadas na contextualiza\u00e7\u00e3o hist\u00f3rica, na interdisciplinaridade e na problematiza\u00e7\u00e3o cr\u00edtica dos desafios colocados ao cotidiano profissional, pretende-se promover o aprimoramento destas pol\u00edticas na dire\u00e7\u00e3o da humaniza\u00e7\u00e3o do atendimento, da inclus\u00e3o e do respeito aos direitos de cidadania. O projeto de forma\u00e7\u00e3o integra duas dimens\u00f5es: as pr\u00e1ticas psicol\u00f3gicas nas \u00e1reas de sa\u00fade e assist\u00eancia social e as pol\u00edticas socieducacionais.<\/p>\n<p>Nas \u00e1reas de Sa\u00fade e Assist\u00eancia Social o foco est\u00e1 na gest\u00e3o institucional e nas pr\u00e1ticas profissionais presentes no cotidiano dos servi\u00e7os e projetos. O objetivo \u00e9 pesquisar os fatores psicossociais das din\u00e2micas relacionais estabelecidas no cuidado a pessoas em condi\u00e7\u00e3o de vulnerabilidade, considerando a compatibiliza\u00e7\u00e3o dos conceitos de igualdade e equidade nos processos de constitui\u00e7\u00e3o das subjetividades individuais e social.<\/p>\n<p>Na dimens\u00e3o das institui\u00e7\u00f5es e organiza\u00e7\u00f5es socioeducacionais, o Programa prioriza conhecimentos relativos aos ciclos do desenvolvimento humano, com foco nos m\u00faltiplos determinantes psicossociais dos processos de aprendizagem, no respeito \u00e0 diversidade e \u00e0s diferen\u00e7as, e na inclus\u00e3o social, tendo como diretriz os direitos humanos.<\/p>\n<p>Com base numa perspectiva interinstitucional, o Programa se prop\u00f5e a desenvolver pesquisas e interven\u00e7\u00f5es em parceria com o setor extra-acad\u00eamico nas \u00e1reas de sa\u00fade, educa\u00e7\u00e3o e assist\u00eancia social, com a finalidade de transformar esses espa\u00e7os em l\u00f3cus privilegiado de pesquisas e desenvolvimento de produtos que possam melhorar a qualidade dos servi\u00e7os que integram as pol\u00edticas p\u00fablicas, rumo \u00e0 promo\u00e7\u00e3o da equidade social, da igualdade de oportunidades e do desenvolvimento humano e social, em \u00e2mbito regional e nacional.<\/p>\n<p><strong>Linha de Pesquisa<\/strong><\/p>\n<p><strong>GEST\u00c3O E PR\u00c1TICAS PSICOL\u00d3GICAS EM POL\u00cdTICAS P\u00daBLICAS DE SA\u00daDE E ASSIST\u00caNCIA SOCIAL<\/strong><\/p>\n<p>Investiga pr\u00e1ticas de gest\u00e3o, aten\u00e7\u00e3o, interven\u00e7\u00e3o e preven\u00e7\u00e3o em servi\u00e7os de sa\u00fade e assist\u00eancia social, com foco na forma\u00e7\u00e3o de profissionais e na produ\u00e7\u00e3o de pesquisas que gerem tecnologias inovadoras de cuidado, voltadas \u00e0 promo\u00e7\u00e3o de pr\u00e1ticas psicol\u00f3gicas potencializadoras do desenvolvimento humano e social e da preven\u00e7\u00e3o de vulnerabilidades, numa vis\u00e3o interdisciplinar de sa\u00fade integral, respeito \u00e0s diversidades de etnia, g\u00eanero e classe social, de forma a preservar a dignidade humana, fomentar a atua\u00e7\u00e3o integrada em rede e fortalecer o exerc\u00edcio da cidadania ativa.<\/p>\n<p><strong>Linha de Pesquisa<\/strong><\/p>\n<p><strong>PSICOLOGIA. DESENVOLVIMENTO E POL\u00cdTICAS SOCIOEDUCACIONAIS<\/strong><\/p>\n<p>Investiga as pol\u00edticas desenvolvidas nas institui\u00e7\u00f5es e organiza\u00e7\u00f5es de a\u00e7\u00f5es educativas, a partir das pr\u00e1ticas dos profissionais da educa\u00e7\u00e3o e da sa\u00fade, priorizando pesquisas relacionadas aos conhecimentos e tecnologias geradas pela psicologia, alusivos ao campo do desenvolvimento humano, da aprendizagem, dos processos cognitivos e das intera\u00e7\u00f5es sociais. Busca um trabalho interdisciplinar com os saberes da educa\u00e7\u00e3o em rela\u00e7\u00e3o \u00e0s pr\u00e1ticas pedag\u00f3gicas, avalia\u00e7\u00e3o, conviv\u00eancia e forma\u00e7\u00e3o de educadores. O foco est\u00e1 na realiza\u00e7\u00e3o de pesquisas e formula\u00e7\u00e3o de metodologias que contribuam com o respeito \u00e0 diversidade, a inclus\u00e3o e a promo\u00e7\u00e3o de direitos humanos em organiza\u00e7\u00f5es socioeducativas.<\/p>\n<p>&nbsp;<\/p>\n","protected":false},"excerpt":{"rendered":"<p>\u00c1rea de Concentra\u00e7\u00e3o PSICOLOGIA, DESENVOLVIMENTO E POL\u00cdTICAS P\u00daBLICAS O Programa orienta-se pela concep\u00e7\u00e3o de ensino que prioriza a integra\u00e7\u00e3o entre [&hellip;]<\/p>\n","protected":false},"author":1,"featured_media":0,"parent":168,"menu_order":1,"comment_status":"closed","ping_status":"closed","template":"","meta":{"footnotes":""},"_links":{"self":[{"href":"https:\/\/www.unisantos.br\/pos\/wp-json\/wp\/v2\/pages\/171"}],"collection":[{"href":"https:\/\/www.unisantos.br\/pos\/wp-json\/wp\/v2\/pages"}],"about":[{"href":"https:\/\/www.unisantos.br\/pos\/wp-json\/wp\/v2\/types\/page"}],"author":[{"embeddable":true,"href":"https:\/\/www.unisantos.br\/pos\/wp-json\/wp\/v2\/users\/1"}],"replies":[{"embeddable":true,"href":"https:\/\/www.unisantos.br\/pos\/wp-json\/wp\/v2\/comments?post=171"}],"version-history":[{"count":9,"href":"https:\/\/www.unisantos.br\/pos\/wp-json\/wp\/v2\/pages\/171\/revisions"}],"predecessor-version":[{"id":5652,"href":"https:\/\/www.unisantos.br\/pos\/wp-json\/wp\/v2\/pages\/171\/revisions\/5652"}],"up":[{"embeddable":true,"href":"https:\/\/www.unisantos.br\/pos\/wp-json\/wp\/v2\/pages\/168"}],"wp:attachment":[{"href":"https:\/\/www.unisantos.br\/pos\/wp-json\/wp\/v2\/media?parent=171"}],"curies":[{"name":"wp","href":"https:\/\/api.w.org\/{rel}","templated":true}]}}