{"id":1690,"date":"2019-05-30T15:45:36","date_gmt":"2019-05-30T18:45:36","guid":{"rendered":"https:\/\/www.unisantos.br\/pos\/?page_id=1690"},"modified":"2023-08-14T13:43:19","modified_gmt":"2023-08-14T16:43:19","slug":"oficina-da-cancao","status":"publish","type":"page","link":"https:\/\/www.unisantos.br\/pos\/qualificacao\/oficina-da-cancao\/","title":{"rendered":"Oficina da Can\u00e7\u00e3o"},"content":{"rendered":"<p><strong>PROFESSOR RESPONS\u00c1VEL<\/strong><br \/>\nProf. Dr. Gil Nuno Vaz Pereira da Silva<\/p>\n<p><strong>CARGA HOR\u00c1RIA<\/strong><br \/>\n36 h\/a<\/p>\n<p><strong>LOCAL<\/strong><br \/>\nCampus Dom Id\u00edlio Jos\u00e9 Soares<\/p>\n<p><strong>OBJETIVO<\/strong><br \/>\nProporcionar a oportunidade de conhecer e aplicar diversas possibilidades de rela\u00e7\u00f5es entre m\u00fasica e letra, e participar no processo de cria\u00e7\u00e3o de can\u00e7\u00f5es.<\/p>\n<p><strong>P\u00daBLICO-ALVO<\/strong><br \/>\nInterno \u2013 Estudantes de M\u00fasica, Letras e Comunica\u00e7\u00e3o<br \/>\nExterno \u2013 Pessoas com interesse ou atividade na cria\u00e7\u00e3o de can\u00e7\u00f5es<\/p>\n<p><strong>CONTE\u00daDO<\/strong><br \/>\nTomada de conhecimento sobre a experi\u00eancia e familiaridade pr\u00e9via dos alunos com o processo de cria\u00e7\u00e3o de can\u00e7\u00f5es.<br \/>\nDefini\u00e7\u00e3o de temas (um para cada quatro ou cinco alunos, conforme a quantidade de participantes).<br \/>\nApresenta\u00e7\u00e3o de conceitos e processos mais pertinentes aos temas escolhidos.<br \/>\nConceitos b\u00e1sicos: can\u00e7\u00e3o, escans\u00e3o, pros\u00f3dia. Correspond\u00eancias entre m\u00fasica e letra: rela\u00e7\u00f5es sonoras, formais e referenciais. No\u00e7\u00f5es b\u00e1sicas de semi\u00f3tica.<br \/>\nLetra e poema musicado.<br \/>\nContinuidade das abordagens te\u00f3ricas iniciais.<br \/>\nForma\u00e7\u00e3o de grupos e orienta\u00e7\u00f5es preliminares para a proposta inicial de cria\u00e7\u00e3o.<br \/>\nPrimeira formula\u00e7\u00e3o das propostas dos alunos e aprecia\u00e7\u00e3o coletiva.<br \/>\nIntrodu\u00e7\u00e3o circunstanciada de novos t\u00f3picos te\u00f3ricos, se suscitados pelas abordagens apresentadas.<br \/>\nElementos de composi\u00e7\u00e3o musical, al\u00e9m da melodia, que possibilitam desenvolver rela\u00e7\u00f5es com a letra: harmonia, timbres, intensidades, arranjo vocal e instrumental.<br \/>\nPrimeira abordagem pr\u00e1tica e orienta\u00e7\u00f5es decorrentes para revis\u00e3o e continuidade das propostas.<br \/>\nPerformance (primeira concep\u00e7\u00e3o) das propostas e in\u00edcio da oficina de prepara\u00e7\u00e3o das composi\u00e7\u00f5es (arranjos, harmoniza\u00e7\u00e3o).<br \/>\nContinuidade dos procedimentos anteriores.<br \/>\nIncorpora\u00e7\u00e3o de sugest\u00f5es em processo de ensaio para grava\u00e7\u00e3o.<br \/>\nSess\u00e3o de grava\u00e7\u00e3o das tr\u00eas ou quatro can\u00e7\u00f5es e grava\u00e7\u00e3o de depoimentos dos alunos sobre o processo.<\/p>\n<p><strong>OBSERVA\u00c7\u00d5ES<\/strong><br \/>\nA Universidade se reserva o direito de alterar o cronograma e o corpo docente.<br \/>\nDocumenta\u00e7\u00e3o necess\u00e1ria para quem n\u00e3o \u00e9 aluno da Cat\u00f3lica de Santos: c\u00f3pias do RG, CPF, certid\u00e3o de nascimento ou casamento.<br \/>\nA inscri\u00e7\u00e3o presencial s\u00f3 poder\u00e1 ser efetuada pelo interessado no curso, ou por pessoa munida de procura\u00e7\u00e3o autenticada em cart\u00f3rio.<br \/>\nA efetiva\u00e7\u00e3o da matr\u00edcula est\u00e1 condicionada ao pagamento do boleto da 1\u00aa. parcela e entrega da documenta\u00e7\u00e3o exigida.<\/p>\n<p><strong>OUTRAS INFORMA\u00c7\u00d5ES<\/strong><br \/>\nDepartamento de Atendimento Integrado<br \/>\nTelefone: (13) 3205-5555<br \/>\nE-mail: dat@unisantos.br<\/p>\n","protected":false},"excerpt":{"rendered":"<p>PROFESSOR RESPONS\u00c1VEL Prof. Dr. Gil Nuno Vaz Pereira da Silva CARGA HOR\u00c1RIA 36 h\/a LOCAL Campus Dom Id\u00edlio Jos\u00e9 Soares [&hellip;]<\/p>\n","protected":false},"author":1,"featured_media":0,"parent":399,"menu_order":0,"comment_status":"closed","ping_status":"closed","template":"","meta":{"footnotes":""},"_links":{"self":[{"href":"https:\/\/www.unisantos.br\/pos\/wp-json\/wp\/v2\/pages\/1690"}],"collection":[{"href":"https:\/\/www.unisantos.br\/pos\/wp-json\/wp\/v2\/pages"}],"about":[{"href":"https:\/\/www.unisantos.br\/pos\/wp-json\/wp\/v2\/types\/page"}],"author":[{"embeddable":true,"href":"https:\/\/www.unisantos.br\/pos\/wp-json\/wp\/v2\/users\/1"}],"replies":[{"embeddable":true,"href":"https:\/\/www.unisantos.br\/pos\/wp-json\/wp\/v2\/comments?post=1690"}],"version-history":[{"count":4,"href":"https:\/\/www.unisantos.br\/pos\/wp-json\/wp\/v2\/pages\/1690\/revisions"}],"predecessor-version":[{"id":5473,"href":"https:\/\/www.unisantos.br\/pos\/wp-json\/wp\/v2\/pages\/1690\/revisions\/5473"}],"up":[{"embeddable":true,"href":"https:\/\/www.unisantos.br\/pos\/wp-json\/wp\/v2\/pages\/399"}],"wp:attachment":[{"href":"https:\/\/www.unisantos.br\/pos\/wp-json\/wp\/v2\/media?parent=1690"}],"curies":[{"name":"wp","href":"https:\/\/api.w.org\/{rel}","templated":true}]}}