{"id":164,"date":"2018-10-08T14:22:58","date_gmt":"2018-10-08T17:22:58","guid":{"rendered":"https:\/\/www.unisantos.br\/pos\/?page_id=164"},"modified":"2021-01-05T14:44:35","modified_gmt":"2021-01-05T17:44:35","slug":"estagio-de-docencia","status":"publish","type":"page","link":"https:\/\/www.unisantos.br\/pos\/stricto-sensu\/mestrado\/mestrado-em-educacao\/estagio-de-docencia\/","title":{"rendered":"Est\u00e1gio de Doc\u00eancia"},"content":{"rendered":"<p>O Est\u00e1gio Docente no Programa de Educa\u00e7\u00e3o compreende as atividades de aux\u00edlio \u00e0 doc\u00eancia a serem executadas pelos alunos do Programa de Educa\u00e7\u00e3o da Universidade Cat\u00f3lica de Santos nos seus cursos de Gradua\u00e7\u00e3o, em disciplinas que estejam vinculadas \u00e0 \u00e1rea de concentra\u00e7\u00e3o Educa\u00e7\u00e3o e Forma\u00e7\u00e3o dos programas de Mestrado e Doutorado, com objetivo de:<br \/>\n1. Oferecer ao aluno a possibilidade de desenvolver o potencial e a voca\u00e7\u00e3o para o exerc\u00edcio da doc\u00eancia, em n\u00edvel superior;<br \/>\n2. Propiciar ao aluno a oportunidade do aprendizado da doc\u00eancia, contribuindo para a integra\u00e7\u00e3o entre o Programa de Educa\u00e7\u00e3o e os cursos de Gradua\u00e7\u00e3o da UniSantos.<\/p>\n<p>O est\u00e1gio deve ser realizado em um semestre letivo, ao t\u00e9rmino do qual o aluno dever\u00e1 elaborar um relat\u00f3rio a ser avaliado pelo supervisor do est\u00e1gio, para fins de parecer e atribui\u00e7\u00e3o de cr\u00e9ditos, que ser\u00e3o correspondentes \u00e0 carga hor\u00e1ria cumprida no semestre. Os alunos contemplados em edital com bolsas do Prosuc dever\u00e3o, obrigatoriamente, realizar o Est\u00e1gio de Doc\u00eancia.<\/p>\n","protected":false},"excerpt":{"rendered":"<p>O Est\u00e1gio Docente no Programa de Educa\u00e7\u00e3o compreende as atividades de aux\u00edlio \u00e0 doc\u00eancia a serem executadas pelos alunos do [&hellip;]<\/p>\n","protected":false},"author":1,"featured_media":0,"parent":133,"menu_order":13,"comment_status":"closed","ping_status":"closed","template":"","meta":{"footnotes":""},"_links":{"self":[{"href":"https:\/\/www.unisantos.br\/pos\/wp-json\/wp\/v2\/pages\/164"}],"collection":[{"href":"https:\/\/www.unisantos.br\/pos\/wp-json\/wp\/v2\/pages"}],"about":[{"href":"https:\/\/www.unisantos.br\/pos\/wp-json\/wp\/v2\/types\/page"}],"author":[{"embeddable":true,"href":"https:\/\/www.unisantos.br\/pos\/wp-json\/wp\/v2\/users\/1"}],"replies":[{"embeddable":true,"href":"https:\/\/www.unisantos.br\/pos\/wp-json\/wp\/v2\/comments?post=164"}],"version-history":[{"count":3,"href":"https:\/\/www.unisantos.br\/pos\/wp-json\/wp\/v2\/pages\/164\/revisions"}],"predecessor-version":[{"id":3285,"href":"https:\/\/www.unisantos.br\/pos\/wp-json\/wp\/v2\/pages\/164\/revisions\/3285"}],"up":[{"embeddable":true,"href":"https:\/\/www.unisantos.br\/pos\/wp-json\/wp\/v2\/pages\/133"}],"wp:attachment":[{"href":"https:\/\/www.unisantos.br\/pos\/wp-json\/wp\/v2\/media?parent=164"}],"curies":[{"name":"wp","href":"https:\/\/api.w.org\/{rel}","templated":true}]}}