{"id":156,"date":"2018-10-08T14:21:06","date_gmt":"2018-10-08T17:21:06","guid":{"rendered":"https:\/\/www.unisantos.br\/pos\/?page_id=156"},"modified":"2025-12-16T14:04:25","modified_gmt":"2025-12-16T17:04:25","slug":"noticias-do-mestrado-em-educacao","status":"publish","type":"page","link":"https:\/\/www.unisantos.br\/pos\/stricto-sensu\/mestrado\/mestrado-em-educacao\/noticias-do-mestrado-em-educacao\/","title":{"rendered":"Not\u00edcias do Mestrado em Educa\u00e7\u00e3o"},"content":{"rendered":"<p><strong>2025<\/strong><\/p>\n<p>\u2022 <a href=\"https:\/\/www.unisantos.br\/portal\/noticias\/destaque-doutorando-em-educacao-pela-unisantos-conquista-o-primeiro-lugar-no-premio-educador-santista-2025\/\">DESTAQUE &#8211; Doutorando em Educa\u00e7\u00e3o pela UNISANTOS conquista o primeiro lugar no Pr\u00eamio Educador Santista<\/a><\/p>\n<p>\u2022 <a href=\"https:\/\/www.unisantos.br\/portal\/noticias\/pesquisas-estudantes-do-curso-de-mestrado-em-educacao-apresentam-trabalhos-em-seminario-internacional\/\">INTERNACIONAL \u2013 Estudantes do curso de Mestrado em Educa\u00e7\u00e3o apresentam trabalhos em semin\u00e1rio<\/a><\/p>\n<p>\u2022 <a href=\"https:\/\/www.unisantos.br\/portal\/noticias\/senped-pesquisadores-do-programa-de-pos-graduacao-stricto-sensu-em-educacao-participam-de-seminario-nacional\/\">SENPED &#8211; Pesquisadores do Programa de P\u00f3s-Gradua\u00e7\u00e3o em Educa\u00e7\u00e3o participam de semin\u00e1rio nacional<\/a><\/p>\n<p>\u2022 <a href=\"https:\/\/www.unisantos.br\/portal\/noticias\/internacional-pesquisadora-da-unisantos-apresenta-trabalhos-em-conferencia-internacional-em-cuba\/\">INTERNACIONAL &#8211; Pesquisadora da UNISANTOS apresenta trabalhos em confer\u00eancia internacional em Cuba<\/a><\/p>\n<p><strong>2024<\/strong><\/p>\n<p>\u2022 <a href=\"https:\/\/www.unisantos.br\/portal\/noticias\/educacao-catedra-paulo-freire-da-unisantos-inicia-as-comemoracoes-pelos-seus-20-anos\/\">EDUCA\u00c7\u00c3O \u2013 C\u00e1tedra Paulo Freire da UNISANTOS inicia as comemora\u00e7\u00f5es pelos seus 20 anos<\/a><\/p>\n<p>\u2022 <a href=\"https:\/\/www.unisantos.br\/portal\/noticias\/pos-em-educacao-primeiro-encontro-do-ciclo-de-leituras-sobre-povos-originarios-de-abya-yala-discute-a-trajetoria-do-cacique-ubirata\/\">P\u00d3S EM EDUCA\u00c7\u00c3O \u2013 Primeiro encontro do ciclo de leituras sobre povos origin\u00e1rios de Abya Yala discute a trajet\u00f3ria do cacique Ubirat\u00e3<\/a><\/p>\n<p><strong>2023<\/strong><\/p>\n<p>\u2022 <a href=\"https:\/\/www.unisantos.br\/portal\/noticias\/pesquisa-praticas-inclusivas-e-processos-pedagogicos-emancipatorios-e-a-tematica-central-da-revista-eletronica-pesquiseduca\/\">PESQUISA &#8211; &#8220;Pr\u00e1ticas inclusivas e processos pedag\u00f3gicos emancipat\u00f3rios&#8221; \u00e9 a tem\u00e1tica central da Revista Eletr\u00f4nica Pesquiseduca<\/a><\/p>\n<p>\u2022 <a href=\"https:\/\/www.unisantos.br\/portal\/noticias\/lancamento-doutora-em-educacao-pela-unisantos-lanca-a-obra-educacao-infantil-a-escuta-pedagogica-na-formacao-de-professores\/\">ANPED \u2013 Doutora em Educa\u00e7\u00e3o pela UNISANTOS lan\u00e7a a obra \u201cEduca\u00e7\u00e3o Infantil: a escuta pedag\u00f3gica na forma\u00e7\u00e3o de professores\u201d<\/a><\/p>\n<p>\u2022\u00a0<a class=\"nome\" title=\"REPRESENTA\u00c7\u00c3O \u2013 Coordenador da P\u00f3s-Gradua\u00e7\u00e3o Stricto Sensu em Educa\u00e7\u00e3o assume vice-coordena\u00e7\u00e3o do FORPREd\" href=\"https:\/\/www.unisantos.br\/portal\/noticias\/representacao-coordenador-da-pos-graduacao-stricto-sensu-em-educacao-assume-vice-coordenacao-do-forpred\/\">REPRESENTA\u00c7\u00c3O \u2013 Coordenador da P\u00f3s-Gradua\u00e7\u00e3o Stricto Sensu em Educa\u00e7\u00e3o assume vice-coordena\u00e7\u00e3o do FORPREd<\/a><\/p>\n<p>\u2022 <a href=\"https:\/\/www.unisantos.br\/portal\/noticias\/publicacao-programa-de-pos-graduacao-stricto-sensu-em-educacao-lanca-mais-uma-edicao-da-revista-pesquiseduca\/\">PUBLICA\u00c7\u00c3O \u2013 Programa de P\u00f3s-Gradua\u00e7\u00e3o Stricto Sensu em Educa\u00e7\u00e3o lan\u00e7a mais uma edi\u00e7\u00e3o da Revista Pesquiseduca<\/a><\/p>\n<p>\u2022 <a href=\"https:\/\/www.unisantos.br\/portal\/noticias\/pesquiseduca-programa-de-pos-graduacao-stricto-sensu-em-educacao-lanca-dossie-sobre-mercantilizacao-e-privatizacao-da-educacao\/\">PESQUISEDUCA \u2013 Programa de P\u00f3s-Gradua\u00e7\u00e3o Stricto Sensu em Educa\u00e7\u00e3o lan\u00e7a dossi\u00ea sobre mercantiliza\u00e7\u00e3o e privatiza\u00e7\u00e3o da educa\u00e7\u00e3o<\/a><\/p>\n<p><a href=\"https:\/\/www.unisantos.br\/portal\/noticias\/pesquiseduca-revista-do-programa-de-pos-graduacao-stricto-sensu-em-educacao-tem-classificacao-qualis-a4\/\">\u2022 PESQUISEDUCA \u2013 Revista do Programa de P\u00f3s-Gradua\u00e7\u00e3o Stricto Sensu em Educa\u00e7\u00e3o tem classifica\u00e7\u00e3o Qualis A4<\/a><\/p>\n<p><strong>2022<\/strong><\/p>\n<p><a href=\"https:\/\/www.unisantos.br\/portal\/noticias\/internacional-pesquisadores-da-unisantos-participam-da-5a-jornada-virtual-em-pesquisa-cientifica-em-portugal\/\">\u2022 INTERNACIONAL \u2013 Pesquisadores participam da 5\u00aa Jornada Virtual em Pesquisa Cient\u00edfica em Portugal<\/a><\/p>\n<p><a href=\"https:\/\/www.unisantos.br\/portal\/noticias\/xxi-endipe-pesquisadores-da-area-da-educacao-apresentam-estudos-em-encontro-nacional-de-didatica-e-praticas-de-ensino\/\">\u2022 XXI ENDIPE \u2013 Pesquisadores da \u00e1rea da educa\u00e7\u00e3o apresentam estudos em Encontro Nacional de Did\u00e1tica e Pr\u00e1ticas de Ensino<\/a><\/p>\n<p><a href=\"https:\/\/www.unisantos.br\/portal\/noticias\/doutorado-pesquisador-apresenta-estudo-em-seminario-internacional-na-universidade-complutense-de-madrid\/\" target=\"_blank\" rel=\"noopener\">\u2022\u00a0DOUTORADO \u2013 Pesquisador apresenta estudo em semin\u00e1rio internacional na Universidade Complutense de Madrid<\/a><\/p>\n<p><a href=\"https:\/\/www.unisantos.br\/portal\/noticias\/premio-estudante-de-pedagogia-e-egressa-do-mestrado-em-educacao-conquista-concurso-cultural-premio-celio-nori\/\" target=\"_blank\" rel=\"noopener\">\u2022\u00a0PR\u00caMIO &#8211; Estudante de Pedagogia e egressa do Mestrado em Educa\u00e7\u00e3o conquista o \u2018Concurso Cultural Celio Nori\u2019<\/a><\/p>\n<p><a href=\"https:\/\/www.unisantos.br\/portal\/noticias\/publicacao-editora-lanca-edicao-especial-da-revista-eletronica-pesquiseduca-com-a-participacao-de-pesquisadores-internacionais\/\" target=\"_blank\" rel=\"noopener\">\u2022\u00a0PUBLICA\u00c7\u00c3O \u2013 Programa de P\u00f3s-Gradua\u00e7\u00e3o em Educa\u00e7\u00e3o lan\u00e7a edi\u00e7\u00e3o internacional da revista Pesquiseduca<\/a><\/p>\n<p><a href=\"https:\/\/www.unisantos.br\/portal\/noticias\/e-book-editora-lanca-caderno-de-resumos-da-xvi-mostra-de-pesquisa-do-programa-de-pos-graduacao-em-educacao\/\" target=\"_blank\" rel=\"noopener\">\u2022\u00a0E-BOOK \u2013 Editora lan\u00e7a Caderno de Resumos da XVI Mostra de Pesquisa do Programa de P\u00f3s-Gradua\u00e7\u00e3o em Educa\u00e7\u00e3o<\/a><\/p>\n<p><a href=\"https:\/\/www.unisantos.br\/portal\/noticias\/intercambio-grupo-de-pesquisa-da-area-da-educacao-realiza-encontro-com-o-centro-internacional-de-la-cultura-escolar-da-espanha\/\" target=\"_blank\" rel=\"noopener\">\u2022\u00a0INTERC\u00c2MBIO \u2013 Grupo de Pesquisa da \u00e1rea da Educa\u00e7\u00e3o realiza encontro com o Centro Internacional de la Cultura Escolar da Espanha<\/a><\/p>\n<p><strong>2021<\/strong><\/p>\n<p><a href=\"https:\/\/www.unisantos.br\/portal\/noticias\/pesquiseduca-pedagogia-epistemologia-saberes-e-praticas-e-o-tema-da-nova-revista-do-programa-de-pos-graduacao-stricto-sensu-em-educacao\/\" target=\"_blank\" rel=\"noopener\">\u2022\u00a0PESQUISEDUCA \u2013 \u201cPedagogia: epistemologia, saberes e pr\u00e1ticas\u201d \u00e9 o tema central da nova Revista do Programa de P\u00f3s-Gradua\u00e7\u00e3o Stricto Sensu em Educa\u00e7\u00e3o<\/a><\/p>\n<p><a href=\"https:\/\/www.unisantos.br\/portal\/noticias\/mostra-de-pesquisa-palestrantes-discutem-a-valorizacao-do-conhecimento-o-combate-a-barbarie-e-a-educacao-como-condicao-humana\/\" target=\"_blank\" rel=\"noopener\">\u2022\u00a0MOSTRA DE PESQUISA &#8211; Palestrantes discutem a valoriza\u00e7\u00e3o do conhecimento, o combate \u00e0 barb\u00e1rie e a educa\u00e7\u00e3o como condi\u00e7\u00e3o humana<\/a><\/p>\n<p><a href=\"https:\/\/www.unisantos.br\/portal\/noticias\/reflexao-pesquisadores-debatem-obra-de-paulo-freire-em-serie-de-encontros-bicentenario-da-independencia-reflexoes-sobre-a-historia-e-perspectivas-para-o-futuro\/\" target=\"_blank\" rel=\"noopener\">\u2022\u00a0REFLEX\u00c3O &#8211; Pesquisadores debatem obra de Paulo Freire em s\u00e9rie de encontros \u2018Bicenten\u00e1rio da Independ\u00eancia: Reflex\u00f5es sobre a hist\u00f3ria e perspectivas para o futuro\u2019<\/a><\/p>\n<p><a href=\"https:\/\/www.unisantos.br\/portal\/noticias\/reconhecimento-unisantos-e-destaque-no-ranking-latin-america-top-10-000-scientists-que-relaciona-os-melhores-pesquisadores-latino-americanos\/\" target=\"_blank\" rel=\"noopener\">\u2022\u00a0RECONHECIMENTO \u2013 Universidade Cat\u00f3lica de Santos \u00e9 destaque no ranking \u2018Latin America Top 10.000 Scientists\u2019, que relaciona os melhores pesquisadores latino-americanos<\/a><\/p>\n<p><a href=\"https:\/\/www.unisantos.br\/portal\/noticias\/internacional-pesquisadores-do-programa-de-pos-graduacao-stricto-sensu-apresentam-trabalhos-em-evento-na-colombia\/\" target=\"_blank\" rel=\"noopener\">\u2022\u00a0INTERNACIONAL \u2013 Pesquisadores do Programa de P\u00f3s-Gradua\u00e7\u00e3o Stricto Sensu em Educa\u00e7\u00e3o apresentam trabalhos em evento na Col\u00f4mbia<\/a><\/p>\n<p><a href=\"https:\/\/www.unisantos.br\/portal\/noticias\/pesquisa-estudante-do-programa-de-pos-graduacao-em-educacao-ira-cursar-doutorado-sanduiche-na-espanha\/\" target=\"_blank\" rel=\"noopener\">\u2022\u00a0PESQUISA \u2013 Estudante do Programa de P\u00f3s-Gradua\u00e7\u00e3o Stricto Sensu em Educa\u00e7\u00e3o ir\u00e1 cursar doutorado sandu\u00edche na Espanha<\/a><\/p>\n<p><a href=\"https:\/\/www.unisantos.br\/portal\/noticias\/educacao-pesquisadora-e-uma-das-autoras-da-obra-cartas-a-paulo-freire-escritas-por-quem-ousa-esperancar\/\" target=\"_blank\" rel=\"noopener\">\u2022\u00a0EDUCA\u00c7\u00c3O \u2013 Pesquisadora \u00e9 uma das autoras da obra \u201cCartas a Paulo Freire: escritas por quem ousa esperan\u00e7ar\u201d<\/a><\/p>\n<p><a href=\"https:\/\/www.unisantos.br\/portal\/noticias\/pesquisa-caderno-de-resumos-da-xv-mostra-de-pesquisa-em-educacao-e-o-mais-novo-lancamento-da-editora-leopoldianum\/\" target=\"_blank\" rel=\"noopener\">\u2022\u00a0PESQUISA \u2013 Caderno de resumos da XV Mostra de Pesquisa em Educa\u00e7\u00e3o \u00e9 lan\u00e7ado pela Editora Leopoldianum<\/a><\/p>\n<p><a href=\"https:\/\/www.unisantos.br\/portal\/noticias\/producao-cientifica-doutores-em-educacao-pela-unisantos-apresentam-as-suas-pesquisas-durante-evento-de-abertura-do-semestre-letivo\/\" target=\"_blank\" rel=\"noopener\">\u2022\u00a0P\u00d3S-GRADUA\u00c7\u00c3O EM EDUCA\u00c7\u00c3O \u2013 Doutores em Educa\u00e7\u00e3o pela UNISANTOS apresentam as suas pesquisas durante evento de abertura do semestre letivo<\/a><\/p>\n<p><strong>2020<\/strong><\/p>\n<p><a href=\"https:\/\/www.unisantos.br\/portal\/noticias\/pesquisas-estudantes-e-docentes-do-doutorado-em-educacao-apresentam-trabalhos-na-14a-reuniao-da-anped-sudeste\/\" target=\"_blank\" rel=\"noopener\">\u2022\u00a0PESQUISAS \u2013 Estudantes e docentes da P\u00f3s-Gradua\u00e7\u00e3o Stricto Sensu em Educa\u00e7\u00e3o apresentam trabalhos na 14\u00aa Reuni\u00e3o da Anped Sudeste<\/a><\/p>\n<p><a href=\"https:\/\/www.unisantos.br\/portal\/noticias\/e-book-pesquisas-em-educacao-politicas-representacoes-e-praticas-sera-lancado-durante-a-xv-mostra-de-pesquisa-em-educacao\/\" target=\"_blank\" rel=\"noopener\">\u2022\u00a0E-BOOK \u2013 \u201cPesquisas em Educa\u00e7\u00e3o: Pol\u00edticas, Representa\u00e7\u00f5es e Pr\u00e1ticas\u201d ser\u00e1 lan\u00e7ado durante a XV Mostra de Pesquisa em Educa\u00e7\u00e3o<\/a><\/p>\n<p><a href=\"https:\/\/www.unisantos.br\/portal\/noticias\/internacional-pesquisadora-do-programa-de-pos-graduacao-stricto-sensu-em-educacao-participa-do-educon-2020\/\" target=\"_blank\" rel=\"noopener\">\u2022\u00a0INTERNACIONAL \u2013 Pesquisadora do Programa de P\u00f3s-Gradua\u00e7\u00e3o em Educa\u00e7\u00e3o participa do EDUCON 2020<\/a><\/p>\n<p><a href=\"https:\/\/www.unisantos.br\/portal\/noticias\/publicacao-revista-pesquiseduca-educacao-e-universidade-compromissos-e-desafios-traz-contribuicoes-sobre-a-educacao-contemporanea\/\" target=\"_blank\" rel=\"noopener\">\u2022\u00a0PUBLICA\u00c7\u00c3O &#8211; Revista eletr\u00f4nica Pesquiseduca apresenta contribui\u00e7\u00f5es sobre a educa\u00e7\u00e3o contempor\u00e2nea<\/a><\/p>\n<p><a href=\"https:\/\/www.unisantos.br\/portal\/noticias\/cafe-pedagogico-pesquisadores-do-mestrado-e-doutorado-em-educacao-discutem-o-trabalho-pedagogico\/\" target=\"_blank\" rel=\"noopener\">\u2022\u00a0CAF\u00c9 PEDAG\u00d3GICO \u2013 Pesquisadores do Mestrado e Doutorado em Educa\u00e7\u00e3o discutem o trabalho pedag\u00f3gico<\/a><\/p>\n<p><a href=\"https:\/\/www.unisantos.br\/portal\/noticias\/impressao-3d-docente-da-unisantos-integra-grupo-de-voluntarios-que-produz-mascaras-de-protecao-para-profissionais-da-saude\/\" target=\"_blank\" rel=\"noopener\">\u2022\u00a0IMPRESS\u00c3O 3D \u2013 Docente da UNISANTOS integra grupo de volunt\u00e1rios que produz m\u00e1scaras para \u00e1rea da sa\u00fade<\/a><\/p>\n<p>\u2022\u00a0<a href=\"https:\/\/www.unisantos.br\/wp-content\/uploads\/2020\/04\/cultura-maker-educa%C3%A7%C3%A3o.pdf\" target=\"_blank\" rel=\"noopener\">PESQUISA \u2013 Estudo de doutorando da UNISANTOS sobre contribui\u00e7\u00e3o da cultura maker na educa\u00e7\u00e3o \u00e9 destaque no portal UOL<\/a><\/p>\n<p><a href=\"https:\/\/www.unisantos.br\/portal\/noticias\/publicacoes-editora-universitaria-leopoldianum-lanca-ebooks-totalmente-gratuitos-nas-areas-de-educacao-psicologia-literatura-e-logistica\/\">\u2022\u00a0PUBLICA\u00c7\u00d5ES \u2013 Editora Universit\u00e1ria Leopoldianum lan\u00e7a ebooks, totalmente gratuitos, nas \u00e1reas de Educa\u00e7\u00e3o, Psicologia, Literatura e Log\u00edstica<\/a><\/p>\n<p><a href=\"https:\/\/www.unisantos.br\/portal\/noticias\/extensao-unisantos-e-abraorff-promovem-o-x-curso-internacional-orff-schulwerk-para-a-educacao\/\">\u2022\u00a0EXTENS\u00c3O \u2013 UNISANTOS e ABRAORFF promovem o X Curso Internacional Orff-Schulwerk para a Educa\u00e7\u00e3o<\/a><\/p>\n<p><strong>2019<\/strong><\/p>\n<p><a href=\"https:\/\/www.unisantos.br\/portal\/noticias\/catedra-sergio-vieira-de-mello-da-unisantos-lanca-documento-para-acesso-de-pessoas-refugiadas-ao-ensino-superior\/\">\u2022\u00a0PESQUISA \u2013 C\u00e1tedra S\u00e9rgio Vieira de Mello da UNISANTOS lan\u00e7a documento sobre refugiados no ensino superior<\/a><\/p>\n<p><a href=\"https:\/\/www.unisantos.br\/portal\/noticias\/internacional-estudantes-participam-do-programa-de-mobilidade-academica-em-universidades-da-espanha-e-portugal\/\">\u2022\u00a0<\/a><a class=\"nome\" title=\"HIST\u00d3RIA \u2013 Docentes e doutorandos da P\u00f3s-Gradua\u00e7\u00e3o Stricto Sensu em Educa\u00e7\u00e3o publicam obra sobre Santos\" href=\"https:\/\/www.unisantos.br\/portal\/noticias\/publicacao-docentes-e-doutorandos-do-programa-de-pos-graduacao-stricto-sensu-em-educacao-publicam-obra-sobre-a-historia-de-santos\/\">HIST\u00d3RIA \u2013 Docentes e doutorandos da P\u00f3s-Gradua\u00e7\u00e3o Stricto Sensu em Educa\u00e7\u00e3o publicam obra sobre Santos<\/a><\/p>\n<p><a href=\"https:\/\/www.unisantos.br\/portal\/noticias\/reconhecimento-pesquisadora-selma-garrido-pimenta-e-homenageada-pela-relevancia-e-contribuicao-dos-seus-estudos\/\">\u2022 RECONHECIMENTO \u2013 Pesquisadora Selma Garrido Pimenta \u00e9 homenageada pela contribui\u00e7\u00e3o acad\u00eamica e cient\u00edfica<\/a><\/p>\n<p><strong>2018<\/strong><\/p>\n<p><a href=\"https:\/\/www.unisantos.br\/portal\/noticias\/internacional-doutorando-em-educacao-apresenta-trabalhos-em-congressos-em-portugal-e-realiza-curso-na-irlanda\/\">\u2022 INTERNACIONAL \u2013 Doutorando em Educa\u00e7\u00e3o apresenta trabalhos em Portugal e realiza curso na Irlanda<strong><br \/>\n<\/strong><\/a><a href=\"https:\/\/www.unisantos.br\/portal\/noticias\/lasa-pesquisadora-da-area-da-educacao-participa-de-congresso-internacional-em-boston-nos-estados-unidos\/\"><br \/>\n\u2022 LASA \u2013 Pesquisadora da \u00e1rea da Educa\u00e7\u00e3o participa de congresso internacional em Boston, nos Estados Unidos<\/a><strong><br \/>\n<\/strong><a href=\"http:\/\/www.unisantos.br\/wp-content\/uploads\/2018\/06\/Semin\u00e1rio-discute-desafios-e-dificuldades-na-forma\u00e7\u00e3o-de-professores.pdf\" target=\"_blank\" rel=\"noopener\"><br \/>\n\u2022 Docente faz palestra em semin\u00e1rio de forma\u00e7\u00e3o de professores, em Dourados<\/a><\/p>\n<p><a href=\"http:\/\/www.unisantos.br\/portal\/noticias\/pesquisadores-da-area-da-educacao-participam-de-congresso-em-montevideu-no-uruguai\/\">\u2022 Pesquisadores da \u00e1rea da Educa\u00e7\u00e3o participam de congresso no Uruguai<\/a><\/p>\n<p><a href=\"http:\/\/www.unisantos.br\/portal\/noticias\/doutorando-em-educacao-apresenta-pesquisa-em-coloquio-na-universidade-de-lisboa\/\">\u2022 Doutorando em Educa\u00e7\u00e3o apresenta pesquisa em col\u00f3quio em Portugal<\/a><\/p>\n<p><a href=\"http:\/\/www.unisantos.br\/portal\/noticias\/programa-mestre-aluno-beneficia-servidores-publicos-em-mestrado-e-doutorado\/\">\u2022 Programa Mestre Aluno beneficia servidores p\u00fablicos em Mestrado e Doutorado<\/a><\/p>\n<p><strong>2017<\/strong><\/p>\n<p><a href=\"http:\/\/www.unisantos.br\/wp-content\/uploads\/2017\/12\/Queremos-uma-pol\u00edtica-de-Estado-e-n\u00e3o-de-governo-diz-especilista-em-educa\u00e7\u00e3o.pdf\" target=\"_blank\" rel=\"noopener\">\u2022 Pesquisadora da UNISANTOS faz palestra em confer\u00eancia municipal da educa\u00e7\u00e3o<\/a><\/p>\n<p><a href=\"http:\/\/www.unisantos.br\/portal\/noticias\/mestrados-e-doutorados-tem-os-melhores-conceitos-da-regiao-na-avaliacao-da-capes\/\">\u2022 Mestrados e Doutorados t\u00eam os melhores conceitos da regi\u00e3o na avalia\u00e7\u00e3o da Capes<\/a><strong><br \/>\n<\/strong><br \/>\n<a href=\"http:\/\/www.unisantos.br\/portal\/noticias\/docente-da-unisantos-e-reconduzida-a-coordenacao-regional-da-anfope\/\">\u2022 Docente da UNISANTOS \u00e9 reconduzida \u00e0 coordena\u00e7\u00e3o regional da ANFOPE<\/a><br \/>\n<strong><br \/>\n<\/strong><a href=\"http:\/\/www.unisantos.br\/portal\/noticias\/encontro-internacional-em-cuba-tem-a-participacao-de-pesquisadoras-da-unisantos\/\">\u2022 Congresso em Cuba tem a participa\u00e7\u00e3o de pesquisadoras da UNISANTOS<\/a><br \/>\n<strong><br \/>\n<\/strong><a href=\"http:\/\/www.unisantos.br\/portal\/noticias\/a-universidade-como-espaco-de-formacao-e-tema-de-novo-e-book-da-leopoldianum\/\">\u2022 A Universidade como espa\u00e7o de forma\u00e7\u00e3o \u00e9 tema de novo e-book da Leopoldianum<\/a><br \/>\n<a href=\"http:\/\/www.unisantos.br\/portal\/noticias\/e-book-traz-reflexoes-sobre-a-coordenacao-pedagogica-e-a-formacao-do-coordenador\/\"><br \/>\n\u2022 E-book traz reflex\u00f5es sobre a coordena\u00e7\u00e3o pedag\u00f3gica e a forma\u00e7\u00e3o do coordenador<\/a><\/p>\n<p><strong>2016<\/strong><\/p>\n<p><a href=\"http:\/\/www.unisantos.br\/portal\/noticias\/unisantos-formaliza-acordo-de-cooperacao-com-o-instituto-historico-e-geografico-de-santos\/\">\u2022 UNISANTOS formaliza conv\u00eanio com o Instituto Hist\u00f3rico e Geogr\u00e1fico de Santos<\/a><\/p>\n<p><a href=\"http:\/\/www.unisantos.br\/portal\/noticias\/ato-de-instalacao-da-rede-nossa-santos-sustentavel-reune-28-instituicoes\/\">\u2022 Ato de instala\u00e7\u00e3o da Rede Nossa Santos Sustent\u00e1vel re\u00fane 30 institui\u00e7\u00f5es<\/a><\/p>\n<p><a href=\"http:\/\/www.unisantos.br\/portal\/noticias\/pesquisadores-do-mestrado-em-educacao-participam-de-congresso-na-colombia\/\">\u2022 Pesquisadores do Mestrado em Educa\u00e7\u00e3o participam de congresso na Col\u00f4mbia<\/a><\/p>\n<p><a href=\"http:\/\/www.unisantos.br\/portal\/noticias\/unisantos-assina-convenio-com-o-instituto-historico-e-geografico-de-sao-vicente\/\">\u2022 UNISANTOS assina conv\u00eanio com o Instituto Hist\u00f3rico e Geogr\u00e1fico de SV<\/a><strong><br \/>\n<a href=\"http:\/\/www.unisantos.br\/portal\/noticias\/inscricoes-abertas-para-o-programa-de-acompanhamento-nutricional-gratuito\/\"><br \/>\n<\/a><\/strong><a href=\"http:\/\/www.unisantos.br\/portal\/noticias\/unisantos-comemora-30-anos-de-reconhecimento-e-65-anos-de-historia\/\">\u2022 UNISANTOS comemora 30 anos de reconhecimento e 65 anos de hist\u00f3ria<\/a><strong><br \/>\n<\/strong><a href=\"http:\/\/www.unisantos.br\/portal\/noticias\/cerimonia-da-instalacao-do-doutorado-em-educacao-e-prestigiada-por-educadores-da-regiao\/\"><br \/>\n\u2022 Instala\u00e7\u00e3o do Doutorado em Educa\u00e7\u00e3o \u00e9 prestigiada por educadores da regi\u00e3o<\/a><strong><br \/>\n<\/strong><\/p>\n<p><strong>2015<\/strong><\/p>\n<p><a href=\"http:\/\/www.unisantos.br\/portal\/noticias\/unisantos-tem-aprovado-o-primeiro-doutorado-em-educacao-da-regiao\/\">\u2022 UNISANTOS tem aprovado o primeiro doutorado em Educa\u00e7\u00e3o da regi\u00e3o<\/a><\/p>\n","protected":false},"excerpt":{"rendered":"<p>2025 \u2022 DESTAQUE &#8211; Doutorando em Educa\u00e7\u00e3o pela UNISANTOS conquista o primeiro lugar no Pr\u00eamio Educador Santista \u2022 INTERNACIONAL \u2013 [&hellip;]<\/p>\n","protected":false},"author":1,"featured_media":0,"parent":133,"menu_order":9,"comment_status":"closed","ping_status":"closed","template":"","meta":{"footnotes":""},"_links":{"self":[{"href":"https:\/\/www.unisantos.br\/pos\/wp-json\/wp\/v2\/pages\/156"}],"collection":[{"href":"https:\/\/www.unisantos.br\/pos\/wp-json\/wp\/v2\/pages"}],"about":[{"href":"https:\/\/www.unisantos.br\/pos\/wp-json\/wp\/v2\/types\/page"}],"author":[{"embeddable":true,"href":"https:\/\/www.unisantos.br\/pos\/wp-json\/wp\/v2\/users\/1"}],"replies":[{"embeddable":true,"href":"https:\/\/www.unisantos.br\/pos\/wp-json\/wp\/v2\/comments?post=156"}],"version-history":[{"count":48,"href":"https:\/\/www.unisantos.br\/pos\/wp-json\/wp\/v2\/pages\/156\/revisions"}],"predecessor-version":[{"id":7109,"href":"https:\/\/www.unisantos.br\/pos\/wp-json\/wp\/v2\/pages\/156\/revisions\/7109"}],"up":[{"embeddable":true,"href":"https:\/\/www.unisantos.br\/pos\/wp-json\/wp\/v2\/pages\/133"}],"wp:attachment":[{"href":"https:\/\/www.unisantos.br\/pos\/wp-json\/wp\/v2\/media?parent=156"}],"curies":[{"name":"wp","href":"https:\/\/api.w.org\/{rel}","templated":true}]}}