{"id":1534,"date":"2019-04-10T13:54:08","date_gmt":"2019-04-10T16:54:08","guid":{"rendered":"https:\/\/www.unisantos.br\/pos\/?page_id=1534"},"modified":"2023-08-14T14:17:43","modified_gmt":"2023-08-14T17:17:43","slug":"participacao-cidada-conselhos-paritarios-e-de-direitos","status":"publish","type":"page","link":"https:\/\/www.unisantos.br\/pos\/qualificacao\/participacao-cidada-conselhos-paritarios-e-de-direitos\/","title":{"rendered":"Participa\u00e7\u00e3o Cidad\u00e3: Conselhos Parit\u00e1rios e de Direitos"},"content":{"rendered":"<p><strong>PROFESSORA RESPONS\u00c1VEL<\/strong><br \/>\nProf\u00aa. Me. L\u00facia Aparecida dos Santos Tavares<\/p>\n<p><strong>CARGA HOR\u00c1RIA<\/strong><br \/>\n10 h\/a<\/p>\n<p><strong>LOCAL<\/strong><br \/>\nCampus Dom Id\u00edlio Jos\u00e9 Soares<\/p>\n<p><strong>OBJETIVOS<\/strong><br \/>\nObjetivo geral:<br \/>\n&#8211; Contribuir com a forma\u00e7\u00e3o de crist\u00e3os para a miss\u00e3o pol\u00edtica, despertando para uma participa\u00e7\u00e3o ativa na discuss\u00e3o e controle social de pol\u00edticas p\u00fablicas, visando a constru\u00e7\u00e3o de uma sociedade justa e solid\u00e1ria.<br \/>\nObjetivos espec\u00edficos:<br \/>\n&#8211; Impulsionar e fortalecer a participa\u00e7\u00e3o de leigos e leigas da Baixada Santista nos Conselhos Municipais e no controle social das pol\u00edticas p\u00fablicas;<br \/>\n&#8211; Ampliar o repert\u00f3rio sobre a fun\u00e7\u00e3o dos Conselhos Municipais;<br \/>\n&#8211; Discernir o papel da Igreja dentro do cen\u00e1rio pol\u00edtico local; e<br \/>\n-Inculturar-se das realidades sociais da Diocese\/Baixada Santista \u00e0 luz da Doutrina Social da Igreja.<\/p>\n<p><strong>P\u00daBLICO-ALVO<\/strong><br \/>\nLideran\u00e7as das comunidades, pastorais sociais, movimentos e organismos eclesiais, conselheiros municipais crist\u00e3os, pastorais dos col\u00e9gios cat\u00f3licos da Baixada Santista e demais interessados.<\/p>\n<p><strong>CONTE\u00daDO<\/strong><br \/>\n&#8211; Aula inaugural com caf\u00e9 de acolhida, apresenta\u00e7\u00e3o da proposta e fala de representante da Diocese.<br \/>\n&#8211; Encontro: Defesa e promo\u00e7\u00e3o de direitos.<br \/>\n&#8211; Cidadania, \u00c9tica e Direitos Humanos.<br \/>\n&#8211; Doutrina Social da Igreja e Doc. 105 (CNBB).<br \/>\n&#8211; Fun\u00e7\u00e3o e an\u00e1lise de conjuntura os Conselhos Municipais no \u00e2mbito do Sistema de Garantia de Direitos de Crian\u00e7as, Adolescentes e Jovens.<br \/>\n-Perfil Pol\u00edtico do cidad\u00e3o crist\u00e3o.<br \/>\n-Gest\u00e3o Participativa.<br \/>\n-Gest\u00e3o P\u00fablica, or\u00e7amento participativo e controle social.<\/p>\n<p><strong>OBSERVA\u00c7\u00d5ES<\/strong><br \/>\nA Universidade se reserva o direito de alterar o cronograma e o corpo docente.<br \/>\nDocumenta\u00e7\u00e3o necess\u00e1ria para quem n\u00e3o \u00e9 aluno da Cat\u00f3lica de Santos: c\u00f3pias do RG, CPF, certid\u00e3o de nascimento ou casamento.<br \/>\nA inscri\u00e7\u00e3o presencial s\u00f3 poder\u00e1 ser efetuada pelo interessado no curso, ou por pessoa munida de procura\u00e7\u00e3o autenticada em cart\u00f3rio.<br \/>\nA efetiva\u00e7\u00e3o da matr\u00edcula est\u00e1 condicionada ao pagamento do boleto da 1\u00aa. parcela e entrega da documenta\u00e7\u00e3o exigida.<\/p>\n<p><strong>OUTRAS INFORMA\u00c7\u00d5ES<\/strong><br \/>\nDepartamento de Atendimento Integrado<br \/>\nTelefones: (13) 3205-5555<br \/>\nE-mail: dat@unisantos.br<\/p>\n","protected":false},"excerpt":{"rendered":"<p>PROFESSORA RESPONS\u00c1VEL Prof\u00aa. Me. L\u00facia Aparecida dos Santos Tavares CARGA HOR\u00c1RIA 10 h\/a LOCAL Campus Dom Id\u00edlio Jos\u00e9 Soares OBJETIVOS [&hellip;]<\/p>\n","protected":false},"author":1,"featured_media":0,"parent":399,"menu_order":0,"comment_status":"closed","ping_status":"closed","template":"","meta":{"footnotes":""},"_links":{"self":[{"href":"https:\/\/www.unisantos.br\/pos\/wp-json\/wp\/v2\/pages\/1534"}],"collection":[{"href":"https:\/\/www.unisantos.br\/pos\/wp-json\/wp\/v2\/pages"}],"about":[{"href":"https:\/\/www.unisantos.br\/pos\/wp-json\/wp\/v2\/types\/page"}],"author":[{"embeddable":true,"href":"https:\/\/www.unisantos.br\/pos\/wp-json\/wp\/v2\/users\/1"}],"replies":[{"embeddable":true,"href":"https:\/\/www.unisantos.br\/pos\/wp-json\/wp\/v2\/comments?post=1534"}],"version-history":[{"count":4,"href":"https:\/\/www.unisantos.br\/pos\/wp-json\/wp\/v2\/pages\/1534\/revisions"}],"predecessor-version":[{"id":5553,"href":"https:\/\/www.unisantos.br\/pos\/wp-json\/wp\/v2\/pages\/1534\/revisions\/5553"}],"up":[{"embeddable":true,"href":"https:\/\/www.unisantos.br\/pos\/wp-json\/wp\/v2\/pages\/399"}],"wp:attachment":[{"href":"https:\/\/www.unisantos.br\/pos\/wp-json\/wp\/v2\/media?parent=1534"}],"curies":[{"name":"wp","href":"https:\/\/api.w.org\/{rel}","templated":true}]}}