{"id":1523,"date":"2019-04-10T13:38:26","date_gmt":"2019-04-10T16:38:26","guid":{"rendered":"https:\/\/www.unisantos.br\/pos\/?page_id=1523"},"modified":"2024-12-23T08:39:46","modified_gmt":"2024-12-23T11:39:46","slug":"introducao-ao-esperanto-a-lingua-internacional","status":"publish","type":"page","link":"https:\/\/www.unisantos.br\/pos\/centro-de-linguas\/introducao-ao-esperanto-a-lingua-internacional\/","title":{"rendered":"Introdu\u00e7\u00e3o ao Esperanto, a L\u00edngua Internacional"},"content":{"rendered":"<p><strong>PROFESSOR RESPONS\u00c1VEL<\/strong><br \/>\nMilton Paulo de Lacerda<\/p>\n<p><strong>CARGA HOR\u00c1RIA <\/strong><br \/>\n15 h\/a<\/p>\n<p><strong>LOCAL<\/strong><br \/>\nCampus Dom Id\u00edlio Jos\u00e9 Soares<\/p>\n<p><strong>OBJETIVOS<br \/>\n<\/strong>1. Apresentar a L\u00edngua Internacional, sua raz\u00e3o de ser, sua hist\u00f3ria e sua realidade atual;<br \/>\n2. Introduzir os alunos na Gram\u00e1tica (muito simples) e oferecer um Vocabul\u00e1rio b\u00e1sico;<br \/>\n3. Treinar conversa\u00e7\u00e3o, desde o in\u00edcio (porque l\u00edngua \u00e9 para se falar).<\/p>\n<p><strong>P\u00daBLICO-ALVO<\/strong><br \/>\nQuaisquer interessados, desde o Ensino M\u00e9dio, especialmente dos cursos de Letras e Comunica\u00e7\u00e3o.<\/p>\n<p><strong>CONTE\u00daDO<\/strong><br \/>\nApresenta\u00e7\u00f5es \u20131\u00aas. no\u00e7\u00f5es: alfabeto, termina\u00e7\u00f5es, s\u00edlaba t\u00f4nica, artigo definido, pronomes pessoais<br \/>\nPronomes possessivos, sauda\u00e7\u00f5es, tempos do verbo, acusativo, \u201c\u0109u\u201d, os n\u00fameros<br \/>\nCorrelativos<br \/>\nPrefixos, comparativos, conjun\u00e7\u00f5es<br \/>\nSufixos<br \/>\nAdv\u00e9rbios<br \/>\nPreposi\u00e7\u00f5es<br \/>\nExerc\u00edcios<br \/>\nExerc\u00edcios<br \/>\nAvalia\u00e7\u00e3o do curso<\/p>\n<p><strong>OBSERVA\u00c7\u00d5ES<\/strong><br \/>\nA Universidade se reserva o direito de alterar o cronograma e o corpo docente.<br \/>\nDocumenta\u00e7\u00e3o necess\u00e1ria para quem n\u00e3o \u00e9 aluno da Cat\u00f3lica de Santos: c\u00f3pias do RG, CPF, certid\u00e3o de nascimento ou casamento.<br \/>\nA inscri\u00e7\u00e3o presencial s\u00f3 poder\u00e1 ser efetuada pelo interessado no curso, ou por pessoa munida de procura\u00e7\u00e3o autenticada em cart\u00f3rio.<br \/>\nA efetiva\u00e7\u00e3o da matr\u00edcula est\u00e1 condicionada ao pagamento do boleto da 1\u00aa. parcela e entrega da documenta\u00e7\u00e3o exigida.<\/p>\n<p><strong>OUTRAS INFORMA\u00c7\u00d5ES<\/strong><br \/>\nDepartamento de Atendimento Integrado<br \/>\nTelefone: (13) 3205-5555<br \/>\nE-mail: dat@unisantos.br<\/p>\n","protected":false},"excerpt":{"rendered":"<p>PROFESSOR RESPONS\u00c1VEL Milton Paulo de Lacerda CARGA HOR\u00c1RIA 15 h\/a LOCAL Campus Dom Id\u00edlio Jos\u00e9 Soares OBJETIVOS 1. Apresentar a [&hellip;]<\/p>\n","protected":false},"author":1,"featured_media":0,"parent":397,"menu_order":0,"comment_status":"closed","ping_status":"closed","template":"","meta":{"footnotes":""},"_links":{"self":[{"href":"https:\/\/www.unisantos.br\/pos\/wp-json\/wp\/v2\/pages\/1523"}],"collection":[{"href":"https:\/\/www.unisantos.br\/pos\/wp-json\/wp\/v2\/pages"}],"about":[{"href":"https:\/\/www.unisantos.br\/pos\/wp-json\/wp\/v2\/types\/page"}],"author":[{"embeddable":true,"href":"https:\/\/www.unisantos.br\/pos\/wp-json\/wp\/v2\/users\/1"}],"replies":[{"embeddable":true,"href":"https:\/\/www.unisantos.br\/pos\/wp-json\/wp\/v2\/comments?post=1523"}],"version-history":[{"count":8,"href":"https:\/\/www.unisantos.br\/pos\/wp-json\/wp\/v2\/pages\/1523\/revisions"}],"predecessor-version":[{"id":6548,"href":"https:\/\/www.unisantos.br\/pos\/wp-json\/wp\/v2\/pages\/1523\/revisions\/6548"}],"up":[{"embeddable":true,"href":"https:\/\/www.unisantos.br\/pos\/wp-json\/wp\/v2\/pages\/397"}],"wp:attachment":[{"href":"https:\/\/www.unisantos.br\/pos\/wp-json\/wp\/v2\/media?parent=1523"}],"curies":[{"name":"wp","href":"https:\/\/api.w.org\/{rel}","templated":true}]}}