{"id":1506,"date":"2019-04-04T19:47:57","date_gmt":"2019-04-04T22:47:57","guid":{"rendered":"https:\/\/www.unisantos.br\/pos\/?page_id=1506"},"modified":"2023-08-14T13:41:02","modified_gmt":"2023-08-14T16:41:02","slug":"software-de-composicao-e-edicao-de-partitura-musical","status":"publish","type":"page","link":"https:\/\/www.unisantos.br\/pos\/qualificacao\/software-de-composicao-e-edicao-de-partitura-musical\/","title":{"rendered":"Software de Composi\u00e7\u00e3o e Edi\u00e7\u00e3o de Partitura Musical"},"content":{"rendered":"<p><strong>CARGA HOR\u00c1RIA<br \/>\n<\/strong>16 h\/a<strong>\u00a0<\/strong><\/p>\n<p><strong>OBJETIVOS<br \/>\n<\/strong>&#8211; Conhecer as ferramentas atuais para edi\u00e7\u00e3o de partituras no computador;<br \/>\n&#8211; Aprender e usar os softwares de edi\u00e7\u00e3o musical na cria\u00e7\u00e3o de partituras para bandas, orquestras, corais, instrumentos em geral, ou qualquer outra forma\u00e7\u00e3o;<br \/>\n&#8211; Auxiliar na composi\u00e7\u00e3o musical.<\/p>\n<p><strong>P\u00daBLICO-ALVO<br \/>\n<\/strong>Estudantes de m\u00fasica; compositores; professores de m\u00fasica; regentes.<\/p>\n<p><strong>CONTE\u00daDO<br \/>\n<\/strong>Estrutura e tipos de Softwares;<br \/>\nFun\u00e7\u00f5es B\u00e1sicas com Midi;<br \/>\nFormatos de Edi\u00e7\u00e3o Musical.<br \/>\nEscrita para Coral;<br \/>\nEscrita para Orquestra;<br \/>\nEscrita para Grupo misto ou Popular.<br \/>\nFerramentas de Edi\u00e7\u00e3o;<br \/>\nShortcuts (atalhos);<br \/>\nFinaliza\u00e7\u00e3o: Impress\u00e3o e Convers\u00e3o para \u00c1udio.<br \/>\nApresenta\u00e7\u00e3o e Direcionamento de Trabalho.<strong>\u00a0<\/strong><\/p>\n<p><strong>OBSERVA\u00c7\u00d5ES<br \/>\n<\/strong>A Universidade se reserva o direito de alterar o cronograma e o corpo docente.<br \/>\nDocumenta\u00e7\u00e3o necess\u00e1ria para quem n\u00e3o \u00e9 aluno da Cat\u00f3lica de Santos: c\u00f3pias do RG, CPF, certid\u00e3o de nascimento ou casamento.<br \/>\nA inscri\u00e7\u00e3o presencial s\u00f3 poder\u00e1 ser efetuada pelo interessado no curso, ou por pessoa munida de procura\u00e7\u00e3o autenticada em cart\u00f3rio.<br \/>\nA efetiva\u00e7\u00e3o da matr\u00edcula est\u00e1 condicionada ao pagamento do boleto da 1\u00aa. parcela e entrega da documenta\u00e7\u00e3o exigida.<\/p>\n<p><strong>OUTRAS INFORMA\u00c7\u00d5ES<br \/>\nDepartamento de Atendimento Integrado<br \/>\n<\/strong>Telefone: (13) 3205-5555<br \/>\nE-mail: dat@unisantos.br<\/p>\n","protected":false},"excerpt":{"rendered":"<p>CARGA HOR\u00c1RIA 16 h\/a\u00a0 OBJETIVOS &#8211; Conhecer as ferramentas atuais para edi\u00e7\u00e3o de partituras no computador; &#8211; Aprender e usar [&hellip;]<\/p>\n","protected":false},"author":1,"featured_media":0,"parent":399,"menu_order":0,"comment_status":"closed","ping_status":"closed","template":"","meta":{"footnotes":""},"_links":{"self":[{"href":"https:\/\/www.unisantos.br\/pos\/wp-json\/wp\/v2\/pages\/1506"}],"collection":[{"href":"https:\/\/www.unisantos.br\/pos\/wp-json\/wp\/v2\/pages"}],"about":[{"href":"https:\/\/www.unisantos.br\/pos\/wp-json\/wp\/v2\/types\/page"}],"author":[{"embeddable":true,"href":"https:\/\/www.unisantos.br\/pos\/wp-json\/wp\/v2\/users\/1"}],"replies":[{"embeddable":true,"href":"https:\/\/www.unisantos.br\/pos\/wp-json\/wp\/v2\/comments?post=1506"}],"version-history":[{"count":8,"href":"https:\/\/www.unisantos.br\/pos\/wp-json\/wp\/v2\/pages\/1506\/revisions"}],"predecessor-version":[{"id":5465,"href":"https:\/\/www.unisantos.br\/pos\/wp-json\/wp\/v2\/pages\/1506\/revisions\/5465"}],"up":[{"embeddable":true,"href":"https:\/\/www.unisantos.br\/pos\/wp-json\/wp\/v2\/pages\/399"}],"wp:attachment":[{"href":"https:\/\/www.unisantos.br\/pos\/wp-json\/wp\/v2\/media?parent=1506"}],"curies":[{"name":"wp","href":"https:\/\/api.w.org\/{rel}","templated":true}]}}