{"id":1497,"date":"2019-04-04T19:24:42","date_gmt":"2019-04-04T22:24:42","guid":{"rendered":"https:\/\/www.unisantos.br\/pos\/?page_id=1497"},"modified":"2023-08-14T13:43:09","modified_gmt":"2023-08-14T16:43:09","slug":"musica-para-nao-musicos-introducao-a-linguagem-musical","status":"publish","type":"page","link":"https:\/\/www.unisantos.br\/pos\/qualificacao\/musica-para-nao-musicos-introducao-a-linguagem-musical\/","title":{"rendered":"M\u00fasica para N\u00e3o M\u00fasicos: Introdu\u00e7\u00e3o \u00e0 Linguagem Musical"},"content":{"rendered":"<p><strong>PROFESSORA RESPONS\u00c1VEL<br \/>\n<\/strong>Prof\u00aa. Dr\u00aa. Cibele Palopoli<strong>\u00a0<\/strong><\/p>\n<p><strong>CARGA HOR\u00c1RIA<br \/>\n<\/strong>16 h\/a<\/p>\n<p><strong>LOCAL<br \/>\n<\/strong>Campus Dom Id\u00edlio Jos\u00e9 Soares<\/p>\n<p><strong>OBJETIVO<br \/>\n<\/strong>O curso objetiva introduzir os alunos \u00e0 linguagem musical, aproximando-os de conceitos t\u00e9cnicos (propriedades do som, organologia e ac\u00fastica), estruturais (nota\u00e7\u00e3o e forma) e hist\u00f3ricos (acerca da M\u00fasica Ocidental e da M\u00fasica Popular Brasileira). A partir desta imers\u00e3o, ser\u00e1 poss\u00edvel enxergar a m\u00fasica enquanto uma ferramenta de trabalho em potencial, capaz de ser aplicada em variadas \u00e1reas do conhecimento.<\/p>\n<p><strong>P\u00daBLICO-ALVO<br \/>\n<\/strong>Estudantes e profissionais n\u00e3o-m\u00fasicos interessados em aplicar a linguagem musical em sua \u00e1rea de trabalho.<\/p>\n<p><strong>CONTE\u00daDO<br \/>\n<\/strong>O som como fen\u00f4meno ac\u00fastico: altura, dura\u00e7\u00e3o, intensidade e timbre<br \/>\nConhecendo os diferentes instrumentos musicais e suas caracter\u00edsticas ac\u00fasticas e sonoras<br \/>\nBreve hist\u00f3rico da m\u00fasica ocidental<br \/>\nNota\u00e7\u00e3o, forma e estrutura<br \/>\nConson\u00e2ncia, disson\u00e2ncia, som e ru\u00eddo: as diferentes sensa\u00e7\u00f5es provocadas no ouvinte<br \/>\nBreve hist\u00f3rico da m\u00fasica popular brasileira<br \/>\nEscutando a m\u00fasica dos s\u00e9culos XX e XXI<br \/>\nRevis\u00e3o do conte\u00fado a partir de um estudo dirigido<\/p>\n<p><strong>OBSERVA\u00c7\u00d5ES<br \/>\n<\/strong>A Universidade se reserva o direito de alterar o cronograma e o corpo docente.<br \/>\nDocumenta\u00e7\u00e3o necess\u00e1ria para quem n\u00e3o \u00e9 aluno da Cat\u00f3lica de Santos: c\u00f3pias do RG, CPF, certid\u00e3o de nascimento ou casamento.<br \/>\nA inscri\u00e7\u00e3o presencial s\u00f3 poder\u00e1 ser efetuada pelo interessado no curso, ou por pessoa munida de procura\u00e7\u00e3o autenticada em cart\u00f3rio.<br \/>\nA efetiva\u00e7\u00e3o da matr\u00edcula est\u00e1 condicionada ao pagamento do boleto da 1\u00aa. parcela e entrega da documenta\u00e7\u00e3o exigida.<\/p>\n<p><strong>OUTRAS INFORMA\u00c7\u00d5ES<br \/>\n<\/strong><strong>Departamento de Atendimento Integrado<\/strong><strong><br \/>\n<\/strong>Telefone: (13) 3205-5555<br \/>\nE-mail: dat@unisantos.br<\/p>\n","protected":false},"excerpt":{"rendered":"<p>PROFESSORA RESPONS\u00c1VEL Prof\u00aa. Dr\u00aa. Cibele Palopoli\u00a0 CARGA HOR\u00c1RIA 16 h\/a LOCAL Campus Dom Id\u00edlio Jos\u00e9 Soares OBJETIVO O curso objetiva [&hellip;]<\/p>\n","protected":false},"author":1,"featured_media":0,"parent":399,"menu_order":0,"comment_status":"closed","ping_status":"closed","template":"","meta":{"footnotes":""},"_links":{"self":[{"href":"https:\/\/www.unisantos.br\/pos\/wp-json\/wp\/v2\/pages\/1497"}],"collection":[{"href":"https:\/\/www.unisantos.br\/pos\/wp-json\/wp\/v2\/pages"}],"about":[{"href":"https:\/\/www.unisantos.br\/pos\/wp-json\/wp\/v2\/types\/page"}],"author":[{"embeddable":true,"href":"https:\/\/www.unisantos.br\/pos\/wp-json\/wp\/v2\/users\/1"}],"replies":[{"embeddable":true,"href":"https:\/\/www.unisantos.br\/pos\/wp-json\/wp\/v2\/comments?post=1497"}],"version-history":[{"count":14,"href":"https:\/\/www.unisantos.br\/pos\/wp-json\/wp\/v2\/pages\/1497\/revisions"}],"predecessor-version":[{"id":5472,"href":"https:\/\/www.unisantos.br\/pos\/wp-json\/wp\/v2\/pages\/1497\/revisions\/5472"}],"up":[{"embeddable":true,"href":"https:\/\/www.unisantos.br\/pos\/wp-json\/wp\/v2\/pages\/399"}],"wp:attachment":[{"href":"https:\/\/www.unisantos.br\/pos\/wp-json\/wp\/v2\/media?parent=1497"}],"curies":[{"name":"wp","href":"https:\/\/api.w.org\/{rel}","templated":true}]}}