{"id":1485,"date":"2019-04-04T19:00:09","date_gmt":"2019-04-04T22:00:09","guid":{"rendered":"https:\/\/www.unisantos.br\/pos\/?page_id=1485"},"modified":"2023-08-14T13:40:37","modified_gmt":"2023-08-14T16:40:37","slug":"harmonia-e-improvisacao-2","status":"publish","type":"page","link":"https:\/\/www.unisantos.br\/pos\/qualificacao\/harmonia-e-improvisacao-2\/","title":{"rendered":"Harmonia e Improvisa\u00e7\u00e3o"},"content":{"rendered":"<p><strong>PROFESSOR RESPONS\u00c1VEL<br \/>\n<\/strong>Prof. Theo de S\u00e1 Guimar\u00e3es Cancello<strong>\u00a0<\/strong><\/p>\n<p><strong>CARGA HOR\u00c1RIA<br \/>\n<\/strong>28 h\/a<\/p>\n<p><strong>LOCAL<\/strong><br \/>\nCampus Dom Id\u00edlio Jos\u00e9 Soares<\/p>\n<p><strong>OBJETIVO<\/strong><br \/>\nO curso tem como objetivo oferecer ferramentas para o desenvolvimento da improvisa\u00e7\u00e3o. A t\u00e9cnica proposta \u00e9, essencialmente, calcada na linguagem jazz\u00edstica, atualmente, disseminada na maioria das linguagens musicais. Inicialmente, \u00e9 necess\u00e1rio apresentar conceitos que v\u00e3o se entrela\u00e7ando e culminam na teoria necess\u00e1ria \u00e0 pr\u00e1tica do improviso. Este \u00e9 um curso de dificuldade moderada, podendo ser assistido por iniciantes e intermedi\u00e1rios.<\/p>\n<p><strong>P\u00daBLICO-ALVO<\/strong><br \/>\nEstudantes interessados em m\u00fasica popular.<\/p>\n<p><strong>CONTE\u00daDO<\/strong><br \/>\n&#8211; Revis\u00e3o do vocabul\u00e1rio musical \u2013 No\u00e7\u00f5es b\u00e1sicas;<br \/>\n&#8211; Intervalos;<br \/>\n&#8211; Escala crom\u00e1tica;<br \/>\n&#8211; Escala maior;<br \/>\n&#8211; Ciclo de 5\u00aas e de 4\u00aas.<br \/>\n&#8211; Campo Harm\u00f4nico Maior;<br \/>\n&#8211; Rela\u00e7\u00e3o dominante \u2013 t\u00f4nica.<br \/>\n&#8211; Cad\u00eancia b\u00e1sica da M\u00fasica Ocidental: II \u2013 V \u2013 I (subdominante \u2013 dominante \u2013 t\u00f4nica);<br \/>\n&#8211; Ciclos harm\u00f4nicos comuns.<br \/>\n&#8211; An\u00e1lise Harm\u00f4nica de cad\u00eancias\/pe\u00e7as pertencentes ao Campo Harm\u00f4nico Maior.<br \/>\n&#8211; Escalas menores (natural, harm\u00f4nica e mel\u00f3dica).<br \/>\n&#8211; Campos Harm\u00f4nicos Menores.<br \/>\n&#8211; Cad\u00eancias II \u2013V \u2013 I no modo menor. Ciclos harm\u00f4nicos comuns.<br \/>\n&#8211; Modos menores.<br \/>\n&#8211; An\u00e1lise Harm\u00f4nica de cad\u00eancias\/pe\u00e7as pertencentes ao Campo Harm\u00f4nico Menor.<br \/>\n&#8211; Dominantes secund\u00e1rios;<br \/>\n&#8211; Subdominantes secund\u00e1rios;<br \/>\n&#8211; Invers\u00f5es desses acordes.<br \/>\n&#8211; An\u00e1lises.<br \/>\n&#8211; Acordes diminutos e suas classifica\u00e7\u00f5es;<br \/>\n&#8211; Cad\u00eancias comuns com acordes diminutos.<br \/>\n&#8211; An\u00e1lises.<br \/>\n&#8211; Escalas Blues, Hexaf\u00f4nica e outras escalas.<\/p>\n<p><strong>OBSERVA\u00c7\u00d5ES<\/strong><br \/>\nA Universidade se reserva o direito de alterar o cronograma e o corpo docente.<br \/>\nDocumenta\u00e7\u00e3o necess\u00e1ria para quem n\u00e3o \u00e9 aluno da Cat\u00f3lica de Santos: c\u00f3pias do RG, CPF, certid\u00e3o de nascimento ou casamento.<br \/>\nA inscri\u00e7\u00e3o presencial s\u00f3 poder\u00e1 ser efetuada pelo interessado no curso, ou por pessoa munida de procura\u00e7\u00e3o autenticada em cart\u00f3rio.<br \/>\nA efetiva\u00e7\u00e3o da matr\u00edcula est\u00e1 condicionada ao pagamento do boleto da 1\u00aa. parcela e entrega da documenta\u00e7\u00e3o exigida.<\/p>\n<p><strong>OUTRAS INFORMA\u00c7\u00d5ES<\/strong><br \/>\nDepartamento de Atendimento Integrado<br \/>\nTelefone: (13) 3205-5555<br \/>\nE-mail: dat@unisantos.br<\/p>\n","protected":false},"excerpt":{"rendered":"<p>PROFESSOR RESPONS\u00c1VEL Prof. Theo de S\u00e1 Guimar\u00e3es Cancello\u00a0 CARGA HOR\u00c1RIA 28 h\/a LOCAL Campus Dom Id\u00edlio Jos\u00e9 Soares OBJETIVO O [&hellip;]<\/p>\n","protected":false},"author":1,"featured_media":0,"parent":399,"menu_order":0,"comment_status":"closed","ping_status":"closed","template":"","meta":{"footnotes":""},"_links":{"self":[{"href":"https:\/\/www.unisantos.br\/pos\/wp-json\/wp\/v2\/pages\/1485"}],"collection":[{"href":"https:\/\/www.unisantos.br\/pos\/wp-json\/wp\/v2\/pages"}],"about":[{"href":"https:\/\/www.unisantos.br\/pos\/wp-json\/wp\/v2\/types\/page"}],"author":[{"embeddable":true,"href":"https:\/\/www.unisantos.br\/pos\/wp-json\/wp\/v2\/users\/1"}],"replies":[{"embeddable":true,"href":"https:\/\/www.unisantos.br\/pos\/wp-json\/wp\/v2\/comments?post=1485"}],"version-history":[{"count":7,"href":"https:\/\/www.unisantos.br\/pos\/wp-json\/wp\/v2\/pages\/1485\/revisions"}],"predecessor-version":[{"id":5464,"href":"https:\/\/www.unisantos.br\/pos\/wp-json\/wp\/v2\/pages\/1485\/revisions\/5464"}],"up":[{"embeddable":true,"href":"https:\/\/www.unisantos.br\/pos\/wp-json\/wp\/v2\/pages\/399"}],"wp:attachment":[{"href":"https:\/\/www.unisantos.br\/pos\/wp-json\/wp\/v2\/media?parent=1485"}],"curies":[{"name":"wp","href":"https:\/\/api.w.org\/{rel}","templated":true}]}}