{"id":1475,"date":"2019-04-04T18:22:31","date_gmt":"2019-04-04T21:22:31","guid":{"rendered":"https:\/\/www.unisantos.br\/pos\/?page_id=1475"},"modified":"2023-01-03T12:16:57","modified_gmt":"2023-01-03T15:16:57","slug":"falencia-e-recuperacao-de-empresa-aspectos-praticos","status":"publish","type":"page","link":"https:\/\/www.unisantos.br\/pos\/qualificacao\/falencia-e-recuperacao-de-empresa-aspectos-praticos\/","title":{"rendered":"Fal\u00eancia e Recupera\u00e7\u00e3o de Empresa \u2013 Aspectos Pr\u00e1ticos"},"content":{"rendered":"<p><strong>CARGA HOR\u00c1RIA<br \/>\n<\/strong>24 h\/a<strong>\u00a0<\/strong><\/p>\n<p><strong>LOCAL<br \/>\n<\/strong>Campus Dom Id\u00edlio Jos\u00e9 Soares<\/p>\n<p><strong>OBJETIVOS<br \/>\n<\/strong>Pretende-se propiciar ao aluno os conhecimentos sobre a Lei 11.101\/05 (Lei de Fal\u00eancias e Recupera\u00e7\u00e3o de Empresas), com todas as suas nuances. Objetiva-se, tamb\u00e9m, aprofundar os entendimentos pr\u00e1ticos dos processos previstos na lei em quest\u00e3o, proporcionando ao aluno a atua\u00e7\u00e3o nos processos, quer como advogado das partes, quer como administrador judicial, quer como fiscal da lei (juiz e promotor de justi\u00e7a).<strong>\u00a0<\/strong><\/p>\n<p><strong>P\u00daBLICO-ALVO<br \/>\n<\/strong>Advogados, ju\u00edzes, promotores, bachar\u00e9is em direito, administradores, contadores, profissionais que atuem em processos concursais.<strong>\u00a0<\/strong><\/p>\n<p><strong>CONTE\u00daDO<br \/>\n<\/strong>Direito da empresa em crise. Causas da crise. Lei 11.101\/05 (LFRE). Objetivos da lei e dos processos. Ju\u00edzo competente. Recupera\u00e7\u00e3o Judicial. Cabimento e legitimidade;<br \/>\nRecupera\u00e7\u00e3o. Deferimento do pedido. A fun\u00e7\u00e3o do administrador judicial. Fase administrativa e judicial da recupera\u00e7\u00e3o. Vota\u00e7\u00e3o do Plano de Recupera\u00e7\u00e3o Judicial;<br \/>\nAula pr\u00e1tica com an\u00e1lise de processos em andamento de recupera\u00e7\u00e3o judicial;<br \/>\nProcesso de fal\u00eancia. Requerimento e senten\u00e7a decretat\u00f3ria. Fun\u00e7\u00e3o do administrador judicial. Efeitos da fal\u00eancia;<br \/>\nFal\u00eancia. Arrecada\u00e7\u00e3o e venda dos bens. Habilita\u00e7\u00e3o e impugna\u00e7\u00e3o de cr\u00e9dito;<br \/>\nCredores trabalhistas nos processos de recupera\u00e7\u00e3o judicial e fal\u00eancia. \u2013 casos concretos;<br \/>\nMeio ambiente e processos concursais. Situa\u00e7\u00e3o do passivo ambiental nos processos de fal\u00eancia e recupera\u00e7\u00e3o \u2013 semin\u00e1rios<br \/>\nA\u00e7\u00e3o revocat\u00f3ria e crimes falimentares \u2013 semin\u00e1rios<\/p>\n<p><strong>OBSERVA\u00c7\u00d5ES<br \/>\n<\/strong>A Universidade se reserva o direito de alterar o cronograma e o corpo docente.<br \/>\nDocumenta\u00e7\u00e3o necess\u00e1ria para quem n\u00e3o \u00e9 aluno da Cat\u00f3lica de Santos: c\u00f3pias do RG, CPF, certid\u00e3o de nascimento ou casamento.<br \/>\nA inscri\u00e7\u00e3o presencial s\u00f3 poder\u00e1 ser efetuada pelo interessado no curso, ou por pessoa munida de procura\u00e7\u00e3o autenticada em cart\u00f3rio.<br \/>\nA efetiva\u00e7\u00e3o da matr\u00edcula est\u00e1 condicionada ao pagamento do boleto da 1\u00aa. parcela e entrega da documenta\u00e7\u00e3o exigida.<\/p>\n<p><strong>OUTRAS INFORMA\u00c7\u00d5ES<br \/>\n<\/strong>Departamento de Atendimento Integrado<br \/>\nTelefone: (13) 3205-5555<br \/>\nE-mail: dat@unisantos.br<\/p>\n","protected":false},"excerpt":{"rendered":"<p>CARGA HOR\u00c1RIA 24 h\/a\u00a0 LOCAL Campus Dom Id\u00edlio Jos\u00e9 Soares OBJETIVOS Pretende-se propiciar ao aluno os conhecimentos sobre a Lei [&hellip;]<\/p>\n","protected":false},"author":1,"featured_media":0,"parent":399,"menu_order":0,"comment_status":"closed","ping_status":"closed","template":"","meta":{"footnotes":""},"_links":{"self":[{"href":"https:\/\/www.unisantos.br\/pos\/wp-json\/wp\/v2\/pages\/1475"}],"collection":[{"href":"https:\/\/www.unisantos.br\/pos\/wp-json\/wp\/v2\/pages"}],"about":[{"href":"https:\/\/www.unisantos.br\/pos\/wp-json\/wp\/v2\/types\/page"}],"author":[{"embeddable":true,"href":"https:\/\/www.unisantos.br\/pos\/wp-json\/wp\/v2\/users\/1"}],"replies":[{"embeddable":true,"href":"https:\/\/www.unisantos.br\/pos\/wp-json\/wp\/v2\/comments?post=1475"}],"version-history":[{"count":7,"href":"https:\/\/www.unisantos.br\/pos\/wp-json\/wp\/v2\/pages\/1475\/revisions"}],"predecessor-version":[{"id":4683,"href":"https:\/\/www.unisantos.br\/pos\/wp-json\/wp\/v2\/pages\/1475\/revisions\/4683"}],"up":[{"embeddable":true,"href":"https:\/\/www.unisantos.br\/pos\/wp-json\/wp\/v2\/pages\/399"}],"wp:attachment":[{"href":"https:\/\/www.unisantos.br\/pos\/wp-json\/wp\/v2\/media?parent=1475"}],"curies":[{"name":"wp","href":"https:\/\/api.w.org\/{rel}","templated":true}]}}