{"id":144,"date":"2018-10-08T14:17:18","date_gmt":"2018-10-08T17:17:18","guid":{"rendered":"https:\/\/www.unisantos.br\/pos\/?page_id=144"},"modified":"2021-01-05T18:55:01","modified_gmt":"2021-01-05T21:55:01","slug":"processo-seletivo-discente","status":"publish","type":"page","link":"https:\/\/www.unisantos.br\/pos\/stricto-sensu\/mestrado\/mestrado-em-educacao\/processo-seletivo-discente\/","title":{"rendered":"Processo Seletivo Discente"},"content":{"rendered":"<p>O Processo Seletivo Discente do Programa de Educa\u00e7\u00e3o \u00e9 realizado por meio de edital publicado pela Pr\u00f3-Reitoria de Pesquisa e P\u00f3s-Gradua\u00e7\u00e3o, no Portal da Universidade. A oferta de vagas depende do n\u00famero dispon\u00edvel de vagas dos orientadores.<\/p>\n<p><strong>Documentos para inscri\u00e7\u00e3o<\/strong><br \/>\n1. C\u00f3pia do diploma do curso de gradua\u00e7\u00e3o, reconhecido na forma da lei.<br \/>\n2. C\u00f3pia impressa do hist\u00f3rico escolar do curso de gradua\u00e7\u00e3o.<br \/>\n3. Curriculum no formato Lattes.<br \/>\n4. Documento de identifica\u00e7\u00e3o pessoal de validade nacional.<br \/>\n5. Uma foto 3&#215;4 recente.<br \/>\n6. Comprovante do pagamento da taxa de inscri\u00e7\u00e3o.<br \/>\n7. Projeto de pesquisa articulado \u00e0 \u00e1rea de concentra\u00e7\u00e3o e \u00e0s linhas de pesquisa do programa.<br \/>\n8. C\u00f3pia do diploma de mestre, reconhecido na forma da lei, ou da certid\u00e3o de conclus\u00e3o do Mestrado expedida pela institui\u00e7\u00e3o respons\u00e1vel pelo programa, desde que ele seja nacionalmente reconhecido.<br \/>\n9. C\u00f3pia digital do hist\u00f3rico escolar do curso de Mestrado.<br \/>\n10. C\u00f3pia digital de documento que ateste a profici\u00eancia em l\u00edngua estrangeira realizada pelo candidato durante o Mestrado, caso o hist\u00f3rico escolar dele n\u00e3o fa\u00e7a refer\u00eancia expressa.<\/p>\n<p><strong>Prova de profici\u00eancia em l\u00edngua estrangeira<\/strong><br \/>\nA prova de profici\u00eancia em l\u00edngua estrangeira \u00e9 realizada durante o processo seletivo discente. \u00c9 obrigat\u00f3ria a l\u00edngua inglesa para um dos n\u00edveis (Mestrado e Doutorado).<\/p>\n<p><strong>Etapas do processo seletivo discente<\/strong><br \/>\n1. Exame de profici\u00eancia em l\u00edngua estrangeira, sendo o ingl\u00eas obrigat\u00f3rio, caso o candidato n\u00e3o tenha feito exame de profici\u00eancia no processo seletivo para o Mestrado.<br \/>\n2. An\u00e1lise do curr\u00edculo dos candidatos, do projeto de pesquisa e do memorial.<br \/>\n4. Entrevistas.<\/p>\n<p><strong>Orienta\u00e7\u00f5es para os candidatos ao Mestrado<br \/>\n<\/strong>1. Conhecer as <strong><a href=\"https:\/\/www.unisantos.br\/pos\/stricto-sensu\/mestrado\/mestrado-em-educacao\/area-de-concentracao-e-linhas-de-pesquisa\/\">linhas de pesquisa<\/a><\/strong> e os <strong><a href=\"https:\/\/www.unisantos.br\/pos\/stricto-sensu\/mestrado\/mestrado-em-educacao\/grupos-de-pesquisa\/\">grupos de pesquisa<\/a><\/strong> do Programa de Educa\u00e7\u00e3o.<br \/>\n2. Participar de um <strong><a href=\"https:\/\/www.unisantos.br\/pos\/stricto-sensu\/mestrado\/mestrado-em-educacao\/grupos-de-pesquisa\/\">grupo de pesquisa<\/a><\/strong> durante um semestre. Essa forma\u00e7\u00e3o auxilia no desenho do projeto de pesquisa e da forma\u00e7\u00e3o.<br \/>\n3. Conhecer os <strong><a href=\"https:\/\/www.unisantos.br\/pos\/stricto-sensu\/mestrado\/mestrado-em-educacao\/projetos-de-pesquisa\/\">projetos dos professores<\/a><\/strong> para a escolha do grupo de pesquisa.<br \/>\n4. Ler a <strong><a href=\"https:\/\/www.unisantos.br\/pos\/stricto-sensu\/mestrado\/mestrado-em-educacao\/estrutura-curricular\/ementas-e-bibliografia-da-disciplinas-obrigatorias\/\">bibliografia da disciplina obrigat\u00f3ria da linha de pesquisa<\/a><\/strong> na qual ir\u00e1 se inscrever auxilia na compreens\u00e3o da Linha de Pesquisa.<br \/>\n5. Para o projeto de pesquisa a ser apresentado no momento da inscri\u00e7\u00e3o, observe:<br \/>\na. Ele corresponde \u00e0 inten\u00e7\u00e3o inicial da pesquisa a ser desenvolvida no Programa de P\u00f3s-Gradua\u00e7\u00e3o <em>Stricto Sensu<\/em> em Educa\u00e7\u00e3o e poder\u00e1 ser redimensionado, de acordo com as orienta\u00e7\u00f5es do(a) professor(a) orientador(a), que acompanhar\u00e1 o desenvolvimento da pesquisa do estudante no programa.<br \/>\nb. Antes de elaborar um projeto de pesquisa, pense nas seguintes quest\u00f5es:<br \/>\n&#8211; O que voc\u00ea quer pesquisar?<br \/>\n&#8211; Por que deseja pesquisar esse tema?<br \/>\n&#8211; Esse tema tem alguma rela\u00e7\u00e3o com sua trajet\u00f3ria de forma\u00e7\u00e3o?<br \/>\n&#8211; Qual \u00e9 o foco do tema que deseja investigar?<br \/>\n&#8211; Quais s\u00e3o os objetivos dessa pesquisa?<br \/>\n&#8211; Quais autores v\u00e3o fundamentar sua pesquisa? Por que voc\u00ea escolheu esses autores?<br \/>\n&#8211; Como pretende realizar sua pesquisa? Onde ir\u00e1 realiza-la? \u00c9 uma pesquisa documental? Uma pesquisa emp\u00edrica?<br \/>\n&#8211; Qual a rela\u00e7\u00e3o do projeto com a linha de pesquisa do programa escolhida?<\/p>\n<p><strong>Requisitos para a forma\u00e7\u00e3o no Mestrado<\/strong><br \/>\nDispor de 20 horas semanais para estudo e cumprimento dos cr\u00e9ditos em disciplinas, atividades complementares e em orienta\u00e7\u00e3o.<\/p>\n","protected":false},"excerpt":{"rendered":"<p>O Processo Seletivo Discente do Programa de Educa\u00e7\u00e3o \u00e9 realizado por meio de edital publicado pela Pr\u00f3-Reitoria de Pesquisa e [&hellip;]<\/p>\n","protected":false},"author":1,"featured_media":0,"parent":133,"menu_order":3,"comment_status":"closed","ping_status":"closed","template":"","meta":{"footnotes":""},"_links":{"self":[{"href":"https:\/\/www.unisantos.br\/pos\/wp-json\/wp\/v2\/pages\/144"}],"collection":[{"href":"https:\/\/www.unisantos.br\/pos\/wp-json\/wp\/v2\/pages"}],"about":[{"href":"https:\/\/www.unisantos.br\/pos\/wp-json\/wp\/v2\/types\/page"}],"author":[{"embeddable":true,"href":"https:\/\/www.unisantos.br\/pos\/wp-json\/wp\/v2\/users\/1"}],"replies":[{"embeddable":true,"href":"https:\/\/www.unisantos.br\/pos\/wp-json\/wp\/v2\/comments?post=144"}],"version-history":[{"count":3,"href":"https:\/\/www.unisantos.br\/pos\/wp-json\/wp\/v2\/pages\/144\/revisions"}],"predecessor-version":[{"id":3294,"href":"https:\/\/www.unisantos.br\/pos\/wp-json\/wp\/v2\/pages\/144\/revisions\/3294"}],"up":[{"embeddable":true,"href":"https:\/\/www.unisantos.br\/pos\/wp-json\/wp\/v2\/pages\/133"}],"wp:attachment":[{"href":"https:\/\/www.unisantos.br\/pos\/wp-json\/wp\/v2\/media?parent=144"}],"curies":[{"name":"wp","href":"https:\/\/api.w.org\/{rel}","templated":true}]}}