{"id":136,"date":"2018-10-05T17:49:53","date_gmt":"2018-10-05T20:49:53","guid":{"rendered":"https:\/\/www.unisantos.br\/pos\/?page_id=136"},"modified":"2018-10-05T17:49:53","modified_gmt":"2018-10-05T20:49:53","slug":"pos-doutorado","status":"publish","type":"page","link":"https:\/\/www.unisantos.br\/pos\/stricto-sensu\/pos-doutorado\/","title":{"rendered":"P\u00f3s-Doutorado"},"content":{"rendered":"<p><a href=\"http:\/\/www.unisantos.br\/wp-content\/uploads\/2014\/12\/banner-posdoutorado.png\"><img loading=\"lazy\" decoding=\"async\" class=\"outpos alignnone size-full wp-image-39717\" src=\"http:\/\/www.unisantos.br\/wp-content\/uploads\/2014\/12\/banner-posdoutorado.png\" alt=\"banner---posdoutorado\" width=\"630\" height=\"211\" \/><\/a><\/p>\n<p>O Programa de P\u00f3s-Doutorado da Cat\u00f3lica de Santos estabelece est\u00e1gios de pesquisa de brasileiros ou estrangeiros que tenham t\u00edtulo de doutorado. Esses est\u00e1gios s\u00e3o desenvolvidos por tempo determinado junto aos programas de P\u00f3s-Gradua\u00e7\u00e3o <i>Stricto Sensu<\/i> da Universidade, sob a supervis\u00e3o permanente dos respectivos quadros docentes.<\/p>\n<p>Os est\u00e1gios devem permitir o desenvolvimento de estudos de alto n\u00edvel relacionados a projetos ou grupos de pesquisa da P\u00f3s\u00a0<em>Stricto Sensu<\/em>.<\/p>\n<p>O Programa de P\u00f3s-Doutorado se fundamenta no reconhecimento de que os est\u00e1gios de pesquisa s\u00e3o de especial relev\u00e2ncia para a forma\u00e7\u00e3o de recursos humanos, e tamb\u00e9m para o fortalecimento dos pr\u00f3prios programas de Mestrado e Doutorado da Universidade, na medida em que contribuem para as linhas, os projetos e os grupos de pesquisa.<\/p>\n<p><strong>CANDIDATOS<\/strong><\/p>\n<p>O candidato ao p\u00f3s-doutoramento deve ser portador de t\u00edtulo de doutor por um per\u00edodo m\u00ednimo de dois anos. Ele tem que demonstrar que possui produ\u00e7\u00e3o cient\u00edfica no patamar desejado nesse est\u00e1gio de desenvolvimento acad\u00eamico.<\/p>\n<p>Um dos meios principais para isso \u00e9 a comprova\u00e7\u00e3o de artigos cient\u00edficos publicados em revistas especializadas, depois do doutoramento.<\/p>\n<p><strong>PLANEJAMENTO<\/strong><\/p>\n<p>O plano de est\u00e1gio de pesquisa de p\u00f3s-doutorado est\u00e1 intrinsecamente ligado \u00e0s linhas, projetos e grupos de pesquisa do programa e do docente supervisor. Nesse plano devem constar os objetivos, as metas e os resultados esperados, al\u00e9m do detalhamento e o cronograma das atividades de pesquisa a serem executadas, mostrando a contribui\u00e7\u00e3o que pode trazer para o programa.<\/p>\n<p>O est\u00e1gio de pesquisa de p\u00f3s-doutoramento pode ser executado em at\u00e9 12 meses, se possuir v\u00ednculo com uma institui\u00e7\u00e3o de ensino. Se o p\u00f3s-doutorando for benefici\u00e1rio de algum programa de fomento, esse prazo pode ser superior.<\/p>\n<p><strong>PROCESSO SELETIVO<br \/>\n<\/strong><\/p>\n<p>O est\u00e1gio de pesquisa p\u00f3s-doutoral ser\u00e1 oferecido periodicamente pela Pr\u00f3-Reitoria de P\u00f3s-Gradua\u00e7\u00e3o e Pesquisa. Ela fixar\u00e1 o n\u00famero de vagas para cada programa, bem como os requisitos gerais para os candidatos e planos de pesquisa.<\/p>\n<p>Cada Programa de P\u00f3s-Gradua\u00e7\u00e3o\u00a0<em>Stricto Sensu<\/em> \u00e9 respons\u00e1vel por gerir o respectivo processo de sele\u00e7\u00e3o dos ocupantes das vagas disponibilizadas.<\/p>\n<p><strong>Veja tamb\u00e9m<\/strong><\/p>\n<p><a href=\"http:\/\/www.unisantos.br\/wp-content\/uploads\/2014\/12\/Portaria_86_2013_Regulamento_PNPD.pdf\" target=\"_blank\" rel=\"noopener\">Portaria Capes 86\/2013<\/a>: Institui o Programa Nacional de P\u00f3s-Doutorado (PNPD)<\/p>\n","protected":false},"excerpt":{"rendered":"<p>O Programa de P\u00f3s-Doutorado da Cat\u00f3lica de Santos estabelece est\u00e1gios de pesquisa de brasileiros ou estrangeiros que tenham t\u00edtulo de [&hellip;]<\/p>\n","protected":false},"author":1,"featured_media":7,"parent":12,"menu_order":0,"comment_status":"closed","ping_status":"closed","template":"","meta":{"footnotes":""},"_links":{"self":[{"href":"https:\/\/www.unisantos.br\/pos\/wp-json\/wp\/v2\/pages\/136"}],"collection":[{"href":"https:\/\/www.unisantos.br\/pos\/wp-json\/wp\/v2\/pages"}],"about":[{"href":"https:\/\/www.unisantos.br\/pos\/wp-json\/wp\/v2\/types\/page"}],"author":[{"embeddable":true,"href":"https:\/\/www.unisantos.br\/pos\/wp-json\/wp\/v2\/users\/1"}],"replies":[{"embeddable":true,"href":"https:\/\/www.unisantos.br\/pos\/wp-json\/wp\/v2\/comments?post=136"}],"version-history":[{"count":1,"href":"https:\/\/www.unisantos.br\/pos\/wp-json\/wp\/v2\/pages\/136\/revisions"}],"predecessor-version":[{"id":137,"href":"https:\/\/www.unisantos.br\/pos\/wp-json\/wp\/v2\/pages\/136\/revisions\/137"}],"up":[{"embeddable":true,"href":"https:\/\/www.unisantos.br\/pos\/wp-json\/wp\/v2\/pages\/12"}],"wp:featuredmedia":[{"embeddable":true,"href":"https:\/\/www.unisantos.br\/pos\/wp-json\/wp\/v2\/media\/7"}],"wp:attachment":[{"href":"https:\/\/www.unisantos.br\/pos\/wp-json\/wp\/v2\/media?parent=136"}],"curies":[{"name":"wp","href":"https:\/\/api.w.org\/{rel}","templated":true}]}}